{"id":762,"date":"2016-11-28T11:30:43","date_gmt":"2016-11-28T10:30:43","guid":{"rendered":"http:\/\/agora.xtec.cat\/iesjonqueres\/?page_id=762"},"modified":"2020-10-29T09:41:15","modified_gmt":"2020-10-29T08:41:15","slug":"departament-didiomes","status":"publish","type":"page","link":"https:\/\/agora.xtec.cat\/iesjonqueres\/elcentre\/departaments\/departament-didiomes\/","title":{"rendered":"Departament de Lleng\u00fces Estrangeres"},"content":{"rendered":"<h4>Angl\u00e8s:<\/h4>\n<p>L&#8217;angl\u00e8s s\u2019ofereix com a mat\u00e8ria obligat\u00f2ria al llarg de l&#8217;ESO i el batxillerat<\/p>\n<p>La mat\u00e8ria de llengua anglesa disposa d&#8217;una hora de desdoblament a la setmana per treballar les compet\u00e8ncies comunicatives escrites i orals m\u00e9s eficientment. A la classe entra un altre docent d&#8217;angl\u00e8s per treballar conjuntament i poder fer una doc\u00e8ncia m\u00e9s individualitzada.<\/p>\n<p>Les activitats did\u00e0ctiques i sortides s\u00f3n:<\/p>\n<ul>\n<li>A 1r d&#8217;ESO i 2n d&#8217;ESO tenim l&#8217;actuaci\u00f3 de MAGIC MA<span class=\"gmail_default\">G. Aprenem angl\u00e8s cantant tots junts.<\/span><\/li>\n<li>A 3r d&#8217;ESO podem trobar varis tallers musicals en angl\u00e8s per millorar el nivell de forma din\u00e0mica.<\/li>\n<li>A <span style=\"font-family: inherit; font-size: 1em;\">4t d&#8217;ESO i 1r Batxillerat<\/span><span class=\"gmail_default\" style=\"font-family: inherit; font-size: 1em;\">\u00a0es fa un<\/span><span style=\"font-family: inherit; font-size: 1em;\">\u00a0projecte eTwinning<\/span><span class=\"gmail_default\" style=\"font-family: inherit; font-size: 1em;\">\u00a0en llengua anglesa<\/span>\n<div><\/div>\n<\/li>\n<\/ul>\n<h4>Franc\u00e8s:<\/h4>\n<p>El franc\u00e8s el comencen a estudiar tots els alumnes de 3r d\u2019ESO i \u00e9s una mat\u00e8ria optativa al 4t curs de l&#8217;ESO i batxillerat.<\/p>\n<p>Els alumnes que fan l&#8217;optativa de franc\u00e8s de 4t d&#8217;ESO i batxillerat fan una sortida de dos dies a una ciutat francesa.<\/p>\n<p><a href=\"http:\/\/agora.xtec.cat\/iesjonqueres\/wp-content\/uploads\/usu447\/2016\/11\/Departament-dIdiomes.jpg\"><img loading=\"lazy\" decoding=\"async\" class=\"aligncenter size-full wp-image-790\" src=\"http:\/\/agora.xtec.cat\/iesjonqueres\/wp-content\/uploads\/usu447\/2016\/11\/Departament-dIdiomes.jpg\" alt=\"departament-didiomes\" width=\"520\" height=\"240\" srcset=\"https:\/\/agora.xtec.cat\/iesjonqueres\/wp-content\/uploads\/usu447\/2016\/11\/Departament-dIdiomes.jpg 520w, https:\/\/agora.xtec.cat\/iesjonqueres\/wp-content\/uploads\/usu447\/2016\/11\/Departament-dIdiomes-300x138.jpg 300w\" sizes=\"auto, (max-width: 520px) 100vw, 520px\" \/><\/a><\/p>\n<div style=\"visibility: hidden\">\n<p>L\u2019Institut Jonqueres participa en el Pla de suport a l&#8217;aprenentatge de lleng\u00fces de l&#8217;Ajuntament de Sabadell i aix\u00f2 inclou:<\/p>\n<ul>\n<li>Auxiliar de conversa: un nadiu brit\u00e0nic ve al nostre centre per fer activitats orals amb grups redu\u00efts, aix\u00ed els nostres alumnes poden practicar l\u2019expressi\u00f3 oral anglesa.<\/li>\n<li>Alguns alumnes de batxillerat tamb\u00e9 gaudeixen d&#8217;un curs intensiu gratu\u00eft al juliol.<\/li>\n<li>Cada dos cursos alumnes del nostre centre aconsegueixen una beca per cursar angl\u00e8s i\/o franc\u00e8s durant dos anys a escoles d&#8217;idiomes de la ciutat.<\/li>\n<\/ul>\n<p>Tamb\u00e9 treballem perqu\u00e8 cada any els nostres millors alumnes es presentin al concurs d\u2019angl\u00e8s <a href=\"http:\/\/the-fonix.org\/\">The Fonix <\/a>per motivar l&#8217;aprenentatge de la llengua.<\/p>\n<p>&nbsp;<\/p>\n<\/div>\n","protected":false},"excerpt":{"rendered":"<p>Angl\u00e8s: L&#8217;angl\u00e8s s\u2019ofereix com a mat\u00e8ria obligat\u00f2ria al llarg de l&#8217;ESO i el batxillerat La mat\u00e8ria de llengua anglesa disposa d&#8217;una hora de desdoblament a la setmana per treballar les compet\u00e8ncies comunicatives escrites i orals m\u00e9s eficientment. A la classe entra un altre docent d&#8217;angl\u00e8s per treballar conjuntament i poder fer una doc\u00e8ncia m\u00e9s individualitzada. [&hellip;]<\/p>\n","protected":false},"author":1,"featured_media":0,"parent":717,"menu_order":0,"comment_status":"closed","ping_status":"closed","template":"page-templates\/side-menu.php","meta":{"_bbp_topic_count":0,"_bbp_reply_count":0,"_bbp_total_topic_count":0,"_bbp_total_reply_count":0,"_bbp_voice_count":0,"_bbp_anonymous_reply_count":0,"_bbp_topic_count_hidden":0,"_bbp_reply_count_hidden":0,"_bbp_forum_subforum_count":0,"site-sidebar-layout":"default","site-content-layout":"","ast-site-content-layout":"","site-content-style":"default","site-sidebar-style":"default","ast-global-header-display":"","ast-banner-title-visibility":"","ast-main-header-display":"","ast-hfb-above-header-display":"","ast-hfb-below-header-display":"","ast-hfb-mobile-header-display":"","site-post-title":"","ast-breadcrumbs-content":"","ast-featured-img":"","footer-sml-layout":"","theme-transparent-header-meta":"","adv-header-id-meta":"","stick-header-meta":"","header-above-stick-meta":"","header-main-stick-meta":"","header-below-stick-meta":"","astra-migrate-meta-layouts":"default","ast-page-background-enabled":"default","ast-page-background-meta":{"desktop":{"background-color":"var(--ast-global-color-4)","background-image":"","background-repeat":"repeat","background-position":"center center","background-size":"auto","background-attachment":"scroll","background-type":"","background-media":"","overlay-type":"","overlay-color":"","overlay-opacity":"","overlay-gradient":""},"tablet":{"background-color":"","background-image":"","background-repeat":"repeat","background-position":"center center","background-size":"auto","background-attachment":"scroll","background-type":"","background-media":"","overlay-type":"","overlay-color":"","overlay-opacity":"","overlay-gradient":""},"mobile":{"background-color":"","background-image":"","background-repeat":"repeat","background-position":"center center","background-size":"auto","background-attachment":"scroll","background-type":"","background-media":"","overlay-type":"","overlay-color":"","overlay-opacity":"","overlay-gradient":""}},"ast-content-background-meta":{"desktop":{"background-color":"var(--ast-global-color-5)","background-image":"","background-repeat":"repeat","background-position":"center center","background-size":"auto","background-attachment":"scroll","background-type":"","background-media":"","overlay-type":"","overlay-color":"","overlay-opacity":"","overlay-gradient":""},"tablet":{"background-color":"var(--ast-global-color-5)","background-image":"","background-repeat":"repeat","background-position":"center center","background-size":"auto","background-attachment":"scroll","background-type":"","background-media":"","overlay-type":"","overlay-color":"","overlay-opacity":"","overlay-gradient":""},"mobile":{"background-color":"var(--ast-global-color-5)","background-image":"","background-repeat":"repeat","background-position":"center center","background-size":"auto","background-attachment":"scroll","background-type":"","background-media":"","overlay-type":"","overlay-color":"","overlay-opacity":"","overlay-gradient":""}},"footnotes":""},"class_list":["post-762","page","type-page","status-publish","hentry"],"post_mailing_queue_ids":[],"_links":{"self":[{"href":"https:\/\/agora.xtec.cat\/iesjonqueres\/wp-json\/wp\/v2\/pages\/762","targetHints":{"allow":["GET"]}}],"collection":[{"href":"https:\/\/agora.xtec.cat\/iesjonqueres\/wp-json\/wp\/v2\/pages"}],"about":[{"href":"https:\/\/agora.xtec.cat\/iesjonqueres\/wp-json\/wp\/v2\/types\/page"}],"author":[{"embeddable":true,"href":"https:\/\/agora.xtec.cat\/iesjonqueres\/wp-json\/wp\/v2\/users\/1"}],"replies":[{"embeddable":true,"href":"https:\/\/agora.xtec.cat\/iesjonqueres\/wp-json\/wp\/v2\/comments?post=762"}],"version-history":[{"count":7,"href":"https:\/\/agora.xtec.cat\/iesjonqueres\/wp-json\/wp\/v2\/pages\/762\/revisions"}],"predecessor-version":[{"id":15000,"href":"https:\/\/agora.xtec.cat\/iesjonqueres\/wp-json\/wp\/v2\/pages\/762\/revisions\/15000"}],"up":[{"embeddable":true,"href":"https:\/\/agora.xtec.cat\/iesjonqueres\/wp-json\/wp\/v2\/pages\/717"}],"wp:attachment":[{"href":"https:\/\/agora.xtec.cat\/iesjonqueres\/wp-json\/wp\/v2\/media?parent=762"}],"curies":[{"name":"wp","href":"https:\/\/api.w.org\/{rel}","templated":true}]}}