{"id":759,"date":"2016-11-28T11:28:15","date_gmt":"2016-11-28T10:28:15","guid":{"rendered":"http:\/\/agora.xtec.cat\/iesjonqueres\/?page_id=759"},"modified":"2023-11-08T16:00:10","modified_gmt":"2023-11-08T15:00:10","slug":"departament-dexpressio","status":"publish","type":"page","link":"https:\/\/agora.xtec.cat\/iesjonqueres\/elcentre\/departaments\/departament-dexpressio\/","title":{"rendered":"Departament d&#8217;Expressi\u00f3"},"content":{"rendered":"<p><b>M\u00fasica<\/b><\/p>\n<p><span style=\"color: #993366;\">La M\u00fasica al Jonqueres,<strong> es viu.<\/strong> <\/span>Comptem amb una gran quantitat d&#8217;instruments Orff, aix\u00ed com teclats el\u00e8ctrics, bateries, guitarres i violins.<\/p>\n\r\n\t<div class=\"slideshow_container slideshow_container_style-light\" style=\"height: 300px; \" data-slideshow-id=\"16681\" data-style-name=\"style-light\" data-style-version=\"2.3.1\" >\r\n\r\n\t\t\t\t\t<div class=\"slideshow_loading_icon\"><\/div>\r\n\t\t\r\n\t\t<div class=\"slideshow_content\" style=\"display: none;\">\r\n\r\n\t\t\t<div class=\"slideshow_view\">\r\n\t\t\t\t<div class=\"slideshow_slide slideshow_slide_image\">\r\n\t\t\t\t\t\t\t\t\t\t\t<img src=\"https:\/\/agora.xtec.cat\/iesjonqueres\/wp-content\/uploads\/usu447\/2023\/06\/IMG_3754-scaled.jpg\" alt=\"IMG_3754\" width=\"2560\" height=\"1920\" \/>\r\n\t\t\t\t\t\t\t\t\t\t<div class=\"slideshow_description_box slideshow_transparent\">\r\n\t\t\t\t\t\t\t\t\t\t\t\t\t\t\t\t\t<\/div>\r\n\t\t\t\t<\/div>\r\n\r\n\t\t\t\t\t\t<div style=\"clear: both;\"><\/div><\/div><div class=\"slideshow_view\">\r\n\t\t\t\t<div class=\"slideshow_slide slideshow_slide_image\">\r\n\t\t\t\t\t\t\t\t\t\t\t<img src=\"https:\/\/agora.xtec.cat\/iesjonqueres\/wp-content\/uploads\/usu447\/2023\/06\/IMG_3929-scaled.jpg\" alt=\"IMG_3929\" width=\"2560\" height=\"1920\" \/>\r\n\t\t\t\t\t\t\t\t\t\t<div class=\"slideshow_description_box slideshow_transparent\">\r\n\t\t\t\t\t\t\t\t\t\t\t\t\t\t\t\t\t<\/div>\r\n\t\t\t\t<\/div>\r\n\r\n\t\t\t\t\t\t<div style=\"clear: both;\"><\/div><\/div><div class=\"slideshow_view\">\r\n\t\t\t\t<div class=\"slideshow_slide slideshow_slide_image\">\r\n\t\t\t\t\t\t\t\t\t\t\t<img src=\"https:\/\/agora.xtec.cat\/iesjonqueres\/wp-content\/uploads\/usu447\/2023\/06\/IMG_3884-scaled.jpg\" alt=\"IMG_3884\" width=\"2560\" height=\"1920\" \/>\r\n\t\t\t\t\t\t\t\t\t\t<div class=\"slideshow_description_box slideshow_transparent\">\r\n\t\t\t\t\t\t\t\t\t\t\t\t\t\t\t\t\t<\/div>\r\n\t\t\t\t<\/div>\r\n\r\n\t\t\t\t\t\t<div style=\"clear: both;\"><\/div><\/div><div class=\"slideshow_view\">\r\n\t\t\t\t<div class=\"slideshow_slide slideshow_slide_image\">\r\n\t\t\t\t\t\t\t\t\t\t\t<img src=\"https:\/\/agora.xtec.cat\/iesjonqueres\/wp-content\/uploads\/usu447\/2023\/06\/IMG_3861-scaled.jpg\" alt=\"IMG_3861\" width=\"2560\" height=\"1920\" \/>\r\n\t\t\t\t\t\t\t\t\t\t<div class=\"slideshow_description_box slideshow_transparent\">\r\n\t\t\t\t\t\t\t\t\t\t\t\t\t\t\t\t\t<\/div>\r\n\t\t\t\t<\/div>\r\n\r\n\t\t\t\t\t\t<div style=\"clear: both;\"><\/div><\/div><div class=\"slideshow_view\">\r\n\t\t\t\t<div class=\"slideshow_slide slideshow_slide_image\">\r\n\t\t\t\t\t\t\t\t\t\t\t<img src=\"https:\/\/agora.xtec.cat\/iesjonqueres\/wp-content\/uploads\/usu447\/2023\/06\/IMG_4044-scaled.jpg\" alt=\"IMG_4044\" width=\"2560\" height=\"1920\" \/>\r\n\t\t\t\t\t\t\t\t\t\t<div class=\"slideshow_description_box slideshow_transparent\">\r\n\t\t\t\t\t\t\t\t\t\t\t\t\t\t\t\t\t<\/div>\r\n\t\t\t\t<\/div>\r\n\r\n\t\t\t\t\t\t<div style=\"clear: both;\"><\/div><\/div><div class=\"slideshow_view\">\r\n\t\t\t\t<div class=\"slideshow_slide slideshow_slide_image\">\r\n\t\t\t\t\t\t\t\t\t\t\t<img src=\"https:\/\/agora.xtec.cat\/iesjonqueres\/wp-content\/uploads\/usu447\/2023\/06\/IMG_3764-scaled.jpg\" alt=\"IMG_3764\" width=\"2560\" height=\"1920\" \/>\r\n\t\t\t\t\t\t\t\t\t\t<div class=\"slideshow_description_box slideshow_transparent\">\r\n\t\t\t\t\t\t\t\t\t\t\t\t\t\t\t\t\t<\/div>\r\n\t\t\t\t<\/div>\r\n\r\n\t\t\t\t\t\t<div style=\"clear: both;\"><\/div><\/div><div class=\"slideshow_view\">\r\n\t\t\t\t<div class=\"slideshow_slide slideshow_slide_image\">\r\n\t\t\t\t\t\t\t\t\t\t\t<img src=\"https:\/\/agora.xtec.cat\/iesjonqueres\/wp-content\/uploads\/usu447\/2023\/06\/IMG_3872-scaled.jpg\" alt=\"IMG_3872\" width=\"2560\" height=\"1920\" \/>\r\n\t\t\t\t\t\t\t\t\t\t<div class=\"slideshow_description_box slideshow_transparent\">\r\n\t\t\t\t\t\t\t\t\t\t\t\t\t\t\t\t\t<\/div>\r\n\t\t\t\t<\/div>\r\n\r\n\t\t\t\t\t\t<div style=\"clear: both;\"><\/div><\/div><div class=\"slideshow_view\">\r\n\t\t\t\t<div class=\"slideshow_slide slideshow_slide_image\">\r\n\t\t\t\t\t\t\t\t\t\t\t<img src=\"https:\/\/agora.xtec.cat\/iesjonqueres\/wp-content\/uploads\/usu447\/2023\/06\/IMG_4011-scaled.jpg\" alt=\"IMG_4011\" width=\"2560\" height=\"1920\" \/>\r\n\t\t\t\t\t\t\t\t\t\t<div class=\"slideshow_description_box slideshow_transparent\">\r\n\t\t\t\t\t\t\t\t\t\t\t\t\t\t\t\t\t<\/div>\r\n\t\t\t\t<\/div>\r\n\r\n\t\t\t\t\t\t<div style=\"clear: both;\"><\/div><\/div>\r\n\t\t<\/div>\r\n\r\n\t\t<div class=\"slideshow_controlPanel slideshow_transparent\" style=\"display: none;\"><ul><li class=\"slideshow_togglePlay\" data-play-text=\"Visualitza\" data-pause-text=\"Pausa\"><\/li><\/ul><\/div>\r\n\r\n\t\t<div class=\"slideshow_button slideshow_previous slideshow_transparent\" role=\"button\" data-previous-text=\"Anterior\" style=\"display: none;\"><\/div>\r\n\t\t<div class=\"slideshow_button slideshow_next slideshow_transparent\" role=\"button\" data-next-text=\"Seg\u00fcent\" style=\"display: none;\"><\/div>\r\n\r\n\t\t<div class=\"slideshow_pagination\" style=\"display: none;\" data-go-to-text=\"V\u00e9s a la diapositiva\"><div class=\"slideshow_pagination_center\"><\/div><\/div>\r\n\r\n\t\t<!-- WordPress Slideshow Version 2.3.1 -->\r\n\r\n\t\t\t<\/div>\r\n\r\n\n<p>Des de <em>primer<\/em>, l&#8217;alumnat apr\u00e8n a entendre una partitura i practica (s\u00ed, practica) els diferents instruments. Quan arriben a <em>tercer<\/em>, ja s\u00f3n tots uns experts i els toca muntar, des de zero, una obra de <a href=\"https:\/\/agora.xtec.cat\/iesjonqueres\/projectes-de-centre\/teatre-musical\/\">teatre musical<\/a>. Creen el gui\u00f3, l&#8217;interpreten, toquen i graven la m\u00fasica, preparen i ballen les coreografies&#8230;<\/p>\n<p>I encara els queda un any m\u00e9s per gaudir de la pr\u00e0ctica instrumental a l&#8217;<em>Optativa de 4t<\/em> on aprenen conceptes b\u00e0sics d&#8217;harmonia, creen arranjaments per gran conjunt, treballen amb editors d&#8217;\u00e0udio i preparen tallers musicals pels m\u00e9s petits.<\/p>\n<p>&nbsp;<\/p>\n<p><a href=\"http:\/\/agora.xtec.cat\/iesjonqueres\/wp-content\/uploads\/usu447\/2016\/11\/Departament-dexpressi\u00f3-1.jpg\"><img loading=\"lazy\" decoding=\"async\" class=\"aligncenter size-full wp-image-786\" src=\"http:\/\/agora.xtec.cat\/iesjonqueres\/wp-content\/uploads\/usu447\/2016\/11\/Departament-dexpressi\u00f3-1.jpg\" alt=\"departament-dexpressio-1\" width=\"612\" height=\"303\" srcset=\"https:\/\/agora.xtec.cat\/iesjonqueres\/wp-content\/uploads\/usu447\/2016\/11\/Departament-dexpressi\u00f3-1.jpg 612w, https:\/\/agora.xtec.cat\/iesjonqueres\/wp-content\/uploads\/usu447\/2016\/11\/Departament-dexpressi\u00f3-1-300x149.jpg 300w\" sizes=\"auto, (max-width: 612px) 100vw, 612px\" \/><\/a><\/p>\n<p><b>Visual i pl\u00e0stica<\/b><\/p>\n<p>Mat\u00e8ria que permet a l\u2019alumne desenvolupar les capacitats expressives i est\u00e8tiques, aportant coneixements, eines i recursos per entendre la societat actual en l\u2019\u00e0mbit art\u00edstic-visual.<\/p>\n<p><a href=\"http:\/\/agora.xtec.cat\/iesjonqueres\/wp-content\/uploads\/usu447\/2016\/11\/Departament-dexpressi\u00f3-2.jpg\"><img loading=\"lazy\" decoding=\"async\" class=\"aligncenter size-full wp-image-787\" src=\"http:\/\/agora.xtec.cat\/iesjonqueres\/wp-content\/uploads\/usu447\/2016\/11\/Departament-dexpressi\u00f3-2.jpg\" alt=\"departament-dexpressio-2\" width=\"471\" height=\"246\" srcset=\"https:\/\/agora.xtec.cat\/iesjonqueres\/wp-content\/uploads\/usu447\/2016\/11\/Departament-dexpressi\u00f3-2.jpg 471w, https:\/\/agora.xtec.cat\/iesjonqueres\/wp-content\/uploads\/usu447\/2016\/11\/Departament-dexpressi\u00f3-2-300x157.jpg 300w\" sizes=\"auto, (max-width: 471px) 100vw, 471px\" \/><\/a><\/p>\n<p><b>Educaci\u00f3 f\u00edsica<\/b><\/p>\n<p><span lang=\"CA\">Les caracter\u00edstiques de l\u2019assignatura permeten una gran diversificaci\u00f3 de continguts al llarg del recorregut acad\u00e8mic de l\u2019alumnat, tot cercant una educaci\u00f3 en valors, esportius o no, on la pr\u00e0ctica d\u2019activitat f\u00edsica esdev\u00e9 el vehicle perfecte per assolir-ho.<\/span><\/p>\n<p><span lang=\"CA\">La diversificaci\u00f3 comentada est\u00e0 seq\u00fcenciada en tota l\u2019estructura d\u2019ESO i de 1r de Batxillerat, tot podent elaborar quatre grans blocs.<\/span><\/p>\n<p><span lang=\"CA\">&#8211;\u00a0\u00a0\u00a0\u00a0\u00a0\u00a0\u00a0<\/span><span lang=\"CA\">Activitat f\u00edsica i salut: aportaci\u00f3 de continguts que permetin a l\u2019alumnat realitzar i practicar plans de treballs per a la millora de la condici\u00f3 f\u00edsica i la salut.\u00a0<\/span><\/p>\n<p align=\"center\"><b><span lang=\"CA\">\u201cTingues cura del teu cos. \u00c9s l\u2019\u00fanic lloc que tens per viure\u201d (Jim Rohn)<\/span><\/b><\/p>\n<p><span lang=\"CA\">\u00a0<\/span><\/p>\n<p><span lang=\"CA\">&#8211;\u00a0\u00a0\u00a0\u00a0\u00a0\u00a0\u00a0<\/span><span lang=\"CA\">Esports: realitzaci\u00f3 de diferents pr\u00e0ctiques esportives col\u00b7lectives i individuals que permetr\u00e0 a l\u2019alumnat aprendre un m\u00ednim de vuit esports diferents, quatre de col\u00b7lectius (b\u00e0squet, hoquei, rugbi i korfball) i quatre d\u2019individuals (b\u00e0dminton, esgrima, atletisme i p\u00e0del\/tennis)<\/span><\/p>\n<p align=\"center\"><b><span lang=\"CA\">\u201cEl m\u00e9s important de l\u2019esport no \u00e9s guanyar, sin\u00f3 participar, perqu\u00e8 l\u2019essencial a la vida no \u00e9s l\u2019\u00e8xit, sin\u00f3 esfor\u00e7ar-se per aconseguir-ho\u201d (Pierre de Coubertin)<\/span><\/b><\/p>\n<p><span lang=\"CA\">\u00a0<\/span><\/p>\n<p><span lang=\"CA\">&#8211;\u00a0\u00a0\u00a0\u00a0\u00a0\u00a0\u00a0<\/span><span lang=\"CA\">Activitat f\u00edsica i temps de lleure: centrats en la realitzaci\u00f3 d\u2019activitats f\u00edsiques recreatives (jugades) on prenen rellev\u00e0ncia les realitzades al medi natural com per exemple, les curses d\u2019orientaci\u00f3.<\/span><\/p>\n<p align=\"center\"><b><span lang=\"CA\">L\u2019esport ha de practicar-se \u00fanicament pel plaer pur de fer-ho\u201d (An\u00f2nim)<\/span><\/b><\/p>\n<p><span lang=\"CA\">\u00a0<\/span><\/p>\n<p><span lang=\"CA\">&#8211;\u00a0\u00a0\u00a0\u00a0\u00a0\u00a0\u00a0<\/span><span lang=\"CA\">Expressi\u00f3 i comunicaci\u00f3 corporal: activitats centrades en l\u2019aprofitament del cos i en l\u2019autoconeixement. Aix\u00ed doncs, es realitzen activitats amb suport musical (ball de bastons, danses d&#8217;arreu del m\u00f3n, acrosport, etc.) i sense (ioga, m\u00edmica, etc.).<\/span><\/p>\n<p align=\"center\"><b><span lang=\"CA\">\u201cSense m\u00fasica no pot haver harmonia perfecta, doncs res hi ha que sigui sense ella\u201d (San Isidoro)<\/span><\/b><\/p>\n<p><span lang=\"CA\">\u00a0<\/span><\/p>\n<p><span lang=\"CA\">Aquests continguts acad\u00e8mics estan refor\u00e7ats per sortides que complementen la formaci\u00f3 de l\u2019alumnat. Algunes d\u2019aquestes s\u00f3n l\u2019activitat de patinatge sobre gel, activitats al medi natural a Vallparad\u00eds, sortida al Bosc de Can Deu a realitzar una cursa d\u2019orientaci\u00f3 i trobades esportives amb d\u2019altres centres (korfball entre instituts, trobada poliesportiva amb l\u2019Institut Les Termes i trobada de ringo-pica amb l\u2019Institut La Ferreria).<\/span><\/p>\n\r\n\t<div class=\"slideshow_container slideshow_container_style-light\" style=\"height: 300px; \" data-slideshow-id=\"15004\" data-style-name=\"style-light\" data-style-version=\"2.3.1\" >\r\n\r\n\t\t\t\t\t<div class=\"slideshow_loading_icon\"><\/div>\r\n\t\t\r\n\t\t<div class=\"slideshow_content\" style=\"display: none;\">\r\n\r\n\t\t\t<div class=\"slideshow_view\">\r\n\t\t\t\t<div class=\"slideshow_slide slideshow_slide_image\">\r\n\t\t\t\t\t\t\t\t\t\t\t<img src=\"https:\/\/agora.xtec.cat\/iesjonqueres\/wp-content\/uploads\/usu447\/2020\/11\/31949282_1778387615533640_1992611576892358656_o.jpg\" alt=\"31949282_1778387615533640_1992611576892358656_o\" width=\"1200\" height=\"1600\" \/>\r\n\t\t\t\t\t\t\t\t\t\t<div class=\"slideshow_description_box slideshow_transparent\">\r\n\t\t\t\t\t\t<div class=\"slideshow_title\">31949282_1778387615533640_1992611576892358656_o<\/div>\t\t\t\t\t\t\t\t\t\t\t<\/div>\r\n\t\t\t\t<\/div>\r\n\r\n\t\t\t\t\t\t<div style=\"clear: both;\"><\/div><\/div><div class=\"slideshow_view\">\r\n\t\t\t\t<div class=\"slideshow_slide slideshow_slide_image\">\r\n\t\t\t\t\t\t\t\t\t\t\t<img src=\"https:\/\/agora.xtec.cat\/iesjonqueres\/wp-content\/uploads\/usu447\/2020\/11\/48408707_2086606288045103_5775079834417889280_o.jpg\" alt=\"48408707_2086606288045103_5775079834417889280_o\" width=\"2048\" height=\"1536\" \/>\r\n\t\t\t\t\t\t\t\t\t\t<div class=\"slideshow_description_box slideshow_transparent\">\r\n\t\t\t\t\t\t<div class=\"slideshow_title\">48408707_2086606288045103_5775079834417889280_o<\/div>\t\t\t\t\t\t\t\t\t\t\t<\/div>\r\n\t\t\t\t<\/div>\r\n\r\n\t\t\t\t\t\t<div style=\"clear: both;\"><\/div><\/div><div class=\"slideshow_view\">\r\n\t\t\t\t<div class=\"slideshow_slide slideshow_slide_image\">\r\n\t\t\t\t\t\t\t\t\t\t\t<img src=\"https:\/\/agora.xtec.cat\/iesjonqueres\/wp-content\/uploads\/usu447\/2020\/11\/31172234_1766125870093148_369405678952906752_o.jpg\" alt=\"31172234_1766125870093148_369405678952906752_o\" width=\"1536\" height=\"2048\" \/>\r\n\t\t\t\t\t\t\t\t\t\t<div class=\"slideshow_description_box slideshow_transparent\">\r\n\t\t\t\t\t\t<div class=\"slideshow_title\">31172234_1766125870093148_369405678952906752_o<\/div>\t\t\t\t\t\t\t\t\t\t\t<\/div>\r\n\t\t\t\t<\/div>\r\n\r\n\t\t\t\t\t\t<div style=\"clear: both;\"><\/div><\/div><div class=\"slideshow_view\">\r\n\t\t\t\t<div class=\"slideshow_slide slideshow_slide_image\">\r\n\t\t\t\t\t\t\t\t\t\t\t<img src=\"https:\/\/agora.xtec.cat\/iesjonqueres\/wp-content\/uploads\/usu447\/2020\/11\/ball-de-bastons.jpg\" alt=\"ball de bastons\" width=\"1836\" height=\"3264\" \/>\r\n\t\t\t\t\t\t\t\t\t\t<div class=\"slideshow_description_box slideshow_transparent\">\r\n\t\t\t\t\t\t<div class=\"slideshow_title\">ball de bastons<\/div>\t\t\t\t\t\t\t\t\t\t\t<\/div>\r\n\t\t\t\t<\/div>\r\n\r\n\t\t\t\t\t\t<div style=\"clear: both;\"><\/div><\/div><div class=\"slideshow_view\">\r\n\t\t\t\t<div class=\"slideshow_slide slideshow_slide_image\">\r\n\t\t\t\t\t\t\t\t\t\t\t<img src=\"https:\/\/agora.xtec.cat\/iesjonqueres\/wp-content\/uploads\/usu447\/2020\/11\/danses-du-rat.jpg\" alt=\"danses du rat\" width=\"3264\" height=\"1836\" \/>\r\n\t\t\t\t\t\t\t\t\t\t<div class=\"slideshow_description_box slideshow_transparent\">\r\n\t\t\t\t\t\t<div class=\"slideshow_title\">danses du rat<\/div>\t\t\t\t\t\t\t\t\t\t\t<\/div>\r\n\t\t\t\t<\/div>\r\n\r\n\t\t\t\t\t\t<div style=\"clear: both;\"><\/div><\/div>\r\n\t\t<\/div>\r\n\r\n\t\t<div class=\"slideshow_controlPanel slideshow_transparent\" style=\"display: none;\"><ul><li class=\"slideshow_togglePlay\" data-play-text=\"Visualitza\" data-pause-text=\"Pausa\"><\/li><\/ul><\/div>\r\n\r\n\t\t<div class=\"slideshow_button slideshow_previous slideshow_transparent\" role=\"button\" data-previous-text=\"Anterior\" style=\"display: none;\"><\/div>\r\n\t\t<div class=\"slideshow_button slideshow_next slideshow_transparent\" role=\"button\" data-next-text=\"Seg\u00fcent\" style=\"display: none;\"><\/div>\r\n\r\n\t\t<div class=\"slideshow_pagination\" style=\"display: none;\" data-go-to-text=\"V\u00e9s a la diapositiva\"><div class=\"slideshow_pagination_center\"><\/div><\/div>\r\n\r\n\t\t<!-- WordPress Slideshow Version 2.3.1 -->\r\n\r\n\t\t\t<\/div>\r\n\r\n\n","protected":false},"excerpt":{"rendered":"<p>M\u00fasica La M\u00fasica al Jonqueres, es viu. Comptem amb una gran quantitat d&#8217;instruments Orff, aix\u00ed com teclats el\u00e8ctrics, bateries, guitarres i violins. Des de primer, l&#8217;alumnat apr\u00e8n a entendre una partitura i practica (s\u00ed, practica) els diferents instruments. Quan arriben a tercer, ja s\u00f3n tots uns experts i els toca muntar, des de zero, una [&hellip;]<\/p>\n","protected":false},"author":1,"featured_media":0,"parent":717,"menu_order":0,"comment_status":"closed","ping_status":"closed","template":"page-templates\/side-menu.php","meta":{"_bbp_topic_count":0,"_bbp_reply_count":0,"_bbp_total_topic_count":0,"_bbp_total_reply_count":0,"_bbp_voice_count":0,"_bbp_anonymous_reply_count":0,"_bbp_topic_count_hidden":0,"_bbp_reply_count_hidden":0,"_bbp_forum_subforum_count":0,"site-sidebar-layout":"default","site-content-layout":"","ast-site-content-layout":"","site-content-style":"default","site-sidebar-style":"default","ast-global-header-display":"","ast-banner-title-visibility":"","ast-main-header-display":"","ast-hfb-above-header-display":"","ast-hfb-below-header-display":"","ast-hfb-mobile-header-display":"","site-post-title":"","ast-breadcrumbs-content":"","ast-featured-img":"","footer-sml-layout":"","theme-transparent-header-meta":"","adv-header-id-meta":"","stick-header-meta":"","header-above-stick-meta":"","header-main-stick-meta":"","header-below-stick-meta":"","astra-migrate-meta-layouts":"default","ast-page-background-enabled":"default","ast-page-background-meta":{"desktop":{"background-color":"var(--ast-global-color-4)","background-image":"","background-repeat":"repeat","background-position":"center center","background-size":"auto","background-attachment":"scroll","background-type":"","background-media":"","overlay-type":"","overlay-color":"","overlay-opacity":"","overlay-gradient":""},"tablet":{"background-color":"","background-image":"","background-repeat":"repeat","background-position":"center center","background-size":"auto","background-attachment":"scroll","background-type":"","background-media":"","overlay-type":"","overlay-color":"","overlay-opacity":"","overlay-gradient":""},"mobile":{"background-color":"","background-image":"","background-repeat":"repeat","background-position":"center center","background-size":"auto","background-attachment":"scroll","background-type":"","background-media":"","overlay-type":"","overlay-color":"","overlay-opacity":"","overlay-gradient":""}},"ast-content-background-meta":{"desktop":{"background-color":"var(--ast-global-color-5)","background-image":"","background-repeat":"repeat","background-position":"center center","background-size":"auto","background-attachment":"scroll","background-type":"","background-media":"","overlay-type":"","overlay-color":"","overlay-opacity":"","overlay-gradient":""},"tablet":{"background-color":"var(--ast-global-color-5)","background-image":"","background-repeat":"repeat","background-position":"center center","background-size":"auto","background-attachment":"scroll","background-type":"","background-media":"","overlay-type":"","overlay-color":"","overlay-opacity":"","overlay-gradient":""},"mobile":{"background-color":"var(--ast-global-color-5)","background-image":"","background-repeat":"repeat","background-position":"center center","background-size":"auto","background-attachment":"scroll","background-type":"","background-media":"","overlay-type":"","overlay-color":"","overlay-opacity":"","overlay-gradient":""}},"footnotes":""},"class_list":["post-759","page","type-page","status-publish","hentry"],"post_mailing_queue_ids":[],"_links":{"self":[{"href":"https:\/\/agora.xtec.cat\/iesjonqueres\/wp-json\/wp\/v2\/pages\/759","targetHints":{"allow":["GET"]}}],"collection":[{"href":"https:\/\/agora.xtec.cat\/iesjonqueres\/wp-json\/wp\/v2\/pages"}],"about":[{"href":"https:\/\/agora.xtec.cat\/iesjonqueres\/wp-json\/wp\/v2\/types\/page"}],"author":[{"embeddable":true,"href":"https:\/\/agora.xtec.cat\/iesjonqueres\/wp-json\/wp\/v2\/users\/1"}],"replies":[{"embeddable":true,"href":"https:\/\/agora.xtec.cat\/iesjonqueres\/wp-json\/wp\/v2\/comments?post=759"}],"version-history":[{"count":8,"href":"https:\/\/agora.xtec.cat\/iesjonqueres\/wp-json\/wp\/v2\/pages\/759\/revisions"}],"predecessor-version":[{"id":16848,"href":"https:\/\/agora.xtec.cat\/iesjonqueres\/wp-json\/wp\/v2\/pages\/759\/revisions\/16848"}],"up":[{"embeddable":true,"href":"https:\/\/agora.xtec.cat\/iesjonqueres\/wp-json\/wp\/v2\/pages\/717"}],"wp:attachment":[{"href":"https:\/\/agora.xtec.cat\/iesjonqueres\/wp-json\/wp\/v2\/media?parent=759"}],"curies":[{"name":"wp","href":"https:\/\/api.w.org\/{rel}","templated":true}]}}