{"id":755,"date":"2016-11-28T11:24:33","date_gmt":"2016-11-28T10:24:33","guid":{"rendered":"http:\/\/agora.xtec.cat\/iesjonqueres\/?page_id=755"},"modified":"2026-02-02T16:03:32","modified_gmt":"2026-02-02T15:03:32","slug":"departament-de-llengues","status":"publish","type":"page","link":"https:\/\/agora.xtec.cat\/iesjonqueres\/elcentre\/departaments\/departament-de-llengues\/","title":{"rendered":"Departament de Lleng\u00fces catalana i castellana"},"content":{"rendered":"<p>El Departament de Lleng\u00fces acull el professorat dels \u00e0mbits ling\u00fc\u00edstic i literari de catal\u00e0 i castell\u00e0 i es fonamenta en el desenvolupament dels seg\u00fcents objectius:<\/p>\n<ul>\n<li>Coordinaci\u00f3 entre Llengua i literatura catalana i Llengua i literatura castellana.<\/li>\n<li>Realitzaci\u00f3 conjunta de les programacions did\u00e0ctiques.<\/li>\n<li>Tria de lectures que comprenguin tots els g\u00e8neres (poesia, narrativa i teatre) socialitzades a tots els nivells de l&#8217;ESO.<\/li>\n<li>Establiment de l\u00ednies d&#8217;actuaci\u00f3 transversal en el tractament de l&#8217;expressi\u00f3 escrita, la expressi\u00f3 oral i la comprensi\u00f3 lectora.<\/li>\n<li>Desdoblament d&#8217;una hora setmanal al Batxillerat.<\/li>\n<\/ul>\n<p><b>Entre llibres<\/b><\/p>\n<p>El Departament de Lleng\u00fces \u00e9s el principal impulsor de l&#8217;activitat &#8220;Entre llibres&#8221; una activitat que consisteix en dedicar cada dia una estona a la lectura dins l&#8217;aula. Aquesta activitat la realitza tot el centre. T\u00e9 com a objectiu fomentar el plaer de la lectura a trav\u00e9s de nombroses activitats de foment de la lectura (lectures teatralitzades, esmorzars literaris, etc.)<\/p>\n<p><a href=\"http:\/\/agora.xtec.cat\/iesjonqueres\/wp-content\/uploads\/usu447\/2016\/11\/Departament-de-lleng\u00fces-.jpg\"><img loading=\"lazy\" decoding=\"async\" class=\"aligncenter size-full wp-image-784\" src=\"http:\/\/agora.xtec.cat\/iesjonqueres\/wp-content\/uploads\/usu447\/2016\/11\/Departament-de-lleng\u00fces-.jpg\" alt=\"departament-de-llengues\" width=\"648\" height=\"309\" srcset=\"https:\/\/agora.xtec.cat\/iesjonqueres\/wp-content\/uploads\/usu447\/2016\/11\/Departament-de-lleng\u00fces-.jpg 648w, https:\/\/agora.xtec.cat\/iesjonqueres\/wp-content\/uploads\/usu447\/2016\/11\/Departament-de-lleng\u00fces--300x143.jpg 300w\" sizes=\"auto, (max-width: 648px) 100vw, 648px\" \/><\/a><\/p>\n<p><b>El gust per la lectura<\/b><\/p>\n<p>Aquest curs l&#8217;alumnat del nostre centre de 3r d&#8217;ESO\u00a0 participar\u00e0\u00a0 al XXXI Concurs del\u00a0 programa &#8220;El gust per la lectura&#8221; dins de la categoria\u00a0 Personatge: monstres OLID, Bel amb la lectura\u00a0<i>Tina Frankens.<\/i> Fanbooks, 2018.<\/p>\n<p><a href=\"https:\/\/agora.xtec.cat\/iesjonqueres\/wp-content\/uploads\/usu447\/2026\/02\/RGB-2026-LOGO_Gran-HI-PARTICIPEM.png\"><img loading=\"lazy\" decoding=\"async\" class=\"size-medium wp-image-17700 alignleft\" src=\"https:\/\/agora.xtec.cat\/iesjonqueres\/wp-content\/uploads\/usu447\/2026\/02\/RGB-2026-LOGO_Gran-HI-PARTICIPEM-300x300.png\" alt=\"\" width=\"300\" height=\"300\" srcset=\"https:\/\/agora.xtec.cat\/iesjonqueres\/wp-content\/uploads\/usu447\/2026\/02\/RGB-2026-LOGO_Gran-HI-PARTICIPEM-300x300.png 300w, https:\/\/agora.xtec.cat\/iesjonqueres\/wp-content\/uploads\/usu447\/2026\/02\/RGB-2026-LOGO_Gran-HI-PARTICIPEM-1024x1024.png 1024w, https:\/\/agora.xtec.cat\/iesjonqueres\/wp-content\/uploads\/usu447\/2026\/02\/RGB-2026-LOGO_Gran-HI-PARTICIPEM-150x150.png 150w, https:\/\/agora.xtec.cat\/iesjonqueres\/wp-content\/uploads\/usu447\/2026\/02\/RGB-2026-LOGO_Gran-HI-PARTICIPEM-768x768.png 768w, https:\/\/agora.xtec.cat\/iesjonqueres\/wp-content\/uploads\/usu447\/2026\/02\/RGB-2026-LOGO_Gran-HI-PARTICIPEM-1536x1536.png 1536w, https:\/\/agora.xtec.cat\/iesjonqueres\/wp-content\/uploads\/usu447\/2026\/02\/RGB-2026-LOGO_Gran-HI-PARTICIPEM.png 2000w\" sizes=\"auto, (max-width: 300px) 100vw, 300px\" \/><\/a> <a href=\"https:\/\/agora.xtec.cat\/iesjonqueres\/wp-content\/uploads\/usu447\/2026\/02\/Tina-Frankens.jpg\"><img loading=\"lazy\" decoding=\"async\" class=\"size-medium wp-image-17701 alignleft\" src=\"https:\/\/agora.xtec.cat\/iesjonqueres\/wp-content\/uploads\/usu447\/2026\/02\/Tina-Frankens-210x300.jpg\" alt=\"\" width=\"210\" height=\"300\" srcset=\"https:\/\/agora.xtec.cat\/iesjonqueres\/wp-content\/uploads\/usu447\/2026\/02\/Tina-Frankens-210x300.jpg 210w, https:\/\/agora.xtec.cat\/iesjonqueres\/wp-content\/uploads\/usu447\/2026\/02\/Tina-Frankens.jpg 311w\" sizes=\"auto, (max-width: 210px) 100vw, 210px\" \/><\/a><\/p>\n","protected":false},"excerpt":{"rendered":"<p>El Departament de Lleng\u00fces acull el professorat dels \u00e0mbits ling\u00fc\u00edstic i literari de catal\u00e0 i castell\u00e0 i es fonamenta en el desenvolupament dels seg\u00fcents objectius: Coordinaci\u00f3 entre Llengua i literatura catalana i Llengua i literatura castellana. Realitzaci\u00f3 conjunta de les programacions did\u00e0ctiques. Tria de lectures que comprenguin tots els g\u00e8neres (poesia, narrativa i teatre) socialitzades [&hellip;]<\/p>\n","protected":false},"author":1,"featured_media":0,"parent":717,"menu_order":0,"comment_status":"closed","ping_status":"closed","template":"","meta":{"_bbp_topic_count":0,"_bbp_reply_count":0,"_bbp_total_topic_count":0,"_bbp_total_reply_count":0,"_bbp_voice_count":0,"_bbp_anonymous_reply_count":0,"_bbp_topic_count_hidden":0,"_bbp_reply_count_hidden":0,"_bbp_forum_subforum_count":0,"site-sidebar-layout":"default","site-content-layout":"","ast-site-content-layout":"default","site-content-style":"default","site-sidebar-style":"default","ast-global-header-display":"","ast-banner-title-visibility":"","ast-main-header-display":"","ast-hfb-above-header-display":"","ast-hfb-below-header-display":"","ast-hfb-mobile-header-display":"","site-post-title":"","ast-breadcrumbs-content":"","ast-featured-img":"","footer-sml-layout":"","theme-transparent-header-meta":"default","adv-header-id-meta":"","stick-header-meta":"","header-above-stick-meta":"","header-main-stick-meta":"","header-below-stick-meta":"","astra-migrate-meta-layouts":"set","ast-page-background-enabled":"default","ast-page-background-meta":{"desktop":{"background-color":"var(--ast-global-color-4)","background-image":"","background-repeat":"repeat","background-position":"center center","background-size":"auto","background-attachment":"scroll","background-type":"","background-media":"","overlay-type":"","overlay-color":"","overlay-opacity":"","overlay-gradient":""},"tablet":{"background-color":"","background-image":"","background-repeat":"repeat","background-position":"center center","background-size":"auto","background-attachment":"scroll","background-type":"","background-media":"","overlay-type":"","overlay-color":"","overlay-opacity":"","overlay-gradient":""},"mobile":{"background-color":"","background-image":"","background-repeat":"repeat","background-position":"center center","background-size":"auto","background-attachment":"scroll","background-type":"","background-media":"","overlay-type":"","overlay-color":"","overlay-opacity":"","overlay-gradient":""}},"ast-content-background-meta":{"desktop":{"background-color":"var(--ast-global-color-5)","background-image":"","background-repeat":"repeat","background-position":"center center","background-size":"auto","background-attachment":"scroll","background-type":"","background-media":"","overlay-type":"","overlay-color":"","overlay-opacity":"","overlay-gradient":""},"tablet":{"background-color":"var(--ast-global-color-5)","background-image":"","background-repeat":"repeat","background-position":"center center","background-size":"auto","background-attachment":"scroll","background-type":"","background-media":"","overlay-type":"","overlay-color":"","overlay-opacity":"","overlay-gradient":""},"mobile":{"background-color":"var(--ast-global-color-5)","background-image":"","background-repeat":"repeat","background-position":"center center","background-size":"auto","background-attachment":"scroll","background-type":"","background-media":"","overlay-type":"","overlay-color":"","overlay-opacity":"","overlay-gradient":""}},"footnotes":""},"class_list":["post-755","page","type-page","status-publish","hentry"],"post_mailing_queue_ids":[],"_links":{"self":[{"href":"https:\/\/agora.xtec.cat\/iesjonqueres\/wp-json\/wp\/v2\/pages\/755","targetHints":{"allow":["GET"]}}],"collection":[{"href":"https:\/\/agora.xtec.cat\/iesjonqueres\/wp-json\/wp\/v2\/pages"}],"about":[{"href":"https:\/\/agora.xtec.cat\/iesjonqueres\/wp-json\/wp\/v2\/types\/page"}],"author":[{"embeddable":true,"href":"https:\/\/agora.xtec.cat\/iesjonqueres\/wp-json\/wp\/v2\/users\/1"}],"replies":[{"embeddable":true,"href":"https:\/\/agora.xtec.cat\/iesjonqueres\/wp-json\/wp\/v2\/comments?post=755"}],"version-history":[{"count":5,"href":"https:\/\/agora.xtec.cat\/iesjonqueres\/wp-json\/wp\/v2\/pages\/755\/revisions"}],"predecessor-version":[{"id":17703,"href":"https:\/\/agora.xtec.cat\/iesjonqueres\/wp-json\/wp\/v2\/pages\/755\/revisions\/17703"}],"up":[{"embeddable":true,"href":"https:\/\/agora.xtec.cat\/iesjonqueres\/wp-json\/wp\/v2\/pages\/717"}],"wp:attachment":[{"href":"https:\/\/agora.xtec.cat\/iesjonqueres\/wp-json\/wp\/v2\/media?parent=755"}],"curies":[{"name":"wp","href":"https:\/\/api.w.org\/{rel}","templated":true}]}}