{"id":329,"date":"2016-09-30T08:26:58","date_gmt":"2016-09-30T07:26:58","guid":{"rendered":"http:\/\/agora.xtec.cat\/iesjonqueres\/?page_id=329"},"modified":"2021-10-14T11:33:59","modified_gmt":"2021-10-14T09:33:59","slug":"associacio-esportiva","status":"publish","type":"page","link":"https:\/\/agora.xtec.cat\/iesjonqueres\/associacio-esportiva\/","title":{"rendered":"Associaci\u00f3 esportiva"},"content":{"rendered":"<p><!-- Explicaci\u00f3 de l'associaci\u00f3 esportiva escolar jonqueres, historia, actualitat, esdeveniments i altres --><\/p>\n<p><!-- Links per probar les amfores\n\n<a href=\"#31\">Hist\u00f2ria<\/a>\n<a href=\"#32\">Lligues de pati<\/a>\n<a href=\"#33\">Extraescolars<\/a>\n<a href=\"#34\">Xarxes socials<\/a> --><\/p>\n<p><!-- AMFORA 1 --><\/p>\n<h4>Hist\u00f2ria<\/h4>\n<p><span style=\"font-family: inherit; font-size: 1em;\">L\u2019Associaci\u00f3 Esportiva Escolar Inst. Jonqueres fou creada el 30 de Novembre de 2006 sota els objectius de fomentar la pr\u00e0ctica de l\u2019activitat f\u00edsica i esportiva a l\u2019Institut Jonqueres i potenciar la dimensi\u00f3 educativa de l\u2019esport fora de l\u2019horari lectiu.<\/span><\/p>\n<p>Des dels seus inicis, l\u2019associaci\u00f3 promou la pr\u00e0ctica de futbol sala, b\u00e0squet, voleibol i expressi\u00f3 corporal.<\/p>\n<p><!-- AMFORA 2 --><\/p>\n<p>&nbsp;<\/p>\n<h3 style=\"visibility: hidden;\">SEPARADOR<\/h3>\n<p><!-- LLIGUES DE PATI --><\/p>\n<h4>Lligues de pati<\/h4>\n<p><strong>(Actualment no fem lligues de pati degut al COVID)<\/strong><\/p>\n<p>En el segon pati de dijous i divendres podeu efectuar la vostra inscripci\u00f3 a les lligues de pati que aquest any s\u2019organitzaran al centre. Aquestes s\u00f3n:<\/p>\n<ul>\n<li>Futbol<\/li>\n<li>Voleibol<\/li>\n<li>Tennis taula<\/li>\n<li>B\u00e0squet<\/li>\n<li>Korfball<\/li>\n<li>B\u00e0dminton<\/li>\n<\/ul>\n<p>El preu pes inscriure\u2019s a cada lliga \u00e9s d\u20191\u20ac. Aquest preu simb\u00f2lic \u00e9s per fer front als costos dels trofeus que s\u2019entreguen a la Jornada Esportiva Memorial Jose Carlos Urrero.<\/p>\n<p><!-- AMFORA 3 --><\/p>\n<p>&nbsp;<\/p>\n<h3 style=\"visibility: hidden;\">SEPARADOR<\/h3>\n<p><!-- EXTRAESCOLARS --><\/p>\n<h4>Extraescolars<\/h4>\n<p>Per veure les extraescolars que es realitzen actualment, <a href=\"..\/elcentre\/extraescolars\/\">fes click aqui<\/a>.<\/p>\n<p><!-- AMFORA 4 --><\/p>\n<p>&nbsp;<\/p>\n<p>&nbsp;<\/p>\n<table style=\"width: 100%; border: 0px;\">\n<tbody>\n<tr>\n<th>\n<h4>Facebook<\/h4>\n<\/th>\n<p><!-- TWITTER OCULT\n\n\n<th>\n\n\n<h4>Twitter<\/h4>\n\n\n<\/th>\n\n\n************************* --><\/tr>\n<tr>\n<td style=\"width: 50%; text-align: center; vertical-align: top; border: 0px;\"><!-- FACEBOOK --><\/p>\n<div id=\"fb-root\"><\/div>\n<p><script>(function(d, s, id) {\n  var js, fjs = d.getElementsByTagName(s)[0];\n  if (d.getElementById(id)) return;\n  js = d.createElement(s); js.id = id;\n  js.src = \"\/\/connect.facebook.net\/ca_ES\/sdk.js#xfbml=1&version=v2.8\";\n  fjs.parentNode.insertBefore(js, fjs);\n}(document, 'script', 'facebook-jssdk'));<\/script><\/p>\n<div class=\"fb-page\" data-href=\"https:\/\/www.facebook.com\/aeejonqueres\" data-tabs=\"timeline\" data-small-header=\"false\" data-adapt-container-width=\"true\" data-hide-cover=\"false\" data-show-facepile=\"false\">\n<blockquote class=\"fb-xfbml-parse-ignore\" cite=\"https:\/\/www.facebook.com\/aeejonqueres\"><p><a href=\"https:\/\/www.facebook.com\/aeejonqueres\">Associaci\u00f3 Esportiva Escolar Inst. Jonqueres<\/a><\/p><\/blockquote>\n<\/div>\n<\/td>\n<p><!-- ************************ --><!-- ############################### TWITTER \/ INSTAGRAM OCULTS ######################################\n\n\n<td style=\"width:50%;text-align:center;vertical-align:top;border:0px;\"><- TWITTER ->\n\n<a class=\"twitter-timeline\" data-width=\"400\" data-height=\"630\" href=\"https:\/\/twitter.com\/aeejonqueres\">Tweets by aeejonqueres<\/a> <script async src=\"\/\/platform.twitter.com\/widgets.js\" charset=\"utf-8\"><\/script><\/td>\n\n\n<- *********************** -><\/tr>\n\n\n<- INSTAGRAM ->\n\n\n<tr>\n\n\n<th>\n\n\n<h4>Instagram<\/h4>\n\n\n<\/th>\n\n\n<\/tr>\n\n\n\n\n<tr>\n\n\n<td style=\"width:50%;text-align:center;vertical-align:top;border:0px;\">\n\n\n<blockquote class=\"instagram-media\" data-instgrm-captioned data-instgrm-version=\"7\" style=\" background:#FFF; border:0; border-radius:3px; box-shadow:0 0 1px 0 rgba(0,0,0,0.5),0 1px 10px 0 rgba(0,0,0,0.15); margin: 1px; max-width:658px; padding:0; width:99.375%; width:-webkit-calc(100% - 2px); width:calc(100% - 2px);\">\n\n\n<div style=\"padding:8px;\">\n\n\n<div style=\" background:#e62739; line-height:0; margin-top:40px; padding:50.0% 0; text-align:center; width:100%;\">\n\n\n<div style=\" background:url(data:image\/png;base64,iVBORw0KGgoAAAANSUhEUgAAACwAAAAsCAMAAAApWqozAAAABGdBTUEAALGPC\/xhBQAAAAFzUkdCAK7OHOkAAAAMUExURczMzPf399fX1+bm5mzY9AMAAADiSURBVDjLvZXbEsMgCES5\/P8\/t9FuRVCRmU73JWlzosgSIIZURCjo\/ad+EQJJB4Hv8BFt+IDpQoCx1wjOSBFhh2XssxEIYn3ulI\/6MNReE07UIWJEv8UEOWDS88LY97kqyTliJKKtuYBbruAyVh5wOHiXmpi5we58Ek028czwyuQdLKPG1Bkb4NnM+VeAnfHqn1k4+GPT6uGQcvu2h2OVuIf\/gWUFyy8OWEpdyZSa3aVCqpVoVvzZZ2VTnn2wU8qzVjDDetO90GSy9mVLqtgYSy231MxrY6I2gGqjrTY0L8fxCxfCBbhWrsYYAAAAAElFTkSuQmCC); display:block; height:44px; margin:0 auto -44px; position:relative; top:-22px; width:44px;\"><\/div>\n\n\n<\/div>\n\n\n\n\n<p style=\" margin:8px 0 0 0; padding:0 4px;\"> <a href=\"https:\/\/www.instagram.com\/p\/BF8aDnpk5Az\/\" style=\" color:#000; font-family:Arial,sans-serif; font-size:14px; font-style:normal; font-weight:normal; line-height:17px; text-decoration:none; word-wrap:break-word;\" target=\"_blank\" rel=\"noopener noreferrer\">Ia Milla Memorial Jose Carlos Urrero. Categoria Secund\u00e0ria<\/a><\/p>\n\n\n\n\n<p style=\" color:#c9c8cd; font-family:Arial,sans-serif; font-size:14px; line-height:17px; margin-bottom:0; margin-top:8px; overflow:hidden; padding:8px 0 7px; text-align:center; text-overflow:ellipsis; white-space:nowrap;\">A photo posted by AEE Jonqueres (@aeejonqueres) on <time style=\" font-family:Arial,sans-serif; font-size:14px; line-height:17px;\" datetime=\"2016-05-28T08:15:20+00:00\">May 28, 2016 at 1:15am PDT<\/time><\/p>\n\n\n\n<\/div>\n\n<\/blockquote>\n\n\n<script async defer src=\"\/\/platform.instagram.com\/en_US\/embeds.js\"><\/script><\/td>\n\n\n<\/tr>\n\n\n############################### TWITTER \/ INSTAGRAM OCULTS ################################### --><\/tr>\n<\/tbody>\n<\/table>\n<p><!-- CSS --><\/p>\n<style>\na h4 {<br \/>scroll-behavior: smooth;<br \/>}<\/p>\n<p>a.anchor5 {<br \/>display: block;<br \/>position: relative;<br \/>top: 0px;<br \/>visibility: hidden;}<\/p>\n<p>#btn {<br \/>  color: #ffffff !important;<br \/>  background-color: #e62739;<br \/>  border: none;<br \/>  font-size: 17px;<br \/>  font-weight: bold;<br \/>  text-align: center;<br \/>  text-decoration: none;<br \/>  padding: 10px 20px 10px 20px;<br \/>  width: 200px;<br \/>  display: block;<br \/>  margin: 2px;<br \/>  text-decoration: none;<br \/>  transition: all 0.5s;<br \/>  cursor: pointer;<br \/>}<br \/>#btn span {<br \/>  cursor: pointer;<br \/>  display: inline-block;<br \/>  position: relative;<br \/>  transition: 0.5s;<br \/>}<br \/>#btn span:after {<br \/>  position: absolute;<br \/>  opacity: 0;<br \/>  top: 0;<br \/>  right: -20px;<br \/>  transition: 0.5s;<br \/>}<br \/>#btn:hover span {<br \/>  padding-right: 25px;<br \/>}<br \/>#btn:hover span:after {<\/p>\n<p>  opacity: 1;<br \/>  right: 0;<br \/>}<br \/><\/style>\n<p><!-- SCRIPT PER SCROLL --><\/p>\n<p><script src=\"https:\/\/ajax.googleapis.com\/ajax\/libs\/jquery\/3.1.1\/jquery.min.js\"><\/script><\/p>\n<p><script>\n$(function() {\n  $('a[href*=\"#\"]:not([href=\"#\"])').click(function() {\n    if (location.pathname.replace(\/^\\\/\/,'') == this.pathname.replace(\/^\\\/\/,'') && location.hostname == this.hostname) {\n      var target = $(this.hash);\n      target = target.length ? target : $('[name=' + this.hash.slice(1) +']');\n      if (target.length) {\n        $('html, body').animate({\n          scrollTop: target.offset().top\n        }, 1000);\n        return false;\n      }\n    }\n  });\n});\n<\/script><\/p>\n","protected":false},"excerpt":{"rendered":"<p>Hist\u00f2ria L\u2019Associaci\u00f3 Esportiva Escolar Inst. Jonqueres fou creada el 30 de Novembre de 2006 sota els objectius de fomentar la pr\u00e0ctica de l\u2019activitat f\u00edsica i esportiva a l\u2019Institut Jonqueres i potenciar la dimensi\u00f3 educativa de l\u2019esport fora de l\u2019horari lectiu. Des dels seus inicis, l\u2019associaci\u00f3 promou la pr\u00e0ctica de futbol sala, b\u00e0squet, voleibol i expressi\u00f3 [&hellip;]<\/p>\n","protected":false},"author":1,"featured_media":0,"parent":0,"menu_order":0,"comment_status":"closed","ping_status":"closed","template":"","meta":{"_bbp_topic_count":0,"_bbp_reply_count":0,"_bbp_total_topic_count":0,"_bbp_total_reply_count":0,"_bbp_voice_count":0,"_bbp_anonymous_reply_count":0,"_bbp_topic_count_hidden":0,"_bbp_reply_count_hidden":0,"_bbp_forum_subforum_count":0,"site-sidebar-layout":"default","site-content-layout":"","ast-site-content-layout":"","site-content-style":"default","site-sidebar-style":"default","ast-global-header-display":"","ast-banner-title-visibility":"","ast-main-header-display":"","ast-hfb-above-header-display":"","ast-hfb-below-header-display":"","ast-hfb-mobile-header-display":"","site-post-title":"","ast-breadcrumbs-content":"","ast-featured-img":"","footer-sml-layout":"","theme-transparent-header-meta":"","adv-header-id-meta":"","stick-header-meta":"","header-above-stick-meta":"","header-main-stick-meta":"","header-below-stick-meta":"","astra-migrate-meta-layouts":"default","ast-page-background-enabled":"default","ast-page-background-meta":{"desktop":{"background-color":"var(--ast-global-color-4)","background-image":"","background-repeat":"repeat","background-position":"center center","background-size":"auto","background-attachment":"scroll","background-type":"","background-media":"","overlay-type":"","overlay-color":"","overlay-opacity":"","overlay-gradient":""},"tablet":{"background-color":"","background-image":"","background-repeat":"repeat","background-position":"center center","background-size":"auto","background-attachment":"scroll","background-type":"","background-media":"","overlay-type":"","overlay-color":"","overlay-opacity":"","overlay-gradient":""},"mobile":{"background-color":"","background-image":"","background-repeat":"repeat","background-position":"center center","background-size":"auto","background-attachment":"scroll","background-type":"","background-media":"","overlay-type":"","overlay-color":"","overlay-opacity":"","overlay-gradient":""}},"ast-content-background-meta":{"desktop":{"background-color":"var(--ast-global-color-5)","background-image":"","background-repeat":"repeat","background-position":"center center","background-size":"auto","background-attachment":"scroll","background-type":"","background-media":"","overlay-type":"","overlay-color":"","overlay-opacity":"","overlay-gradient":""},"tablet":{"background-color":"var(--ast-global-color-5)","background-image":"","background-repeat":"repeat","background-position":"center center","background-size":"auto","background-attachment":"scroll","background-type":"","background-media":"","overlay-type":"","overlay-color":"","overlay-opacity":"","overlay-gradient":""},"mobile":{"background-color":"var(--ast-global-color-5)","background-image":"","background-repeat":"repeat","background-position":"center center","background-size":"auto","background-attachment":"scroll","background-type":"","background-media":"","overlay-type":"","overlay-color":"","overlay-opacity":"","overlay-gradient":""}},"footnotes":""},"class_list":["post-329","page","type-page","status-publish","hentry"],"post_mailing_queue_ids":[],"_links":{"self":[{"href":"https:\/\/agora.xtec.cat\/iesjonqueres\/wp-json\/wp\/v2\/pages\/329","targetHints":{"allow":["GET"]}}],"collection":[{"href":"https:\/\/agora.xtec.cat\/iesjonqueres\/wp-json\/wp\/v2\/pages"}],"about":[{"href":"https:\/\/agora.xtec.cat\/iesjonqueres\/wp-json\/wp\/v2\/types\/page"}],"author":[{"embeddable":true,"href":"https:\/\/agora.xtec.cat\/iesjonqueres\/wp-json\/wp\/v2\/users\/1"}],"replies":[{"embeddable":true,"href":"https:\/\/agora.xtec.cat\/iesjonqueres\/wp-json\/wp\/v2\/comments?post=329"}],"version-history":[{"count":5,"href":"https:\/\/agora.xtec.cat\/iesjonqueres\/wp-json\/wp\/v2\/pages\/329\/revisions"}],"predecessor-version":[{"id":15427,"href":"https:\/\/agora.xtec.cat\/iesjonqueres\/wp-json\/wp\/v2\/pages\/329\/revisions\/15427"}],"wp:attachment":[{"href":"https:\/\/agora.xtec.cat\/iesjonqueres\/wp-json\/wp\/v2\/media?parent=329"}],"curies":[{"name":"wp","href":"https:\/\/api.w.org\/{rel}","templated":true}]}}