{"id":324,"date":"2016-09-30T08:22:51","date_gmt":"2016-09-30T07:22:51","guid":{"rendered":"http:\/\/agora.xtec.cat\/iesjonqueres\/?page_id=324"},"modified":"2019-12-11T10:55:09","modified_gmt":"2019-12-11T09:55:09","slug":"projectes-1r","status":"publish","type":"page","link":"https:\/\/agora.xtec.cat\/iesjonqueres\/projectes-de-centre\/projectes-1r\/","title":{"rendered":"Projectes 1r"},"content":{"rendered":"<p>El treball per projectes s&#8217;inicia al centre el curs 2016-2017 a 1r d&#8217;ESO.<\/p>\n<h4>Quins objectius t\u00e9?<\/h4>\n<p>Els objectius s\u00f3n:<\/p>\n<p>&#8211; Motivaci\u00f3 de l&#8217;alumnat.<br \/>\n&#8211; Millora de resultats.<br \/>\n&#8211; Canvi de paradigma.<br \/>\n&#8211; \u00c8xit educatiu, social i laboral.<\/p>\n<h4>En qu\u00e8 consisteix?<\/h4>\n<p>Consisteix en treballar el disseny de projectes mitjan\u00e7ant el treball cooperatiu.<\/p>\n<h4>Quines mat\u00e8ries impliquen?<\/h4>\n<p>Les mat\u00e8ries implicades s\u00f3n:<br \/>\n&#8211; Experimentals.<br \/>\n&#8211; Tecnologia.<br \/>\n&#8211; Socials.<br \/>\n&#8211; <span style=\"font-weight: 400;\">Emprenedoria.<\/span><\/p>\n<h4>Quin horari hi ha?<\/h4>\n<p>L&#8217;organitzaci\u00f3 hor\u00e0ria \u00e9s:<br \/>\n&#8211; De 12:40 a 14:30<\/p>\n","protected":false},"excerpt":{"rendered":"<p>El treball per projectes s&#8217;inicia al centre el curs 2016-2017 a 1r d&#8217;ESO. Quins objectius t\u00e9? Els objectius s\u00f3n: &#8211; Motivaci\u00f3 de l&#8217;alumnat. &#8211; Millora de resultats. &#8211; Canvi de paradigma. &#8211; \u00c8xit educatiu, social i laboral. En qu\u00e8 consisteix? Consisteix en treballar el disseny de projectes mitjan\u00e7ant el treball cooperatiu. Quines mat\u00e8ries impliquen? Les [&hellip;]<\/p>\n","protected":false},"author":1,"featured_media":0,"parent":57,"menu_order":50,"comment_status":"closed","ping_status":"closed","template":"page-templates\/side-menu.php","meta":{"_bbp_topic_count":0,"_bbp_reply_count":0,"_bbp_total_topic_count":0,"_bbp_total_reply_count":0,"_bbp_voice_count":0,"_bbp_anonymous_reply_count":0,"_bbp_topic_count_hidden":0,"_bbp_reply_count_hidden":0,"_bbp_forum_subforum_count":0,"site-sidebar-layout":"default","site-content-layout":"","ast-site-content-layout":"","site-content-style":"default","site-sidebar-style":"default","ast-global-header-display":"","ast-banner-title-visibility":"","ast-main-header-display":"","ast-hfb-above-header-display":"","ast-hfb-below-header-display":"","ast-hfb-mobile-header-display":"","site-post-title":"","ast-breadcrumbs-content":"","ast-featured-img":"","footer-sml-layout":"","theme-transparent-header-meta":"","adv-header-id-meta":"","stick-header-meta":"","header-above-stick-meta":"","header-main-stick-meta":"","header-below-stick-meta":"","astra-migrate-meta-layouts":"default","ast-page-background-enabled":"default","ast-page-background-meta":{"desktop":{"background-color":"var(--ast-global-color-4)","background-image":"","background-repeat":"repeat","background-position":"center center","background-size":"auto","background-attachment":"scroll","background-type":"","background-media":"","overlay-type":"","overlay-color":"","overlay-opacity":"","overlay-gradient":""},"tablet":{"background-color":"","background-image":"","background-repeat":"repeat","background-position":"center center","background-size":"auto","background-attachment":"scroll","background-type":"","background-media":"","overlay-type":"","overlay-color":"","overlay-opacity":"","overlay-gradient":""},"mobile":{"background-color":"","background-image":"","background-repeat":"repeat","background-position":"center center","background-size":"auto","background-attachment":"scroll","background-type":"","background-media":"","overlay-type":"","overlay-color":"","overlay-opacity":"","overlay-gradient":""}},"ast-content-background-meta":{"desktop":{"background-color":"var(--ast-global-color-5)","background-image":"","background-repeat":"repeat","background-position":"center center","background-size":"auto","background-attachment":"scroll","background-type":"","background-media":"","overlay-type":"","overlay-color":"","overlay-opacity":"","overlay-gradient":""},"tablet":{"background-color":"var(--ast-global-color-5)","background-image":"","background-repeat":"repeat","background-position":"center center","background-size":"auto","background-attachment":"scroll","background-type":"","background-media":"","overlay-type":"","overlay-color":"","overlay-opacity":"","overlay-gradient":""},"mobile":{"background-color":"var(--ast-global-color-5)","background-image":"","background-repeat":"repeat","background-position":"center center","background-size":"auto","background-attachment":"scroll","background-type":"","background-media":"","overlay-type":"","overlay-color":"","overlay-opacity":"","overlay-gradient":""}},"footnotes":""},"class_list":["post-324","page","type-page","status-publish","hentry"],"post_mailing_queue_ids":[],"_links":{"self":[{"href":"https:\/\/agora.xtec.cat\/iesjonqueres\/wp-json\/wp\/v2\/pages\/324","targetHints":{"allow":["GET"]}}],"collection":[{"href":"https:\/\/agora.xtec.cat\/iesjonqueres\/wp-json\/wp\/v2\/pages"}],"about":[{"href":"https:\/\/agora.xtec.cat\/iesjonqueres\/wp-json\/wp\/v2\/types\/page"}],"author":[{"embeddable":true,"href":"https:\/\/agora.xtec.cat\/iesjonqueres\/wp-json\/wp\/v2\/users\/1"}],"replies":[{"embeddable":true,"href":"https:\/\/agora.xtec.cat\/iesjonqueres\/wp-json\/wp\/v2\/comments?post=324"}],"version-history":[{"count":4,"href":"https:\/\/agora.xtec.cat\/iesjonqueres\/wp-json\/wp\/v2\/pages\/324\/revisions"}],"predecessor-version":[{"id":14319,"href":"https:\/\/agora.xtec.cat\/iesjonqueres\/wp-json\/wp\/v2\/pages\/324\/revisions\/14319"}],"up":[{"embeddable":true,"href":"https:\/\/agora.xtec.cat\/iesjonqueres\/wp-json\/wp\/v2\/pages\/57"}],"wp:attachment":[{"href":"https:\/\/agora.xtec.cat\/iesjonqueres\/wp-json\/wp\/v2\/media?parent=324"}],"curies":[{"name":"wp","href":"https:\/\/api.w.org\/{rel}","templated":true}]}}