{"id":17186,"date":"2024-09-03T09:32:50","date_gmt":"2024-09-03T07:32:50","guid":{"rendered":"https:\/\/agora.xtec.cat\/iesjonqueres\/?page_id=17186"},"modified":"2025-09-04T12:09:52","modified_gmt":"2025-09-04T10:09:52","slug":"2023-2024","status":"publish","type":"page","link":"https:\/\/agora.xtec.cat\/iesjonqueres\/fotografies-i-videos-del-centre\/2023-2024\/","title":{"rendered":"2023-2024"},"content":{"rendered":"<h5><span style=\"color: #d64b4b;\">\u00a0Centre<\/span><\/h5>\n<ul>\n<li><a href=\"https:\/\/drive.google.com\/drive\/folders\/1UGkZcHKglBw4piCF149aLM6I1mVX6fb_?usp=drive_link\" target=\"_blank\" rel=\"noopener\"><span style=\"color: #000000;\">Castanyada 2023\u00a0<\/span><\/a><\/li>\n<li><a href=\"https:\/\/drive.google.com\/drive\/folders\/14pqdsFoCLyUdWS7ZZzDKiN6cZpyxYQpc?usp=drive_link\" target=\"_blank\" rel=\"noopener\"><span style=\"color: #000000;\">Dia de la Ci\u00e8ncia 2023<\/span><\/a><\/li>\n<li><a href=\"https:\/\/drive.google.com\/drive\/folders\/1sSjrqWE798hkaPBZhfKdTSRMkeIfV26A?usp=sharing\"><span style=\"color: #000000;\">Mentoria Juvenil<\/span><\/a><\/li>\n<li><a href=\"https:\/\/drive.google.com\/drive\/folders\/1vfPYz3309PHfEMN2aZVgb-kI9FDKRC2-?usp=drive_link\"><span style=\"color: #000000;\">Carnestoltes 2024<\/span><\/a><\/li>\n<li><a href=\"https:\/\/drive.google.com\/drive\/folders\/1ItVhc-F9GKOmgiEc00X_YYW3Vknq_vER?usp=drive_link\"><span style=\"color: #000000;\">Sant Jordi 2024<\/span><\/a><\/li>\n<\/ul>\n<h5><span style=\"color: #d64b4b;\">1r d&#8217;ESO<\/span><\/h5>\n<ul>\n<li><a href=\"https:\/\/drive.google.com\/drive\/folders\/14d9a0IOBjdCOIhQ8jOCmqV6BghLfgQGf?usp=sharing\" target=\"_blank\" rel=\"noopener\"><span style=\"color: #000000;\">Taller de circ &#8211; <em>Soc la teva F\u00edsicah<\/em><\/span><\/a><\/li>\n<li><a href=\"https:\/\/www.youtube.com\/watch?v=koOxthA7jiQ\"><span style=\"color: #000000;\">Percussi\u00f3 corporal &#8211; <em>Zapatillas<\/em><\/span><\/a><\/li>\n<li><span style=\"color: #000000;\"><a href=\"https:\/\/drive.google.com\/drive\/folders\/1g6QOYEyFDf74yc5kviL3rebUUSWKqueR?usp=sharing\" target=\"_blank\" rel=\"noopener\"><span style=\"color: #000000;\">Concert de Nadal<\/span><\/a>\u00a0<\/span><\/li>\n<li><a href=\"https:\/\/sites.google.com\/insjonqueres.cat\/inclusio\/tancament\"><span style=\"color: #000000;\">Diversitat cultural\u00a0<\/span><\/a><\/li>\n<li><a href=\"https:\/\/drive.google.com\/drive\/folders\/1OV832wEfyZAMWnAEsb2WhKl_ib18vMLa?usp=sharing\"><span style=\"color: #000000;\">Concert per a les fam\u00edlies<\/span><\/a><\/li>\n<\/ul>\n<h5><span style=\"color: #d64b4b;\">2n d&#8217;ESO<\/span><\/h5>\n<ul>\n<li><a href=\"https:\/\/drive.google.com\/drive\/folders\/1oRtQmhhPbiyVDilKgB8Wpy7qqGzbZzvx?usp=sharing\"><span style=\"color: #000000;\">Magic English<\/span><\/a><\/li>\n<li><a href=\"https:\/\/drive.google.com\/drive\/folders\/1mAXyiIfnoN3IuIj6WfXkrb3dO2aGbxz3?usp=sharing\"><span style=\"color: #000000;\">Visita Tele Terrassa i Castell Cartoixa<\/span><\/a><\/li>\n<li><a href=\"https:\/\/drive.google.com\/drive\/folders\/10MrxVSHp8aFBWj70Y14MpOQK3ND9JPo1?usp=sharing\"><span style=\"color: #000000;\">Col\u00f2nies<\/span><\/a><\/li>\n<\/ul>\n<h5><span style=\"color: #d64b4b;\">3r d&#8217;ESO<\/span><\/h5>\n<ul>\n<li><a href=\"https:\/\/drive.google.com\/drive\/folders\/1586AmDmW9wJzMRO8pquqiqzULD9TsMGX?usp=sharing\" target=\"_blank\" rel=\"noopener\"><span style=\"color: #000000;\">Cultura i valors<\/span><\/a><\/li>\n<li><a href=\"https:\/\/drive.google.com\/drive\/folders\/10GonBrsHDE1OEke2E7yHwsHqAcQjxgV-?usp=sharing\" target=\"_blank\" rel=\"noopener\"><span style=\"color: #000000;\">Problemes a l&#8217;esprint<\/span><\/a><\/li>\n<li><a href=\"https:\/\/drive.google.com\/drive\/folders\/1NgX1btf8I3xDmSMAd_L-5abIPIpYtYwa?usp=sharing\"><span style=\"color: #000000;\">Coneixement d&#8217;oficis<\/span><\/a><\/li>\n<li><a href=\"https:\/\/drive.google.com\/drive\/folders\/1CgrzNNwGoGrmrkIi3RFmAGs-GS9zXl_P?usp=drive_link\"><span style=\"color: #000000;\">Teatre Musical: Basat en fets reals<\/span><\/a><\/li>\n<\/ul>\n<h5><span style=\"color: #d64b4b;\">4t d&#8217;ESO<\/span><\/h5>\n<ul>\n<li><span style=\"color: #000000;\"><a href=\"https:\/\/drive.google.com\/drive\/folders\/1g6QOYEyFDf74yc5kviL3rebUUSWKqueR?usp=sharing\" target=\"_blank\" rel=\"noopener\"><span style=\"color: #000000;\">Concert de Nadal<\/span><\/a>\u00a0<\/span><\/li>\n<li><a href=\"https:\/\/drive.google.com\/drive\/folders\/1NgX1btf8I3xDmSMAd_L-5abIPIpYtYwa?usp=sharing\"><span style=\"color: #000000;\">Coneixement d&#8217;oficis<\/span><\/a><\/li>\n<li><a href=\"https:\/\/drive.google.com\/drive\/folders\/1dXKYtqmjGJ5lkEMwyGIJ9xhchqWaywhr?usp=drive_link\"><span style=\"color: #000000;\">Taller E.F &amp; M\u00fasica per a les escoles de prim\u00e0ria<\/span><\/a><\/li>\n<li><a href=\"https:\/\/drive.google.com\/drive\/folders\/1UirlK2jiz1mqA6XiXVPYl1_ALOZv4wBk?usp=drive_link\"><span style=\"color: #000000;\">Concurs de mon\u00f2legs<\/span><\/a><\/li>\n<li><a href=\"https:\/\/drive.google.com\/drive\/folders\/1gIty7P9RxGA4nMAWNIeqaxF4GJMhSqJw?usp=sharing\"><span style=\"color: #000000;\">Concert de final de curs<\/span><\/a><\/li>\n<li><a href=\"https:\/\/drive.google.com\/drive\/folders\/1wJWR0c5i7GuO685UMBO5uJojPv7GvdZv?usp=sharing\"><span style=\"color: #000000;\">Graduaci\u00f3 de 4t<\/span><\/a><\/li>\n<li><a href=\"https:\/\/drive.google.com\/drive\/folders\/1ZxxbbjHJlTCPc1Ag0m6Wm7LuNk0o2uRD?usp=sharing\"><span style=\"color: #000000;\">Viatge Final de curs<\/span><\/a><\/li>\n<\/ul>\n<h5><span style=\"color: #d64b4b;\">Batxillerat<\/span><\/h5>\n<ul>\n<li><a href=\"https:\/\/drive.google.com\/drive\/folders\/1thXyoQFrFIXC0pH6hJOVgEDctjIo3CO6?usp=sharing\"><span style=\"color: #000000;\">Graduaci\u00f3 de 2n de Batxillerat<\/span><\/a><\/li>\n<\/ul>\n","protected":false},"excerpt":{"rendered":"<p>\u00a0Centre Castanyada 2023\u00a0 Dia de la Ci\u00e8ncia 2023 Mentoria Juvenil Carnestoltes 2024 Sant Jordi 2024 1r d&#8217;ESO Taller de circ &#8211; Soc la teva F\u00edsicah Percussi\u00f3 corporal &#8211; Zapatillas Concert de Nadal\u00a0 Diversitat cultural\u00a0 Concert per a les fam\u00edlies 2n d&#8217;ESO Magic English Visita Tele Terrassa i Castell Cartoixa Col\u00f2nies 3r d&#8217;ESO Cultura i valors [&hellip;]<\/p>\n","protected":false},"author":12,"featured_media":0,"parent":1079,"menu_order":2,"comment_status":"closed","ping_status":"closed","template":"","meta":{"_bbp_topic_count":0,"_bbp_reply_count":0,"_bbp_total_topic_count":0,"_bbp_total_reply_count":0,"_bbp_voice_count":0,"_bbp_anonymous_reply_count":0,"_bbp_topic_count_hidden":0,"_bbp_reply_count_hidden":0,"_bbp_forum_subforum_count":0,"site-sidebar-layout":"default","site-content-layout":"","ast-site-content-layout":"default","site-content-style":"default","site-sidebar-style":"default","ast-global-header-display":"","ast-banner-title-visibility":"","ast-main-header-display":"","ast-hfb-above-header-display":"","ast-hfb-below-header-display":"","ast-hfb-mobile-header-display":"","site-post-title":"","ast-breadcrumbs-content":"","ast-featured-img":"","footer-sml-layout":"","theme-transparent-header-meta":"default","adv-header-id-meta":"","stick-header-meta":"","header-above-stick-meta":"","header-main-stick-meta":"","header-below-stick-meta":"","astra-migrate-meta-layouts":"set","ast-page-background-enabled":"default","ast-page-background-meta":{"desktop":{"background-color":"var(--ast-global-color-4)","background-image":"","background-repeat":"repeat","background-position":"center center","background-size":"auto","background-attachment":"scroll","background-type":"","background-media":"","overlay-type":"","overlay-color":"","overlay-opacity":"","overlay-gradient":""},"tablet":{"background-color":"","background-image":"","background-repeat":"repeat","background-position":"center center","background-size":"auto","background-attachment":"scroll","background-type":"","background-media":"","overlay-type":"","overlay-color":"","overlay-opacity":"","overlay-gradient":""},"mobile":{"background-color":"","background-image":"","background-repeat":"repeat","background-position":"center center","background-size":"auto","background-attachment":"scroll","background-type":"","background-media":"","overlay-type":"","overlay-color":"","overlay-opacity":"","overlay-gradient":""}},"ast-content-background-meta":{"desktop":{"background-color":"var(--ast-global-color-5)","background-image":"","background-repeat":"repeat","background-position":"center center","background-size":"auto","background-attachment":"scroll","background-type":"","background-media":"","overlay-type":"","overlay-color":"","overlay-opacity":"","overlay-gradient":""},"tablet":{"background-color":"var(--ast-global-color-5)","background-image":"","background-repeat":"repeat","background-position":"center center","background-size":"auto","background-attachment":"scroll","background-type":"","background-media":"","overlay-type":"","overlay-color":"","overlay-opacity":"","overlay-gradient":""},"mobile":{"background-color":"var(--ast-global-color-5)","background-image":"","background-repeat":"repeat","background-position":"center center","background-size":"auto","background-attachment":"scroll","background-type":"","background-media":"","overlay-type":"","overlay-color":"","overlay-opacity":"","overlay-gradient":""}},"footnotes":""},"class_list":["post-17186","page","type-page","status-publish","hentry"],"post_mailing_queue_ids":[],"_links":{"self":[{"href":"https:\/\/agora.xtec.cat\/iesjonqueres\/wp-json\/wp\/v2\/pages\/17186","targetHints":{"allow":["GET"]}}],"collection":[{"href":"https:\/\/agora.xtec.cat\/iesjonqueres\/wp-json\/wp\/v2\/pages"}],"about":[{"href":"https:\/\/agora.xtec.cat\/iesjonqueres\/wp-json\/wp\/v2\/types\/page"}],"author":[{"embeddable":true,"href":"https:\/\/agora.xtec.cat\/iesjonqueres\/wp-json\/wp\/v2\/users\/12"}],"replies":[{"embeddable":true,"href":"https:\/\/agora.xtec.cat\/iesjonqueres\/wp-json\/wp\/v2\/comments?post=17186"}],"version-history":[{"count":2,"href":"https:\/\/agora.xtec.cat\/iesjonqueres\/wp-json\/wp\/v2\/pages\/17186\/revisions"}],"predecessor-version":[{"id":17189,"href":"https:\/\/agora.xtec.cat\/iesjonqueres\/wp-json\/wp\/v2\/pages\/17186\/revisions\/17189"}],"up":[{"embeddable":true,"href":"https:\/\/agora.xtec.cat\/iesjonqueres\/wp-json\/wp\/v2\/pages\/1079"}],"wp:attachment":[{"href":"https:\/\/agora.xtec.cat\/iesjonqueres\/wp-json\/wp\/v2\/media?parent=17186"}],"curies":[{"name":"wp","href":"https:\/\/api.w.org\/{rel}","templated":true}]}}