{"id":15855,"date":"2022-02-22T09:20:47","date_gmt":"2022-02-22T08:20:47","guid":{"rendered":"https:\/\/agora.xtec.cat\/iesjonqueres\/?page_id=15855"},"modified":"2023-11-17T17:26:52","modified_gmt":"2023-11-17T16:26:52","slug":"erasmus","status":"publish","type":"page","link":"https:\/\/agora.xtec.cat\/iesjonqueres\/projectes-de-centre\/erasmus\/","title":{"rendered":"Erasmus+ \/\/  Projecte CETE+"},"content":{"rendered":"<p><b>Projecte Erasmus+<\/b><\/p>\n<p><span style=\"font-weight: 400;\">Erasmus+ \u00e9s el programa de la UE per recolzar l\u2019educaci\u00f3, la formaci\u00f3, la joventut i l\u2019esport a Europa. Dona suport a les prioritats i activitats establertes a l\u2019Espai Europeu d\u2019Educaci\u00f3, el Pla d\u2019Acci\u00f3 d\u2019Educaci\u00f3 Digital i l\u2019Agenda de Capacitats Europea.<\/span><\/p>\n<p><span style=\"font-weight: 400;\">L\u2019<\/span><b>Institut Jonqueres<\/b><span style=\"font-weight: 400;\"> \u00e9s un dels <\/span><b>88<\/b> <b>centres<\/b><span style=\"font-weight: 400;\"> que participa en el projecte CETE+ (<\/span><i><span style=\"font-weight: 400;\">Consorci Europeu per a la Transformaci\u00f3 Educativa<\/span><\/i><span style=\"font-weight: 400;\">), un dels programes d\u2019Erasmus. Aquest \u00e9s un projecte subvencionat per la <\/span><b>Uni\u00f3 Europea<\/b><span style=\"font-weight: 400;\"> amb l\u2019objectiu de millora dels centres educatius que hi participen i l\u2019aprenentatge de l\u2019alumnat.\u00a0<\/span><\/p>\n<p><img loading=\"lazy\" decoding=\"async\" class=\"aligncenter wp-image-15856\" src=\"https:\/\/agora.xtec.cat\/iesjonqueres\/wp-content\/uploads\/usu447\/2022\/02\/img9.jpg\" alt=\"\" width=\"277\" height=\"79\" srcset=\"https:\/\/agora.xtec.cat\/iesjonqueres\/wp-content\/uploads\/usu447\/2022\/02\/img9.jpg 420w, https:\/\/agora.xtec.cat\/iesjonqueres\/wp-content\/uploads\/usu447\/2022\/02\/img9-300x86.jpg 300w\" sizes=\"auto, (max-width: 277px) 100vw, 277px\" \/><\/p>\n<p><span style=\"font-weight: 400;\">Els 88 centres participants tenen uns <\/span><b>objectius comuns<\/b><span style=\"font-weight: 400;\"> que conformen el nucli del projecte:<\/span><\/p>\n<ul>\n<li><span style=\"font-weight: 400;\">Aprenentatge col\u00b7laboratiu.\u00a0<\/span><\/li>\n<li><span style=\"font-weight: 400;\">Millora de les compet\u00e8ncies digitals.<\/span><\/li>\n<li><span style=\"font-weight: 400;\">Cooperaci\u00f3 amb centres educatius europeus.<\/span><\/li>\n<li><b>Respecte a la diversitat ling\u00fc\u00edstica, millora de l\u2019ensenyament i l\u2019aprenentatge de les lleng\u00fces i de les habilitats interculturals.<\/b><\/li>\n<li><span style=\"font-weight: 400;\">Desenvolupament sostenible.<\/span><\/li>\n<li><span style=\"font-weight: 400;\">Transformaci\u00f3 educativa.<\/span><\/li>\n<\/ul>\n<p><span style=\"font-weight: 400;\">Aquest consorci est\u00e0 format per 14 microconsorcis dels quals nosaltres formem part de l\u2019<\/span><b>ESAM-TILC<\/b><span style=\"font-weight: 400;\"> (Estrat\u00e8gies de Suport a l\u2019alumnat d\u2019origen estranger- Tractament Integrat de Llengua i Continguts).<\/span><\/p>\n<p><img loading=\"lazy\" decoding=\"async\" class=\"aligncenter wp-image-15857\" src=\"https:\/\/agora.xtec.cat\/iesjonqueres\/wp-content\/uploads\/usu447\/2022\/02\/img12.jpg\" alt=\"\" width=\"331\" height=\"188\" srcset=\"https:\/\/agora.xtec.cat\/iesjonqueres\/wp-content\/uploads\/usu447\/2022\/02\/img12.jpg 776w, https:\/\/agora.xtec.cat\/iesjonqueres\/wp-content\/uploads\/usu447\/2022\/02\/img12-300x171.jpg 300w, https:\/\/agora.xtec.cat\/iesjonqueres\/wp-content\/uploads\/usu447\/2022\/02\/img12-768x437.jpg 768w\" sizes=\"auto, (max-width: 331px) 100vw, 331px\" \/><\/p>\n<p><span style=\"font-weight: 400;\">El nostre microconsorci ESAM-TILC est\u00e0 format per set centres educatius de tot Catalunya que implementem diverses transformacions educatives, sota el paraigua d\u2019un coordinador i un equip impulsor. L\u2019<\/span><b>objectiu <\/b><span style=\"font-weight: 400;\">d\u2019aquest microconsorci \u00e9s<\/span><b> ajudar al centre a assolir la transformaci\u00f3 educativa a trav\u00e9s de l\u2019impuls dels programes d\u2019innovaci\u00f3 i internacionalitzaci\u00f3<\/b><span style=\"font-weight: 400;\"> i esdevenir referents gr\u00e0cies a les seves activitats d\u2019alta qualitat. La missi\u00f3 \u00e9s consolidar un sistema inclusiu que afavoreixi el desenvolupament personal i professional de la ciutadania seguint els objectius CE 2027 i l\u2019Agenda 2030 de l\u2019ONU.<\/span><\/p>\n<p><span style=\"font-weight: 400;\">L\u2019objectiu del microconsorci \u00e9s ajudar al centre a assolir la transformaci\u00f3 educativa a trav\u00e9s de l\u2019impuls dels programes d\u2019innovaci\u00f3 i internacionalitzaci\u00f3. Participem en aquest programa per:<\/span><\/p>\n<ul>\n<li style=\"font-weight: 400;\" aria-level=\"1\"><span style=\"font-weight: 400;\">Con\u00e8ixer bones pr\u00e0ctiques que es desenvolupen en altres pa\u00efsos d\u2019Europa<\/span><\/li>\n<li style=\"font-weight: 400;\" aria-level=\"1\"><span style=\"font-weight: 400;\">Participar d\u2019activitats formatives, pr\u00e8viament seleccionades, per poder incidir en la millora de l\u2019atenci\u00f3 de l\u2019alumnat d\u2019origen estranger en totes les \u00e0rees i mat\u00e8ries.<\/span><\/li>\n<li style=\"font-weight: 400;\" aria-level=\"1\"><span style=\"font-weight: 400;\">Introduir estrat\u00e8gies d\u2019ensenyament del llenguatge acad\u00e8mic en tots els \u00e0mbits curriculars<\/span><\/li>\n<li style=\"font-weight: 400;\" aria-level=\"1\"><span style=\"font-weight: 400;\">Millorar els resultats acad\u00e8mics i el desenvolupament personal de tot l\u2019alumnat<\/span><\/li>\n<\/ul>\n<p><span style=\"font-weight: 400;\">La participaci\u00f3 en aquest projecte ens ofereix:<\/span><\/p>\n<ul>\n<li style=\"font-weight: 400;\" aria-level=\"1\"><span style=\"font-weight: 400;\">Implementar a les aules estrat\u00e8gies de suport a l\u2019alumnat i, especialment, a l\u2019alumnat d\u2019origen estranger, en totes les \u00e0rees i mat\u00e8ries, per a l\u2019assoliment del llenguatge acad\u00e8mic necessari per a l\u2019acc\u00e9s als continguts dels \u00e0mbits curriculars no ling\u00fc\u00edstics.<\/span><\/li>\n<li style=\"font-weight: 400;\" aria-level=\"1\"><span style=\"font-weight: 400;\">Analitzar q\u00fcestions organitzatives i metodol\u00f2giques a l\u2019aula i al centre educatiu per introduir millores orientades a facilitar l\u2019atenci\u00f3 a les necessitats personals, socials i educatives dels alumnes.<\/span><\/li>\n<li style=\"font-weight: 400;\" aria-level=\"1\"><span style=\"font-weight: 400;\">Oferir formaci\u00f3 al professorat per facilitar l\u2019aplicaci\u00f3 de mesures de suport a l\u2019alumnat que millorin l\u2019acc\u00e9s al curr\u00edculum, a partir de metodologies d\u2019aprenentatge en segones lleng\u00fces i d\u2019integraci\u00f3 de llengua i continguts, i que, a m\u00e9s, afavoreixin l\u2019atenci\u00f3 a les necessitats personals i socials dels alumnes.<\/span><\/li>\n<\/ul>\n<p><span style=\"font-weight: 400;\">Amb\u00a0 motiu de la participaci\u00f3 del nostre centre a Erasmus+, l\u2019alumnat de l\u2019ESO participa en el <\/span><b>concurs de logotips<\/b><span style=\"font-weight: 400;\"> del projecte Erasmus+ CETE+. Aquest concurs t\u00e9 com a objectiu seleccionar el logotip del projecte que reflecteixi els temes principals del mateix:\u00a0<\/span><\/p>\n<p><span style=\"font-weight: 400;\">El termini de presentaci\u00f3 del logotip finalista seleccionat per cada centre \u00e9s l\u2019<\/span><b>1 de mar\u00e7 022.<\/b><\/p>\n<p><span style=\"font-weight: 400;\">El logotip guanyador ser\u00e0 la imatge que representar\u00e0 el consorci CETE+ durant els propers 7 anys i es posar\u00e0 a tot el material generat.<\/span><\/p>\n<p><b>Quin logotip vols que representi a l\u2019Institut Jonqueres pel concurs CETE+?<\/b><\/p>\n<p><span style=\"font-weight: 400;\">Aquests s\u00f3n els logotips que ha fet l\u2019alumnat de l\u2019institut:<\/span><\/p>\n<table style=\"border-collapse: collapse; width: 100%; height: 383px;\">\n<tbody>\n<tr style=\"height: 173px;\">\n<td style=\"width: 33.3333%; height: 173px;\"><img loading=\"lazy\" decoding=\"async\" class=\"aligncenter wp-image-15850\" src=\"https:\/\/agora.xtec.cat\/iesjonqueres\/wp-content\/uploads\/usu447\/2022\/02\/logo1.png\" alt=\"\" width=\"157\" height=\"153\" \/><\/td>\n<td style=\"width: 33.3333%; height: 173px;\"><img loading=\"lazy\" decoding=\"async\" class=\"aligncenter wp-image-15849\" src=\"https:\/\/agora.xtec.cat\/iesjonqueres\/wp-content\/uploads\/usu447\/2022\/02\/logo2.png\" alt=\"\" width=\"142\" height=\"142\" srcset=\"https:\/\/agora.xtec.cat\/iesjonqueres\/wp-content\/uploads\/usu447\/2022\/02\/logo2.png 260w, https:\/\/agora.xtec.cat\/iesjonqueres\/wp-content\/uploads\/usu447\/2022\/02\/logo2-150x150.png 150w\" sizes=\"auto, (max-width: 142px) 100vw, 142px\" \/><\/td>\n<td style=\"width: 33.3333%; height: 173px;\"><img loading=\"lazy\" decoding=\"async\" class=\"aligncenter wp-image-15847\" src=\"https:\/\/agora.xtec.cat\/iesjonqueres\/wp-content\/uploads\/usu447\/2022\/02\/logo4.jpg\" alt=\"\" width=\"142\" height=\"142\" srcset=\"https:\/\/agora.xtec.cat\/iesjonqueres\/wp-content\/uploads\/usu447\/2022\/02\/logo4.jpg 260w, https:\/\/agora.xtec.cat\/iesjonqueres\/wp-content\/uploads\/usu447\/2022\/02\/logo4-150x150.jpg 150w\" sizes=\"auto, (max-width: 142px) 100vw, 142px\" \/><\/td>\n<\/tr>\n<tr style=\"height: 178px;\">\n<td style=\"width: 33.3333%; height: 178px;\"><img loading=\"lazy\" decoding=\"async\" class=\"aligncenter wp-image-15848\" src=\"https:\/\/agora.xtec.cat\/iesjonqueres\/wp-content\/uploads\/usu447\/2022\/02\/log3.png\" alt=\"\" width=\"134\" height=\"134\" srcset=\"https:\/\/agora.xtec.cat\/iesjonqueres\/wp-content\/uploads\/usu447\/2022\/02\/log3.png 260w, https:\/\/agora.xtec.cat\/iesjonqueres\/wp-content\/uploads\/usu447\/2022\/02\/log3-150x150.png 150w\" sizes=\"auto, (max-width: 134px) 100vw, 134px\" \/><\/td>\n<td style=\"width: 33.3333%; height: 178px;\"><img loading=\"lazy\" decoding=\"async\" class=\"aligncenter wp-image-15846\" src=\"https:\/\/agora.xtec.cat\/iesjonqueres\/wp-content\/uploads\/usu447\/2022\/02\/logo5.png\" alt=\"\" width=\"201\" height=\"106\" \/><\/td>\n<td style=\"width: 33.3333%; height: 178px;\"><img loading=\"lazy\" decoding=\"async\" class=\"aligncenter wp-image-15845\" src=\"https:\/\/agora.xtec.cat\/iesjonqueres\/wp-content\/uploads\/usu447\/2022\/02\/logo6.jpg\" alt=\"\" width=\"164\" height=\"164\" srcset=\"https:\/\/agora.xtec.cat\/iesjonqueres\/wp-content\/uploads\/usu447\/2022\/02\/logo6.jpg 260w, https:\/\/agora.xtec.cat\/iesjonqueres\/wp-content\/uploads\/usu447\/2022\/02\/logo6-150x150.jpg 150w\" sizes=\"auto, (max-width: 164px) 100vw, 164px\" \/><\/td>\n<\/tr>\n<tr style=\"height: 32px;\">\n<td style=\"width: 33.3333%; height: 32px;\"><img loading=\"lazy\" decoding=\"async\" class=\"aligncenter wp-image-15844\" src=\"https:\/\/agora.xtec.cat\/iesjonqueres\/wp-content\/uploads\/usu447\/2022\/02\/logo7.png\" alt=\"\" width=\"147\" height=\"147\" srcset=\"https:\/\/agora.xtec.cat\/iesjonqueres\/wp-content\/uploads\/usu447\/2022\/02\/logo7.png 260w, https:\/\/agora.xtec.cat\/iesjonqueres\/wp-content\/uploads\/usu447\/2022\/02\/logo7-150x150.png 150w\" sizes=\"auto, (max-width: 147px) 100vw, 147px\" \/><\/td>\n<td style=\"width: 33.3333%; height: 32px;\"><img loading=\"lazy\" decoding=\"async\" class=\"aligncenter size-full wp-image-15843\" src=\"https:\/\/agora.xtec.cat\/iesjonqueres\/wp-content\/uploads\/usu447\/2022\/02\/logo8.png\" alt=\"\" width=\"120\" height=\"108\" \/><\/td>\n<td style=\"width: 33.3333%; height: 32px;\"><img loading=\"lazy\" decoding=\"async\" class=\"aligncenter wp-image-15842\" src=\"https:\/\/agora.xtec.cat\/iesjonqueres\/wp-content\/uploads\/usu447\/2022\/02\/logo9.jpg\" alt=\"\" width=\"145\" height=\"145\" srcset=\"https:\/\/agora.xtec.cat\/iesjonqueres\/wp-content\/uploads\/usu447\/2022\/02\/logo9.jpg 260w, https:\/\/agora.xtec.cat\/iesjonqueres\/wp-content\/uploads\/usu447\/2022\/02\/logo9-150x150.jpg 150w\" sizes=\"auto, (max-width: 145px) 100vw, 145px\" \/><\/td>\n<\/tr>\n<\/tbody>\n<\/table>\n<table style=\"border-collapse: collapse; width: 100%;\">\n<tbody>\n<tr>\n<td style=\"width: 33.3333%;\"><img loading=\"lazy\" decoding=\"async\" class=\"aligncenter wp-image-15840\" src=\"https:\/\/agora.xtec.cat\/iesjonqueres\/wp-content\/uploads\/usu447\/2022\/02\/logo11.png\" alt=\"\" width=\"149\" height=\"132\" \/><\/td>\n<td style=\"width: 33.3333%;\"><img loading=\"lazy\" decoding=\"async\" class=\"aligncenter wp-image-15841\" src=\"https:\/\/agora.xtec.cat\/iesjonqueres\/wp-content\/uploads\/usu447\/2022\/02\/logo10.jpg\" alt=\"\" width=\"170\" height=\"113\" \/><\/td>\n<td style=\"width: 33.3333%;\"><\/td>\n<\/tr>\n<\/tbody>\n<\/table>\n<p><span style=\"font-weight: 400;\"><br \/>\nPots participar en la tria del logotip triant el que t\u2019agradi m\u00e9s emplenant el seg\u00fcent formulari: <\/span><a style=\"font-family: inherit; font-size: 1em;\" href=\"https:\/\/docs.google.com\/forms\/d\/e\/1FAIpQLSf35AFYGugqNP6JkWAXLwWgV9GpAFRZsyFUN5iWQkxp0NLP8Q\/viewform\">formulari de votaci\u00f3 del logotip CETE+<\/a><\/p>\n<p>&nbsp;<\/p>\n<p><strong>Balan\u00e7 del Projecte 21 CETE+<\/strong><\/p>\n<p>Els professors Juanma Ortiz i Cris Molins han fet dues mobilitats a Linz (\u00c0ustria) i Mont-de-Marsan (Fran\u00e7a), han estat observant en diferents centres educatius pr\u00e0ctiques d&#8217;inclusi\u00f3 educativa. Han compartit experi\u00e8ncies amb professorat d&#8217;altres centres de Catalunya. La valoraci\u00f3 final ha estat molt positiva, tant des del punt de vista de la reflexi\u00f3 educativa com de la posada en pr\u00e0ctica de noves estrat\u00e8gies per atendre a l&#8217;alumnat nouvingut i d&#8217;altres or\u00edgens s\u00f2cioculturals. Moltes gr\u00e0cies per l&#8217;acompanyament que ens han fet la N\u00faria Alba-Rom\u00e0, Maribel G\u00f3mez i Mireia Galindo del Servei de Suports i Recursos Ling\u00fc\u00edstics.<\/p>\n<p><em>Enlla\u00e7os als diaris d&#8217;aprenentatge:<\/em><\/p>\n<table style=\"height: 16px; width: 27.4713%; border-collapse: collapse; border-color: #ffffff; border-style: hidden;\">\n<tbody>\n<tr style=\"height: 33px;\">\n<td style=\"width: 59.8471%; height: 33px; text-align: center;\"><span style=\"font-size: 12pt;\"><a href=\"https:\/\/padlet.com\/cmolins5\/jobshadowing-mont-de-marsan-3c01nzg7t7u29fbz\">Mont-de-Marsan<\/a><\/span><\/td>\n<td style=\"width: 95.3305%; height: 33px; text-align: center;\"><span style=\"font-size: 12pt;\"><a href=\"https:\/\/docs.google.com\/presentation\/d\/1ZpG1Pw3vPWKM41KbMQLfnUHRkQEnkrPKz9of65MaTEM\/edit?usp=drive_link\">Linz<\/a><\/span><\/td>\n<\/tr>\n<\/tbody>\n<\/table>\n<div style=\"padding-left: 40px;\"><\/div>\n<div><\/div>\n<div>\n<div><\/div>\n<p><strong>Jornada Internacionalitzaci\u00f3 CETE+21<\/strong><\/p>\n<p>El passat 16 de maig es va celebrar una Jornada Internacionalitzaci\u00f3 CETE+21 en la que vam tenir l&#8217;oportunitat de compartir experi\u00e8ncies i coneixements durant la implementaci\u00f3 del projecte Erasmus+ d&#8217;aquest curs. Ens vam trobar membres dels 14 equips del projecte CETE+ d&#8217;arreu de Catalunya. En Juanma Ortiz, Olga P\u00e9rez i Cris Molins valoren molt positivament la jornada. I aprofitem l&#8217;ocasi\u00f3 per agrair la bona organitzaci\u00f3 per part de l&#8217;equip de Servei de Lleng\u00fces Estrangeres i d&#8217;Origen.<\/p>\n<\/div>\n<p style=\"text-align: center;\">\r\n\t<div class=\"slideshow_container slideshow_container_style-light\" style=\"height: 300px; \" data-slideshow-id=\"16707\" data-style-name=\"style-light\" data-style-version=\"2.3.1\" >\r\n\r\n\t\t\t\t\t<div class=\"slideshow_loading_icon\"><\/div>\r\n\t\t\r\n\t\t<div class=\"slideshow_content\" style=\"display: none;\">\r\n\r\n\t\t\t<div class=\"slideshow_view\">\r\n\t\t\t\t<div class=\"slideshow_slide slideshow_slide_image\">\r\n\t\t\t\t\t\t\t\t\t\t\t<img src=\"https:\/\/agora.xtec.cat\/iesjonqueres\/wp-content\/uploads\/usu447\/2023\/07\/IMG20230516093509-scaled.jpg\" alt=\"IMG20230516093509\" width=\"2560\" height=\"1152\" \/>\r\n\t\t\t\t\t\t\t\t\t\t<div class=\"slideshow_description_box slideshow_transparent\">\r\n\t\t\t\t\t\t<div class=\"slideshow_title\">IMG20230516093509<\/div>\t\t\t\t\t\t\t\t\t\t\t<\/div>\r\n\t\t\t\t<\/div>\r\n\r\n\t\t\t\t\t\t<div style=\"clear: both;\"><\/div><\/div><div class=\"slideshow_view\">\r\n\t\t\t\t<div class=\"slideshow_slide slideshow_slide_image\">\r\n\t\t\t\t\t\t\t\t\t\t\t<img src=\"https:\/\/agora.xtec.cat\/iesjonqueres\/wp-content\/uploads\/usu447\/2023\/07\/IMG20230516095757-scaled.jpg\" alt=\"IMG20230516095757\" width=\"2560\" height=\"1152\" \/>\r\n\t\t\t\t\t\t\t\t\t\t<div class=\"slideshow_description_box slideshow_transparent\">\r\n\t\t\t\t\t\t<div class=\"slideshow_title\">IMG20230516095757<\/div>\t\t\t\t\t\t\t\t\t\t\t<\/div>\r\n\t\t\t\t<\/div>\r\n\r\n\t\t\t\t\t\t<div style=\"clear: both;\"><\/div><\/div><div class=\"slideshow_view\">\r\n\t\t\t\t<div class=\"slideshow_slide slideshow_slide_image\">\r\n\t\t\t\t\t\t\t\t\t\t\t<img src=\"https:\/\/agora.xtec.cat\/iesjonqueres\/wp-content\/uploads\/usu447\/2023\/07\/IMG20230516100803-scaled.jpg\" alt=\"IMG20230516100803\" width=\"2560\" height=\"1152\" \/>\r\n\t\t\t\t\t\t\t\t\t\t<div class=\"slideshow_description_box slideshow_transparent\">\r\n\t\t\t\t\t\t<div class=\"slideshow_title\">IMG20230516100803<\/div>\t\t\t\t\t\t\t\t\t\t\t<\/div>\r\n\t\t\t\t<\/div>\r\n\r\n\t\t\t\t\t\t<div style=\"clear: both;\"><\/div><\/div><div class=\"slideshow_view\">\r\n\t\t\t\t<div class=\"slideshow_slide slideshow_slide_image\">\r\n\t\t\t\t\t\t\t\t\t\t\t<img src=\"https:\/\/agora.xtec.cat\/iesjonqueres\/wp-content\/uploads\/usu447\/2023\/07\/IMG20230516132610-scaled.jpg\" alt=\"IMG20230516132610\" width=\"2560\" height=\"1152\" \/>\r\n\t\t\t\t\t\t\t\t\t\t<div class=\"slideshow_description_box slideshow_transparent\">\r\n\t\t\t\t\t\t<div class=\"slideshow_title\">IMG20230516132610<\/div>\t\t\t\t\t\t\t\t\t\t\t<\/div>\r\n\t\t\t\t<\/div>\r\n\r\n\t\t\t\t\t\t<div style=\"clear: both;\"><\/div><\/div><div class=\"slideshow_view\">\r\n\t\t\t\t<div class=\"slideshow_slide slideshow_slide_image\">\r\n\t\t\t\t\t\t\t\t\t\t\t<img src=\"https:\/\/agora.xtec.cat\/iesjonqueres\/wp-content\/uploads\/usu447\/2023\/07\/IMG20230516132741-scaled.jpg\" alt=\"IMG20230516132741\" width=\"2560\" height=\"1155\" \/>\r\n\t\t\t\t\t\t\t\t\t\t<div class=\"slideshow_description_box slideshow_transparent\">\r\n\t\t\t\t\t\t<div class=\"slideshow_title\">IMG20230516132741<\/div>\t\t\t\t\t\t\t\t\t\t\t<\/div>\r\n\t\t\t\t<\/div>\r\n\r\n\t\t\t\t\t\t<div style=\"clear: both;\"><\/div><\/div><div class=\"slideshow_view\">\r\n\t\t\t\t<div class=\"slideshow_slide slideshow_slide_image\">\r\n\t\t\t\t\t\t\t\t\t\t\t<img src=\"https:\/\/agora.xtec.cat\/iesjonqueres\/wp-content\/uploads\/usu447\/2023\/07\/iloveimg-compressed.zip\" alt=\"iloveimg-compressed\"   \/>\r\n\t\t\t\t\t\t\t\t\t\t<div class=\"slideshow_description_box slideshow_transparent\">\r\n\t\t\t\t\t\t<div class=\"slideshow_title\">iloveimg-compressed<\/div>\t\t\t\t\t\t\t\t\t\t\t<\/div>\r\n\t\t\t\t<\/div>\r\n\r\n\t\t\t\t\t\t<div style=\"clear: both;\"><\/div><\/div>\r\n\t\t<\/div>\r\n\r\n\t\t<div class=\"slideshow_controlPanel slideshow_transparent\" style=\"display: none;\"><ul><li class=\"slideshow_togglePlay\" data-play-text=\"Visualitza\" data-pause-text=\"Pausa\"><\/li><\/ul><\/div>\r\n\r\n\t\t<div class=\"slideshow_button slideshow_previous slideshow_transparent\" role=\"button\" data-previous-text=\"Anterior\" style=\"display: none;\"><\/div>\r\n\t\t<div class=\"slideshow_button slideshow_next slideshow_transparent\" role=\"button\" data-next-text=\"Seg\u00fcent\" style=\"display: none;\"><\/div>\r\n\r\n\t\t<div class=\"slideshow_pagination\" style=\"display: none;\" data-go-to-text=\"V\u00e9s a la diapositiva\"><div class=\"slideshow_pagination_center\"><\/div><\/div>\r\n\r\n\t\t<!-- WordPress Slideshow Version 2.3.1 -->\r\n\r\n\t\t\t<\/div>\r\n\r\n<\/p>\n<p>&nbsp;<\/p>\n<p><img loading=\"lazy\" decoding=\"async\" class=\"aligncenter size-full wp-image-15858\" src=\"https:\/\/agora.xtec.cat\/iesjonqueres\/wp-content\/uploads\/usu447\/2022\/02\/img35.jpg\" alt=\"\" width=\"432\" height=\"117\" srcset=\"https:\/\/agora.xtec.cat\/iesjonqueres\/wp-content\/uploads\/usu447\/2022\/02\/img35.jpg 432w, https:\/\/agora.xtec.cat\/iesjonqueres\/wp-content\/uploads\/usu447\/2022\/02\/img35-300x81.jpg 300w\" sizes=\"auto, (max-width: 432px) 100vw, 432px\" \/><\/p>\n","protected":false},"excerpt":{"rendered":"<p>Projecte Erasmus+ Erasmus+ \u00e9s el programa de la UE per recolzar l\u2019educaci\u00f3, la formaci\u00f3, la joventut i l\u2019esport a Europa. Dona suport a les prioritats i activitats establertes a l\u2019Espai Europeu d\u2019Educaci\u00f3, el Pla d\u2019Acci\u00f3 d\u2019Educaci\u00f3 Digital i l\u2019Agenda de Capacitats Europea. L\u2019Institut Jonqueres \u00e9s un dels 88 centres que participa en el projecte CETE+ [&hellip;]<\/p>\n","protected":false},"author":1,"featured_media":0,"parent":57,"menu_order":30,"comment_status":"closed","ping_status":"closed","template":"page-templates\/side-menu.php","meta":{"_bbp_topic_count":0,"_bbp_reply_count":0,"_bbp_total_topic_count":0,"_bbp_total_reply_count":0,"_bbp_voice_count":0,"_bbp_anonymous_reply_count":0,"_bbp_topic_count_hidden":0,"_bbp_reply_count_hidden":0,"_bbp_forum_subforum_count":0,"site-sidebar-layout":"default","site-content-layout":"","ast-site-content-layout":"","site-content-style":"default","site-sidebar-style":"default","ast-global-header-display":"","ast-banner-title-visibility":"","ast-main-header-display":"","ast-hfb-above-header-display":"","ast-hfb-below-header-display":"","ast-hfb-mobile-header-display":"","site-post-title":"","ast-breadcrumbs-content":"","ast-featured-img":"","footer-sml-layout":"","theme-transparent-header-meta":"","adv-header-id-meta":"","stick-header-meta":"","header-above-stick-meta":"","header-main-stick-meta":"","header-below-stick-meta":"","astra-migrate-meta-layouts":"default","ast-page-background-enabled":"default","ast-page-background-meta":{"desktop":{"background-color":"var(--ast-global-color-4)","background-image":"","background-repeat":"repeat","background-position":"center center","background-size":"auto","background-attachment":"scroll","background-type":"","background-media":"","overlay-type":"","overlay-color":"","overlay-opacity":"","overlay-gradient":""},"tablet":{"background-color":"","background-image":"","background-repeat":"repeat","background-position":"center center","background-size":"auto","background-attachment":"scroll","background-type":"","background-media":"","overlay-type":"","overlay-color":"","overlay-opacity":"","overlay-gradient":""},"mobile":{"background-color":"","background-image":"","background-repeat":"repeat","background-position":"center center","background-size":"auto","background-attachment":"scroll","background-type":"","background-media":"","overlay-type":"","overlay-color":"","overlay-opacity":"","overlay-gradient":""}},"ast-content-background-meta":{"desktop":{"background-color":"var(--ast-global-color-5)","background-image":"","background-repeat":"repeat","background-position":"center center","background-size":"auto","background-attachment":"scroll","background-type":"","background-media":"","overlay-type":"","overlay-color":"","overlay-opacity":"","overlay-gradient":""},"tablet":{"background-color":"var(--ast-global-color-5)","background-image":"","background-repeat":"repeat","background-position":"center center","background-size":"auto","background-attachment":"scroll","background-type":"","background-media":"","overlay-type":"","overlay-color":"","overlay-opacity":"","overlay-gradient":""},"mobile":{"background-color":"var(--ast-global-color-5)","background-image":"","background-repeat":"repeat","background-position":"center center","background-size":"auto","background-attachment":"scroll","background-type":"","background-media":"","overlay-type":"","overlay-color":"","overlay-opacity":"","overlay-gradient":""}},"footnotes":""},"class_list":["post-15855","page","type-page","status-publish","hentry"],"post_mailing_queue_ids":[],"_links":{"self":[{"href":"https:\/\/agora.xtec.cat\/iesjonqueres\/wp-json\/wp\/v2\/pages\/15855","targetHints":{"allow":["GET"]}}],"collection":[{"href":"https:\/\/agora.xtec.cat\/iesjonqueres\/wp-json\/wp\/v2\/pages"}],"about":[{"href":"https:\/\/agora.xtec.cat\/iesjonqueres\/wp-json\/wp\/v2\/types\/page"}],"author":[{"embeddable":true,"href":"https:\/\/agora.xtec.cat\/iesjonqueres\/wp-json\/wp\/v2\/users\/1"}],"replies":[{"embeddable":true,"href":"https:\/\/agora.xtec.cat\/iesjonqueres\/wp-json\/wp\/v2\/comments?post=15855"}],"version-history":[{"count":5,"href":"https:\/\/agora.xtec.cat\/iesjonqueres\/wp-json\/wp\/v2\/pages\/15855\/revisions"}],"predecessor-version":[{"id":16861,"href":"https:\/\/agora.xtec.cat\/iesjonqueres\/wp-json\/wp\/v2\/pages\/15855\/revisions\/16861"}],"up":[{"embeddable":true,"href":"https:\/\/agora.xtec.cat\/iesjonqueres\/wp-json\/wp\/v2\/pages\/57"}],"wp:attachment":[{"href":"https:\/\/agora.xtec.cat\/iesjonqueres\/wp-json\/wp\/v2\/media?parent=15855"}],"curies":[{"name":"wp","href":"https:\/\/api.w.org\/{rel}","templated":true}]}}