{"id":15631,"date":"2021-11-11T09:19:23","date_gmt":"2021-11-11T08:19:23","guid":{"rendered":"https:\/\/agora.xtec.cat\/iesjonqueres\/?page_id=15631"},"modified":"2023-02-05T22:58:26","modified_gmt":"2023-02-05T21:58:26","slug":"oficina-jove","status":"publish","type":"page","link":"https:\/\/agora.xtec.cat\/iesjonqueres\/recursos-per-families-i-alumnat\/oficina-jove\/","title":{"rendered":"Oficina Jove"},"content":{"rendered":"<div class=\"gmail_default\">\n<p><a href=\"https:\/\/web.sabadell.cat\/oficina-jove\"><img loading=\"lazy\" decoding=\"async\" class=\"wp-image-15632 aligncenter\" src=\"https:\/\/agora.xtec.cat\/iesjonqueres\/wp-content\/uploads\/usu447\/2021\/11\/Screenshot-2021-11-11-09.16.53-1024x202.png\" alt=\"\" width=\"870\" height=\"172\" srcset=\"https:\/\/agora.xtec.cat\/iesjonqueres\/wp-content\/uploads\/usu447\/2021\/11\/Screenshot-2021-11-11-09.16.53-1024x202.png 1024w, https:\/\/agora.xtec.cat\/iesjonqueres\/wp-content\/uploads\/usu447\/2021\/11\/Screenshot-2021-11-11-09.16.53-300x59.png 300w, https:\/\/agora.xtec.cat\/iesjonqueres\/wp-content\/uploads\/usu447\/2021\/11\/Screenshot-2021-11-11-09.16.53-768x151.png 768w, https:\/\/agora.xtec.cat\/iesjonqueres\/wp-content\/uploads\/usu447\/2021\/11\/Screenshot-2021-11-11-09.16.53.png 1289w\" sizes=\"auto, (max-width: 870px) 100vw, 870px\" \/><\/a><\/p>\n<p><a href=\"https:\/\/web.sabadell.cat\/oficina-jove\">L\u2019Oficina Jove<\/a> disposa de diferents assessories especialitzades amb atenci\u00f3 personalitzada, individual o en grup. S\u00f3n confidencials i gratu\u00eftes. T&#8217;esperem!<\/p>\n<ul>\n<li>Acompanyament emocional<\/li>\n<li>Associacionisme<\/li>\n<li>Drogues i pantalles<\/li>\n<li>Educaci\u00f3 i formaci\u00f3<\/li>\n<li>Laboral<\/li>\n<li>Mobilitat internacional<\/li>\n<li>Punt lila<\/li>\n<\/ul>\n<\/div>\n<div class=\"gmail_default\"><\/div>\n","protected":false},"excerpt":{"rendered":"<p>L\u2019Oficina Jove disposa de diferents assessories especialitzades amb atenci\u00f3 personalitzada, individual o en grup. S\u00f3n confidencials i gratu\u00eftes. T&#8217;esperem! Acompanyament emocional Associacionisme Drogues i pantalles Educaci\u00f3 i formaci\u00f3 Laboral Mobilitat internacional Punt lila<\/p>\n","protected":false},"author":1,"featured_media":0,"parent":15595,"menu_order":0,"comment_status":"closed","ping_status":"closed","template":"","meta":{"_bbp_topic_count":0,"_bbp_reply_count":0,"_bbp_total_topic_count":0,"_bbp_total_reply_count":0,"_bbp_voice_count":0,"_bbp_anonymous_reply_count":0,"_bbp_topic_count_hidden":0,"_bbp_reply_count_hidden":0,"_bbp_forum_subforum_count":0,"site-sidebar-layout":"default","site-content-layout":"","ast-site-content-layout":"","site-content-style":"default","site-sidebar-style":"default","ast-global-header-display":"","ast-banner-title-visibility":"","ast-main-header-display":"","ast-hfb-above-header-display":"","ast-hfb-below-header-display":"","ast-hfb-mobile-header-display":"","site-post-title":"","ast-breadcrumbs-content":"","ast-featured-img":"","footer-sml-layout":"","theme-transparent-header-meta":"","adv-header-id-meta":"","stick-header-meta":"","header-above-stick-meta":"","header-main-stick-meta":"","header-below-stick-meta":"","astra-migrate-meta-layouts":"default","ast-page-background-enabled":"default","ast-page-background-meta":{"desktop":{"background-color":"var(--ast-global-color-4)","background-image":"","background-repeat":"repeat","background-position":"center center","background-size":"auto","background-attachment":"scroll","background-type":"","background-media":"","overlay-type":"","overlay-color":"","overlay-opacity":"","overlay-gradient":""},"tablet":{"background-color":"","background-image":"","background-repeat":"repeat","background-position":"center center","background-size":"auto","background-attachment":"scroll","background-type":"","background-media":"","overlay-type":"","overlay-color":"","overlay-opacity":"","overlay-gradient":""},"mobile":{"background-color":"","background-image":"","background-repeat":"repeat","background-position":"center center","background-size":"auto","background-attachment":"scroll","background-type":"","background-media":"","overlay-type":"","overlay-color":"","overlay-opacity":"","overlay-gradient":""}},"ast-content-background-meta":{"desktop":{"background-color":"var(--ast-global-color-5)","background-image":"","background-repeat":"repeat","background-position":"center center","background-size":"auto","background-attachment":"scroll","background-type":"","background-media":"","overlay-type":"","overlay-color":"","overlay-opacity":"","overlay-gradient":""},"tablet":{"background-color":"var(--ast-global-color-5)","background-image":"","background-repeat":"repeat","background-position":"center center","background-size":"auto","background-attachment":"scroll","background-type":"","background-media":"","overlay-type":"","overlay-color":"","overlay-opacity":"","overlay-gradient":""},"mobile":{"background-color":"var(--ast-global-color-5)","background-image":"","background-repeat":"repeat","background-position":"center center","background-size":"auto","background-attachment":"scroll","background-type":"","background-media":"","overlay-type":"","overlay-color":"","overlay-opacity":"","overlay-gradient":""}},"footnotes":""},"class_list":["post-15631","page","type-page","status-publish","hentry"],"post_mailing_queue_ids":[],"_links":{"self":[{"href":"https:\/\/agora.xtec.cat\/iesjonqueres\/wp-json\/wp\/v2\/pages\/15631","targetHints":{"allow":["GET"]}}],"collection":[{"href":"https:\/\/agora.xtec.cat\/iesjonqueres\/wp-json\/wp\/v2\/pages"}],"about":[{"href":"https:\/\/agora.xtec.cat\/iesjonqueres\/wp-json\/wp\/v2\/types\/page"}],"author":[{"embeddable":true,"href":"https:\/\/agora.xtec.cat\/iesjonqueres\/wp-json\/wp\/v2\/users\/1"}],"replies":[{"embeddable":true,"href":"https:\/\/agora.xtec.cat\/iesjonqueres\/wp-json\/wp\/v2\/comments?post=15631"}],"version-history":[{"count":3,"href":"https:\/\/agora.xtec.cat\/iesjonqueres\/wp-json\/wp\/v2\/pages\/15631\/revisions"}],"predecessor-version":[{"id":16150,"href":"https:\/\/agora.xtec.cat\/iesjonqueres\/wp-json\/wp\/v2\/pages\/15631\/revisions\/16150"}],"up":[{"embeddable":true,"href":"https:\/\/agora.xtec.cat\/iesjonqueres\/wp-json\/wp\/v2\/pages\/15595"}],"wp:attachment":[{"href":"https:\/\/agora.xtec.cat\/iesjonqueres\/wp-json\/wp\/v2\/media?parent=15631"}],"curies":[{"name":"wp","href":"https:\/\/api.w.org\/{rel}","templated":true}]}}