{"id":15625,"date":"2021-11-11T09:10:21","date_gmt":"2021-11-11T08:10:21","guid":{"rendered":"https:\/\/agora.xtec.cat\/iesjonqueres\/?page_id=15625"},"modified":"2021-11-16T09:50:51","modified_gmt":"2021-11-16T08:50:51","slug":"espai-joves-doctor-plans","status":"publish","type":"page","link":"https:\/\/agora.xtec.cat\/iesjonqueres\/recursos-per-families-i-alumnat\/espai-joves-doctor-plans\/","title":{"rendered":"Espai Joves Doctor Plans"},"content":{"rendered":"<p><span style=\"color: #2a2a2a; font-size: medium;\"><a href=\"https:\/\/associacioesportivacandeu.weebly.com\/espai-jove.html\"><img decoding=\"async\" class=\"aligncenter\" src=\"https:\/\/associacioesportivacandeu.weebly.com\/uploads\/1\/5\/4\/3\/15431902\/1427197013.png\" \/><\/a><\/span><\/p>\n<p><span style=\"color: #2a2a2a; font-size: medium;\">Ofereix als joves del sector nord de Sabadell un espai amb recursos suficients per poder estimular la comunicaci\u00f3 i cooperaci\u00f3 per realitzar activitats l\u00fadiques amb iguals, joves de la mateixa edat, en solitari, en grup i\/o amb ajut\u00a0de monitors.<\/span><br \/>\n<span style=\"color: #2a2a2a;\"><br \/>\n<u><br \/>\n<\/u><\/span><span style=\"font-size: x-large;\">Facebook: @JovesNordAecd<br \/>\nTwitter: @jovesnord<br \/>\nInstagram: @jovesaecd<\/span><\/p>\n","protected":false},"excerpt":{"rendered":"<p>Ofereix als joves del sector nord de Sabadell un espai amb recursos suficients per poder estimular la comunicaci\u00f3 i cooperaci\u00f3 per realitzar activitats l\u00fadiques amb iguals, joves de la mateixa edat, en solitari, en grup i\/o amb ajut\u00a0de monitors. Facebook: @JovesNordAecd Twitter: @jovesnord Instagram: @jovesaecd<\/p>\n","protected":false},"author":1,"featured_media":0,"parent":15595,"menu_order":0,"comment_status":"closed","ping_status":"closed","template":"","meta":{"_bbp_topic_count":0,"_bbp_reply_count":0,"_bbp_total_topic_count":0,"_bbp_total_reply_count":0,"_bbp_voice_count":0,"_bbp_anonymous_reply_count":0,"_bbp_topic_count_hidden":0,"_bbp_reply_count_hidden":0,"_bbp_forum_subforum_count":0,"site-sidebar-layout":"default","site-content-layout":"","ast-site-content-layout":"","site-content-style":"default","site-sidebar-style":"default","ast-global-header-display":"","ast-banner-title-visibility":"","ast-main-header-display":"","ast-hfb-above-header-display":"","ast-hfb-below-header-display":"","ast-hfb-mobile-header-display":"","site-post-title":"","ast-breadcrumbs-content":"","ast-featured-img":"","footer-sml-layout":"","theme-transparent-header-meta":"","adv-header-id-meta":"","stick-header-meta":"","header-above-stick-meta":"","header-main-stick-meta":"","header-below-stick-meta":"","astra-migrate-meta-layouts":"default","ast-page-background-enabled":"default","ast-page-background-meta":{"desktop":{"background-color":"var(--ast-global-color-4)","background-image":"","background-repeat":"repeat","background-position":"center center","background-size":"auto","background-attachment":"scroll","background-type":"","background-media":"","overlay-type":"","overlay-color":"","overlay-opacity":"","overlay-gradient":""},"tablet":{"background-color":"","background-image":"","background-repeat":"repeat","background-position":"center center","background-size":"auto","background-attachment":"scroll","background-type":"","background-media":"","overlay-type":"","overlay-color":"","overlay-opacity":"","overlay-gradient":""},"mobile":{"background-color":"","background-image":"","background-repeat":"repeat","background-position":"center center","background-size":"auto","background-attachment":"scroll","background-type":"","background-media":"","overlay-type":"","overlay-color":"","overlay-opacity":"","overlay-gradient":""}},"ast-content-background-meta":{"desktop":{"background-color":"var(--ast-global-color-5)","background-image":"","background-repeat":"repeat","background-position":"center center","background-size":"auto","background-attachment":"scroll","background-type":"","background-media":"","overlay-type":"","overlay-color":"","overlay-opacity":"","overlay-gradient":""},"tablet":{"background-color":"var(--ast-global-color-5)","background-image":"","background-repeat":"repeat","background-position":"center center","background-size":"auto","background-attachment":"scroll","background-type":"","background-media":"","overlay-type":"","overlay-color":"","overlay-opacity":"","overlay-gradient":""},"mobile":{"background-color":"var(--ast-global-color-5)","background-image":"","background-repeat":"repeat","background-position":"center center","background-size":"auto","background-attachment":"scroll","background-type":"","background-media":"","overlay-type":"","overlay-color":"","overlay-opacity":"","overlay-gradient":""}},"footnotes":""},"class_list":["post-15625","page","type-page","status-publish","hentry"],"post_mailing_queue_ids":[],"_links":{"self":[{"href":"https:\/\/agora.xtec.cat\/iesjonqueres\/wp-json\/wp\/v2\/pages\/15625","targetHints":{"allow":["GET"]}}],"collection":[{"href":"https:\/\/agora.xtec.cat\/iesjonqueres\/wp-json\/wp\/v2\/pages"}],"about":[{"href":"https:\/\/agora.xtec.cat\/iesjonqueres\/wp-json\/wp\/v2\/types\/page"}],"author":[{"embeddable":true,"href":"https:\/\/agora.xtec.cat\/iesjonqueres\/wp-json\/wp\/v2\/users\/1"}],"replies":[{"embeddable":true,"href":"https:\/\/agora.xtec.cat\/iesjonqueres\/wp-json\/wp\/v2\/comments?post=15625"}],"version-history":[{"count":3,"href":"https:\/\/agora.xtec.cat\/iesjonqueres\/wp-json\/wp\/v2\/pages\/15625\/revisions"}],"predecessor-version":[{"id":15636,"href":"https:\/\/agora.xtec.cat\/iesjonqueres\/wp-json\/wp\/v2\/pages\/15625\/revisions\/15636"}],"up":[{"embeddable":true,"href":"https:\/\/agora.xtec.cat\/iesjonqueres\/wp-json\/wp\/v2\/pages\/15595"}],"wp:attachment":[{"href":"https:\/\/agora.xtec.cat\/iesjonqueres\/wp-json\/wp\/v2\/media?parent=15625"}],"curies":[{"name":"wp","href":"https:\/\/api.w.org\/{rel}","templated":true}]}}