{"id":15615,"date":"2021-11-09T11:13:43","date_gmt":"2021-11-09T10:13:43","guid":{"rendered":"https:\/\/agora.xtec.cat\/iesjonqueres\/?page_id=15615"},"modified":"2021-11-09T11:26:46","modified_gmt":"2021-11-09T10:26:46","slug":"sabadell-educacio","status":"publish","type":"page","link":"https:\/\/agora.xtec.cat\/iesjonqueres\/recursos-per-families-i-alumnat\/sabadell-educacio\/","title":{"rendered":"Sabadell Educaci\u00f3"},"content":{"rendered":"<p>&nbsp;<\/p>\n<div class=\"gmail_default\">\n<p><a href=\"https:\/\/web.sabadell.cat\/educacio\"><img loading=\"lazy\" decoding=\"async\" class=\" wp-image-15619 alignleft\" src=\"https:\/\/agora.xtec.cat\/iesjonqueres\/wp-content\/uploads\/usu447\/2021\/11\/Screenshot-2021-11-09-11.19.21.png\" alt=\"\" width=\"501\" height=\"310\" srcset=\"https:\/\/agora.xtec.cat\/iesjonqueres\/wp-content\/uploads\/usu447\/2021\/11\/Screenshot-2021-11-09-11.19.21.png 447w, https:\/\/agora.xtec.cat\/iesjonqueres\/wp-content\/uploads\/usu447\/2021\/11\/Screenshot-2021-11-09-11.19.21-300x186.png 300w\" sizes=\"auto, (max-width: 501px) 100vw, 501px\" \/><\/a><\/p>\n<p>&nbsp;<\/p>\n<p><a href=\"https:\/\/www.sabadell.cat\/ca\/436-educacio\">L\u2019<strong>Oficina Municipal d\u2019Escolaritzaci\u00f3 (OME)<\/strong><\/a>\u00a0\u00e9s un servei municipal que, en col\u00b7laboraci\u00f3 amb la Generalitat de Catalunya, ofereix als ciutadans i ciutadanes informaci\u00f3, orientaci\u00f3, assessorament i suport en el proc\u00e9s d\u2019escolaritzaci\u00f3 dels\/les seus\/ves fills\/es als centres educatius p\u00fablics i concertats de Sabadell.<\/p>\n<\/div>\n<p>&nbsp;<\/p>\n<p>&nbsp;<\/p>\n<p>&nbsp;<\/p>\n<div class=\"gmail_default\">\n<p><strong>Oficina Municipal d&#8217;Escolaritzaci\u00f3<\/strong><\/p>\n<p><code>93 745 33 00 -\u00a0Ext. 4167<\/code><\/p>\n<p><a href=\"mailto:ome@ajsabadell.cat\" target=\"_blank\" rel=\"noopener\">ome@ajsabadell.cat<\/a><\/p>\n<p>c. Blasco de Garay, 19<\/p>\n<p>08202 Sabadell<\/p>\n<p><strong>Horari d&#8217;atenci\u00f3 al ciutad\u00e0<\/strong><\/p>\n<p>De dilluns a divendres de 9:00 a 13:00 h, dilluns i dimecres de 15:30 a 17:00 h<\/p>\n<p><strong>Per a atenci\u00f3 presencial, cal demanar cita pr\u00e8via als tel\u00e8fons 010 o 93 745 33 00<\/strong><\/p>\n<p><a href=\"https:\/\/www.sabadell.cat\/ca\/fitxa-repertori\/146989-repertori-24196\" target=\"_blank\" rel=\"noopener\" data-saferedirecturl=\"https:\/\/www.google.com\/url?q=https:\/\/www.sabadell.cat\/ca\/fitxa-repertori\/146989-repertori-24196&amp;source=gmail&amp;ust=1636537452374000&amp;usg=AOvVaw3_F5zXU7gs59ojBPWd8S6D\">OME al directori del 010<\/a><\/p>\n<\/div>\n","protected":false},"excerpt":{"rendered":"<p>&nbsp; &nbsp; L\u2019Oficina Municipal d\u2019Escolaritzaci\u00f3 (OME)\u00a0\u00e9s un servei municipal que, en col\u00b7laboraci\u00f3 amb la Generalitat de Catalunya, ofereix als ciutadans i ciutadanes informaci\u00f3, orientaci\u00f3, assessorament i suport en el proc\u00e9s d\u2019escolaritzaci\u00f3 dels\/les seus\/ves fills\/es als centres educatius p\u00fablics i concertats de Sabadell. &nbsp; &nbsp; &nbsp; Oficina Municipal d&#8217;Escolaritzaci\u00f3 93 745 33 00 &#8211;\u00a0Ext. 4167 ome@ajsabadell.cat [&hellip;]<\/p>\n","protected":false},"author":1,"featured_media":0,"parent":15595,"menu_order":0,"comment_status":"closed","ping_status":"closed","template":"","meta":{"_bbp_topic_count":0,"_bbp_reply_count":0,"_bbp_total_topic_count":0,"_bbp_total_reply_count":0,"_bbp_voice_count":0,"_bbp_anonymous_reply_count":0,"_bbp_topic_count_hidden":0,"_bbp_reply_count_hidden":0,"_bbp_forum_subforum_count":0,"site-sidebar-layout":"default","site-content-layout":"","ast-site-content-layout":"","site-content-style":"default","site-sidebar-style":"default","ast-global-header-display":"","ast-banner-title-visibility":"","ast-main-header-display":"","ast-hfb-above-header-display":"","ast-hfb-below-header-display":"","ast-hfb-mobile-header-display":"","site-post-title":"","ast-breadcrumbs-content":"","ast-featured-img":"","footer-sml-layout":"","theme-transparent-header-meta":"","adv-header-id-meta":"","stick-header-meta":"","header-above-stick-meta":"","header-main-stick-meta":"","header-below-stick-meta":"","astra-migrate-meta-layouts":"default","ast-page-background-enabled":"default","ast-page-background-meta":{"desktop":{"background-color":"var(--ast-global-color-4)","background-image":"","background-repeat":"repeat","background-position":"center center","background-size":"auto","background-attachment":"scroll","background-type":"","background-media":"","overlay-type":"","overlay-color":"","overlay-opacity":"","overlay-gradient":""},"tablet":{"background-color":"","background-image":"","background-repeat":"repeat","background-position":"center center","background-size":"auto","background-attachment":"scroll","background-type":"","background-media":"","overlay-type":"","overlay-color":"","overlay-opacity":"","overlay-gradient":""},"mobile":{"background-color":"","background-image":"","background-repeat":"repeat","background-position":"center center","background-size":"auto","background-attachment":"scroll","background-type":"","background-media":"","overlay-type":"","overlay-color":"","overlay-opacity":"","overlay-gradient":""}},"ast-content-background-meta":{"desktop":{"background-color":"var(--ast-global-color-5)","background-image":"","background-repeat":"repeat","background-position":"center center","background-size":"auto","background-attachment":"scroll","background-type":"","background-media":"","overlay-type":"","overlay-color":"","overlay-opacity":"","overlay-gradient":""},"tablet":{"background-color":"var(--ast-global-color-5)","background-image":"","background-repeat":"repeat","background-position":"center center","background-size":"auto","background-attachment":"scroll","background-type":"","background-media":"","overlay-type":"","overlay-color":"","overlay-opacity":"","overlay-gradient":""},"mobile":{"background-color":"var(--ast-global-color-5)","background-image":"","background-repeat":"repeat","background-position":"center center","background-size":"auto","background-attachment":"scroll","background-type":"","background-media":"","overlay-type":"","overlay-color":"","overlay-opacity":"","overlay-gradient":""}},"footnotes":""},"class_list":["post-15615","page","type-page","status-publish","hentry"],"post_mailing_queue_ids":[],"_links":{"self":[{"href":"https:\/\/agora.xtec.cat\/iesjonqueres\/wp-json\/wp\/v2\/pages\/15615","targetHints":{"allow":["GET"]}}],"collection":[{"href":"https:\/\/agora.xtec.cat\/iesjonqueres\/wp-json\/wp\/v2\/pages"}],"about":[{"href":"https:\/\/agora.xtec.cat\/iesjonqueres\/wp-json\/wp\/v2\/types\/page"}],"author":[{"embeddable":true,"href":"https:\/\/agora.xtec.cat\/iesjonqueres\/wp-json\/wp\/v2\/users\/1"}],"replies":[{"embeddable":true,"href":"https:\/\/agora.xtec.cat\/iesjonqueres\/wp-json\/wp\/v2\/comments?post=15615"}],"version-history":[{"count":3,"href":"https:\/\/agora.xtec.cat\/iesjonqueres\/wp-json\/wp\/v2\/pages\/15615\/revisions"}],"predecessor-version":[{"id":15623,"href":"https:\/\/agora.xtec.cat\/iesjonqueres\/wp-json\/wp\/v2\/pages\/15615\/revisions\/15623"}],"up":[{"embeddable":true,"href":"https:\/\/agora.xtec.cat\/iesjonqueres\/wp-json\/wp\/v2\/pages\/15595"}],"wp:attachment":[{"href":"https:\/\/agora.xtec.cat\/iesjonqueres\/wp-json\/wp\/v2\/media?parent=15615"}],"curies":[{"name":"wp","href":"https:\/\/api.w.org\/{rel}","templated":true}]}}