{"id":15515,"date":"2021-10-20T10:08:20","date_gmt":"2021-10-20T08:08:20","guid":{"rendered":"https:\/\/agora.xtec.cat\/iesjonqueres\/?page_id=15515"},"modified":"2025-09-04T12:10:15","modified_gmt":"2025-09-04T10:10:15","slug":"2018-2019","status":"publish","type":"page","link":"https:\/\/agora.xtec.cat\/iesjonqueres\/fotografies-i-videos-del-centre\/2018-2019\/","title":{"rendered":"2018-2019"},"content":{"rendered":"<h5>Centre<\/h5>\n<ul>\n<li><a class=\"customize-unpreviewable\" href=\"https:\/\/photos.app.goo.gl\/BTfZTdcaLwguUtWb9\"><span style=\"color: #000000;\">Presentaci\u00f3 del curs 13\/9\/2018<\/span><\/a><\/li>\n<li><a class=\"customize-unpreviewable\" href=\"https:\/\/photos.app.goo.gl\/h9FA21JKvQ5MNeEk7\"><span style=\"color: #000000;\">1r i 3r Primera trobada TEI 11\/10\/2018<\/span><\/a><\/li>\n<li><a class=\"customize-unpreviewable\" href=\"https:\/\/photos.app.goo.gl\/XcBRm76vNsdbktqh7\"><span style=\"color: #000000;\">Castanyada<\/span><\/a><\/li>\n<li><a class=\"customize-unpreviewable\" href=\"https:\/\/photos.app.goo.gl\/HENLm2GaFQeDo9wX8\"><span style=\"color: #000000;\">Pati Oficina Jove<\/span><\/a><\/li>\n<li><a class=\"customize-unpreviewable\" href=\"https:\/\/photos.app.goo.gl\/czEwq6dBPbtfdpvV8\"><span style=\"color: #000000;\">Esmorzars literaris 2018-2019<\/span><\/a><\/li>\n<li><a class=\"customize-unpreviewable\" href=\"https:\/\/photos.app.goo.gl\/B2Ldtui9o64xP6mr8\"><span style=\"color: #000000;\">3r i 4t Coneixement d\u2019oficis Vapor Llonch (tastet de fleca) 20\/11\/18<\/span><\/a><\/li>\n<li><a class=\"customize-unpreviewable\" href=\"https:\/\/photos.app.goo.gl\/r8ivbzEzL7SC5bDk8\"><span style=\"color: #000000;\">Actuaci\u00f3 castellera (Pla\u00e7a de la Creu Alta) 1\/12\/18<\/span><\/a><\/li>\n<li><a class=\"customize-unpreviewable\" href=\"https:\/\/photos.app.goo.gl\/PY36vz6TqbQetu7bA\"><span style=\"color: #000000;\">3r i 4t Coneixement d\u2019Oficis (taller de metall) 11\/12\/2018<\/span><\/a><\/li>\n<li><a class=\"customize-unpreviewable\" href=\"https:\/\/photos.app.goo.gl\/33qv4jBChGxnNtMU9\"><span style=\"color: #000000;\">1r i 3r\u00a0Sortida TEI a Can Jonqueres 13\/12\/2018<\/span><\/a><\/li>\n<li><a class=\"customize-unpreviewable\" href=\"https:\/\/photos.app.goo.gl\/6xZCwEbNo6J7MwJUA\"><span style=\"color: #000000;\">Festa inicial Mentoria Juvenil<\/span><\/a><\/li>\n<li><a class=\"customize-unpreviewable\" href=\"https:\/\/photos.app.goo.gl\/jUDq54Y5JmrWbHsx6\"><span style=\"color: #000000;\">Fotos Nadal 2018<\/span><\/a><\/li>\n<li><a class=\"customize-unpreviewable\" href=\"https:\/\/photos.app.goo.gl\/ix2Gj3r7WgyMSC5v5\"><span style=\"color: #000000;\">Fotos actuaci\u00f3 de m\u00e0gia<\/span><\/a><\/li>\n<li><a class=\"customize-unpreviewable\" href=\"https:\/\/photos.app.goo.gl\/scZwW8H3qmDscojV9\"><span style=\"color: #000000;\">Acte Institucional en mem\u00f2ria dels sabadellencs morts als camps d\u2019extermini nazi i de totes les v\u00edctimes del nazisme Batxillerat<\/span><\/a><\/li>\n<li><a class=\"customize-unpreviewable\" href=\"https:\/\/photos.app.goo.gl\/ykoUhsRTUS2nmfDC7\"><span style=\"color: #000000;\">3r i 4t Tastet d\u2019Oficis Vapor Llonch Hosteleria 29\/1\/19<\/span><\/a><\/li>\n<li><a class=\"customize-unpreviewable\" href=\"https:\/\/photos.app.goo.gl\/eGBCpmmH98AtfJFu8\"><span style=\"color: #000000;\">1r i 4t Ringo pica<\/span><\/a><\/li>\n<li><a class=\"customize-unpreviewable\" href=\"https:\/\/photos.app.goo.gl\/5boHMneLGC9Y8q119\"><span style=\"color: #000000;\">Entrega de premis Concurs Piula 5\/2\/19<\/span><\/a><\/li>\n<li><a class=\"customize-unpreviewable\" href=\"https:\/\/photos.app.goo.gl\/cPfbBxNNKechXCT37\"><span style=\"color: #000000;\">Problemes a l\u2019esprint 1r i 2n d\u2019ESO\u00a0<\/span><\/a><span style=\"color: #000000;\">20\/02\/19<\/span><\/li>\n<li><a class=\"customize-unpreviewable\" href=\"https:\/\/photos.app.goo.gl\/voioac2ef8Kx6Bnz9\"><span style=\"color: #000000;\">Carnestoltes 2019<\/span><\/a><\/li>\n<li><a class=\"customize-unpreviewable\" href=\"https:\/\/photos.app.goo.gl\/rdE4hKE1G7iG9nuZ6\"><span style=\"color: #000000;\">Dia de les Dones 8\/03\/19<\/span><\/a><\/li>\n<li><a class=\"customize-unpreviewable\" href=\"https:\/\/photos.app.goo.gl\/RZEZ3dvEVTVbPk2t8\"><span style=\"color: #000000;\">P\u00f2sters Dia de les Dones<\/span><\/a><\/li>\n<li><a class=\"customize-unpreviewable\" href=\"https:\/\/photos.app.goo.gl\/9aFtktmBfDLPtAAa8\"><span style=\"color: #000000;\">Proves Cangur Matem\u00e0tiques 21\/3\/19<\/span><\/a><\/li>\n<li><a class=\"customize-unpreviewable\" href=\"https:\/\/photos.app.goo.gl\/nswyjXZg6ux1DuNk6\"><span style=\"color: #000000;\">Festa de les Arts 22\/3\/19<\/span><\/a><\/li>\n<li><a class=\"customize-unpreviewable\" href=\"https:\/\/photos.app.goo.gl\/5ETWyGrEBpFNDC869\"><span style=\"color: #000000;\">Catifa de mans TEI 1r i 3r d\u2019ESO 27\/3\/19<\/span><\/a><\/li>\n<li><a class=\"customize-unpreviewable\" href=\"https:\/\/photos.app.goo.gl\/L8v8oMVcys8NKwt96\"><span style=\"color: #000000;\">Coneixement d\u2019oficis Vapor Llonch Rob\u00f2tica 3r i 4t d\u2019ESO 27\/3\/19<\/span><\/a><\/li>\n<li><a class=\"customize-unpreviewable\" href=\"https:\/\/photos.app.goo.gl\/zVfKQgLDGWEJeGmYA\"><span style=\"color: #000000;\">Viatge a Montpellier i Aig\u00fces Mortes 4ESO i Batxillerat 4-5\/4\/19<\/span><\/a><\/li>\n<li><a class=\"customize-unpreviewable\" href=\"https:\/\/photos.app.goo.gl\/y1e591PAVnkN9oKn6\"><span style=\"color: #000000;\">Dia de la Ci\u00e8ncia 12\/4\/19<\/span><\/a><\/li>\n<li><a class=\"customize-unpreviewable\" href=\"https:\/\/photos.app.goo.gl\/pvDd5PoBvrDaVeot8\" target=\"_blank\" rel=\"noopener noreferrer\"><span style=\"color: #000000;\">Sant Jordi 23\/4\/19<\/span><\/a><\/li>\n<li><a class=\"customize-unpreviewable\" href=\"https:\/\/photos.app.goo.gl\/JMrZcuTWZxjHmcg87\"><span style=\"color: #000000;\">Coneixement d\u2019oficis 3r i 4t d\u2019ESO 2\/5\/19\u00a0\u00a0<\/span><\/a><\/li>\n<\/ul>\n<h5>1r d\u2019ESO<\/h5>\n<ul>\n<li><a class=\"customize-unpreviewable\" href=\"https:\/\/photos.app.goo.gl\/FSqARSGxntdU9ZmB6\"><span style=\"color: #000000;\">1rA Taller de reciclatge d\u2019oli<\/span><\/a><\/li>\n<li><a class=\"customize-unpreviewable\" href=\"https:\/\/photos.app.goo.gl\/juTU7eqaMxzz8yU5A\"><span style=\"color: #000000;\">1rC Taller de reciclatge d\u2019oli<\/span><\/a><\/li>\n<li><a class=\"customize-unpreviewable\" href=\"https:\/\/photos.app.goo.gl\/6jA2Xn1uxkL273cY8\"><span style=\"color: #000000;\">B\u00e0sket beat<\/span><\/a><\/li>\n<li><a class=\"customize-unpreviewable\" href=\"https:\/\/photos.app.goo.gl\/cWRwezzpcVgjf7FF6\"><span style=\"color: #000000;\">1C No, no s\u00f3n bromes (Taller de bullying)<\/span><\/a><\/li>\n<li><a class=\"customize-unpreviewable\" href=\"https:\/\/photos.app.goo.gl\/Rn191LGeus9ahVqs9\"><span style=\"color: #000000;\">1D Biblioteca del Nord<\/span><\/a><\/li>\n<li><a class=\"customize-unpreviewable\" href=\"https:\/\/photos.app.goo.gl\/ZTAHnctmCr5Ee1tf9\"><span style=\"color: #000000;\">Sortida a la Depuradora<\/span><\/a><\/li>\n<li><a class=\"customize-unpreviewable\" href=\"https:\/\/photos.app.goo.gl\/mLS5ACvLZFXAAhVH9\"><span style=\"color: #000000;\">Skating 16\/11\/2018<\/span><\/a><\/li>\n<li><a class=\"customize-unpreviewable\" href=\"https:\/\/photos.app.goo.gl\/PP44tgKWBdMBETP4A\"><span style=\"color: #000000;\">Cantem Biblioteca del Nord 27\/11<\/span><\/a><\/li>\n<li><a class=\"customize-unpreviewable\" href=\"https:\/\/photos.app.goo.gl\/P5tKed1DGnNcpJRQ9\"><span style=\"color: #000000;\">Sortida Prehist\u00f2ria in English (Museu d\u2019Hist\u00f2ria SBD)<\/span><\/a><\/li>\n<li><a class=\"customize-unpreviewable\" href=\"https:\/\/photos.app.goo.gl\/FnKzpuXa9975YZdk9\"><span style=\"color: #000000;\">Escape Room Residus 14\/01<\/span><\/a><\/li>\n<li><a class=\"customize-unpreviewable\" href=\"https:\/\/photos.app.goo.gl\/CzrEjLpNT69fdLUf9\"><span style=\"color: #000000;\">Sortida \u00edbers i romans<\/span><\/a><\/li>\n<li id=\":4f\" tabindex=\"-1\" data-thread-perm-id=\"thread-f:1626542143553697083\" data-legacy-thread-id=\"1692a37636b8753b\"><a class=\"customize-unpreviewable\" href=\"https:\/\/photos.app.goo.gl\/RiMXEDjEDrpv8y8z9\"><span style=\"color: #000000;\">YOMO 26\/2\/2019 1ESO<\/span><\/a><\/li>\n<li tabindex=\"-1\" data-thread-perm-id=\"thread-f:1626542143553697083\" data-legacy-thread-id=\"1692a37636b8753b\"><a class=\"customize-unpreviewable\" href=\"https:\/\/photos.app.goo.gl\/xUWDQYAxWzN4gKZ99\"><span style=\"color: #000000;\">Jack the Magician 1ESO i 2ESO 14\/3\/2019<\/span><\/a><\/li>\n<li tabindex=\"-1\" data-thread-perm-id=\"thread-f:1626542143553697083\" data-legacy-thread-id=\"1692a37636b8753b\"><a class=\"customize-unpreviewable\" href=\"https:\/\/photos.app.goo.gl\/4aSUdNcv7tdXNETA8\"><span style=\"color: #000000;\">II English Day Zona Nord 5\/4\/2019<\/span><\/a><\/li>\n<\/ul>\n<h5>2n d\u2019ESO<\/h5>\n<ul>\n<li><a class=\"customize-unpreviewable\" href=\"https:\/\/photos.app.goo.gl\/bDs6VqrR1odHZtG39\"><span style=\"color: #000000;\">Taller imatge corporal 15\/01\/19<\/span><\/a><\/li>\n<li><a class=\"customize-unpreviewable\" href=\"https:\/\/photos.app.goo.gl\/kidHMiEcRtHKEM49A\"><span style=\"color: #000000;\">Scrabble<\/span><\/a><\/li>\n<li><a class=\"customize-unpreviewable\" href=\"https:\/\/photos.app.goo.gl\/ST1d6HrBbnnuiHTP7\"><span style=\"color: #000000;\">MNACTEC<\/span><\/a><\/li>\n<li><a class=\"customize-unpreviewable\" href=\"https:\/\/photos.app.goo.gl\/urKudeHWmvBb6FWb9\"><span style=\"color: #000000;\">Museu Blau 3\/4\/2019<\/span><\/a><\/li>\n<\/ul>\n<h5>3r d\u2019ESO<\/h5>\n<ul>\n<li><a class=\"customize-unpreviewable\" href=\"https:\/\/photos.app.goo.gl\/tw6CyNcEoGc2mY2QA\"><span style=\"color: #000000;\">3 ESO D Sortida Hort 29\/10\/2018 Fundaci\u00f3 Barber\u00e0 Promoci\u00f3<\/span><\/a><\/li>\n<li><a class=\"customize-unpreviewable\" href=\"https:\/\/photos.app.goo.gl\/iPKZaBT94tVBjrrc7\"><span style=\"color: #000000;\">Etwinning<\/span><\/a><\/li>\n<li><a class=\"customize-unpreviewable\" href=\"https:\/\/photos.app.goo.gl\/wJSRXmkf37CkQPty7\"><span style=\"color: #000000;\">3r ESO A i B Sortida al Parlament 15\/11\/18<\/span><\/a><\/li>\n<li><a class=\"customize-unpreviewable\" href=\"https:\/\/photos.app.goo.gl\/kaXyfajDUEdjUcyT9\"><span style=\"color: #000000;\">3r d\u2019ESO Campus \u00cdtaca Juliol 2018<\/span><\/a><\/li>\n<li><a class=\"customize-unpreviewable\" href=\"https:\/\/photos.app.goo.gl\/MPK8eY5XHTRUZNq69\"><span style=\"color: #000000;\">Sortida centre residus 20\/12\/18<\/span><\/a><\/li>\n<li><a class=\"customize-unpreviewable\" href=\"https:\/\/photos.app.goo.gl\/TLa2mVbKLpcvbSHC8\"><span style=\"color: #000000;\">Sortida FFGC<\/span><\/a><\/li>\n<li><a class=\"customize-unpreviewable\" href=\"https:\/\/photos.app.goo.gl\/Lg8WGraXXMLtfQMA7\"><span style=\"color: #000000;\">Teatre El misteri de Fermat 12\/2\/2019<\/span><\/a><\/li>\n<li><a class=\"customize-unpreviewable\" href=\"https:\/\/photos.app.goo.gl\/Zavvn5R1j4JPBnWz9\"><span style=\"color: #000000;\">UAB 14\/02\/2019\u00a0<\/span><\/a><\/li>\n<li><a class=\"customize-unpreviewable\" href=\"https:\/\/photos.app.goo.gl\/YPZb2xJ8JHuVdBJ16\"><span style=\"color: #000000;\">Sortida Karting 3r d\u2019ESO 2018-19<\/span><\/a><\/li>\n<li><a class=\"customize-unpreviewable\" href=\"https:\/\/photos.app.goo.gl\/zVHvsCoQJ3JAchg7A\"><span style=\"color: #000000;\">Sortida TEI 2019\u00a0<\/span><\/a><\/li>\n<li><a class=\"customize-unpreviewable\" href=\"https:\/\/photos.app.goo.gl\/joBTohs5pqba2nb99\"><span style=\"color: #000000;\">Sortida Vallparad\u00eds 2019\u00a0<\/span><\/a><\/li>\n<li><a class=\"customize-unpreviewable\" href=\"https:\/\/photos.app.goo.gl\/F1fcMZEYFKFgwYZj7\"><span style=\"color: #000000;\">Assaig general i Representaci\u00f3 de La Sala 2019<\/span><\/a><\/li>\n<li><a class=\"customize-unpreviewable\" href=\"https:\/\/photos.app.goo.gl\/US5LGE8QxPD2dAW37\" target=\"_blank\" rel=\"noopener noreferrer\"><span style=\"color: #000000;\">Jonkronos 3ESO<\/span><\/a><\/li>\n<\/ul>\n<h5>4t d\u2019ESO<\/h5>\n<ul>\n<li><a class=\"customize-unpreviewable\" href=\"https:\/\/photos.app.goo.gl\/c39QD7aSJA33oh956\"><span style=\"color: #000000;\">Fem pinya amb els joves 26\/10\/2018<\/span><\/a><\/li>\n<li><a class=\"customize-unpreviewable\" href=\"https:\/\/photos.app.goo.gl\/xsLCtysDPyWPbuVRA\"><span style=\"color: #000000;\">Fem pinya (Castellers) 7\/11\/2018<\/span><\/a><\/li>\n<li><a class=\"customize-unpreviewable\" href=\"https:\/\/photos.app.goo.gl\/TbKNMBQe25HFS8sa9\"><span style=\"color: #000000;\">4tC Cuina sense pares 22\/11\/2018<\/span><\/a><\/li>\n<li><a class=\"customize-unpreviewable\" href=\"https:\/\/photos.app.goo.gl\/au2HNNmRSfvRqLaZ6\"><span style=\"color: #000000;\">Fem pinya a local Castellers<\/span><\/a><\/li>\n<li><a class=\"customize-unpreviewable\" href=\"https:\/\/photos.app.goo.gl\/DWu76wEvfSR8RMmQ6\"><span style=\"color: #000000;\">Museu de les Matem\u00e0tiques 11\/12<\/span><\/a><\/li>\n<li><a class=\"customize-unpreviewable\" href=\"https:\/\/photos.app.goo.gl\/LmuCtRiJ9Sww9WeZ9\"><span style=\"color: #000000;\">Cosmocaixa 20\/12\/2018<\/span><\/a><\/li>\n<li><a class=\"customize-unpreviewable\" href=\"https:\/\/photos.app.goo.gl\/i5PPzU7yPqFZAE5y6\"><span style=\"color: #000000;\">Taller de Cuina a Mercavall\u00e8s 15\/01\/19<\/span><\/a><\/li>\n<li><a class=\"customize-unpreviewable\" href=\"https:\/\/photos.app.goo.gl\/zxggJrVqqtVkyXLh6\"><span style=\"color: #000000;\">L\u2019energia amb joc<\/span><\/a><\/li>\n<li><a class=\"customize-unpreviewable\" href=\"https:\/\/photos.app.goo.gl\/ssHMHt7rVp4sPa548\" target=\"_blank\" rel=\"noopener noreferrer\"><span style=\"color: #000000;\">Assaig ball de bastons Mar\u00e7 2019<\/span><\/a><\/li>\n<li><a class=\"customize-unpreviewable\" href=\"https:\/\/photos.app.goo.gl\/fD7jXVMc1APni4o67\"><span style=\"color: #000000;\">Xerrada Amical de Mauthausen 10\/4\/2019<\/span><\/a><\/li>\n<\/ul>\n<h5>Batxillerat<\/h5>\n<ul>\n<li><a class=\"customize-unpreviewable\" href=\"https:\/\/photos.app.goo.gl\/bKpu9P7kkfaC6Ck28\"><span style=\"color: #000000;\">2n Batxillerat Visa pour l\u2019image 21\/09\/18<\/span><\/a><\/li>\n<li><a class=\"customize-unpreviewable\" href=\"https:\/\/photos.app.goo.gl\/xLyRMgoZVVB43r6T6\"><span style=\"color: #000000;\">Estranyes Relacions 19\/12 Batxillerat\u00a0<\/span><\/a><\/li>\n<li><a class=\"customize-unpreviewable\" href=\"https:\/\/photos.app.goo.gl\/BVMshjZqLctXSh7g8\"><span style=\"color: #000000;\">1r Batxillerat Ci\u00e8ncia per Nadal 19\/12\/18<\/span><\/a><\/li>\n<li><a class=\"customize-unpreviewable\" href=\"https:\/\/photos.app.goo.gl\/yGS9kuYsVzkyEEMaA\"><span style=\"color: #000000;\">Aeroport de Sabadell-Polvor\u00ed Batxillerat 13\/12\/18<\/span><\/a><\/li>\n<li><a class=\"customize-unpreviewable\" href=\"https:\/\/photos.app.goo.gl\/RrwsXMtGpRtYRsKo8\"><span style=\"color: #000000;\">Coreografies cordes 1r Batxillerat<\/span><\/a><\/li>\n<li><a class=\"customize-unpreviewable\" href=\"https:\/\/photos.app.goo.gl\/TQT1BuLFR2QaePBb9\"><span style=\"color: #000000;\">Visita UAB 1Batx 29\/01\/2019<\/span><\/a><\/li>\n<li><a class=\"customize-unpreviewable\" href=\"https:\/\/photos.app.goo.gl\/Ty1LnfFYvJnoNj7FA\"><span style=\"color: #000000;\">Ruta 2n Batxillerat B Don Quijote 22\/02\/2019<\/span><\/a><\/li>\n<li><a class=\"customize-unpreviewable\" href=\"https:\/\/photos.app.goo.gl\/XuaG3b5Y4JtrcebZ9\"><span style=\"color: #000000;\">La premsa a les escoles 2n Batxillerat 13\/3<\/span><\/a><\/li>\n<li><a class=\"customize-unpreviewable\" href=\"https:\/\/photos.app.goo.gl\/LgEF2PCmeqsDQkyQ8\"><span style=\"color: #000000;\">Trobada esportiva amb INS Les Termes 28\/3\/19<\/span><\/a><\/li>\n<\/ul>\n","protected":false},"excerpt":{"rendered":"<p>Centre Presentaci\u00f3 del curs 13\/9\/2018 1r i 3r Primera trobada TEI 11\/10\/2018 Castanyada Pati Oficina Jove Esmorzars literaris 2018-2019 3r i 4t Coneixement d\u2019oficis Vapor Llonch (tastet de fleca) 20\/11\/18 Actuaci\u00f3 castellera (Pla\u00e7a de la Creu Alta) 1\/12\/18 3r i 4t Coneixement d\u2019Oficis (taller de metall) 11\/12\/2018 1r i 3r\u00a0Sortida TEI a Can Jonqueres 13\/12\/2018 [&hellip;]<\/p>\n","protected":false},"author":1,"featured_media":0,"parent":1079,"menu_order":7,"comment_status":"closed","ping_status":"closed","template":"","meta":{"_bbp_topic_count":0,"_bbp_reply_count":0,"_bbp_total_topic_count":0,"_bbp_total_reply_count":0,"_bbp_voice_count":0,"_bbp_anonymous_reply_count":0,"_bbp_topic_count_hidden":0,"_bbp_reply_count_hidden":0,"_bbp_forum_subforum_count":0,"site-sidebar-layout":"default","site-content-layout":"","ast-site-content-layout":"default","site-content-style":"default","site-sidebar-style":"default","ast-global-header-display":"","ast-banner-title-visibility":"","ast-main-header-display":"","ast-hfb-above-header-display":"","ast-hfb-below-header-display":"","ast-hfb-mobile-header-display":"","site-post-title":"","ast-breadcrumbs-content":"","ast-featured-img":"","footer-sml-layout":"","theme-transparent-header-meta":"default","adv-header-id-meta":"","stick-header-meta":"","header-above-stick-meta":"","header-main-stick-meta":"","header-below-stick-meta":"","astra-migrate-meta-layouts":"set","ast-page-background-enabled":"default","ast-page-background-meta":{"desktop":{"background-color":"var(--ast-global-color-4)","background-image":"","background-repeat":"repeat","background-position":"center center","background-size":"auto","background-attachment":"scroll","background-type":"","background-media":"","overlay-type":"","overlay-color":"","overlay-opacity":"","overlay-gradient":""},"tablet":{"background-color":"","background-image":"","background-repeat":"repeat","background-position":"center center","background-size":"auto","background-attachment":"scroll","background-type":"","background-media":"","overlay-type":"","overlay-color":"","overlay-opacity":"","overlay-gradient":""},"mobile":{"background-color":"","background-image":"","background-repeat":"repeat","background-position":"center center","background-size":"auto","background-attachment":"scroll","background-type":"","background-media":"","overlay-type":"","overlay-color":"","overlay-opacity":"","overlay-gradient":""}},"ast-content-background-meta":{"desktop":{"background-color":"var(--ast-global-color-5)","background-image":"","background-repeat":"repeat","background-position":"center center","background-size":"auto","background-attachment":"scroll","background-type":"","background-media":"","overlay-type":"","overlay-color":"","overlay-opacity":"","overlay-gradient":""},"tablet":{"background-color":"var(--ast-global-color-5)","background-image":"","background-repeat":"repeat","background-position":"center center","background-size":"auto","background-attachment":"scroll","background-type":"","background-media":"","overlay-type":"","overlay-color":"","overlay-opacity":"","overlay-gradient":""},"mobile":{"background-color":"var(--ast-global-color-5)","background-image":"","background-repeat":"repeat","background-position":"center center","background-size":"auto","background-attachment":"scroll","background-type":"","background-media":"","overlay-type":"","overlay-color":"","overlay-opacity":"","overlay-gradient":""}},"footnotes":""},"class_list":["post-15515","page","type-page","status-publish","hentry"],"post_mailing_queue_ids":[],"_links":{"self":[{"href":"https:\/\/agora.xtec.cat\/iesjonqueres\/wp-json\/wp\/v2\/pages\/15515","targetHints":{"allow":["GET"]}}],"collection":[{"href":"https:\/\/agora.xtec.cat\/iesjonqueres\/wp-json\/wp\/v2\/pages"}],"about":[{"href":"https:\/\/agora.xtec.cat\/iesjonqueres\/wp-json\/wp\/v2\/types\/page"}],"author":[{"embeddable":true,"href":"https:\/\/agora.xtec.cat\/iesjonqueres\/wp-json\/wp\/v2\/users\/1"}],"replies":[{"embeddable":true,"href":"https:\/\/agora.xtec.cat\/iesjonqueres\/wp-json\/wp\/v2\/comments?post=15515"}],"version-history":[{"count":3,"href":"https:\/\/agora.xtec.cat\/iesjonqueres\/wp-json\/wp\/v2\/pages\/15515\/revisions"}],"predecessor-version":[{"id":16411,"href":"https:\/\/agora.xtec.cat\/iesjonqueres\/wp-json\/wp\/v2\/pages\/15515\/revisions\/16411"}],"up":[{"embeddable":true,"href":"https:\/\/agora.xtec.cat\/iesjonqueres\/wp-json\/wp\/v2\/pages\/1079"}],"wp:attachment":[{"href":"https:\/\/agora.xtec.cat\/iesjonqueres\/wp-json\/wp\/v2\/media?parent=15515"}],"curies":[{"name":"wp","href":"https:\/\/api.w.org\/{rel}","templated":true}]}}