{"id":15082,"date":"2021-02-06T19:08:44","date_gmt":"2021-02-06T18:08:44","guid":{"rendered":"http:\/\/agora.xtec.cat\/iesjonqueres\/?page_id=15082"},"modified":"2022-02-22T09:22:54","modified_gmt":"2022-02-22T08:22:54","slug":"etwinning","status":"publish","type":"page","link":"https:\/\/agora.xtec.cat\/iesjonqueres\/projectes-de-centre\/etwinning\/","title":{"rendered":"eTwinning"},"content":{"rendered":"<h2><img loading=\"lazy\" decoding=\"async\" class=\" wp-image-15088 aligncenter\" src=\"https:\/\/agora.xtec.cat\/iesjonqueres\/wp-content\/uploads\/usu447\/2021\/02\/etwinning.png\" alt=\"\" width=\"307\" height=\"92\" srcset=\"https:\/\/agora.xtec.cat\/iesjonqueres\/wp-content\/uploads\/usu447\/2021\/02\/etwinning.png 410w, https:\/\/agora.xtec.cat\/iesjonqueres\/wp-content\/uploads\/usu447\/2021\/02\/etwinning-300x90.png 300w\" sizes=\"auto, (max-width: 307px) 100vw, 307px\" \/><\/h2>\n<p><span style=\"font-weight: 400;\">Des de fa uns cursos, el centre participa en projectes <a href=\"https:\/\/www.etwinning.net\/es\/pub\/index.htm\" target=\"_blank\" rel=\"noopener noreferrer\">eTwinning<\/a>. En aquests projectes, l\u2019Institut Jonqueres col\u00b7labora amb centres d\u2019arreu d\u2019Europa. La llengua vehicular \u00e9s l\u2019angl\u00e8s, s\u2019estableixen lligams i l\u2019alumnat amplia els seus coneixements acad\u00e8mics per\u00f2 tamb\u00e9 culturals. La seva mirada s\u2019amplia gr\u00e0cies a con\u00e8ixer les realitats dels companys\/es d\u2019altres pa\u00efsos. El professorat que participa tamb\u00e9 crea vincles i coneix maneres de treballar moltes vegades tamb\u00e9 completament diferents. Les TAC s\u00f3n una eina clau en la realitzaci\u00f3 d\u2019aquests projectes.<\/span><\/p>\n<h2 style=\"text-align: left;\"><span style=\"font-weight: 400;\">Projectes:<\/span><\/h2>\n<h3><b>Curs 2020-21<\/b><\/h3>\n<h4><b>LIFE\u00a0<\/b><\/h4>\n<p><b>Professora<\/b><span style=\"font-weight: 400;\">: Cris Molins Pueyo<\/span><\/p>\n<p><b>Destinataris<\/b><span style=\"font-weight: 400;\">: Alumnat de 1r de batxillerat. Optativa de Sociologia<\/span><\/p>\n<p><b>Nom del Projecte<\/b><span style=\"font-weight: 400;\">: LIFE Project<\/span><\/p>\n<p><span style=\"font-weight: 400;\">Breu resum: En aquest projecte es pret\u00e9n que els\/les estudiants de diferents pa\u00efsos es presentin ells mateixos amb el patrimoni cultural de la seva regi\u00f3. Donaran informaci\u00f3 sobre l\u2019idioma, el menjar, can\u00e7ons locals, personatges famosos, jocs i h\u00e0bits interessants de la regi\u00f3 per tal que coneguin millor la cultura i la hist\u00f2ria d\u2019Europa i puguin trobar l\u2019oportunitat de desenvolupar la diversitat i el sentiment de pertinen\u00e7a europea. El resultat final ser\u00e0 una exposici\u00f3 o un llibre electr\u00f2nic amb breus presentacions de llocs investigats pel grup del projecte. Al final del projecte, es prepara una exposici\u00f3 virtual amb les obres realitzades.<\/span><\/p>\n<p><b>Pa\u00efsos participants (centres)<\/b><span style=\"font-weight: 400;\">: ALBANIA (1), AZERBAIY\u00c1N (1), BULGARIA (1), CHIPRE (1), ESPA\u00d1A (2), FRANCIA (2), GEORGIA (1), GRECIA (1), JORDANIA (2), LETONIA (1), LITUANIA (1), MACED\u00d2NIA DEL NORTE (1), POLONIA (4), PORTUGAL (1), RUMANIA (3), TURQU\u00cdA (10)<\/span><\/p>\n<p><b>Objectius:\u00a0<\/b><\/p>\n<ul>\n<li><span style=\"font-weight: 400;\">Con\u00e8ixer i experimentar diferents cultures.<\/span><\/li>\n<li><span style=\"font-weight: 400;\">Desenvolupar i continuar el patrimoni cultural.<\/span><\/li>\n<li><span style=\"font-weight: 400;\">Explorar difer\u00e8ncies culturals entre diferents pa\u00efsos i en el propi pa\u00eds.<\/span><\/li>\n<li><span style=\"font-weight: 400;\">Augmentar l\u2019inter\u00e8s i la participaci\u00f3 en estudis acad\u00e8mics.<\/span><\/li>\n<li><span style=\"font-weight: 400;\">Fomentar l\u2019\u00fas de la tecnologia.<\/span><\/li>\n<li><span style=\"font-weight: 400;\">Millorar l\u2019\u00fas de la llengua estrangera.<\/span><\/li>\n<li><span style=\"font-weight: 400;\">Desenvolupar la cooperaci\u00f3 educativa entre pa\u00efsos.<\/span><\/li>\n<\/ul>\n<p><b>Per\u00edode<\/b><span style=\"font-weight: 400;\">: Octubre 2020 &#8211; maig 2021.<\/span><\/p>\n<p><b>Desenvolupament dins la mat\u00e8ria<\/b><span style=\"font-weight: 400;\">: La idea \u00e9s posar-lo en marxa amb el grup de l\u2019optativa de 1r de batxillerat. Una de les dues hores setmanals es dedicar\u00e0 a aquest projecte com a m\u00e0xim i depenent de la fase del projecte. L\u2019objectiu \u00e9s la d\u2019incorporar l\u2019ensenyament en angl\u00e8s en altres mat\u00e8ries que no siguin estrictament les ling\u00fc\u00edstiques, en aquest cas per treballar sobre la diversitat cultural a Europa i la pr\u00f2pia diversitat interna al nostre pa\u00eds. Treballarem l\u2019her\u00e8ncia cultural i les tradicions i els continguts culturals com a construccions socials pr\u00f2pies d\u2019un temps i d\u2019un grup.\u00a0<\/span><\/p>\n<h4><\/h4>\n<h4><b>eQUALITY OF LIFE<\/b><span style=\"font-weight: 400;\">\u00a0<\/span><\/h4>\n<p><b>Professor\/a: <\/b><span style=\"font-weight: 400;\">Ana Rueda Amores i Cristina Romero Chamorro<\/span><\/p>\n<p><b>Destinataris: <\/b><span style=\"font-weight: 400;\">Alumnat de 1r de batxillerat<\/span><\/p>\n<p><b>Nom del Projecte: <\/b><span style=\"font-weight: 400;\">eQUALITY OF LIFE<\/span><\/p>\n<p><b>Pa\u00efsos participants (centres): <\/b><span style=\"font-weight: 400;\">Espanya (1), Turquia (8), It\u00e0lia (2), Portugal (2), Su\u00e8cia (1)<\/span><\/p>\n<p><b>Objectius:\u00a0<\/b><\/p>\n<p><span style=\"font-weight: 400;\">El nostre projecte s\u2019adre\u00e7a a estudiants de batxillerat i aborda el problema d\u2019igualtat de g\u00e8nere i els seus efectes. Donar a les dones el paper que es mereixen encara \u00e9s un repte arreu del m\u00f3n. Malauradament, encara hi ha gent, fins i tot les noies i les dones,\u00a0 que pensa que les dones no poden fer el que fa un home i, per tant, les dones tenen dificultats per tenir els mateixos drets, especialment en la presa de decisions, en la feina i en la pol\u00edtica. Com a resultat de la desigualtat, les dones no poden tenir acc\u00e9s a una millor educaci\u00f3 i al mercat laboral. La desigualtat de g\u00e8nere afecta no nom\u00e9s les dones, sin\u00f3 totes les persones, l\u2019economia i la salut. Gr\u00e0cies al projecte, volem conscienciar sobre la igualtat de g\u00e8nere, que \u00e9s vital per al desenvolupament sostenible i una societat m\u00e9s sana. Aquest projecte tamb\u00e9 t\u00e9 com a objectiu empoderar les dones i les nenes animant-les a ser m\u00e9s actives.<\/span><\/p>\n<p><span style=\"font-weight: 400;\">L&#8217;alumnat que participa en aquest projecte seran persones conscients dels problemes socials i que pretenen trobar solucions creatives i efectives a aquests problemes El nostre alumnat jove, que formaran la societat del futur, tindran l\u2019oportunitat de treballar amb els seus companys i companyes i adquirir habilitats del segle XXI, com ara el treball col\u00b7laboratiu, la flexibilitat i l&#8217;adaptabilitat. Per tal d\u2019adquirir habilitats comunicatives durant el projecte, es planifiquen reunions tant en la llengua materna com en la llengua estrangera amb els socis estrangers.\u00a0<\/span><\/p>\n<p><b>Per\u00edode: <\/b><span style=\"font-weight: 400;\">Octubre 2020 &#8211; juny 2021<\/span><\/p>\n<p><b>Desenvolupament dins la mat\u00e8ria: <\/b><span style=\"font-weight: 400;\">L\u2019alumnat de 1r de batxillerat participar\u00e0 en aquest projecte en la seva totalitat. Es dedicar\u00e0 una sessi\u00f3 cada dues setmanes de les 3 sessions per setmana que tenim. En moments puntuals l\u2019alumnat haur\u00e0 de fer sessions desde casa quan s\u2019organitzin reunions amb l\u2019alumnat d\u2019altres pa\u00efsos (grups mixtes de treball). Amb el projecte eTwinning enforteixen el seu coneixement pr\u00e0ctic de la llengua anglesa. La llengua \u00e9s un element viu i practicar-la amb altres estudiants que tamb\u00e9 estan aprenent fa que se sentin m\u00e9s segurs.<\/span><\/p>\n<p>&nbsp;<\/p>\n<h3><b>Curs 2019-20<\/b><\/h3>\n<p><a href=\"https:\/\/agora.xtec.cat\/iesjonqueres\/wp-content\/uploads\/usu447\/2021\/03\/eTwinning-Logo-25-feb-2020-7_22.png\"><img loading=\"lazy\" decoding=\"async\" class=\"alignnone size-large wp-image-15119\" src=\"https:\/\/agora.xtec.cat\/iesjonqueres\/wp-content\/uploads\/usu447\/2021\/03\/eTwinning-Logo-25-feb-2020-7_22-1024x644.png\" alt=\"\" width=\"1024\" height=\"644\" srcset=\"https:\/\/agora.xtec.cat\/iesjonqueres\/wp-content\/uploads\/usu447\/2021\/03\/eTwinning-Logo-25-feb-2020-7_22-1024x644.png 1024w, https:\/\/agora.xtec.cat\/iesjonqueres\/wp-content\/uploads\/usu447\/2021\/03\/eTwinning-Logo-25-feb-2020-7_22-300x189.png 300w, https:\/\/agora.xtec.cat\/iesjonqueres\/wp-content\/uploads\/usu447\/2021\/03\/eTwinning-Logo-25-feb-2020-7_22-768x483.png 768w, https:\/\/agora.xtec.cat\/iesjonqueres\/wp-content\/uploads\/usu447\/2021\/03\/eTwinning-Logo-25-feb-2020-7_22.png 1083w\" sizes=\"auto, (max-width: 1024px) 100vw, 1024px\" \/><\/a><\/p>\n<h4><b>UNESCO the Peace Team<\/b><span style=\"font-weight: 400;\">\u00a0<\/span><\/h4>\n<p><b>Professor\/a: <\/b><span style=\"font-weight: 400;\">Ana Rueda Amores i Jordana Gruas G\u00f3mez<\/span><\/p>\n<p><b>Destinataris:\u00a0 <\/b><span style=\"font-weight: 400;\">Tot l\u2019alumnat de 4t de l\u2019ESO<\/span><\/p>\n<p><b>Nom del Projecte: <\/b><span style=\"font-weight: 400;\">UNESCO The Peace Team<\/span><\/p>\n<p><b>Pa\u00efsos participants (centres): <\/b><span style=\"font-weight: 400;\">Espanya (2), Turquia (10), Ucra\u00efna (1), Georgia (1), Rumania (2), Alb\u00e0nia (1), It\u00e0lia (1)<\/span><\/p>\n<p><b>Objectius:\u00a0<\/b><\/p>\n<ul>\n<li style=\"font-weight: 400;\" aria-level=\"1\"><span style=\"font-weight: 400;\">Pensar i treballar amb mentalitat oberta i comprendre altres persones.<\/span><\/li>\n<li style=\"font-weight: 400;\" aria-level=\"1\"><span style=\"font-weight: 400;\">Presentar i preservar el patrimoni cultural.<\/span><\/li>\n<li style=\"font-weight: 400;\" aria-level=\"1\"><span style=\"font-weight: 400;\">Respectar els sentiments d&#8217;altri.<\/span><\/li>\n<li style=\"font-weight: 400;\" aria-level=\"1\"><span style=\"font-weight: 400;\">Educar en la comprensi\u00f3 internacional.<\/span><\/li>\n<li style=\"font-weight: 400;\" aria-level=\"1\"><span style=\"font-weight: 400;\">Con\u00e8ixer altres pa\u00efsos.<\/span><\/li>\n<li style=\"font-weight: 400;\" aria-level=\"1\"><span style=\"font-weight: 400;\">Adquirir l&#8217;amistat d&#8217;estudiants estrangers.<\/span><\/li>\n<li style=\"font-weight: 400;\" aria-level=\"1\"><span style=\"font-weight: 400;\">Millorar les destreses i habilitats de comprensi\u00f3 i expressi\u00f3 oral i escrita.<\/span><\/li>\n<\/ul>\n<p><b>Per\u00edode: <\/b><span style=\"font-weight: 400;\">Octubre 2019 &#8211; maig 2020 (no es va poder finalitzar per la pand\u00e8mia)<\/span><\/p>\n<p><b>Desenvolupament dins la mat\u00e8ria: <\/b><span style=\"font-weight: 400;\">L\u2019alumnat de 4t d&#8217;ESO\u00a0 participar\u00e0 d\u2019aquest projecte en la seva totalitat. Es dedicar\u00e0 una sessi\u00f3 cada tres setmanes de les 3 sessions per setmana que tenim. Amb el projecte eTwinning enforteixen el seu coneixement pr\u00e0ctic de la llengua anglesa. La llengua \u00e9s un element viu i practicar-la amb altres estudiants que tamb\u00e9 l&#8217;estan aprenent fa que se sentin m\u00e9s segurs. Tindran l\u2019oportunitat de millorar la compet\u00e8ncia comunicativa en totes les seves vessants.<\/span><\/p>\n<p>&nbsp;<\/p>\n<h4><b>Curs 2018-19<\/b><\/h4>\n<h4><b>We Wear What We Sing <\/b><b>(<\/b><b><i>Projecte guardonat amb el Segell de Qualitat Nacional i amb el Segell de Qualitat Europeu<\/i><\/b><b>)<\/b><\/h4>\n<p><b>Professor\/a: <\/b><span style=\"font-weight: 400;\">Ana Rueda Amores<\/span><\/p>\n<p><b>Destinataris: <\/b><span style=\"font-weight: 400;\">Alumnat de 3r d&#8217;ESO<\/span><\/p>\n<p><b>Nom del Projecte: <\/b><span style=\"font-weight: 400;\">We Wear What We Sing<\/span><\/p>\n<p><b>Pa\u00efsos participants (centres): <\/b><span style=\"font-weight: 400;\">Espanya (2), Portugal (1), Georgia (1), Polonia (1), It\u00e0lia (2), Romania (1), Macedonia del Nord (1), Turquia (5)<\/span><\/p>\n<p><b>Objectius:\u00a0<\/b><\/p>\n<ul>\n<li style=\"font-weight: 400;\" aria-level=\"1\"><span style=\"font-weight: 400;\">Crear un disseny de samarretes a partir d\u2019una can\u00e7\u00f3 amb la qual s\u2019identifiquin.<\/span><\/li>\n<li style=\"font-weight: 400;\" aria-level=\"1\"><span style=\"font-weight: 400;\">Con\u00e8ixer-se millor a si mateix mitjan\u00e7ant l\u2019an\u00e0lisi dels sentiments.<\/span><\/li>\n<li style=\"font-weight: 400;\" aria-level=\"1\"><span style=\"font-weight: 400;\">Aprendre sobre diferents can\u00e7ons en angl\u00e8s i el seu contingut, ampliant aix\u00ed els seus coneixements sobre cultura musical i familiaritzant-se amb els cantants i el tipus de m\u00fasica que la gent de la seva edat escolta en altres pa\u00efsos.<\/span><\/li>\n<li style=\"font-weight: 400;\" aria-level=\"1\"><span style=\"font-weight: 400;\">Desenvolupar diferents habilitats art\u00edstiques mitjan\u00e7ant eines web 2.0 per crear resultats en les diferents can\u00e7ons.<\/span><\/li>\n<li style=\"font-weight: 400;\" aria-level=\"1\"><span style=\"font-weight: 400;\">Gaudir treballant col\u00b7laborativament i millorar les habilitats de voluntariat dels estudiants.<\/span><\/li>\n<\/ul>\n<ul>\n<li style=\"font-weight: 400;\" aria-level=\"1\"><span style=\"font-weight: 400;\">Utilitzar la llengua anglesa amb un prop\u00f2sit real i prendre consci\u00e8ncia de la import\u00e0ncia de con\u00e8ixer idiomes estrangers per poder comunicar-se amb persones de la seva mateixa edat i interessos.<\/span><\/li>\n<li style=\"font-weight: 400;\" aria-level=\"1\"><span style=\"font-weight: 400;\">Interactuar amb estudiants d&#8217;altres pa\u00efsos fent jocs sobre les diferents can\u00e7ons i cantants i escrivint correus electr\u00f2nics.<\/span><\/li>\n<li style=\"font-weight: 400;\" aria-level=\"1\"><span style=\"font-weight: 400;\">Con\u00e8ixer nous amics de l&#8217;estranger i divertir-se..<\/span><\/li>\n<li style=\"font-weight: 400;\" aria-level=\"1\"><span style=\"font-weight: 400;\">Guanyar confian\u00e7a en l\u2019\u00fas de l\u2019angl\u00e8s amb finalitats comunicatives.<\/span><\/li>\n<\/ul>\n<p><b>Per\u00edode: <\/b><span style=\"font-weight: 400;\">Octubre 2018 &#8211; juny 2019<\/span><\/p>\n<p><b>Desenvolupament dins la mat\u00e8ria: <\/b><span style=\"font-weight: 400;\">Tot l\u2019alumnat de tercer de l\u2019ESO participa en el projecte. Es treballa com una unitat did\u00e0ctica m\u00e9s. S&#8217;avalua la compet\u00e8ncia digital i social donada la import\u00e0ncia de les dues en la realitzaci\u00f3 del projecte. Es tracta d\u2019un projecte transversal on tamb\u00e9 es treballen compet\u00e8ncies pr\u00f2pies de l\u2019\u00e0mbit art\u00edstic.\u00a0<\/span><\/p>\n","protected":false},"excerpt":{"rendered":"<p>Des de fa uns cursos, el centre participa en projectes eTwinning. En aquests projectes, l\u2019Institut Jonqueres col\u00b7labora amb centres d\u2019arreu d\u2019Europa. La llengua vehicular \u00e9s l\u2019angl\u00e8s, s\u2019estableixen lligams i l\u2019alumnat amplia els seus coneixements acad\u00e8mics per\u00f2 tamb\u00e9 culturals. La seva mirada s\u2019amplia gr\u00e0cies a con\u00e8ixer les realitats dels companys\/es d\u2019altres pa\u00efsos. El professorat que participa [&hellip;]<\/p>\n","protected":false},"author":1,"featured_media":0,"parent":57,"menu_order":31,"comment_status":"closed","ping_status":"closed","template":"page-templates\/side-menu.php","meta":{"_bbp_topic_count":0,"_bbp_reply_count":0,"_bbp_total_topic_count":0,"_bbp_total_reply_count":0,"_bbp_voice_count":0,"_bbp_anonymous_reply_count":0,"_bbp_topic_count_hidden":0,"_bbp_reply_count_hidden":0,"_bbp_forum_subforum_count":0,"site-sidebar-layout":"default","site-content-layout":"","ast-site-content-layout":"","site-content-style":"default","site-sidebar-style":"default","ast-global-header-display":"","ast-banner-title-visibility":"","ast-main-header-display":"","ast-hfb-above-header-display":"","ast-hfb-below-header-display":"","ast-hfb-mobile-header-display":"","site-post-title":"","ast-breadcrumbs-content":"","ast-featured-img":"","footer-sml-layout":"","theme-transparent-header-meta":"","adv-header-id-meta":"","stick-header-meta":"","header-above-stick-meta":"","header-main-stick-meta":"","header-below-stick-meta":"","astra-migrate-meta-layouts":"default","ast-page-background-enabled":"default","ast-page-background-meta":{"desktop":{"background-color":"var(--ast-global-color-4)","background-image":"","background-repeat":"repeat","background-position":"center center","background-size":"auto","background-attachment":"scroll","background-type":"","background-media":"","overlay-type":"","overlay-color":"","overlay-opacity":"","overlay-gradient":""},"tablet":{"background-color":"","background-image":"","background-repeat":"repeat","background-position":"center center","background-size":"auto","background-attachment":"scroll","background-type":"","background-media":"","overlay-type":"","overlay-color":"","overlay-opacity":"","overlay-gradient":""},"mobile":{"background-color":"","background-image":"","background-repeat":"repeat","background-position":"center center","background-size":"auto","background-attachment":"scroll","background-type":"","background-media":"","overlay-type":"","overlay-color":"","overlay-opacity":"","overlay-gradient":""}},"ast-content-background-meta":{"desktop":{"background-color":"var(--ast-global-color-5)","background-image":"","background-repeat":"repeat","background-position":"center center","background-size":"auto","background-attachment":"scroll","background-type":"","background-media":"","overlay-type":"","overlay-color":"","overlay-opacity":"","overlay-gradient":""},"tablet":{"background-color":"var(--ast-global-color-5)","background-image":"","background-repeat":"repeat","background-position":"center center","background-size":"auto","background-attachment":"scroll","background-type":"","background-media":"","overlay-type":"","overlay-color":"","overlay-opacity":"","overlay-gradient":""},"mobile":{"background-color":"var(--ast-global-color-5)","background-image":"","background-repeat":"repeat","background-position":"center center","background-size":"auto","background-attachment":"scroll","background-type":"","background-media":"","overlay-type":"","overlay-color":"","overlay-opacity":"","overlay-gradient":""}},"footnotes":""},"class_list":["post-15082","page","type-page","status-publish","hentry"],"post_mailing_queue_ids":[],"_links":{"self":[{"href":"https:\/\/agora.xtec.cat\/iesjonqueres\/wp-json\/wp\/v2\/pages\/15082","targetHints":{"allow":["GET"]}}],"collection":[{"href":"https:\/\/agora.xtec.cat\/iesjonqueres\/wp-json\/wp\/v2\/pages"}],"about":[{"href":"https:\/\/agora.xtec.cat\/iesjonqueres\/wp-json\/wp\/v2\/types\/page"}],"author":[{"embeddable":true,"href":"https:\/\/agora.xtec.cat\/iesjonqueres\/wp-json\/wp\/v2\/users\/1"}],"replies":[{"embeddable":true,"href":"https:\/\/agora.xtec.cat\/iesjonqueres\/wp-json\/wp\/v2\/comments?post=15082"}],"version-history":[{"count":4,"href":"https:\/\/agora.xtec.cat\/iesjonqueres\/wp-json\/wp\/v2\/pages\/15082\/revisions"}],"predecessor-version":[{"id":15120,"href":"https:\/\/agora.xtec.cat\/iesjonqueres\/wp-json\/wp\/v2\/pages\/15082\/revisions\/15120"}],"up":[{"embeddable":true,"href":"https:\/\/agora.xtec.cat\/iesjonqueres\/wp-json\/wp\/v2\/pages\/57"}],"wp:attachment":[{"href":"https:\/\/agora.xtec.cat\/iesjonqueres\/wp-json\/wp\/v2\/media?parent=15082"}],"curies":[{"name":"wp","href":"https:\/\/api.w.org\/{rel}","templated":true}]}}