{"id":883,"date":"2016-04-18T08:36:49","date_gmt":"2016-04-18T07:36:49","guid":{"rendered":"http:\/\/agora.xtec.cat\/iesjoaquimmir\/?page_id=883"},"modified":"2025-04-01T18:55:24","modified_gmt":"2025-04-01T16:55:24","slug":"gestio-administrativa-ambit-juridic","status":"publish","type":"page","link":"https:\/\/agora.xtec.cat\/iesjoaquimmir\/ensenyaments\/cicles-formatius\/grau-mitja\/gestio-administrativa-ambit-juridic\/","title":{"rendered":"Gesti\u00f3 Administrativa \u00c0mbit Jur\u00eddic"},"content":{"rendered":"<p>&nbsp;<\/p>\n<p><a href=\"https:\/\/agora.xtec.cat\/iesjoaquimmir\/wp-content\/uploads\/usu530\/2023\/05\/asesor-legal-hero.png\"><img loading=\"lazy\" decoding=\"async\" class=\"alignnone wp-image-8548\" src=\"https:\/\/agora.xtec.cat\/iesjoaquimmir\/wp-content\/uploads\/usu530\/2023\/05\/asesor-legal-hero.png\" alt=\"\" width=\"243\" height=\"194\" srcset=\"https:\/\/agora.xtec.cat\/iesjoaquimmir\/wp-content\/uploads\/usu530\/2023\/05\/asesor-legal-hero.png 547w, https:\/\/agora.xtec.cat\/iesjoaquimmir\/wp-content\/uploads\/usu530\/2023\/05\/asesor-legal-hero-300x240.png 300w\" sizes=\"auto, (max-width: 243px) 100vw, 243px\" \/><\/a><\/p>\n<p><span lang=\"ca-ES\"><b>DURADA DELS ESTUDIS: <\/b><\/span><\/p>\n<p><span lang=\"ca-ES\">2.000 hores: <\/span><\/p>\n<ul>\n<li><span lang=\"ca-ES\">1485 hores en el centre educatiu<\/span><\/li>\n<li><span lang=\"ca-ES\">515 hores d&#8217;estada a l&#8217;empresa: 250h hores als Jutjats i 265h en despatxos d&#8217;advocats.\u00a0<\/span><\/li>\n<\/ul>\n<p><span lang=\"ca-ES\"><strong>Dos cursos <\/strong>acad\u00e8mics.<\/span><\/p>\n<p><span lang=\"ca-ES\"><b>GRAU: <\/b><\/span><b> <\/b><span lang=\"ca-ES\">CFGM<br \/>\n<\/span><span lang=\"ca-ES\"><b>FAM\u00cdLIA: <\/b><\/span><b> <\/b><span lang=\"ca-ES\">ADMINISTRACI\u00d3 I GESTI\u00d3<br \/>\n<\/span><b>HORARI:<\/b> TARDES<br \/>\n<b>TITULACI\u00d3 D\u2019ACC\u00c9S M\u00cdNIMA:<\/b> ESO O EQUIVALENTS<\/p>\n<p class=\"western\" align=\"justify\"><span style=\"font-size: medium;\"><span lang=\"ca-ES\"><b>QU\u00c8 S&#8217;ESTUDIA EN AQUEST CICLE?<\/b><\/span><\/span><\/p>\n<ul>\n<li class=\"western\">0437: Comunicaci\u00f3 empresarial i atenci\u00f3 al client.<\/li>\n<li class=\"western\">0438: Operacions administratives de compravenda.<\/li>\n<li class=\"western\">0439: Empresa i administraci\u00f3.<\/li>\n<li class=\"western\">0440: Tractament inform\u00e0tic de la informaci\u00f3.<\/li>\n<li class=\"western\">0441: T\u00e8cnica comptable.<\/li>\n<li class=\"western\">0442: Operacions administratives de recursos humans.<\/li>\n<li class=\"western\">0443: Tractament de la documentaci\u00f3 comptable.<\/li>\n<li class=\"western\">0446: Empresa a l\u2019aula.<\/li>\n<li class=\"western\">0448: Operacions auxiliars de gesti\u00f3 de tresoreria.<\/li>\n<li class=\"western\">0156: Angl\u00e8s professional.<\/li>\n<li class=\"western\">1665: Digitalitzaci\u00f3 aplicada als sectors productius.<\/li>\n<li class=\"western\">1708: Sostenibilitat aplicada al sistema productiu.<\/li>\n<li class=\"western\">1709: Itinerari per a l&#8217;ocupabilitat I.<\/li>\n<li class=\"western\">1710: Itinerari per a l&#8217;ocupabilitat II.<\/li>\n<li class=\"western\">1713: Projecte intermodular.<\/li>\n<li class=\"western\">C004. Organitzaci\u00f3 i estructura de l&#8217;\u00e0mbit judicial.<\/li>\n<li class=\"western\">C005. Tramitaci\u00f3 processal i auxili judicial.<\/li>\n<li class=\"western\">C056: Catal\u00e0 professional.<\/li>\n<\/ul>\n<p class=\"western\" align=\"justify\"><span style=\"font-size: medium;\"><span lang=\"ca-ES\"><b>QU\u00c8 SAP FER AQUEST\/A PROFESSIONAL?<\/b><\/span><\/span><\/p>\n<ul>\n<li>\n<p class=\"western\" align=\"justify\"><span style=\"font-size: medium;\"><span lang=\"ca-ES\">Exercir<\/span><\/span> <span style=\"font-size: medium;\"><span lang=\"ca-ES\">funcions<\/span><\/span> <span style=\"font-size: medium;\"><span lang=\"ca-ES\">de<\/span><\/span> <span style=\"font-size: medium;\"><span lang=\"ca-ES\">suport<\/span><\/span> <span style=\"font-size: medium;\"><span lang=\"ca-ES\">administratiu<\/span><\/span> <span style=\"font-size: medium;\"><span lang=\"ca-ES\">en<\/span><\/span> <span style=\"font-size: medium;\"><span lang=\"ca-ES\">l&#8217;\u00e0mbit<\/span><\/span> <span style=\"font-size: medium;\"><span lang=\"ca-ES\">laboral,<\/span><\/span> <span style=\"font-size: medium;\"><span lang=\"ca-ES\">comptable,<\/span><\/span> <span style=\"font-size: medium;\"><span lang=\"ca-ES\">comercial,<\/span><\/span> <span style=\"font-size: medium;\"><span lang=\"ca-ES\">financer<\/span><\/span> <span style=\"font-size: medium;\"><span lang=\"ca-ES\">i<\/span><\/span> <span style=\"font-size: medium;\"><span lang=\"ca-ES\">fiscal.<\/span><\/span> <span style=\"font-size: medium;\"><span lang=\"ca-ES\">Tamb\u00e9<\/span><\/span> <span style=\"font-size: medium;\"><span lang=\"ca-ES\">porta<\/span><\/span> <span style=\"font-size: medium;\"><span lang=\"ca-ES\">a<\/span><\/span> <span style=\"font-size: medium;\"><span lang=\"ca-ES\">terme tasques de suport a clients en empreses p\u00fabliques o privades.<\/span><\/span><\/p>\n<\/li>\n<li>\n<p class=\"western\" align=\"justify\"><span style=\"font-size: medium;\"><span lang=\"ca-ES\">L&#8217;orientaci\u00f3<\/span><\/span> <span style=\"font-size: medium;\"><span lang=\"ca-ES\">cap<\/span><\/span> <span style=\"font-size: medium;\"><span lang=\"ca-ES\">a<\/span><\/span> <span style=\"font-size: medium;\"><span lang=\"ca-ES\">l&#8217;\u00e0mbit<\/span><\/span> <span style=\"font-size: medium;\"><span lang=\"ca-ES\">jur\u00eddic<\/span><\/span> <span style=\"font-size: medium;\"><span lang=\"ca-ES\">capacita<\/span><\/span> <span style=\"font-size: medium;\"><span lang=\"ca-ES\">per<\/span><\/span> <span style=\"font-size: medium;\"><span lang=\"ca-ES\">a<\/span><\/span> <span style=\"font-size: medium;\"><span lang=\"ca-ES\">la<\/span><\/span> <span style=\"font-size: medium;\"><span lang=\"ca-ES\">realitzaci\u00f3<\/span><\/span> <span style=\"font-size: medium;\"><span lang=\"ca-ES\">de<\/span><\/span> <span style=\"font-size: medium;\"><span lang=\"ca-ES\">les<\/span><\/span> <span style=\"font-size: medium;\"><span lang=\"ca-ES\">activitats<\/span><\/span> <span style=\"font-size: medium;\"><span lang=\"ca-ES\">de<\/span><\/span> <span style=\"font-size: medium;\"><span lang=\"ca-ES\">suport<\/span><\/span> <span style=\"font-size: medium;\"><span lang=\"ca-ES\">administratiu<\/span><\/span> <span style=\"font-size: medium;\"><span lang=\"ca-ES\">en<\/span><\/span> <span style=\"font-size: medium;\"><span lang=\"ca-ES\">l&#8217;\u00e0mbit<\/span><\/span> <span style=\"font-size: medium;\"><span lang=\"ca-ES\">jur\u00eddic privat i per a les activitats de tramitaci\u00f3 processal i administrativa de l&#8217;Administraci\u00f3 de Just\u00edcia de Catalunya.<\/span><\/span><\/p>\n<\/li>\n<\/ul>\n<p class=\"western\" align=\"justify\"><span style=\"font-size: medium;\"><span lang=\"ca-ES\"><b>DE QU\u00c8 POT TREBALLAR?<\/b><\/span><\/span><\/p>\n<ul>\n<li>\n<p class=\"western\" align=\"justify\"><span style=\"font-size: medium;\"><span lang=\"ca-ES\">Auxiliar administratiu o auxiliar administrativa<\/span><\/span><\/p>\n<\/li>\n<li>\n<p class=\"western\" align=\"justify\"><span style=\"font-size: medium;\"><span lang=\"ca-ES\">Ajudant\/a d&#8217;oficina<\/span><\/span><\/p>\n<\/li>\n<li>\n<p class=\"western\" align=\"justify\"><span style=\"font-size: medium;\"><span lang=\"ca-ES\">Auxiliar administratiu o auxiliar administrativa de cobraments i pagaments<\/span><\/span><\/p>\n<\/li>\n<li>\n<p class=\"western\" align=\"justify\"><span style=\"font-size: medium;\"><span lang=\"ca-ES\">Administratiu\/va comercial<\/span><\/span><\/p>\n<\/li>\n<li>\n<p class=\"western\" align=\"justify\"><span style=\"font-size: medium;\"><span lang=\"ca-ES\">Auxiliar administratiu o auxiliar administrativa de gesti\u00f3 personal<\/span><\/span><\/p>\n<\/li>\n<li>\n<p class=\"western\" align=\"justify\"><span style=\"font-size: medium;\"><span lang=\"ca-ES\">Auxiliar administratiu o auxiliar administrativa de les administracions p\u00fabliques<\/span><\/span><\/p>\n<\/li>\n<li>\n<p class=\"western\" align=\"justify\"><span style=\"font-size: medium;\"><span lang=\"ca-ES\">Recepcionista<\/span><\/span><\/p>\n<\/li>\n<li>\n<p class=\"western\" align=\"justify\"><span style=\"font-size: medium;\"><span lang=\"ca-ES\">Empleat\/a d&#8217;atenci\u00f3 al p\u00fablic<\/span><\/span><\/p>\n<\/li>\n<li>\n<p class=\"western\" align=\"justify\"><span style=\"font-size: medium;\"><span lang=\"ca-ES\">Empleat\/a de tresoreria<\/span><\/span><\/p>\n<\/li>\n<li>\n<p class=\"western\" align=\"justify\"><span style=\"font-size: medium;\"><span lang=\"ca-ES\">Empleat\/a en mitjans de pagament<\/span><\/span><\/p>\n<\/li>\n<li>\n<p class=\"western\" align=\"justify\"><span style=\"font-size: medium;\"><span lang=\"ca-ES\">Auxiliar administratiu o auxiliar administrativa del sector jur\u00eddic privat<\/span><\/span><\/p>\n<\/li>\n<li>\n<p class=\"western\" align=\"justify\"><span style=\"font-size: medium;\"><span lang=\"ca-ES\">Auxili judicial<\/span><\/span><\/p>\n<\/li>\n<li>\n<p class=\"western\" align=\"justify\"><span style=\"font-size: medium;\"><span lang=\"ca-ES\">Tramitador\/a processal i administratiu\/va<\/span><\/span><\/p>\n<\/li>\n<\/ul>\n<p class=\"western\" lang=\"ca-ES\" align=\"justify\"><span style=\"font-size: medium;\"><span lang=\"ca-ES\"><b>QUINES S\u00d3N LES RAONS PER ESTUDIAR GESTI\u00d3 ADMINISTRATIVA D\u2019\u00c0MBIT JUR\u00cdDIC?<\/b><\/span><\/span><\/p>\n<ul>\n<li>\n<p class=\"western\" align=\"justify\"><span style=\"font-size: medium;\"><span lang=\"ca-ES\">Perqu\u00e8 sempre han estat necess\u00e0ries les tasques administratives en qualsevol sector econ\u00f2mic, no nom\u00e9s en el m\u00f3n de l\u2019empresa sin\u00f3 tamb\u00e9 en sectors serveis (escoles, advocats, metges, bancs, comer\u00e7os de qualsevol tipus, \u2026)<\/span><\/span><\/p>\n<\/li>\n<li>\n<p class=\"western\" align=\"justify\"><span style=\"font-size: medium;\"><span lang=\"ca-ES\">Perqu\u00e8 les tasques administratives de recolzament s\u00f3n necess\u00e0ries en l\u2019\u00e0mbit laboral, comptable, comercial, financer, fiscal, etc. tant en l\u2019\u00e0mbit p\u00fablic (oposicions) com privat.<\/span><\/span><\/p>\n<\/li>\n<li>\n<p class=\"western\" align=\"justify\"><span style=\"font-size: medium;\"><span lang=\"ca-ES\">Perqu\u00e8 la correcta atenci\u00f3 al client\/usuari \u00e9s imprescindible per a la superviv\u00e8ncia d\u2019un negoci.<\/span><\/span><\/p>\n<\/li>\n<li>\n<p class=\"western\" align=\"justify\"><span style=\"font-size: medium;\"><span lang=\"ca-ES\">Perqu\u00e8 hi ha una gran demanda de professionals en aquest \u00e0mbit.<\/span><\/span><\/p>\n<\/li>\n<li>\n<p class=\"western\" align=\"justify\"><span style=\"font-size: medium;\"><span lang=\"ca-ES\">Perqu\u00e8 aquesta titulaci\u00f3 \u00e9s un <\/span><\/span><span style=\"font-size: medium;\"><span lang=\"ca-ES\"><u>m\u00e8rit afegit per accedir a la borsa de treball del Departament de Just\u00edcia o presentar-se a les seves oposicions<\/u><\/span><\/span><span style=\"font-size: medium;\"><span lang=\"ca-ES\">.<\/span><\/span><\/p>\n<\/li>\n<\/ul>\n<p class=\"western\" lang=\"ca-ES\" align=\"justify\"><span style=\"font-size: medium;\"><span lang=\"ca-ES\"><b>QUINES S\u00d3N LES RAONS PER ESTUDIAR AMB NOSALTRES GESTI\u00d3 ADMINISTRATIVA \u00c0MBIT JUR\u00cdDIC?<\/b><\/span><\/span><\/p>\n<ul>\n<li>\n<p class=\"western\" align=\"justify\"><span style=\"font-size: medium;\"><span lang=\"ca-ES\">Amb un sol cicle obtindr\u00e0s una\u00a0<\/span><\/span><span lang=\"ca-ES\"><u><span style=\"font-size: medium;\">doble titulaci\u00f3<\/span><\/u><\/span><span style=\"font-size: medium;\"><span lang=\"ca-ES\">: el t\u00edtol de\u00a0<\/span><\/span><span lang=\"ca-ES\"><span style=\"font-size: medium;\">T\u00e8cnic en Gesti\u00f3 Administrativa<\/span><\/span><span style=\"font-size: medium;\"><span lang=\"ca-ES\">\u00a0i una <\/span><\/span><span lang=\"ca-ES\"><span style=\"font-size: medium;\">certificaci\u00f3 d\u2019especialitzaci\u00f3 en \u00e0mbit jur\u00eddic emesa pel Departament de Just\u00edcia de la Generalitat de Catalunya, certificaci\u00f3 que \u00e9s un m\u00e8rit a les oposicions al propi Departament de Just\u00edcia i a la seva borsa d\u2019interins.<\/span><\/span><\/p>\n<\/li>\n<li>\n<p class=\"western\" align=\"justify\"><span lang=\"ca-ES\"><span style=\"font-size: medium;\">Som un del <\/span><\/span><span lang=\"ca-ES\"><u><span style=\"font-size: medium;\">pocs centres\u00a0<\/span><\/u><\/span><span style=\"font-size: medium;\"><span lang=\"ca-ES\"><u>a Catalunya<\/u><\/span><\/span><span style=\"font-size: medium;\"><span lang=\"ca-ES\"> que oferim un curr\u00edculum complimentat amb l\u2019aprenentatge de\u00a0<\/span><\/span><span lang=\"ca-ES\"><span style=\"font-size: medium;\">tasques administratives de suport en l\u2019\u00e0mbit jur\u00eddic privat<\/span><\/span><span style=\"font-size: medium;\"><span lang=\"ca-ES\">\u00a0(advocats, graduats socials, procuradors, notaris)\u00a0<\/span><\/span><span lang=\"ca-ES\"><span style=\"font-size: medium;\">i en l\u2019\u00e0mbit p\u00fablic de l\u2019Administraci\u00f3 de Just\u00edcia a Catalunya.<\/span><\/span><\/p>\n<\/li>\n<li>\n<p class=\"western\" align=\"justify\"><span lang=\"ca-ES\"><span style=\"font-size: medium;\">Xerrades de professionals<\/span><\/span><span style=\"font-size: medium;\"><span lang=\"ca-ES\">\u00a0que treballen en diferents sectors empresarials.<\/span><\/span><\/p>\n<\/li>\n<li>\n<p class=\"western\" align=\"justify\"><span lang=\"ca-ES\"><span style=\"font-size: medium;\">Visites professionalitzadores <\/span><\/span><span style=\"font-size: medium;\"><span lang=\"ca-ES\">que amplien els continguts curriculars.<\/span><\/span><\/p>\n<\/li>\n<li>\n<p class=\"western\" align=\"justify\"><span lang=\"ca-ES\"><span style=\"font-size: medium;\">Professorat constantment actualitzats\u00a0<\/span><\/span><span style=\"font-size: medium;\"><span lang=\"ca-ES\">en el sector.<\/span><\/span><\/p>\n<\/li>\n<li>\n<p class=\"western\" align=\"justify\"><span style=\"font-size: medium;\"><span lang=\"ca-ES\">Un\u00a0<\/span><\/span><span lang=\"ca-ES\"><span style=\"font-size: medium;\">tutor<\/span><\/span><span style=\"font-size: medium;\"><span lang=\"ca-ES\">\u00a0que t\u2019ajudar\u00e0 a construir el teu curr\u00edculum segons els teus interessos, que t&#8217;orientar\u00e0 i t&#8217;acompanyar\u00e0 en el proc\u00e9s acad\u00e8mic i personal.<\/span><\/span><\/p>\n<\/li>\n<\/ul>\n<p class=\"western\" lang=\"ca-ES\" align=\"justify\"><span style=\"font-size: medium;\"><span lang=\"ca-ES\"><b>COM SERAN LES PR\u00c0CTIQUES?<\/b><\/span><\/span><\/p>\n<p class=\"western\" align=\"justify\"><span style=\"font-size: medium;\"><span lang=\"ca-ES\">Durada de l&#8217;estada a l&#8217;empresa: 515 hores, repartides en: <\/span><\/span><\/p>\n<ul>\n<li>\n<p class=\"western\" align=\"justify\"><span style=\"font-size: medium;\"><span lang=\"ca-ES\">250 hores en depend\u00e8ncies d\u2019un organisme p\u00fablic de Just\u00edcia <\/span><\/span><span style=\"font-size: medium;\">de la Generalitat de Catalunya<\/span><span style=\"font-size: medium;\"><span lang=\"ca-ES\"> (sector p\u00fablic).<\/span><\/span><\/p>\n<\/li>\n<li>\n<p class=\"western\" align=\"justify\"><span style=\"font-size: medium;\"><span lang=\"ca-ES\">265 hores en despatxos i gabinets d\u2019advocats (sector privat).<\/span><\/span><\/p>\n<\/li>\n<\/ul>\n<p class=\"western\" lang=\"ca-ES\" align=\"justify\"><span style=\"font-size: medium;\"><span lang=\"ca-ES\"><b>PLA D&#8217;ACTIVITATS DE LES PR\u00c0CTIQUES:<\/b><\/span><\/span><\/p>\n<ul>\n<li>\n<p class=\"western\" align=\"justify\"><span style=\"font-size: medium;\"><span lang=\"ca-ES\">Relacionades amb la recepci\u00f3, l&#8217;organitzaci\u00f3 i la transmissi\u00f3 de la informaci\u00f3 i la comunicaci\u00f3 a l&#8217;empresa, el sistemes d&#8217;arxiu i els registres. <\/span><\/span><\/p>\n<\/li>\n<li>\n<p class=\"western\" align=\"justify\"><span style=\"font-size: medium;\"><span lang=\"ca-ES\">Relacionades amb l&#8217;atenci\u00f3 als clients\/usuaris. <\/span><\/span><\/p>\n<\/li>\n<li>\n<p class=\"western\" align=\"justify\"><span style=\"font-size: medium;\"><span lang=\"ca-ES\">Relacionades amb les \u00e0rees de aprovisionament i emmagatzematge. <\/span><\/span><\/p>\n<\/li>\n<li>\n<p class=\"western\" align=\"justify\"><span style=\"font-size: medium;\"><span lang=\"ca-ES\">Relacionades amb el suport a l&#8217;\u00e0rea de recursos humans.<\/span><\/span><\/p>\n<\/li>\n<li>\n<p class=\"western\" align=\"justify\"><span style=\"font-size: medium;\"><span lang=\"ca-ES\">Relacionades amb l&#8217;\u00e0rea comercial. <\/span><\/span><\/p>\n<\/li>\n<li>\n<p class=\"western\" align=\"justify\"><span style=\"font-size: medium;\"><span lang=\"ca-ES\">Relacionades amb l&#8217;\u00e0rea comptable i fiscal. <\/span><\/span><\/p>\n<\/li>\n<li>\n<p class=\"western\" align=\"justify\"><span style=\"font-size: medium;\"><span lang=\"ca-ES\">Relacionades amb el suport a l&#8217;\u00e0rea financera i\/o d&#8217;assegurances. <\/span><\/span><\/p>\n<\/li>\n<li>\n<p class=\"western\" align=\"justify\"><span style=\"font-size: medium;\"><span lang=\"ca-ES\">Relacionades amb el suport administratiu a equips de treball. <\/span><\/span><\/p>\n<\/li>\n<li>\n<p class=\"western\" align=\"justify\"><span style=\"font-size: medium;\"><span lang=\"ca-ES\">Relacionades amb serveis prestats en els Registres P\u00fablics. <\/span><\/span><\/p>\n<\/li>\n<li>\n<p class=\"western\" align=\"justify\"><span style=\"font-size: medium;\"><span lang=\"ca-ES\">Relacionades amb el coneixement de l&#8217;oficina judicial\/fiscalia.<\/span><\/span><\/p>\n<\/li>\n<\/ul>\n<h4 class=\"western\"><strong>Descarregar full informatiu<\/strong><\/h4>\n<p><strong><a href=\"https:\/\/agora.xtec.cat\/iesjoaquimmir\/wp-content\/uploads\/usu530\/2025\/03\/GAJ.pdf\" target=\"_blank\" rel=\"noopener noreferrer\">Tr\u00edptic Gesti\u00f3 administrativa \u00e0mbit jur\u00eddic<\/a><\/strong><\/p>\n","protected":false},"excerpt":{"rendered":"<p>&nbsp;<br \/>\n<a href=\"https:\/\/agora.xtec.cat\/iesjoaquimmir\/wp-content\/uploads\/usu530\/2023\/05\/asesor-legal-hero.png\"><\/a><br \/>\nDURADA DELS ESTUDIS:<br \/>\n2.000 hores: <\/p>\n<ul>\n<li>1485 hores en el centre educatiu<\/li>\n<li>515 hores d&#8217;estada a l&#8217;empresa: 250h hores als Jutjats i 265h en despatxos d&#8217;advocats.\u00a0<\/li>\n<\/ul>\n<p>Dos cursos acad\u00e8mics.<br \/>\nGRAU:  CFGM<br \/>\nFAM\u00cdLIA:  ADMINISTRACI\u00d3 I GESTI\u00d3<br \/>\nHORARI: TARDES<br \/>\nTITULACI\u00d3 D\u2019ACC\u00c9S M\u00cdNIMA: ESO O EQUIVALENTS<br \/>\nQU\u00c8 S&#8217;ESTUDIA EN AQUEST CICLE?<\/p>\n<ul>\n<li class=\"western\">0437: Comunicaci\u00f3&hellip;  <a href=\"https:\/\/agora.xtec.cat\/iesjoaquimmir\/ensenyaments\/cicles-formatius\/grau-mitja\/gestio-administrativa-ambit-juridic\/\" title=\"Read Gesti\u00f3 Administrativa \u00c0mbit Jur\u00eddic\">Llegeix m\u00e9s\u00bb<\/a><br \/>\n","protected":false},"author":4,"featured_media":0,"parent":709,"menu_order":0,"comment_status":"closed","ping_status":"closed","template":"","meta":{"_bbp_topic_count":0,"_bbp_reply_count":0,"_bbp_total_topic_count":0,"_bbp_total_reply_count":0,"_bbp_voice_count":0,"_bbp_anonymous_reply_count":0,"_bbp_topic_count_hidden":0,"_bbp_reply_count_hidden":0,"_bbp_forum_subforum_count":0,"footnotes":""},"class_list":["post-883","page","type-page","status-publish","hentry"],"post_mailing_queue_ids":[],"_links":{"self":[{"href":"https:\/\/agora.xtec.cat\/iesjoaquimmir\/wp-json\/wp\/v2\/pages\/883","targetHints":{"allow":["GET"]}}],"collection":[{"href":"https:\/\/agora.xtec.cat\/iesjoaquimmir\/wp-json\/wp\/v2\/pages"}],"about":[{"href":"https:\/\/agora.xtec.cat\/iesjoaquimmir\/wp-json\/wp\/v2\/types\/page"}],"author":[{"embeddable":true,"href":"https:\/\/agora.xtec.cat\/iesjoaquimmir\/wp-json\/wp\/v2\/users\/4"}],"replies":[{"embeddable":true,"href":"https:\/\/agora.xtec.cat\/iesjoaquimmir\/wp-json\/wp\/v2\/comments?post=883"}],"version-history":[{"count":7,"href":"https:\/\/agora.xtec.cat\/iesjoaquimmir\/wp-json\/wp\/v2\/pages\/883\/revisions"}],"predecessor-version":[{"id":10420,"href":"https:\/\/agora.xtec.cat\/iesjoaquimmir\/wp-json\/wp\/v2\/pages\/883\/revisions\/10420"}],"up":[{"embeddable":true,"href":"https:\/\/agora.xtec.cat\/iesjoaquimmir\/wp-json\/wp\/v2\/pages\/709"}],"wp:attachment":[{"href":"https:\/\/agora.xtec.cat\/iesjoaquimmir\/wp-json\/wp\/v2\/media?parent=883"}],"curies":[{"name":"wp","href":"https:\/\/api.w.org\/{rel}","templated":true}]}}