{"id":8185,"date":"2023-03-22T17:19:31","date_gmt":"2023-03-22T16:19:31","guid":{"rendered":"https:\/\/agora.xtec.cat\/iesjoaquimmir\/?page_id=8185"},"modified":"2025-03-31T20:43:24","modified_gmt":"2025-03-31T18:43:24","slug":"transport-i-logistica","status":"publish","type":"page","link":"https:\/\/agora.xtec.cat\/iesjoaquimmir\/ensenyaments\/cicles-formatius\/grau-superior\/transport-i-logistica\/","title":{"rendered":"Transport i Log\u00edstica"},"content":{"rendered":"<h4><a href=\"https:\/\/agora.xtec.cat\/iesjoaquimmir\/wp-content\/uploads\/usu530\/2023\/03\/TIL.jpg\"><img loading=\"lazy\" decoding=\"async\" class=\"alignnone wp-image-8211\" src=\"https:\/\/agora.xtec.cat\/iesjoaquimmir\/wp-content\/uploads\/usu530\/2023\/03\/TIL-1024x682.jpg\" alt=\"\" width=\"374\" height=\"265\" \/><\/a><\/h4>\n<h4><strong>Durada dels estudis<\/strong><\/h4>\n<p>1485 hores en el centre educatiu 515 hores <span lang=\"ca-ES\">d&#8217;estada a l&#8217;empresa simult\u00e0niament<\/span><\/p>\n<p>Dos\u00a0cursos acade\u0300mics.<\/p>\n<h4><strong>Objectius<\/strong><\/h4>\n<p>Capacitar per organitzar, gestionar i controlar les operacions del transport de mercaderies i de viatgers en l&#8217;\u00e0mbit nacional i internacional, i per planificar i gestionar les activitats log\u00edstiques d&#8217;una empresa, d&#8217;acord amb la normativa vigent i els objectius establerts per la direcci\u00f3 de l&#8217;empresa, en el marc de la qualitat, seguretat i respecte pel medi ambient.<\/p>\n<h4><strong>Sortides Professionals<\/strong><\/h4>\n<ul>\n<li>Cap de tr\u00e0nsit d&#8217;empreses de transport de viatgers per carretera o d&#8217;operacions<\/li>\n<li>Inspector\/a de transport de viatgers per carretera<\/li>\n<li>Cap d&#8217;estaci\u00f3 d&#8217;autobusos<\/li>\n<li>Gerent, gestor\/a o comercial d\u2019empreses i serveis de transport<\/li>\n<li>Cap de circulaci\u00f3<\/li>\n<li>Agent de transports o de c\u00e0rrega<\/li>\n<li>Operador\/a de transport porta a porta<\/li>\n<li>Transitari\/\u00e0ria<\/li>\n<li>Consignatari\/\u00e0ria de vaixells<\/li>\n<li>Operador\/a o coordinador\/a log\u00edstic\/a<\/li>\n<li>Cap de magatzem<\/li>\n<li>T\u00e8cnic\/a en log\u00edstica del transport<\/li>\n<li>T\u00e8cnic\/a en log\u00edstica inversa<\/li>\n<\/ul>\n<h4><strong>M\u00f2duls<\/strong><\/h4>\n<ul>\n<li>0622 Transport internacional de mercaderies<\/li>\n<li>0623 Gesti\u00f3 econ\u00f2mica i financera de l\u2019empresa<\/li>\n<li>0625 Log\u00edstica d\u2019emmagatzematge<\/li>\n<li>0627 Gesti\u00f3 administrativa del comer\u00e7 internacional<\/li>\n<li>0179 Angl\u00e8s professional (GS)<\/li>\n<li>C002 Segona llengua estrangera<\/li>\n<li>1709 Itinerari personal per a l\u2019ocupabilitat I<\/li>\n<li>1665 Digitalitzaci\u00f3 aplicada als sectors productius (GM)<\/li>\n<li>1708 Sostenibilitat aplicada al sistema productiu<\/li>\n<li>M\u00f2dul escollit pel centre<\/li>\n<li>0621 Gesti\u00f3 administrativa del transport i la log\u00edstica<\/li>\n<li>0624 Comercialitzaci\u00f3 del transport i la log\u00edstica<\/li>\n<li>0626 Log\u00edstica d\u2019aprovisionament<\/li>\n<li>0628 Organitzaci\u00f3 del transport de viatgers<\/li>\n<li>C022 Organitzaci\u00f3 d\u2019altres serveis de transport<\/li>\n<li>0629 Organitzaci\u00f3 del transport de mercaderies<\/li>\n<li>1713 Projecte intermodular<\/li>\n<li>1710 Itinerari personal per a l\u2019ocupabilitat II<\/li>\n<\/ul>\n<h4><strong>Descarregar full informatiu<\/strong><\/h4>\n<p><a href=\"https:\/\/agora.xtec.cat\/iesjoaquimmir\/wp-content\/uploads\/usu530\/2025\/03\/TIL.pdf\" target=\"_blank\" rel=\"noopener\"><strong>Tr\u00edptic Transport i Log\u00edstica<\/strong><\/a><\/p>\n","protected":false},"excerpt":{"rendered":"<p><a href=\"https:\/\/agora.xtec.cat\/iesjoaquimmir\/wp-content\/uploads\/usu530\/2023\/03\/TIL.jpg\"><\/a><br \/>\nDurada dels estudis<br \/>\n1485 hores en el centre educatiu 515 hores d&#8217;estada a l&#8217;empresa simult\u00e0niament<br \/>\nDos\u00a0cursos acade\u0300mics.<br \/>\nObjectius<br \/>\nCapacitar per organitzar, gestionar i controlar les operacions del transport de mercaderies i de viatgers en l&#8217;\u00e0mbit nacional i internacional, i per planificar i gestionar les activitats log\u00edstiques d&#8217;una empresa,&hellip;  <a href=\"https:\/\/agora.xtec.cat\/iesjoaquimmir\/ensenyaments\/cicles-formatius\/grau-superior\/transport-i-logistica\/\" title=\"Read Transport i Log\u00edstica\">Llegeix m\u00e9s\u00bb<\/a><\/p>\n","protected":false},"author":16,"featured_media":0,"parent":711,"menu_order":0,"comment_status":"closed","ping_status":"closed","template":"","meta":{"_bbp_topic_count":0,"_bbp_reply_count":0,"_bbp_total_topic_count":0,"_bbp_total_reply_count":0,"_bbp_voice_count":0,"_bbp_anonymous_reply_count":0,"_bbp_topic_count_hidden":0,"_bbp_reply_count_hidden":0,"_bbp_forum_subforum_count":0,"footnotes":""},"class_list":["post-8185","page","type-page","status-publish","hentry"],"post_mailing_queue_ids":[],"_links":{"self":[{"href":"https:\/\/agora.xtec.cat\/iesjoaquimmir\/wp-json\/wp\/v2\/pages\/8185","targetHints":{"allow":["GET"]}}],"collection":[{"href":"https:\/\/agora.xtec.cat\/iesjoaquimmir\/wp-json\/wp\/v2\/pages"}],"about":[{"href":"https:\/\/agora.xtec.cat\/iesjoaquimmir\/wp-json\/wp\/v2\/types\/page"}],"author":[{"embeddable":true,"href":"https:\/\/agora.xtec.cat\/iesjoaquimmir\/wp-json\/wp\/v2\/users\/16"}],"replies":[{"embeddable":true,"href":"https:\/\/agora.xtec.cat\/iesjoaquimmir\/wp-json\/wp\/v2\/comments?post=8185"}],"version-history":[{"count":6,"href":"https:\/\/agora.xtec.cat\/iesjoaquimmir\/wp-json\/wp\/v2\/pages\/8185\/revisions"}],"predecessor-version":[{"id":10431,"href":"https:\/\/agora.xtec.cat\/iesjoaquimmir\/wp-json\/wp\/v2\/pages\/8185\/revisions\/10431"}],"up":[{"embeddable":true,"href":"https:\/\/agora.xtec.cat\/iesjoaquimmir\/wp-json\/wp\/v2\/pages\/711"}],"wp:attachment":[{"href":"https:\/\/agora.xtec.cat\/iesjoaquimmir\/wp-json\/wp\/v2\/media?parent=8185"}],"curies":[{"name":"wp","href":"https:\/\/api.w.org\/{rel}","templated":true}]}}