{"id":8135,"date":"2023-03-03T19:27:35","date_gmt":"2023-03-03T18:27:35","guid":{"rendered":"https:\/\/agora.xtec.cat\/iesjoaquimmir\/?page_id=8135"},"modified":"2026-04-07T21:05:56","modified_gmt":"2026-04-07T19:05:56","slug":"programa-de-formacio-i-insercio-pfi-informatica","status":"publish","type":"page","link":"https:\/\/agora.xtec.cat\/iesjoaquimmir\/secretaria\/programa-de-formacio-i-insercio-pfi-informatica\/","title":{"rendered":"Matr\u00edcula PFI"},"content":{"rendered":"<p>&nbsp;<\/p>\n<p style=\"text-align: center;\"><strong><span style=\"color: #008080;\">Seguiment del calendari de preinscripci\u00f3 i matr\u00edcula 2026-27<\/span><br \/>\n<\/strong><\/p>\n<p><span style=\"color: #ff0000;\">Els enlla\u00e7os i les dates d&#8217;aquesta p\u00e0gina s&#8217;actualitzaran a mesura que tinguem m\u00e9s informaci\u00f3.<\/span><\/p>\n<table style=\"border-collapse: collapse; width: 100%;\">\n<tbody>\n<tr>\n<td style=\"width: 20.1509%;\"><strong><span style=\"color: #008080;\">30 d&#8217;abril de 2026<\/span><\/strong><\/td>\n<td style=\"width: 79.8491%;\"><strong>Publicaci\u00f3 de l&#8217;oferta inicial de places: <span style=\"color: #3366ff;\">PENDENT<\/span> <span style=\"color: #008080;\">\u00a0<\/span><\/strong><\/td>\n<\/tr>\n<tr>\n<td style=\"width: 20.1509%;\"><strong><span style=\"color: #008080;\">4 al 13 de maig de 2026<\/span><\/strong><\/td>\n<td style=\"width: 79.8491%;\"><strong><span style=\"color: #008080;\"><span style=\"color: #000000;\">Presentaci\u00f3 de la sol\u00b7licitud.<\/span><\/span><\/strong><\/td>\n<\/tr>\n<tr>\n<td style=\"width: 20.1509%;\"><strong><span style=\"color: #008080;\">Fins al 14 de maig de 2026<\/span><\/strong><\/td>\n<td style=\"width: 79.8491%;\"><strong>Presentaci\u00f3 de documentaci\u00f3: <\/strong>Fins aquest dia es pot presentar la documentaci\u00f3 acreditativa que no s&#8217;hagi pogut adjuntar durant el per\u00edode de presentaci\u00f3 de sol\u00b7licituds.<\/td>\n<\/tr>\n<tr>\n<td style=\"width: 20.1509%;\"><strong><span style=\"color: #008080;\">4 al 26 de maig de 2026 a les 14 hores<\/span><\/strong><\/td>\n<td style=\"width: 79.8491%;\"><strong>Entrevistes d&#8217;orientaci\u00f3 i valoraci\u00f3<\/strong><\/td>\n<\/tr>\n<tr>\n<td style=\"width: 20.1509%;\"><strong><span style=\"color: #008080;\">28 de maig de 2026<\/span><\/strong><\/td>\n<td style=\"width: 79.8491%;\"><strong>Publicaci\u00f3 de la llista de sol\u00b7licituds presentades a cada centre amb la puntuaci\u00f3 provisional: <span style=\"color: #3366ff;\">PENDENT<\/span><\/strong><\/td>\n<\/tr>\n<tr>\n<td style=\"width: 20.1509%;\"><strong><span style=\"color: #008080;\">28 de maig al 3 de juny de 2026<\/span><\/strong><\/td>\n<td style=\"width: 79.8491%;\"><span style=\"color: #000000;\"><strong>Termini per presentar una reclamaci\u00f3 fent servir <strong style=\"font-family: inherit; font-size: 1em;\"> l&#8217;eina electr\u00f2nica per a presentar reclamacions.<\/strong><\/strong><\/span><\/td>\n<\/tr>\n<tr>\n<td style=\"width: 20.1509%;\"><strong><span style=\"color: #008080;\">8 de juny de 2026<\/span><\/strong><\/td>\n<td style=\"width: 79.8491%;\"><strong>Publicaci\u00f3 de la llista de sol\u00b7licituds presentades a cada centre un cop resoltes les reclamacions: <span style=\"color: #3366ff;\">PENDENT<\/span><\/strong><\/td>\n<\/tr>\n<tr>\n<td style=\"width: 20.1509%;\"><strong><span style=\"color: #008080;\">8 de juny de 2026, a les 11 hores, als serveis centrals del Departament d&#8217;educaci\u00f3.<\/span><\/strong><\/td>\n<td style=\"width: 79.8491%;\"><strong>Sorteig per resoldre les sol\u00b7licituds de preinscripci\u00f3 empatades en punts.<\/strong><\/td>\n<\/tr>\n<tr>\n<td style=\"width: 20.1509%;\"><strong><span style=\"color: #008080;\">11 de juny de 2026<\/span><\/strong><\/td>\n<td style=\"width: 79.8491%;\"><strong>Publicaci\u00f3 de la llista ordenada: <span style=\"color: #3366ff;\">PENDENT<\/span><\/strong><\/td>\n<\/tr>\n<tr>\n<td style=\"width: 20.1509%;\"><strong><span style=\"color: #008080;\">25 al 29 de juny de 2026<\/span><\/strong><\/td>\n<td style=\"width: 79.8491%;\"><strong>Ampliaci\u00f3 de peticions de preinscripci\u00f3 per a alumnes sense pla\u00e7a assignada a cap centre.<\/strong><\/td>\n<\/tr>\n<tr>\n<td style=\"width: 20.1509%;\"><strong><span style=\"color: #008080;\">3 de juliol de 2026<\/span><\/strong><\/td>\n<td style=\"width: 79.8491%;\"><strong>Publicaci\u00f3 de l&#8217;oferta final de places: <span style=\"color: #3366ff;\">PENDENT<\/span><\/strong><\/p>\n<p><strong>Publicaci\u00f3 de la llista d&#8217;alumnes admesos: <span style=\"color: #3366ff;\">PENDENT<\/span><\/strong><\/p>\n<p><strong>Publicaci\u00f3 de la llista d&#8217;espera: <span style=\"color: #3366ff;\">PENDENT<\/span><\/strong><\/td>\n<\/tr>\n<tr>\n<td style=\"width: 20.1509%;\"><strong><span style=\"color: #008080;\">6 al 10 de juliol de 2026<\/span><\/strong><\/td>\n<td style=\"width: 79.8491%;\"><strong><span style=\"color: #008080;\"><span style=\"color: #000000;\">Per\u00edode de matr\u00edculaci\u00f3 al centre.<\/span><\/span><\/strong><\/p>\n<p><strong><span style=\"font-family: inherit; font-size: 1em;\">Rebreu un correu amb la documentaci\u00f3 que heu de portar a la secretaria del centre<\/span>.\u00a0<\/strong><\/p>\n<h5><span style=\"color: #ff0000;\"><b>L\u2019alumnat que no formalitza la matr\u00edcula en el per\u00edode establert es considera que renuncien a la pla\u00e7a adjudicada<\/b><\/span><\/h5>\n<\/td>\n<\/tr>\n<tr>\n<td style=\"width: 20.1509%;\"><strong><span style=\"color: #008080;\">\u00a0<\/span><\/strong><\/td>\n<td style=\"width: 79.8491%;\"><strong><span style=\"color: #008080;\"><span style=\"color: #000000;\">\u00a0<\/span><\/span><\/strong><\/td>\n<\/tr>\n<\/tbody>\n<\/table>\n<div class=\"addtoany_share_save_container addtoany_content addtoany_content_bottom\">\n<div class=\"a2a_kit a2a_kit_size_25 addtoany_list\" data-a2a-url=\"https:\/\/agora.xtec.cat\/iesjoaquimmir\/?page_id=709\" data-a2a-title=\"Grau Mitj\u00e0\"><strong>\ud83d\udce2 M\u00e9s informaci\u00f3 a la web <a href=\"https:\/\/preinscripcio.gencat.cat\/ca\/estudis\/pfi\/inici\/\">preinscripcio.gencat.cat &#8211; PFI<\/a><\/strong><\/div>\n<\/div>\n","protected":false},"excerpt":{"rendered":"<p>&nbsp;<br \/>\nSeguiment del calendari de preinscripci\u00f3 i matr\u00edcula 2026-27<\/p>\n<p>Els enlla\u00e7os i les dates d&#8217;aquesta p\u00e0gina s&#8217;actualitzaran a mesura que tinguem m\u00e9s informaci\u00f3.<\/p>\n<p>30 d&#8217;abril de 2026<br \/>\nPublicaci\u00f3 de l&#8217;oferta inicial de places: PENDENT \u00a0<\/p>\n<p>4 al 13 de maig de 2026<br \/>\nPresentaci\u00f3 de la sol\u00b7licitud.<\/p>\n<p>Fins al 14 de maig de&hellip;  <a href=\"https:\/\/agora.xtec.cat\/iesjoaquimmir\/secretaria\/programa-de-formacio-i-insercio-pfi-informatica\/\" title=\"Read Matr\u00edcula PFI\">Llegeix m\u00e9s\u00bb<\/a><\/p>\n","protected":false},"author":30,"featured_media":0,"parent":1039,"menu_order":0,"comment_status":"closed","ping_status":"closed","template":"","meta":{"_bbp_topic_count":0,"_bbp_reply_count":0,"_bbp_total_topic_count":0,"_bbp_total_reply_count":0,"_bbp_voice_count":0,"_bbp_anonymous_reply_count":0,"_bbp_topic_count_hidden":0,"_bbp_reply_count_hidden":0,"_bbp_forum_subforum_count":0,"footnotes":""},"class_list":["post-8135","page","type-page","status-publish","hentry"],"post_mailing_queue_ids":[],"_links":{"self":[{"href":"https:\/\/agora.xtec.cat\/iesjoaquimmir\/wp-json\/wp\/v2\/pages\/8135","targetHints":{"allow":["GET"]}}],"collection":[{"href":"https:\/\/agora.xtec.cat\/iesjoaquimmir\/wp-json\/wp\/v2\/pages"}],"about":[{"href":"https:\/\/agora.xtec.cat\/iesjoaquimmir\/wp-json\/wp\/v2\/types\/page"}],"author":[{"embeddable":true,"href":"https:\/\/agora.xtec.cat\/iesjoaquimmir\/wp-json\/wp\/v2\/users\/30"}],"replies":[{"embeddable":true,"href":"https:\/\/agora.xtec.cat\/iesjoaquimmir\/wp-json\/wp\/v2\/comments?post=8135"}],"version-history":[{"count":6,"href":"https:\/\/agora.xtec.cat\/iesjoaquimmir\/wp-json\/wp\/v2\/pages\/8135\/revisions"}],"predecessor-version":[{"id":11407,"href":"https:\/\/agora.xtec.cat\/iesjoaquimmir\/wp-json\/wp\/v2\/pages\/8135\/revisions\/11407"}],"up":[{"embeddable":true,"href":"https:\/\/agora.xtec.cat\/iesjoaquimmir\/wp-json\/wp\/v2\/pages\/1039"}],"wp:attachment":[{"href":"https:\/\/agora.xtec.cat\/iesjoaquimmir\/wp-json\/wp\/v2\/media?parent=8135"}],"curies":[{"name":"wp","href":"https:\/\/api.w.org\/{rel}","templated":true}]}}