{"id":81,"date":"2014-09-18T10:38:05","date_gmt":"2014-09-18T09:38:05","guid":{"rendered":"http:\/\/agora.xtec.cat\/iesjoaquimmir\/?page_id=81"},"modified":"2016-03-02T11:16:24","modified_gmt":"2016-03-02T10:16:24","slug":"intprojects","status":"publish","type":"page","link":"https:\/\/agora.xtec.cat\/iesjoaquimmir\/intprojects\/","title":{"rendered":"International Projects"},"content":{"rendered":"<p>&nbsp;<\/p>\n<p>El nostre centre est\u00e0 integrat en Erasmus, podent oferir als alumnes de cicles formatius realitzar la formaci\u00f3 en centres de treball en empreses ubicades arreu de l&#8217;Europa comunit\u00e0ria.<\/p>\n<p>Tamb\u00e9 formem part del projecte Comenius.<\/p>\n<p>&nbsp;<\/p>\n<p>&nbsp;<\/p>\n<p>&nbsp;<\/p>\n","protected":false},"excerpt":{"rendered":"<p>&nbsp;<br \/>\nEl nostre centre est\u00e0 integrat en Erasmus, podent oferir als alumnes de cicles formatius realitzar la formaci\u00f3 en centres de treball en empreses ubicades arreu de l&#8217;Europa comunit\u00e0ria.<br \/>\nTamb\u00e9 formem part del projecte Comenius.<br \/>\n&nbsp;<br \/>\n&nbsp;<br \/>\n&nbsp;<\/p>\n","protected":false},"author":1,"featured_media":0,"parent":0,"menu_order":0,"comment_status":"closed","ping_status":"closed","template":"page-templates\/side-menu.php","meta":{"_bbp_topic_count":0,"_bbp_reply_count":0,"_bbp_total_topic_count":0,"_bbp_total_reply_count":0,"_bbp_voice_count":0,"_bbp_anonymous_reply_count":0,"_bbp_topic_count_hidden":0,"_bbp_reply_count_hidden":0,"_bbp_forum_subforum_count":0,"footnotes":""},"class_list":["post-81","page","type-page","status-publish","hentry"],"post_mailing_queue_ids":[],"_links":{"self":[{"href":"https:\/\/agora.xtec.cat\/iesjoaquimmir\/wp-json\/wp\/v2\/pages\/81","targetHints":{"allow":["GET"]}}],"collection":[{"href":"https:\/\/agora.xtec.cat\/iesjoaquimmir\/wp-json\/wp\/v2\/pages"}],"about":[{"href":"https:\/\/agora.xtec.cat\/iesjoaquimmir\/wp-json\/wp\/v2\/types\/page"}],"author":[{"embeddable":true,"href":"https:\/\/agora.xtec.cat\/iesjoaquimmir\/wp-json\/wp\/v2\/users\/1"}],"replies":[{"embeddable":true,"href":"https:\/\/agora.xtec.cat\/iesjoaquimmir\/wp-json\/wp\/v2\/comments?post=81"}],"version-history":[{"count":3,"href":"https:\/\/agora.xtec.cat\/iesjoaquimmir\/wp-json\/wp\/v2\/pages\/81\/revisions"}],"predecessor-version":[{"id":658,"href":"https:\/\/agora.xtec.cat\/iesjoaquimmir\/wp-json\/wp\/v2\/pages\/81\/revisions\/658"}],"wp:attachment":[{"href":"https:\/\/agora.xtec.cat\/iesjoaquimmir\/wp-json\/wp\/v2\/media?parent=81"}],"curies":[{"name":"wp","href":"https:\/\/api.w.org\/{rel}","templated":true}]}}