{"id":725,"date":"2016-03-03T06:39:18","date_gmt":"2016-03-03T05:39:18","guid":{"rendered":"http:\/\/agora.xtec.cat\/iesjoaquimmir\/?page_id=725"},"modified":"2025-03-31T20:43:57","modified_gmt":"2025-03-31T18:43:57","slug":"administracio-i-finances","status":"publish","type":"page","link":"https:\/\/agora.xtec.cat\/iesjoaquimmir\/ensenyaments\/cicles-formatius\/grau-superior\/administracio-i-finances\/","title":{"rendered":"Administraci\u00f3 i Finances"},"content":{"rendered":"<p><img loading=\"lazy\" decoding=\"async\" class=\"\" src=\"https:\/\/triaeducativa.gencat.cat\/.content\/icones\/fitxes\/icones-fitxes\/FPGM-FPGS-PFI-AdministracioIGestio.png?__scale=w:200,h:150,t:4\" width=\"225\" height=\"169\" \/><\/p>\n<p><strong>T\u00e8cnic o t\u00e8cnica superior en Administraci\u00f3 i finances<\/strong><\/p>\n<p>Aquests estudis capaciten per organitzar i executar les operacions de gesti\u00f3 i administraci\u00f3 en els processos comercials, laborals, comptables, fiscals i financers d&#8217;una empresa p\u00fablica o privada, aplicant la normativa vigent i els protocols de gesti\u00f3 de qualitat, gestionant la informaci\u00f3, assegurant la satisfacci\u00f3 del client i\/o usuari i actuant segons les normes de prevenci\u00f3 de riscos laborals i protecci\u00f3 mediambiental.<\/p>\n<p><span lang=\"ca-ES\"><b>DURADA DELS ESTUDIS:<\/b><\/span><\/p>\n<p><span lang=\"ca-ES\">2.000 hores\u00a0<\/span><span lang=\"ca-ES\">(1485 hores al centre educatiu i 515 hores d&#8217;estada a l&#8217;empresa simult\u00e0niament)<\/span><\/p>\n<p><span lang=\"ca-ES\"><strong>Dos cursos\u00a0<\/strong>acad\u00e8mics.<\/span><\/p>\n<p><span lang=\"ca-ES\"><b>GRAU:\u00a0<\/b><\/span><b><\/b><span lang=\"ca-ES\">CFGS<br \/>\n<\/span><span lang=\"ca-ES\"><b>FAM\u00cdLIA:\u00a0<\/b><\/span><b><\/b><span lang=\"ca-ES\">ADMINISTRACI\u00d3 I GESTI\u00d3<br \/>\n<\/span><b>HORARI:<\/b>\u00a0TARDES<br \/>\n<b><\/b><\/p>\n<p><strong>QU\u00c8 S&#8217;ESTUDIA EN AQUEST CICLE?<\/strong><\/p>\n<div class=\"bulletsGenerals\">\n<ul>\n<li>0647. Gesti\u00f3 de la documentaci\u00f3 jur\u00eddica i empresarial.<\/li>\n<li>0648: Recursos humans i responsabilitat social corporativa.<\/li>\n<li>0649. Ofim\u00e0tica i proc\u00e9s de la informaci\u00f3.<\/li>\n<li>0650. Proc\u00e9s integral de l\u2019activitat empresarial.<\/li>\n<li>0651: Comunicaci\u00f3 i atenci\u00f3 al client.<\/li>\n<li>0652. Gesti\u00f3 de recursos humans.<\/li>\n<li>0653. Gesti\u00f3 financera.<\/li>\n<li>0654. Comptabilitat i fiscalitat.<\/li>\n<li>0655. Gesti\u00f3 log\u00edstica i comercial.<\/li>\n<li>0656. Simulaci\u00f3 empresarial.<\/li>\n<li>0657: Projecte intermodular d\u2019administraci\u00f3 i finances.<\/li>\n<li>0179: Angl\u00e8s professional.<\/li>\n<li>1665: Digitalitzaci\u00f3 aplicada als sectors productius.<\/li>\n<li>1708: Sostenibilitat aplicada al sistema productiu.<\/li>\n<li>1709: Itinerari per a l&#8217;ocupabilitat I.<\/li>\n<li>1710: Itinerari per a l&#8217;ocupabilitat II.<\/li>\n<li>C076: Catal\u00e0 professional.<\/li>\n<li>MOPT: M\u00f2dul escollit pel centre.<\/li>\n<\/ul>\n<div class=\"bulletsGenerals\">\n<h3>Vies d&#8217;acc\u00e9s<\/h3>\n<p>Tenen <strong>acc\u00e9s directe<\/strong> al cicle les persones que compleixen algun dels requisits seg\u00fcents:<\/p>\n<ul>\n<li>Tenir el t\u00edtol de batxillerat,<\/li>\n<li>Tenir el t\u00edtol de t\u00e8cnic o t\u00e8cnica superior o especialista,<\/li>\n<li>Haver superat el segon curs de batxillerat de qualsevol modalitat de batxillerat experimental,<\/li>\n<li>Haver superat el curs d&#8217;orientaci\u00f3 universit\u00e0ria (COU) o el preuniversitari,<\/li>\n<li>Tenir qualsevol titulaci\u00f3 universit\u00e0ria o una d&#8217;equivalent o<\/li>\n<li>Haver superat la prova d&#8217;acc\u00e9s a la universitat per a majors de 25 anys.<\/li>\n<\/ul>\n<p><span style=\"font-family: inherit; font-size: 1em;\">Les persones que superen el cicle formatiu obtenen el <strong>t\u00edtol de t\u00e8cnic superior o t\u00e8cnica superior, que els permet accedir<\/strong>:<\/span><\/p>\n<\/div>\n<div class=\"bulletsGenerals\">\n<ul>\n<li>A qualsevol estudi universitari oficial de grau o<\/li>\n<li>Al m\u00f3n laboral, com a:\n<ul>\n<li>administratiu o administrativa d&#8217;oficina;<\/li>\n<li>administratiu o administrativa comercial;<\/li>\n<li>administratiu financer o administrativa financera;<\/li>\n<li>administratiu o administrativa comptable;<\/li>\n<li>administratiu o administrativa de log\u00edstica;<\/li>\n<li>administratiu o administrativa d&#8217;assegurances;<\/li>\n<li>administratiu o administrativa de recursos humans;<\/li>\n<li>administratiu o administrativa de l&#8217;administraci\u00f3 p\u00fablica;<\/li>\n<li>administratiu o administrativa d&#8217;assessories jur\u00eddiques, comptables, laborals, fiscals o gestories;<\/li>\n<li>t\u00e8cnic o t\u00e8cnica en gesti\u00f3 de cobraments;<\/li>\n<li>responsable d&#8217;atenci\u00f3 al client.<\/li>\n<\/ul>\n<\/li>\n<\/ul>\n<h4><strong>Descarregar full informatiu<\/strong><\/h4>\n<p><a href=\"https:\/\/agora.xtec.cat\/iesjoaquimmir\/wp-content\/uploads\/usu530\/2025\/03\/ADF.pdf\" target=\"_blank\" rel=\"noopener\"><strong>Tr\u00edptic Administraci\u00f3 i Finances<\/strong><\/a><\/p>\n<\/div>\n<\/div>\n","protected":false},"excerpt":{"rendered":"<p>T\u00e8cnic o t\u00e8cnica superior en Administraci\u00f3 i finances<br \/>\nAquests estudis capaciten per organitzar i executar les operacions de gesti\u00f3 i administraci\u00f3 en els processos comercials, laborals, comptables, fiscals i financers d&#8217;una empresa p\u00fablica o privada, aplicant la normativa vigent i els protocols de gesti\u00f3 de qualitat,&hellip;  <a href=\"https:\/\/agora.xtec.cat\/iesjoaquimmir\/ensenyaments\/cicles-formatius\/grau-superior\/administracio-i-finances\/\" title=\"Read Administraci\u00f3 i Finances\">Llegeix m\u00e9s\u00bb<\/a><\/p>\n","protected":false},"author":4,"featured_media":0,"parent":711,"menu_order":0,"comment_status":"closed","ping_status":"closed","template":"","meta":{"_bbp_topic_count":0,"_bbp_reply_count":0,"_bbp_total_topic_count":0,"_bbp_total_reply_count":0,"_bbp_voice_count":0,"_bbp_anonymous_reply_count":0,"_bbp_topic_count_hidden":0,"_bbp_reply_count_hidden":0,"_bbp_forum_subforum_count":0,"footnotes":""},"class_list":["post-725","page","type-page","status-publish","hentry"],"post_mailing_queue_ids":[],"_links":{"self":[{"href":"https:\/\/agora.xtec.cat\/iesjoaquimmir\/wp-json\/wp\/v2\/pages\/725","targetHints":{"allow":["GET"]}}],"collection":[{"href":"https:\/\/agora.xtec.cat\/iesjoaquimmir\/wp-json\/wp\/v2\/pages"}],"about":[{"href":"https:\/\/agora.xtec.cat\/iesjoaquimmir\/wp-json\/wp\/v2\/types\/page"}],"author":[{"embeddable":true,"href":"https:\/\/agora.xtec.cat\/iesjoaquimmir\/wp-json\/wp\/v2\/users\/4"}],"replies":[{"embeddable":true,"href":"https:\/\/agora.xtec.cat\/iesjoaquimmir\/wp-json\/wp\/v2\/comments?post=725"}],"version-history":[{"count":6,"href":"https:\/\/agora.xtec.cat\/iesjoaquimmir\/wp-json\/wp\/v2\/pages\/725\/revisions"}],"predecessor-version":[{"id":10435,"href":"https:\/\/agora.xtec.cat\/iesjoaquimmir\/wp-json\/wp\/v2\/pages\/725\/revisions\/10435"}],"up":[{"embeddable":true,"href":"https:\/\/agora.xtec.cat\/iesjoaquimmir\/wp-json\/wp\/v2\/pages\/711"}],"wp:attachment":[{"href":"https:\/\/agora.xtec.cat\/iesjoaquimmir\/wp-json\/wp\/v2\/media?parent=725"}],"curies":[{"name":"wp","href":"https:\/\/api.w.org\/{rel}","templated":true}]}}