{"id":717,"date":"2016-03-03T06:36:36","date_gmt":"2016-03-03T05:36:36","guid":{"rendered":"http:\/\/agora.xtec.cat\/iesjoaquimmir\/?page_id=717"},"modified":"2025-03-31T20:43:11","modified_gmt":"2025-03-31T18:43:11","slug":"sistemes-microinformatics-i-xarxes","status":"publish","type":"page","link":"https:\/\/agora.xtec.cat\/iesjoaquimmir\/ensenyaments\/cicles-formatius\/grau-mitja\/sistemes-microinformatics-i-xarxes\/","title":{"rendered":"Sistemes Microinform\u00e0tics i Xarxes"},"content":{"rendered":"<div id=\"textApartat\">\n<p><a href=\"https:\/\/agora.xtec.cat\/iesjoaquimmir\/wp-content\/uploads\/usu530\/2020\/05\/Tr\u00edptic-SMX-1.pdf\" target=\"_blank\" rel=\"noopener noreferrer\"><img loading=\"lazy\" decoding=\"async\" class=\"alignnone wp-image-360 size-full\" src=\"https:\/\/agora.xtec.cat\/iesjoaquimmir\/wp-content\/uploads\/usu530\/2015\/11\/logo_SMIX.jpg\" alt=\"logo_SMIX\" width=\"200\" height=\"150\" \/><\/a><\/p>\n<p><strong>T\u00e8cnic o t\u00e8cnica en sistemes microinform\u00e0tics i xarxes<\/strong><br \/>\nAquests estudis postobligatoris capaciten per instal\u00b7lar i mantenir serveis de xarxes fixes i m\u00f2bils, serveis d\u2019Internet i sistemes inform\u00e0tics i tamb\u00e9 per prestar suport als usuaris i usu\u00e0ries.<\/p>\n<p>Tenen una durada de 2.000 hores (1485 hores en el centre educatiu i 515 hores <span lang=\"ca-ES\">d&#8217;estada a l&#8217;empresa simult\u00e0niament<\/span>) distribu\u00efdes en <strong>dos cursos <\/strong>acad\u00e8mics.<\/p>\n<p><strong>M\u00f2duls:<\/strong><\/p>\n<ul>\n<li>0221. Muntatge i manteniment d\u2019equips.<\/li>\n<li>0222. Sistemes operatius monolloc.<\/li>\n<li>0223. Aplicacions ofim\u00e0tiques.<\/li>\n<li>0224. Sistemes operatius en xarxa.<\/li>\n<li>0225. Xarxes locals.<\/li>\n<li>0226. Seguretat inform\u00e0tica.<\/li>\n<li>0227. Serveis de xarxa.<\/li>\n<li>0228. Aplicacions web.<\/li>\n<li>0156. Angl\u00e8s professional.<\/li>\n<li>1664. Digitalitzaci\u00f3 aplicada als sectors productius.<\/li>\n<li>1708. Sostenibilitat aplicada al sistema productiu.<\/li>\n<li>1709: Itinerari per a l&#8217;ocupabilitat I.<\/li>\n<li>1710: Itinerari per a l&#8217;ocupabilitat II.<\/li>\n<li>1713: Projecte intermodular.<\/li>\n<li>M\u00f2dul professional escollit pel centre: Programaci\u00f3.<\/li>\n<\/ul>\n<div class=\"bulletsGenerals\">\n<h3>Vies acc\u00e9s<\/h3>\n<p>Tenen <strong>acc\u00e9s directe<\/strong> al cicle les persones que compleixen algun dels requisits seg\u00fcents:<\/p>\n<ul>\n<li>tenir el t\u00edtol de graduat en educaci\u00f3 secund\u00e0ria obligat\u00f2ria,<\/li>\n<li>tenir el t\u00edtol de t\u00e8cnic o t\u00e8cnica o de t\u00e8cnic o t\u00e8cnica auxiliar,<\/li>\n<li>haver superat el segon curs del batxillerat unificat i polivalent (BUP),<\/li>\n<li>tenir altres estudis equivalents a efectes acad\u00e8mics i<\/li>\n<li>haver superat la prova d&#8217;acc\u00e9s la universitat per a majors de 25 anys.<\/li>\n<\/ul>\n<p>Les persones que no compleixen cap dels requisits esmentats han de superar una <strong>prova d&#8217;acc\u00e9s o un curs d&#8217;acc\u00e9s (CAS)<\/strong>. Per presentar-s&#8217;hi cal tenir com a m\u00ednim 17 anys l&#8217;any en qu\u00e8 es fa la prova.<\/p>\n<p>Les persones que superen el cicle formatiu obtenen un t\u00edtol de <strong>t\u00e8cnic o t\u00e8cnica, <\/strong>que els permet accedir:<\/p>\n<div class=\"bulletsGenerals\">\n<ul>\n<li>al batxillerat,<\/li>\n<li>a un cicle de grau superior (cal superar la prova d&#8217;acc\u00e9s),<\/li>\n<li>al <strong>m\u00f3n laboral<\/strong>, com a:\n<ul>\n<li>t\u00e8cnic instal\u00b7lador i reparador o t\u00e8cnica instal\u00b7ladora i reparadora d&#8217;equips inform\u00e0tics;<\/li>\n<li>t\u00e8cnic o t\u00e8cnica en manteniment de sistemes inform\u00e0tics;<\/li>\n<li>t\u00e8cnic o t\u00e8cnica en manteniment de serveis d&#8217;Internet;<\/li>\n<li>t\u00e8cnic o t\u00e8cnica de suport inform\u00e0tic;<\/li>\n<li>t\u00e8cnic o t\u00e8cnica de xarxes de dades;<\/li>\n<li>t\u00e8cnic o t\u00e8cnica en vendes de TIC per a sectors industrials;<\/li>\n<li>reparador o reparadora de perif\u00e8rics de sistemes microinform\u00e0tics;<\/li>\n<li>comercial de microinform\u00e0tica;<\/li>\n<li>operador o operadora de teleassist\u00e8ncia, i<\/li>\n<li>operador o operadora de sistemes.<\/li>\n<\/ul>\n<\/li>\n<\/ul>\n<\/div>\n<\/div>\n<\/div>\n<h4 class=\"western\"><strong>Descarregar full informatiu<\/strong><\/h4>\n<p><a href=\"https:\/\/agora.xtec.cat\/iesjoaquimmir\/wp-content\/uploads\/usu530\/2025\/03\/SMX.pdf\" target=\"_blank\" rel=\"noopener\"><strong>Tr\u00edptic Sistemes microinform\u00e0tics i xarxes<\/strong><\/a><\/p>\n","protected":false},"excerpt":{"rendered":"<p><a href=\"https:\/\/agora.xtec.cat\/iesjoaquimmir\/wp-content\/uploads\/usu530\/2020\/05\/Tr\u00edptic-SMX-1.pdf\" target=\"_blank\" rel=\"noopener noreferrer\"><\/a><br \/>\nT\u00e8cnic o t\u00e8cnica en sistemes microinform\u00e0tics i xarxes<br \/>\nAquests estudis postobligatoris capaciten per instal\u00b7lar i mantenir serveis de xarxes fixes i m\u00f2bils, serveis d\u2019Internet i sistemes inform\u00e0tics i tamb\u00e9 per prestar suport als usuaris i usu\u00e0ries.<br \/>\nTenen una durada de 2.000 hores (1485&hellip;  <a href=\"https:\/\/agora.xtec.cat\/iesjoaquimmir\/ensenyaments\/cicles-formatius\/grau-mitja\/sistemes-microinformatics-i-xarxes\/\" title=\"Read Sistemes Microinform\u00e0tics i Xarxes\">Llegeix m\u00e9s\u00bb<\/a><\/p>\n","protected":false},"author":4,"featured_media":0,"parent":709,"menu_order":0,"comment_status":"closed","ping_status":"closed","template":"","meta":{"_bbp_topic_count":0,"_bbp_reply_count":0,"_bbp_total_topic_count":0,"_bbp_total_reply_count":0,"_bbp_voice_count":0,"_bbp_anonymous_reply_count":0,"_bbp_topic_count_hidden":0,"_bbp_reply_count_hidden":0,"_bbp_forum_subforum_count":0,"footnotes":""},"class_list":["post-717","page","type-page","status-publish","hentry"],"post_mailing_queue_ids":[],"_links":{"self":[{"href":"https:\/\/agora.xtec.cat\/iesjoaquimmir\/wp-json\/wp\/v2\/pages\/717","targetHints":{"allow":["GET"]}}],"collection":[{"href":"https:\/\/agora.xtec.cat\/iesjoaquimmir\/wp-json\/wp\/v2\/pages"}],"about":[{"href":"https:\/\/agora.xtec.cat\/iesjoaquimmir\/wp-json\/wp\/v2\/types\/page"}],"author":[{"embeddable":true,"href":"https:\/\/agora.xtec.cat\/iesjoaquimmir\/wp-json\/wp\/v2\/users\/4"}],"replies":[{"embeddable":true,"href":"https:\/\/agora.xtec.cat\/iesjoaquimmir\/wp-json\/wp\/v2\/comments?post=717"}],"version-history":[{"count":7,"href":"https:\/\/agora.xtec.cat\/iesjoaquimmir\/wp-json\/wp\/v2\/pages\/717\/revisions"}],"predecessor-version":[{"id":10430,"href":"https:\/\/agora.xtec.cat\/iesjoaquimmir\/wp-json\/wp\/v2\/pages\/717\/revisions\/10430"}],"up":[{"embeddable":true,"href":"https:\/\/agora.xtec.cat\/iesjoaquimmir\/wp-json\/wp\/v2\/pages\/709"}],"wp:attachment":[{"href":"https:\/\/agora.xtec.cat\/iesjoaquimmir\/wp-json\/wp\/v2\/media?parent=717"}],"curies":[{"name":"wp","href":"https:\/\/api.w.org\/{rel}","templated":true}]}}