{"id":715,"date":"2016-03-03T06:35:41","date_gmt":"2016-03-03T05:35:41","guid":{"rendered":"http:\/\/agora.xtec.cat\/iesjoaquimmir\/?page_id=715"},"modified":"2025-03-31T20:42:34","modified_gmt":"2025-03-31T18:42:34","slug":"comerc","status":"publish","type":"page","link":"https:\/\/agora.xtec.cat\/iesjoaquimmir\/ensenyaments\/cicles-formatius\/grau-mitja\/comerc\/","title":{"rendered":"Activitats Comercials"},"content":{"rendered":"<h4><a href=\"https:\/\/agora.xtec.cat\/iesjoaquimmir\/wp-content\/uploads\/usu530\/2020\/05\/Tr\u00edptic-Activitats-Comercials-1.pdf\" target=\"_blank\" rel=\"noopener noreferrer\"><img loading=\"lazy\" decoding=\"async\" class=\"alignnone wp-image-5139 size-full\" src=\"https:\/\/agora.xtec.cat\/iesjoaquimmir\/wp-content\/uploads\/usu530\/2020\/05\/baixa-1.jpeg\" alt=\"\" width=\"264\" height=\"191\" \/><\/a><\/h4>\n<h4><strong>Durada dels estudis<\/strong><\/h4>\n<p>Tenen una durada de 2.000 hores (1485 hores en el centre educatiu i 515 hores d&#8217;estada a l&#8217;empresa simult\u00e0niament) distribu\u00efdes en <strong>dos cursos <\/strong>acad\u00e8mics.<\/p>\n<h4><strong>Objectius<\/strong><\/h4>\n<p>Formar professionals competents que treballen en el mo\u0301n de l\u2019 empresa i en el sector comercial. Ens proposem que els alumnes aconsegueixin un alt nivell de coneixements i una insercio\u0301 real de les empreses<\/p>\n<h4><strong>Sortides Professionals<\/strong><\/h4>\n<ul>\n<li>Representant comercial.<\/li>\n<li>Te\u0300cnic informacio\u0301 \/ atencio\u0301 al client.<\/li>\n<li>Gerent d\u2019un petit comerc\u0327 Te\u0300cnic en gestio\u0301 d\u2019estocs i magatzem. Cap de magatzem<\/li>\n<li>Te\u0300cnic en logi\u0301stica de magatzems.<\/li>\n<\/ul>\n<h4><strong>M\u00f2duls<\/strong><\/h4>\n<ul>\n<li>Dinamitzaci\u00f3 en el punt de venda<\/li>\n<li>Gesti\u00f3 de compres<\/li>\n<li>Gesti\u00f3 d\u2019un petit comer\u00e7<\/li>\n<li>Processos de venda<\/li>\n<li>Serveis d\u2019Atenci\u00f3 Comercial<\/li>\n<li>T\u00e8cniques de magatzem<\/li>\n<li>Venda t\u00e8cnica<\/li>\n<li>Angl\u00e8s professional<\/li>\n<li>Aplicacions inform\u00e0tiques per al comer\u00e7<\/li>\n<li>Comer\u00e7 electr\u00f2nic<\/li>\n<li>M\u00e0rqueting en l\u2019Activitat Comercial<\/li>\n<li>Itinerari per a l&#8217;ocupabilitat I.<\/li>\n<li>Itinerari per a l&#8217;ocupabilitat II.<\/li>\n<li>Catal\u00e0 professional<\/li>\n<li>Digitalitzaci\u00f3 aplicada als sectors productius.<\/li>\n<li>Sostenibilitat aplicada al sistema productiu.<\/li>\n<li>M\u00f2dul optatiu escollit pel centre<\/li>\n<li>Projecte de S\u00edntesi<\/li>\n<\/ul>\n<h4 class=\"western\"><strong>Descarregar full informatiu<\/strong><\/h4>\n<p><strong><a href=\"https:\/\/agora.xtec.cat\/iesjoaquimmir\/wp-content\/uploads\/usu530\/2025\/03\/ACL.pdf\" target=\"_blank\" rel=\"noopener noreferrer\">Tr\u00edptic Activitats comercials<\/a><\/strong><\/p>\n<p>&nbsp;<\/p>\n","protected":false},"excerpt":{"rendered":"<p><a href=\"https:\/\/agora.xtec.cat\/iesjoaquimmir\/wp-content\/uploads\/usu530\/2020\/05\/Tr\u00edptic-Activitats-Comercials-1.pdf\" target=\"_blank\" rel=\"noopener noreferrer\"><\/a><br \/>\nDurada dels estudis<br \/>\nTenen una durada de 2.000 hores (1485 hores en el centre educatiu i 515 hores d&#8217;estada a l&#8217;empresa simult\u00e0niament) distribu\u00efdes en dos cursos acad\u00e8mics.<br \/>\nObjectius<br \/>\nFormar professionals competents que treballen en el mo\u0301n de l\u2019 empresa i en el sector comercial.&hellip;  <a href=\"https:\/\/agora.xtec.cat\/iesjoaquimmir\/ensenyaments\/cicles-formatius\/grau-mitja\/comerc\/\" title=\"Read Activitats Comercials\">Llegeix m\u00e9s\u00bb<\/a><\/p>\n","protected":false},"author":4,"featured_media":0,"parent":709,"menu_order":0,"comment_status":"closed","ping_status":"closed","template":"","meta":{"_bbp_topic_count":0,"_bbp_reply_count":0,"_bbp_total_topic_count":0,"_bbp_total_reply_count":0,"_bbp_voice_count":0,"_bbp_anonymous_reply_count":0,"_bbp_topic_count_hidden":0,"_bbp_reply_count_hidden":0,"_bbp_forum_subforum_count":0,"footnotes":""},"class_list":["post-715","page","type-page","status-publish","hentry"],"post_mailing_queue_ids":[],"_links":{"self":[{"href":"https:\/\/agora.xtec.cat\/iesjoaquimmir\/wp-json\/wp\/v2\/pages\/715","targetHints":{"allow":["GET"]}}],"collection":[{"href":"https:\/\/agora.xtec.cat\/iesjoaquimmir\/wp-json\/wp\/v2\/pages"}],"about":[{"href":"https:\/\/agora.xtec.cat\/iesjoaquimmir\/wp-json\/wp\/v2\/types\/page"}],"author":[{"embeddable":true,"href":"https:\/\/agora.xtec.cat\/iesjoaquimmir\/wp-json\/wp\/v2\/users\/4"}],"replies":[{"embeddable":true,"href":"https:\/\/agora.xtec.cat\/iesjoaquimmir\/wp-json\/wp\/v2\/comments?post=715"}],"version-history":[{"count":7,"href":"https:\/\/agora.xtec.cat\/iesjoaquimmir\/wp-json\/wp\/v2\/pages\/715\/revisions"}],"predecessor-version":[{"id":10427,"href":"https:\/\/agora.xtec.cat\/iesjoaquimmir\/wp-json\/wp\/v2\/pages\/715\/revisions\/10427"}],"up":[{"embeddable":true,"href":"https:\/\/agora.xtec.cat\/iesjoaquimmir\/wp-json\/wp\/v2\/pages\/709"}],"wp:attachment":[{"href":"https:\/\/agora.xtec.cat\/iesjoaquimmir\/wp-json\/wp\/v2\/media?parent=715"}],"curies":[{"name":"wp","href":"https:\/\/api.w.org\/{rel}","templated":true}]}}