{"id":713,"date":"2016-03-03T06:35:07","date_gmt":"2016-03-03T05:35:07","guid":{"rendered":"http:\/\/agora.xtec.cat\/iesjoaquimmir\/?page_id=713"},"modified":"2025-03-31T20:42:46","modified_gmt":"2025-03-31T18:42:46","slug":"gestio-administrativa","status":"publish","type":"page","link":"https:\/\/agora.xtec.cat\/iesjoaquimmir\/ensenyaments\/cicles-formatius\/grau-mitja\/gestio-administrativa\/","title":{"rendered":"Gesti\u00f3 Administrativa"},"content":{"rendered":"<p><img loading=\"lazy\" decoding=\"async\" class=\"\" src=\"https:\/\/triaeducativa.gencat.cat\/.content\/icones\/fitxes\/icones-fitxes\/FPGM-FPGS-PFI-AdministracioIGestio.png?__scale=w:200,h:150,t:4\" width=\"248\" height=\"186\" \/><\/p>\n<p><strong>T\u00e8cnic o t\u00e8cnica en gesti\u00f3 administrativa<\/strong><\/p>\n<p>Aquests estudis postobligatoris capaciten per exercir tasques de suport administratiu en l\u2019\u00e0mbit laboral, comptable, comercial, financer i fiscal i tasques de suport a les persones, en empreses p\u00fabliques o privades.<\/p>\n<p><span lang=\"ca-ES\"><b>DURADA DELS ESTUDIS:<\/b><\/span><\/p>\n<p><span lang=\"ca-ES\">2.000 hores\u00a0<\/span><span lang=\"ca-ES\">(1485 hores en el centre educatiu i 515 hores d&#8217;estada a l&#8217;empresa simult\u00e0niament)<\/span><\/p>\n<p><span lang=\"ca-ES\"><strong>Dos cursos\u00a0<\/strong>acad\u00e8mics.<\/span><\/p>\n<p><span lang=\"ca-ES\"><b>GRAU: <\/b><\/span><b> <\/b><span lang=\"ca-ES\">CFGM<br \/>\n<\/span><span lang=\"ca-ES\"><b>FAM\u00cdLIA: <\/b><\/span><b> <\/b><span lang=\"ca-ES\">ADMINISTRACI\u00d3 I GESTI\u00d3<br \/>\n<\/span><b>HORARI:<\/b> Primer curs en torn de mat\u00ed i Segon curs en torn de tarda.<\/p>\n<p><b><\/b><strong>QU\u00c8 S\u2019ESTUDIA EN AQUEST CICLE?<\/strong><\/p>\n<ul>\n<li>0437: Comunicaci\u00f3 empresarial i atenci\u00f3 al client.<\/li>\n<li>0438: Operacions administratives de compravenda.<\/li>\n<li>0439: Empresa i administraci\u00f3.<\/li>\n<li>0440: Tractament inform\u00e0tic de la informaci\u00f3.<\/li>\n<li>0441: T\u00e8cnica comptable.<\/li>\n<li>0442: Operacions administratives de recursos humans.<\/li>\n<li>0443: Tractament de la documentaci\u00f3 comptable.<\/li>\n<li>0446: Empresa a l\u2019aula.<\/li>\n<li>0448: Operacions auxiliars de gesti\u00f3 de tresoreria.<\/li>\n<li>0156: Angl\u00e8s professional.<\/li>\n<li>1665: Digitalitzaci\u00f3 aplicada als sectors productius.<\/li>\n<li>1708: Sostenibilitat aplicada al sistema productiu.<\/li>\n<li>1709: Itinerari per a l&#8217;ocupabilitat I.<\/li>\n<li>1710: Itinerari per a l&#8217;ocupabilitat II.<\/li>\n<li>1713: Projecte intermodular.<\/li>\n<li>C056: Catal\u00e0 professional.<\/li>\n<li>MOPT: M\u00f2dul escollit pel centre.<\/li>\n<\/ul>\n<div class=\"bulletsGenerals\">\n<h3>Vies d&#8217;acc\u00e9s<\/h3>\n<p>Tenen <strong>acc\u00e9s directe<\/strong> al cicle les persones que compleixen algun dels requisits seg\u00fcents:<\/p>\n<ul>\n<li>tenir el t\u00edtol de graduat en educaci\u00f3 secund\u00e0ria obligat\u00f2ria,<\/li>\n<li>tenir el t\u00edtol de t\u00e8cnic o t\u00e8cnica o de t\u00e8cnic o t\u00e8cnica auxiliar,<\/li>\n<li>haver superat el segon curs del batxillerat unificat i polivalent (BUP),<\/li>\n<li>tenir altres estudis equivalents a efectes acad\u00e8mics i<\/li>\n<li>haver superat la prova d&#8217;acc\u00e9s la universitat per a majors de 25 anys.<\/li>\n<\/ul>\n<p>Les persones que no compleixen cap dels requisits esmentats han de superar una <strong>prova d&#8217;acc\u00e9s<\/strong>. Per presentar-s&#8217;hi cal tenir com a m\u00ednim 17 anys l&#8217;any en qu\u00e8 es fa la prova.<\/p>\n<p>Les persones que superen el cicle formatiu obtenen un t\u00edtol de <strong>t\u00e8cnic o t\u00e8cnica, <\/strong>que els permet accedir:<\/p>\n<div class=\"bulletsGenerals\">\n<ul>\n<li>al batxillerat,<\/li>\n<li>a cicle de grau superior de qualsevol fam\u00edlia professional,<\/li>\n<li>al <strong>m\u00f3n laboral<\/strong>, com a:\n<ul>\n<li>auxiliar administratiu o administrativa;<\/li>\n<li>ajudant o ajudanta d&#8217;oficina;<\/li>\n<li>auxiliar administratiu o administrativa de cobraments i pagaments, de gesti\u00f3 de personal;<\/li>\n<li>administratiu o administrativa comercial;<\/li>\n<li>auxiliar administratiu o administrativa de les administracions p\u00fabliques;<\/li>\n<li>recepcionista;<\/li>\n<li>empleat o empleada d&#8217;atenci\u00f3 al p\u00fablic;<\/li>\n<li>empleat o empleada de tresoreria, i<\/li>\n<li>empleat o empleada en mitjans de pagament.<\/li>\n<\/ul>\n<\/li>\n<\/ul>\n<h4 class=\"western\"><strong>Descarregar full informatiu<\/strong><\/h4>\n<p><strong><a href=\"https:\/\/agora.xtec.cat\/iesjoaquimmir\/wp-content\/uploads\/usu530\/2025\/03\/GAD.pdf\" target=\"_blank\" rel=\"noopener noreferrer\">Tr\u00edptic Gesti\u00f3 administrativa<\/a><\/strong><\/p>\n<\/div>\n<\/div>\n","protected":false},"excerpt":{"rendered":"<p>T\u00e8cnic o t\u00e8cnica en gesti\u00f3 administrativa<br \/>\nAquests estudis postobligatoris capaciten per exercir tasques de suport administratiu en l\u2019\u00e0mbit laboral, comptable, comercial, financer i fiscal i tasques de suport a les persones, en empreses p\u00fabliques o privades.<br \/>\nDURADA DELS ESTUDIS:<br \/>\n2.000 hores\u00a0(1485 hores en el centre educatiu i 515&hellip;  <a href=\"https:\/\/agora.xtec.cat\/iesjoaquimmir\/ensenyaments\/cicles-formatius\/grau-mitja\/gestio-administrativa\/\" title=\"Read Gesti\u00f3 Administrativa\">Llegeix m\u00e9s\u00bb<\/a><\/p>\n","protected":false},"author":4,"featured_media":0,"parent":709,"menu_order":0,"comment_status":"closed","ping_status":"closed","template":"","meta":{"_bbp_topic_count":0,"_bbp_reply_count":0,"_bbp_total_topic_count":0,"_bbp_total_reply_count":0,"_bbp_voice_count":0,"_bbp_anonymous_reply_count":0,"_bbp_topic_count_hidden":0,"_bbp_reply_count_hidden":0,"_bbp_forum_subforum_count":0,"footnotes":""},"class_list":["post-713","page","type-page","status-publish","hentry"],"post_mailing_queue_ids":[],"_links":{"self":[{"href":"https:\/\/agora.xtec.cat\/iesjoaquimmir\/wp-json\/wp\/v2\/pages\/713","targetHints":{"allow":["GET"]}}],"collection":[{"href":"https:\/\/agora.xtec.cat\/iesjoaquimmir\/wp-json\/wp\/v2\/pages"}],"about":[{"href":"https:\/\/agora.xtec.cat\/iesjoaquimmir\/wp-json\/wp\/v2\/types\/page"}],"author":[{"embeddable":true,"href":"https:\/\/agora.xtec.cat\/iesjoaquimmir\/wp-json\/wp\/v2\/users\/4"}],"replies":[{"embeddable":true,"href":"https:\/\/agora.xtec.cat\/iesjoaquimmir\/wp-json\/wp\/v2\/comments?post=713"}],"version-history":[{"count":7,"href":"https:\/\/agora.xtec.cat\/iesjoaquimmir\/wp-json\/wp\/v2\/pages\/713\/revisions"}],"predecessor-version":[{"id":10428,"href":"https:\/\/agora.xtec.cat\/iesjoaquimmir\/wp-json\/wp\/v2\/pages\/713\/revisions\/10428"}],"up":[{"embeddable":true,"href":"https:\/\/agora.xtec.cat\/iesjoaquimmir\/wp-json\/wp\/v2\/pages\/709"}],"wp:attachment":[{"href":"https:\/\/agora.xtec.cat\/iesjoaquimmir\/wp-json\/wp\/v2\/media?parent=713"}],"curies":[{"name":"wp","href":"https:\/\/api.w.org\/{rel}","templated":true}]}}