{"id":711,"date":"2016-03-03T06:33:50","date_gmt":"2016-03-03T05:33:50","guid":{"rendered":"http:\/\/agora.xtec.cat\/iesjoaquimmir\/?page_id=711"},"modified":"2025-03-31T20:45:37","modified_gmt":"2025-03-31T18:45:37","slug":"grau-superior","status":"publish","type":"page","link":"https:\/\/agora.xtec.cat\/iesjoaquimmir\/ensenyaments\/cicles-formatius\/grau-superior\/","title":{"rendered":"Grau Superior"},"content":{"rendered":"<p><a href=\"https:\/\/drive.google.com\/file\/d\/1Z8U2_hOXDfmMYxi7grR6ZQsyx-IA3Oq8\/view?usp=sharing\" target=\"_blank\" rel=\"noopener noreferrer\">V\u00cdDEO PROMOCIONAL CFGS<\/a><\/p>\n<ul>\n<li><a href=\"https:\/\/agora.xtec.cat\/iesjoaquimmir\/ensenyaments\/cicles-formatius\/grau-superior\/desenvolupament-daplicacions-web\/\">Desenvolupament d\u2019Aplicacions Web<\/a><\/li>\n<li><a href=\"https:\/\/agora.xtec.cat\/iesjoaquimmir\/ensenyaments\/cicles-formatius\/grau-superior\/administracio-de-sistemes-en-xarxa\/\">Administraci\u00f3 de Sistemes Inform\u00e0tics en Xarxa<\/a><\/li>\n<li><a href=\"https:\/\/agora.xtec.cat\/iesjoaquimmir\/ensenyaments\/cicles-formatius\/grau-superior\/administracio-i-finances\/\">Administraci\u00f3 i Finances<\/a><\/li>\n<li><a href=\"https:\/\/agora.xtec.cat\/iesjoaquimmir\/ensenyaments\/cicles-formatius\/grau-superior\/comerc-internacional\/\">Comer\u00e7 internacional<\/a><\/li>\n<li><a href=\"https:\/\/agora.xtec.cat\/iesjoaquimmir\/ensenyaments\/cicles-formatius\/grau-superior\/transport-i-logistica\/\">Transport i log\u00edstica<\/a><\/li>\n<\/ul>\n<p>Suport per escollir la millor opci\u00f3:\u00a0<a href=\"https:\/\/triaeducativa.gencat.cat\/ca\/fp\/gs\">https:\/\/triaeducativa.gencat.cat\/ca\/fp\/gs<\/a><a href=\"https:\/\/triaeducativa.gencat.cat\/ca\/fp\/gs\">\/<\/a><\/p>\n<p><strong>\ud83d\udce2\u00a0A la web\u00a0<a href=\"https:\/\/preinscripcio.gencat.cat\/ca\/inici\/\" target=\"_blank\" rel=\"noopener\">preinscripcio.gencat.cat<\/a>\u00a0trobareu tota la informaci\u00f3 sobre la preinscripci\u00f3.<\/strong><\/p>\n<p><strong>\ud83d\udcc5 Per fer el seguiment del calendari, llistes i proc\u00e9s de matr\u00edcula podeu consultar el seg\u00fcent enlla\u00e7:\u00a0 <a href=\"https:\/\/agora.xtec.cat\/iesjoaquimmir\/secretaria\/cfgs\/\" target=\"_blank\" rel=\"noopener\">Matr\u00edcula CFGS<\/a><\/strong><\/p>\n<div class=\"addtoany_share_save_container addtoany_content addtoany_content_bottom\">\n<div class=\"a2a_kit a2a_kit_size_25 addtoany_list\" data-a2a-url=\"https:\/\/agora.xtec.cat\/iesjoaquimmir\/ensenyaments\/batxillerat\/\" data-a2a-title=\"Batxillerat\"><\/div>\n<\/div>\n","protected":false},"excerpt":{"rendered":"<p><a href=\"https:\/\/drive.google.com\/file\/d\/1Z8U2_hOXDfmMYxi7grR6ZQsyx-IA3Oq8\/view?usp=sharing\" target=\"_blank\" rel=\"noopener noreferrer\">V\u00cdDEO PROMOCIONAL CFGS<\/a><\/p>\n<ul>\n<li><a href=\"https:\/\/agora.xtec.cat\/iesjoaquimmir\/ensenyaments\/cicles-formatius\/grau-superior\/desenvolupament-daplicacions-web\/\">Desenvolupament d\u2019Aplicacions Web<\/a><\/li>\n<li><a href=\"https:\/\/agora.xtec.cat\/iesjoaquimmir\/ensenyaments\/cicles-formatius\/grau-superior\/administracio-de-sistemes-en-xarxa\/\">Administraci\u00f3 de Sistemes Inform\u00e0tics en Xarxa<\/a><\/li>\n<li><a href=\"https:\/\/agora.xtec.cat\/iesjoaquimmir\/ensenyaments\/cicles-formatius\/grau-superior\/administracio-i-finances\/\">Administraci\u00f3 i Finances<\/a><\/li>\n<li><a href=\"https:\/\/agora.xtec.cat\/iesjoaquimmir\/ensenyaments\/cicles-formatius\/grau-superior\/comerc-internacional\/\">Comer\u00e7 internacional<\/a><\/li>\n<li><a href=\"https:\/\/agora.xtec.cat\/iesjoaquimmir\/ensenyaments\/cicles-formatius\/grau-superior\/transport-i-logistica\/\">Transport i log\u00edstica<\/a><\/li>\n<\/ul>\n<p>Suport per escollir la millor opci\u00f3:\u00a0<a href=\"https:\/\/triaeducativa.gencat.cat\/ca\/fp\/gs\">https:\/\/triaeducativa.gencat.cat\/ca\/fp\/gs<\/a><a href=\"https:\/\/triaeducativa.gencat.cat\/ca\/fp\/gs\">\/<\/a><br \/>\n\ud83d\udce2\u00a0A la web\u00a0<a href=\"https:\/\/preinscripcio.gencat.cat\/ca\/inici\/\" target=\"_blank\" rel=\"noopener\">preinscripcio.gencat.cat<\/a>\u00a0trobareu tota la informaci\u00f3 sobre la preinscripci\u00f3.<br \/>\n\ud83d\udcc5 Per fer el&hellip;  <a href=\"https:\/\/agora.xtec.cat\/iesjoaquimmir\/ensenyaments\/cicles-formatius\/grau-superior\/\" title=\"Read Grau Superior\">Llegeix m\u00e9s\u00bb<\/a><\/p>\n","protected":false},"author":4,"featured_media":0,"parent":707,"menu_order":0,"comment_status":"closed","ping_status":"closed","template":"","meta":{"_bbp_topic_count":0,"_bbp_reply_count":0,"_bbp_total_topic_count":0,"_bbp_total_reply_count":0,"_bbp_voice_count":0,"_bbp_anonymous_reply_count":0,"_bbp_topic_count_hidden":0,"_bbp_reply_count_hidden":0,"_bbp_forum_subforum_count":0,"footnotes":""},"class_list":["post-711","page","type-page","status-publish","hentry"],"post_mailing_queue_ids":[],"_links":{"self":[{"href":"https:\/\/agora.xtec.cat\/iesjoaquimmir\/wp-json\/wp\/v2\/pages\/711","targetHints":{"allow":["GET"]}}],"collection":[{"href":"https:\/\/agora.xtec.cat\/iesjoaquimmir\/wp-json\/wp\/v2\/pages"}],"about":[{"href":"https:\/\/agora.xtec.cat\/iesjoaquimmir\/wp-json\/wp\/v2\/types\/page"}],"author":[{"embeddable":true,"href":"https:\/\/agora.xtec.cat\/iesjoaquimmir\/wp-json\/wp\/v2\/users\/4"}],"replies":[{"embeddable":true,"href":"https:\/\/agora.xtec.cat\/iesjoaquimmir\/wp-json\/wp\/v2\/comments?post=711"}],"version-history":[{"count":7,"href":"https:\/\/agora.xtec.cat\/iesjoaquimmir\/wp-json\/wp\/v2\/pages\/711\/revisions"}],"predecessor-version":[{"id":10436,"href":"https:\/\/agora.xtec.cat\/iesjoaquimmir\/wp-json\/wp\/v2\/pages\/711\/revisions\/10436"}],"up":[{"embeddable":true,"href":"https:\/\/agora.xtec.cat\/iesjoaquimmir\/wp-json\/wp\/v2\/pages\/707"}],"wp:attachment":[{"href":"https:\/\/agora.xtec.cat\/iesjoaquimmir\/wp-json\/wp\/v2\/media?parent=711"}],"curies":[{"name":"wp","href":"https:\/\/api.w.org\/{rel}","templated":true}]}}