{"id":709,"date":"2016-03-03T06:32:47","date_gmt":"2016-03-03T05:32:47","guid":{"rendered":"http:\/\/agora.xtec.cat\/iesjoaquimmir\/?page_id=709"},"modified":"2024-03-03T10:52:55","modified_gmt":"2024-03-03T09:52:55","slug":"grau-mitja","status":"publish","type":"page","link":"https:\/\/agora.xtec.cat\/iesjoaquimmir\/ensenyaments\/cicles-formatius\/grau-mitja\/","title":{"rendered":"Grau Mitj\u00e0"},"content":{"rendered":"<p><a href=\"https:\/\/drive.google.com\/file\/d\/13pHyFeIHNanjoieC1OztjsFUI5zV3MEL\/view?usp=share_link\" target=\"_blank\" rel=\"noopener\">V\u00cdDEO PROMOCIONAL GM<\/a><\/p>\n<ul class=\"sub-menu\">\n<li id=\"menu-item-734\" class=\"menu-item menu-item-type-post_type menu-item-object-page menu-item-734\"><a href=\"https:\/\/agora.xtec.cat\/iesjoaquimmir\/ensenyaments\/cicles-formatius\/grau-mitja\/sistemes-microinformatics-i-xarxes\/\">Sistemes Microinform\u00e0tics i Xarxes<\/a><\/li>\n<li id=\"menu-item-735\" class=\"menu-item menu-item-type-post_type menu-item-object-page menu-item-735\"><a href=\"https:\/\/agora.xtec.cat\/iesjoaquimmir\/ensenyaments\/cicles-formatius\/grau-mitja\/comerc\/\">Activitats Comercials<\/a><\/li>\n<li id=\"menu-item-736\" class=\"menu-item menu-item-type-post_type menu-item-object-page menu-item-736\"><a href=\"https:\/\/agora.xtec.cat\/iesjoaquimmir\/ensenyaments\/cicles-formatius\/grau-mitja\/gestio-administrativa\/\">Gesti\u00f3 Administrativa<\/a><\/li>\n<li id=\"menu-item-924\" class=\"menu-item menu-item-type-post_type menu-item-object-page menu-item-924\"><a href=\"https:\/\/agora.xtec.cat\/iesjoaquimmir\/ensenyaments\/cicles-formatius\/grau-mitja\/gestio-administrativa-ambit-juridic\/\">Gesti\u00f3 Administrativa \u00c0mbit Jur\u00eddic<\/a><\/li>\n<\/ul>\n<p><span style=\"color: #000000;\">Suport per escollir la millor opci\u00f3: <span style=\"color: #33cccc;\"><a style=\"color: #33cccc;\" href=\"https:\/\/triaeducativa.gencat.cat\/ca\/fp\/gm\/\">https:\/\/triaeducativa.gencat.cat\/ca\/fp\/gm\/<\/a><\/span><\/span><\/p>\n<p>&nbsp;<\/p>\n<p><strong>\ud83d\udce2\u00a0A la web\u00a0<a href=\"https:\/\/preinscripcio.gencat.cat\/ca\/inici\/\" target=\"_blank\" rel=\"noopener\">preinscripcio.gencat.cat<\/a>\u00a0trobareu tota la informaci\u00f3 sobre la preinscripci\u00f3.<\/strong><\/p>\n<p><strong>\ud83d\udcc5 Per fer el seguiment del calendari, llistes i proc\u00e9s de matr\u00edcula podeu consultar el seg\u00fcent enlla\u00e7:\u00a0 <a href=\"https:\/\/agora.xtec.cat\/iesjoaquimmir\/secretaria\/cfgm\/\" target=\"_blank\" rel=\"noopener\">Matr\u00edcula CFGM<\/a><\/strong><\/p>\n","protected":false},"excerpt":{"rendered":"<p><a href=\"https:\/\/drive.google.com\/file\/d\/13pHyFeIHNanjoieC1OztjsFUI5zV3MEL\/view?usp=share_link\" target=\"_blank\" rel=\"noopener\">V\u00cdDEO PROMOCIONAL GM<\/a><\/p>\n<ul class=\"sub-menu\">\n<li id=\"menu-item-734\" class=\"menu-item menu-item-type-post_type menu-item-object-page menu-item-734\"><a href=\"https:\/\/agora.xtec.cat\/iesjoaquimmir\/ensenyaments\/cicles-formatius\/grau-mitja\/sistemes-microinformatics-i-xarxes\/\">Sistemes Microinform\u00e0tics i Xarxes<\/a><\/li>\n<li id=\"menu-item-735\" class=\"menu-item menu-item-type-post_type menu-item-object-page menu-item-735\"><a href=\"https:\/\/agora.xtec.cat\/iesjoaquimmir\/ensenyaments\/cicles-formatius\/grau-mitja\/comerc\/\">Activitats Comercials<\/a><\/li>\n<li id=\"menu-item-736\" class=\"menu-item menu-item-type-post_type menu-item-object-page menu-item-736\"><a href=\"https:\/\/agora.xtec.cat\/iesjoaquimmir\/ensenyaments\/cicles-formatius\/grau-mitja\/gestio-administrativa\/\">Gesti\u00f3 Administrativa<\/a><\/li>\n<li id=\"menu-item-924\" class=\"menu-item menu-item-type-post_type menu-item-object-page menu-item-924\"><a href=\"https:\/\/agora.xtec.cat\/iesjoaquimmir\/ensenyaments\/cicles-formatius\/grau-mitja\/gestio-administrativa-ambit-juridic\/\">Gesti\u00f3 Administrativa \u00c0mbit Jur\u00eddic<\/a><\/li>\n<\/ul>\n<p>Suport per escollir la millor opci\u00f3: <a&hellip;  <a href=\"https:\/\/agora.xtec.cat\/iesjoaquimmir\/ensenyaments\/cicles-formatius\/grau-mitja\/\" title=\"Read Grau Mitj\u00e0\">Llegeix m\u00e9s\u00bb<\/a><\/p>\n","protected":false},"author":4,"featured_media":0,"parent":707,"menu_order":0,"comment_status":"closed","ping_status":"closed","template":"","meta":{"_bbp_topic_count":0,"_bbp_reply_count":0,"_bbp_total_topic_count":0,"_bbp_total_reply_count":0,"_bbp_voice_count":0,"_bbp_anonymous_reply_count":0,"_bbp_topic_count_hidden":0,"_bbp_reply_count_hidden":0,"_bbp_forum_subforum_count":0,"footnotes":""},"class_list":["post-709","page","type-page","status-publish","hentry"],"post_mailing_queue_ids":[],"_links":{"self":[{"href":"https:\/\/agora.xtec.cat\/iesjoaquimmir\/wp-json\/wp\/v2\/pages\/709","targetHints":{"allow":["GET"]}}],"collection":[{"href":"https:\/\/agora.xtec.cat\/iesjoaquimmir\/wp-json\/wp\/v2\/pages"}],"about":[{"href":"https:\/\/agora.xtec.cat\/iesjoaquimmir\/wp-json\/wp\/v2\/types\/page"}],"author":[{"embeddable":true,"href":"https:\/\/agora.xtec.cat\/iesjoaquimmir\/wp-json\/wp\/v2\/users\/4"}],"replies":[{"embeddable":true,"href":"https:\/\/agora.xtec.cat\/iesjoaquimmir\/wp-json\/wp\/v2\/comments?post=709"}],"version-history":[{"count":6,"href":"https:\/\/agora.xtec.cat\/iesjoaquimmir\/wp-json\/wp\/v2\/pages\/709\/revisions"}],"predecessor-version":[{"id":9334,"href":"https:\/\/agora.xtec.cat\/iesjoaquimmir\/wp-json\/wp\/v2\/pages\/709\/revisions\/9334"}],"up":[{"embeddable":true,"href":"https:\/\/agora.xtec.cat\/iesjoaquimmir\/wp-json\/wp\/v2\/pages\/707"}],"wp:attachment":[{"href":"https:\/\/agora.xtec.cat\/iesjoaquimmir\/wp-json\/wp\/v2\/media?parent=709"}],"curies":[{"name":"wp","href":"https:\/\/api.w.org\/{rel}","templated":true}]}}