{"id":707,"date":"2016-03-03T06:32:17","date_gmt":"2016-03-03T05:32:17","guid":{"rendered":"http:\/\/agora.xtec.cat\/iesjoaquimmir\/?page_id=707"},"modified":"2026-03-16T11:48:12","modified_gmt":"2026-03-16T10:48:12","slug":"cicles-formatius","status":"publish","type":"page","link":"https:\/\/agora.xtec.cat\/iesjoaquimmir\/ensenyaments\/cicles-formatius\/","title":{"rendered":"Cicles Formatius"},"content":{"rendered":"<p>El nostre centre imparteix els seg\u00fcents cicles formatius:<\/p>\n<ul>\n<li>Grau mitj\u00e0\n<ul>\n<li>Sistemes Microinform\u00e0tics i Xarxes<\/li>\n<li>Gesti\u00f3 Administratva<\/li>\n<li>Gesti\u00f3 Administrativa de l&#8217;\u00c0mbit Jur\u00eddic<\/li>\n<li>Activitats Comercials<\/li>\n<\/ul>\n<\/li>\n<li>Grau Superior\n<ul>\n<li>Desenvolupament d\u2019Aplicacions Web<\/li>\n<li>Administraci\u00f3 de Sistemes Inform\u00e0tics en Xarxa<\/li>\n<li>Administraci\u00f3 i Finances<\/li>\n<li>Comer\u00e7 internacional<\/li>\n<li>Transport i Log\u00edstica<\/li>\n<\/ul>\n<\/li>\n<li>Formaci\u00f3 Professional Inicial\n<ul>\n<li>Auxiliar en Muntatge i Manteniment d\u2019Equips Inform\u00e0tics (IC01)<\/li>\n<li>Auxiliar de Comer\u00e7 i Atenci\u00f3 al P\u00fablic (CM02)<\/li>\n<\/ul>\n<\/li>\n<\/ul>\n<p>&nbsp;<\/p>\n","protected":false},"excerpt":{"rendered":"<p>El nostre centre imparteix els seg\u00fcents cicles formatius:<\/p>\n<ul>\n<li>Grau mitj\u00e0\n<ul>\n<li>Sistemes Microinform\u00e0tics i Xarxes<\/li>\n<li>Gesti\u00f3 Administratva<\/li>\n<li>Gesti\u00f3 Administrativa de l&#8217;\u00c0mbit Jur\u00eddic<\/li>\n<li>Activitats Comercials<\/li>\n<\/ul>\n<\/li>\n<li>Grau Superior\n<ul>\n<li>Desenvolupament d\u2019Aplicacions Web<\/li>\n<li>Administraci\u00f3 de Sistemes Inform\u00e0tics en Xarxa<\/li>\n<li>Administraci\u00f3 i Finances<\/li>\n<li>Comer\u00e7 internacional<\/li>\n<li>Transport i Log\u00edstica<\/li>\n<\/ul>\n<\/li>\n<li>Formaci\u00f3 Professional Inicial\n<ul>\n<li>Auxiliar en Muntatge i Manteniment d\u2019Equips Inform\u00e0tics (IC01)<\/li>\n<li>Auxiliar de Comer\u00e7 i Atenci\u00f3 al&hellip;  <a href=\"https:\/\/agora.xtec.cat\/iesjoaquimmir\/ensenyaments\/cicles-formatius\/\" title=\"Read Cicles Formatius\">Llegeix m\u00e9s\u00bb<\/a><br \/>\n","protected":false},"author":4,"featured_media":0,"parent":666,"menu_order":0,"comment_status":"closed","ping_status":"closed","template":"","meta":{"_bbp_topic_count":0,"_bbp_reply_count":0,"_bbp_total_topic_count":0,"_bbp_total_reply_count":0,"_bbp_voice_count":0,"_bbp_anonymous_reply_count":0,"_bbp_topic_count_hidden":0,"_bbp_reply_count_hidden":0,"_bbp_forum_subforum_count":0,"footnotes":""},"class_list":["post-707","page","type-page","status-publish","hentry"],"post_mailing_queue_ids":[],"_links":{"self":[{"href":"https:\/\/agora.xtec.cat\/iesjoaquimmir\/wp-json\/wp\/v2\/pages\/707","targetHints":{"allow":["GET"]}}],"collection":[{"href":"https:\/\/agora.xtec.cat\/iesjoaquimmir\/wp-json\/wp\/v2\/pages"}],"about":[{"href":"https:\/\/agora.xtec.cat\/iesjoaquimmir\/wp-json\/wp\/v2\/types\/page"}],"author":[{"embeddable":true,"href":"https:\/\/agora.xtec.cat\/iesjoaquimmir\/wp-json\/wp\/v2\/users\/4"}],"replies":[{"embeddable":true,"href":"https:\/\/agora.xtec.cat\/iesjoaquimmir\/wp-json\/wp\/v2\/comments?post=707"}],"version-history":[{"count":4,"href":"https:\/\/agora.xtec.cat\/iesjoaquimmir\/wp-json\/wp\/v2\/pages\/707\/revisions"}],"predecessor-version":[{"id":11317,"href":"https:\/\/agora.xtec.cat\/iesjoaquimmir\/wp-json\/wp\/v2\/pages\/707\/revisions\/11317"}],"up":[{"embeddable":true,"href":"https:\/\/agora.xtec.cat\/iesjoaquimmir\/wp-json\/wp\/v2\/pages\/666"}],"wp:attachment":[{"href":"https:\/\/agora.xtec.cat\/iesjoaquimmir\/wp-json\/wp\/v2\/media?parent=707"}],"curies":[{"name":"wp","href":"https:\/\/api.w.org\/{rel}","templated":true}]}}