{"id":693,"date":"2016-03-03T05:48:13","date_gmt":"2016-03-03T04:48:13","guid":{"rendered":"http:\/\/agora.xtec.cat\/iesjoaquimmir\/?page_id=693"},"modified":"2026-03-27T14:26:05","modified_gmt":"2026-03-27T13:26:05","slug":"batxillerat","status":"publish","type":"page","link":"https:\/\/agora.xtec.cat\/iesjoaquimmir\/ensenyaments\/batxillerat\/","title":{"rendered":"Batxillerat"},"content":{"rendered":"<p>Hi ha tres modalitats de batxillerat: arts (via d&#8217;arts pl\u00e0stiques, imatge i disseny i via d&#8217;arts esc\u00e8niques, m\u00fasica i dansa), humanitats i ci\u00e8ncies socials, i ci\u00e8ncies i tecnologia.<\/p>\n<p>Al nostre centre oferim els batxillerats de les modalitats de<\/p>\n<ul>\n<li>Humanitats i ci\u00e8ncies socials<\/li>\n<li>Ci\u00e8ncies i tecnologia<\/li>\n<\/ul>\n<h3>Caracter\u00edstiques del\u00a0 Batxillerat<\/h3>\n<ul>\n<li>T\u00e9 una durada de dos cursos.<\/li>\n<li>S\u2019organitza per opcions o modalitats,<\/li>\n<li>A cada opci\u00f3 li correspon una mat\u00e8ria comuna d\u2019opci\u00f3 obligat\u00f2ria<\/li>\n<li>S\u2019avalua num\u00e8ricament<\/li>\n<li>Es realitza el Treball de Recerca, fora de l&#8217;horari lectiu<\/li>\n<li>La seva superaci\u00f3 d\u00f3na acc\u00e9s la universitat, pr\u00e8viament superades les proves PAU i tamb\u00e9 als Cicles Formatius de Grau Superior<\/li>\n<li>Disseny curricular: <a href=\"https:\/\/agora.xtec.cat\/iesjoaquimmir\/wp-content\/uploads\/usu530\/2026\/03\/Triptic-batx-2026.pdf\">Triptic batx 2026<\/a><\/li>\n<\/ul>\n<p>Suport per escollir la millor opci\u00f3: <a href=\"https:\/\/triaeducativa.gencat.cat\/ca\/batxillerat\/\">https:\/\/triaeducativa.gencat.cat\/ca\/batxillerat\/<\/a><\/p>\n<p><span style=\"color: #008080;\">\ud83d\udce2 A la web <a style=\"color: #008080;\" href=\"https:\/\/preinscripcio.gencat.cat\/ca\/inici\/\" target=\"_blank\" rel=\"noopener\">preinscripcio.gencat.cat<\/a>\u00a0trobareu tota la informaci\u00f3 sobre la preinscripci\u00f3.<\/span><\/p>\n<p><span style=\"color: #008080;\">\ud83d\udcc5 Per fer el seguiment del calendari, llistes i proc\u00e9s de matr\u00edcula podeu consultar el seg\u00fcent enlla\u00e7:\u00a0 <\/span><a href=\"https:\/\/agora.xtec.cat\/iesjoaquimmir\/secretaria\/batxillerat\/\" target=\"_blank\" rel=\"noopener\">Matr\u00edcula Batxillerat<\/a><\/p>\n","protected":false},"excerpt":{"rendered":"<p>Hi ha tres modalitats de batxillerat: arts (via d&#8217;arts pl\u00e0stiques, imatge i disseny i via d&#8217;arts esc\u00e8niques, m\u00fasica i dansa), humanitats i ci\u00e8ncies socials, i ci\u00e8ncies i tecnologia.<br \/>\nAl nostre centre oferim els batxillerats de les modalitats de<\/p>\n<ul>\n<li>Humanitats i ci\u00e8ncies socials<\/li>\n<li>Ci\u00e8ncies i tecnologia<\/li>\n<\/ul>\n<p>Caracter\u00edstiques del\u00a0 Batxillerat<\/p>\n<ul>\n<li>T\u00e9 una&hellip;  <a href=\"https:\/\/agora.xtec.cat\/iesjoaquimmir\/ensenyaments\/batxillerat\/\" title=\"Read Batxillerat\">Llegeix m\u00e9s\u00bb<\/a><br \/>\n","protected":false},"author":4,"featured_media":0,"parent":666,"menu_order":0,"comment_status":"closed","ping_status":"closed","template":"","meta":{"_bbp_topic_count":0,"_bbp_reply_count":0,"_bbp_total_topic_count":0,"_bbp_total_reply_count":0,"_bbp_voice_count":0,"_bbp_anonymous_reply_count":0,"_bbp_topic_count_hidden":0,"_bbp_reply_count_hidden":0,"_bbp_forum_subforum_count":0,"footnotes":""},"class_list":["post-693","page","type-page","status-publish","hentry"],"post_mailing_queue_ids":[],"_links":{"self":[{"href":"https:\/\/agora.xtec.cat\/iesjoaquimmir\/wp-json\/wp\/v2\/pages\/693","targetHints":{"allow":["GET"]}}],"collection":[{"href":"https:\/\/agora.xtec.cat\/iesjoaquimmir\/wp-json\/wp\/v2\/pages"}],"about":[{"href":"https:\/\/agora.xtec.cat\/iesjoaquimmir\/wp-json\/wp\/v2\/types\/page"}],"author":[{"embeddable":true,"href":"https:\/\/agora.xtec.cat\/iesjoaquimmir\/wp-json\/wp\/v2\/users\/4"}],"replies":[{"embeddable":true,"href":"https:\/\/agora.xtec.cat\/iesjoaquimmir\/wp-json\/wp\/v2\/comments?post=693"}],"version-history":[{"count":9,"href":"https:\/\/agora.xtec.cat\/iesjoaquimmir\/wp-json\/wp\/v2\/pages\/693\/revisions"}],"predecessor-version":[{"id":11386,"href":"https:\/\/agora.xtec.cat\/iesjoaquimmir\/wp-json\/wp\/v2\/pages\/693\/revisions\/11386"}],"up":[{"embeddable":true,"href":"https:\/\/agora.xtec.cat\/iesjoaquimmir\/wp-json\/wp\/v2\/pages\/666"}],"wp:attachment":[{"href":"https:\/\/agora.xtec.cat\/iesjoaquimmir\/wp-json\/wp\/v2\/media?parent=693"}],"curies":[{"name":"wp","href":"https:\/\/api.w.org\/{rel}","templated":true}]}}