{"id":688,"date":"2016-03-03T05:37:45","date_gmt":"2016-03-03T04:37:45","guid":{"rendered":"http:\/\/agora.xtec.cat\/iesjoaquimmir\/?page_id=688"},"modified":"2024-03-03T09:41:09","modified_gmt":"2024-03-03T08:41:09","slug":"ensenyament-secundari-obligatori-eso","status":"publish","type":"page","link":"https:\/\/agora.xtec.cat\/iesjoaquimmir\/ensenyaments\/ensenyament-secundari-obligatori-eso\/","title":{"rendered":"Ensenyament Secundari Obligatori (ESO)"},"content":{"rendered":"<p><a href=\"https:\/\/agora.xtec.cat\/iesjoaquimmir\/wp-content\/uploads\/usu530\/2023\/03\/ESO_2023.pdf\">TR\u00cdPTIC INFORMACI\u00d3 ESO_2023<\/a><\/p>\n<p><a href=\"https:\/\/agora.xtec.cat\/iesjoaquimmir\/wp-content\/uploads\/usu530\/2023\/03\/Activitats.pdf\">TR\u00cdPTIC INFORMACI\u00d3 ACTIVITATS<\/a><\/p>\n<p>&nbsp;<\/p>\n<p><strong><span style=\"color: #008080;\">\ud83d\udce2 A la web <a style=\"color: #008080;\" href=\"https:\/\/preinscripcio.gencat.cat\/ca\/inici\/\" target=\"_blank\" rel=\"noopener\">preinscripcio.gencat.cat<\/a>\u00a0trobareu tota la informaci\u00f3 sobre la preinscripci\u00f3.<\/span><\/strong><\/p>\n<p><strong><span style=\"color: #008080;\">\ud83d\udcc5 Per fer el seguiment del calendari, llistes i proc\u00e9s de matr\u00edcula podeu consultar el seg\u00fcent enlla\u00e7:\u00a0 <a style=\"color: #008080;\" href=\"https:\/\/agora.xtec.cat\/iesjoaquimmir\/secretaria\/eso\/\" target=\"_blank\" rel=\"noopener\">Matr\u00edcula ESO<\/a><\/span><\/strong><\/p>\n","protected":false},"excerpt":{"rendered":"<p><a href=\"https:\/\/agora.xtec.cat\/iesjoaquimmir\/wp-content\/uploads\/usu530\/2023\/03\/ESO_2023.pdf\">TR\u00cdPTIC INFORMACI\u00d3 ESO_2023<\/a><br \/>\n<a href=\"https:\/\/agora.xtec.cat\/iesjoaquimmir\/wp-content\/uploads\/usu530\/2023\/03\/Activitats.pdf\">TR\u00cdPTIC INFORMACI\u00d3 ACTIVITATS<\/a><br \/>\n&nbsp;<br \/>\n\ud83d\udce2 A la web <a style=\"color: #008080;\" href=\"https:\/\/preinscripcio.gencat.cat\/ca\/inici\/\" target=\"_blank\" rel=\"noopener\">preinscripcio.gencat.cat<\/a>\u00a0trobareu tota la informaci\u00f3 sobre la preinscripci\u00f3.<br \/>\n\ud83d\udcc5 Per fer el seguiment del calendari, llistes i proc\u00e9s de matr\u00edcula podeu consultar el seg\u00fcent enlla\u00e7:\u00a0 <a style=\"color: #008080;\" href=\"https:\/\/agora.xtec.cat\/iesjoaquimmir\/secretaria\/eso\/\" target=\"_blank\" rel=\"noopener\">Matr\u00edcula ESO<\/a><\/p>\n","protected":false},"author":4,"featured_media":0,"parent":666,"menu_order":0,"comment_status":"closed","ping_status":"closed","template":"","meta":{"_bbp_topic_count":0,"_bbp_reply_count":0,"_bbp_total_topic_count":0,"_bbp_total_reply_count":0,"_bbp_voice_count":0,"_bbp_anonymous_reply_count":0,"_bbp_topic_count_hidden":0,"_bbp_reply_count_hidden":0,"_bbp_forum_subforum_count":0,"footnotes":""},"class_list":["post-688","page","type-page","status-publish","hentry"],"post_mailing_queue_ids":[],"_links":{"self":[{"href":"https:\/\/agora.xtec.cat\/iesjoaquimmir\/wp-json\/wp\/v2\/pages\/688","targetHints":{"allow":["GET"]}}],"collection":[{"href":"https:\/\/agora.xtec.cat\/iesjoaquimmir\/wp-json\/wp\/v2\/pages"}],"about":[{"href":"https:\/\/agora.xtec.cat\/iesjoaquimmir\/wp-json\/wp\/v2\/types\/page"}],"author":[{"embeddable":true,"href":"https:\/\/agora.xtec.cat\/iesjoaquimmir\/wp-json\/wp\/v2\/users\/4"}],"replies":[{"embeddable":true,"href":"https:\/\/agora.xtec.cat\/iesjoaquimmir\/wp-json\/wp\/v2\/comments?post=688"}],"version-history":[{"count":4,"href":"https:\/\/agora.xtec.cat\/iesjoaquimmir\/wp-json\/wp\/v2\/pages\/688\/revisions"}],"predecessor-version":[{"id":9326,"href":"https:\/\/agora.xtec.cat\/iesjoaquimmir\/wp-json\/wp\/v2\/pages\/688\/revisions\/9326"}],"up":[{"embeddable":true,"href":"https:\/\/agora.xtec.cat\/iesjoaquimmir\/wp-json\/wp\/v2\/pages\/666"}],"wp:attachment":[{"href":"https:\/\/agora.xtec.cat\/iesjoaquimmir\/wp-json\/wp\/v2\/media?parent=688"}],"curies":[{"name":"wp","href":"https:\/\/api.w.org\/{rel}","templated":true}]}}