{"id":666,"date":"2016-03-02T16:11:09","date_gmt":"2016-03-02T15:11:09","guid":{"rendered":"http:\/\/agora.xtec.cat\/iesjoaquimmir\/?page_id=666"},"modified":"2025-04-07T20:37:56","modified_gmt":"2025-04-07T18:37:56","slug":"ensenyaments","status":"publish","type":"page","link":"https:\/\/agora.xtec.cat\/iesjoaquimmir\/ensenyaments\/","title":{"rendered":"Ensenyaments"},"content":{"rendered":"<p>Al nostre centre s&#8217;imparteixen els seg\u00fcents ensenyaments:<\/p>\n<ul style=\"list-style-type: circle;\">\n<li>ESO (Cursos de 1r a 4rt)<\/li>\n<li>Batxillerat\n<ul>\n<li>Human\u00edstic i Ci\u00e8ncies Socials<\/li>\n<li>Ci\u00e8ncies i Tecnologia<\/li>\n<\/ul>\n<\/li>\n<li>Cicles Formatius\n<ul>\n<li>Grau mitj\u00e0\n<ul>\n<li>Sistemes Microinform\u00e0tics i Xarxes<\/li>\n<li>Gesti\u00f3 Administratva<\/li>\n<li>Comer\u00e7<\/li>\n<\/ul>\n<\/li>\n<li>Grau Superior\n<ul>\n<li>Desenvolupament d&#8217;Aplicacions Web<\/li>\n<li>Administraci\u00f3 de Sistemes Inform\u00e0tics en Xarxa<\/li>\n<li>Administraci\u00f3 i Finances<\/li>\n<li>Comer\u00e7 internacional<\/li>\n<li>Transport i Log\u00edstica<\/li>\n<\/ul>\n<\/li>\n<\/ul>\n<\/li>\n<li>Programa de Formaci\u00f3 i Inserci\u00f3 (PFI)\n<ul>\n<li>Auxiliar de Muntatges i Manteniment d&#8217;Equips Inform\u00e0tics<\/li>\n<li>Auxiliar de Comer\u00e7 i Atenci\u00f3 al P\u00fablic<\/li>\n<\/ul>\n<\/li>\n<\/ul>\n<p>&nbsp;<\/p>\n","protected":false},"excerpt":{"rendered":"<p>Al nostre centre s&#8217;imparteixen els seg\u00fcents ensenyaments:<\/p>\n<ul style=\"list-style-type: circle;\">\n<li>ESO (Cursos de 1r a 4rt)<\/li>\n<li>Batxillerat\n<ul>\n<li>Human\u00edstic i Ci\u00e8ncies Socials<\/li>\n<li>Ci\u00e8ncies i Tecnologia<\/li>\n<\/ul>\n<\/li>\n<li>Cicles Formatius\n<ul>\n<li>Grau mitj\u00e0\n<ul>\n<li>Sistemes Microinform\u00e0tics i Xarxes<\/li>\n<li>Gesti\u00f3 Administratva<\/li>\n<li>Comer\u00e7<\/li>\n<\/ul>\n<\/li>\n<li>Grau Superior\n<ul>\n<li>Desenvolupament d&#8217;Aplicacions Web<\/li>\n<li>Administraci\u00f3 de Sistemes Inform\u00e0tics en Xarxa<\/li>\n<li>Administraci\u00f3 i Finances<\/li>\n<li>Comer\u00e7 internacional<\/li>\n<li>Transport i Log\u00edstica<\/li>\n<\/ul>\n<\/li>\n<\/ul>\n<\/li>\n<li>Programa de Formaci\u00f3 i Inserci\u00f3 (PFI)\n<ul>\n<li>Auxiliar de Muntatges&hellip;  <a href=\"https:\/\/agora.xtec.cat\/iesjoaquimmir\/ensenyaments\/\" title=\"Read Ensenyaments\">Llegeix m\u00e9s\u00bb<\/a><br \/>\n","protected":false},"author":4,"featured_media":0,"parent":0,"menu_order":0,"comment_status":"closed","ping_status":"closed","template":"","meta":{"_bbp_topic_count":0,"_bbp_reply_count":0,"_bbp_total_topic_count":0,"_bbp_total_reply_count":0,"_bbp_voice_count":0,"_bbp_anonymous_reply_count":0,"_bbp_topic_count_hidden":0,"_bbp_reply_count_hidden":0,"_bbp_forum_subforum_count":0,"footnotes":""},"class_list":["post-666","page","type-page","status-publish","hentry"],"post_mailing_queue_ids":[],"_links":{"self":[{"href":"https:\/\/agora.xtec.cat\/iesjoaquimmir\/wp-json\/wp\/v2\/pages\/666","targetHints":{"allow":["GET"]}}],"collection":[{"href":"https:\/\/agora.xtec.cat\/iesjoaquimmir\/wp-json\/wp\/v2\/pages"}],"about":[{"href":"https:\/\/agora.xtec.cat\/iesjoaquimmir\/wp-json\/wp\/v2\/types\/page"}],"author":[{"embeddable":true,"href":"https:\/\/agora.xtec.cat\/iesjoaquimmir\/wp-json\/wp\/v2\/users\/4"}],"replies":[{"embeddable":true,"href":"https:\/\/agora.xtec.cat\/iesjoaquimmir\/wp-json\/wp\/v2\/comments?post=666"}],"version-history":[{"count":5,"href":"https:\/\/agora.xtec.cat\/iesjoaquimmir\/wp-json\/wp\/v2\/pages\/666\/revisions"}],"predecessor-version":[{"id":10490,"href":"https:\/\/agora.xtec.cat\/iesjoaquimmir\/wp-json\/wp\/v2\/pages\/666\/revisions\/10490"}],"wp:attachment":[{"href":"https:\/\/agora.xtec.cat\/iesjoaquimmir\/wp-json\/wp\/v2\/media?parent=666"}],"curies":[{"name":"wp","href":"https:\/\/api.w.org\/{rel}","templated":true}]}}