{"id":65,"date":"2014-09-18T10:12:22","date_gmt":"2014-09-18T10:12:22","guid":{"rendered":"http:\/\/agora.xtec.cat\/iesjoaquimmir\/?page_id=65"},"modified":"2015-11-24T20:56:09","modified_gmt":"2015-11-24T19:56:09","slug":"serveis-digitals","status":"publish","type":"page","link":"https:\/\/agora.xtec.cat\/iesjoaquimmir\/serveis\/serveis-digitals\/","title":{"rendered":"Serveis digitals"},"content":{"rendered":"<h3>Serveis digitals<\/h3>\n<h4><a href=\"http:\/\/agora.xtec.cat\/iesjoaquimmir\/moodle\">Moodle \u00a0(\u00c0gora).<\/a><\/h4>\n<p>Espai d&#8217;intercanvi per a les classes. Material de cada m\u00f2dul o assignatura, lliurament d&#8217;exercicis i altres serveis dels que pot disposar cada curs.<\/p>\n<h4><a href=\"http:\/\/informatica.iesjoaquimmir.cat\/wiki\/index.php\/P%C3%A0gina_principal\" target=\"_blank\">Wiki<\/a><\/h4>\n<p>Espai amb informaci\u00f3 diversa sobre moltes assignatures o m\u00f2duls de cicles formatius<\/p>\n<h4>Espai per a emmagatzemar el teu material escolar (domini jmir2)<\/h4>\n<p>A dintre del centre disposes d&#8217;espai (limitat) \u00a0al servidor per a desar els teus treballs. A m\u00e9s, el mateix servidor disposa d&#8217;espais p\u00fablics compartits on pots obtenir el material que els professors posin a la teva disposici\u00f3<\/p>\n<h4>Acc\u00e9s al wifi per al teu port\u00e0til<\/h4>\n<p>Si vens a classe amb port\u00e0til el centre disposa de les xarxes educat i WifiJmir. Per a la xarxa WifiJMIR cal registrar el teu equip (contacta alb el coordinador tic del centre)<\/p>\n<p>&nbsp;<\/p>\n<p>&nbsp;<\/p>\n<p>&nbsp;<\/p>\n<p>&nbsp;<\/p>\n<p>&nbsp;<\/p>\n<p>&nbsp;<\/p>\n","protected":false},"excerpt":{"rendered":"<p>Serveis digitals<br \/>\n<a href=\"http:\/\/agora.xtec.cat\/iesjoaquimmir\/moodle\">Moodle \u00a0(\u00c0gora).<\/a><br \/>\nEspai d&#8217;intercanvi per a les classes. Material de cada m\u00f2dul o assignatura, lliurament d&#8217;exercicis i altres serveis dels que pot disposar cada curs.<br \/>\n<a href=\"http:\/\/informatica.iesjoaquimmir.cat\/wiki\/index.php\/P%C3%A0gina_principal\" target=\"_blank\">Wiki<\/a><br \/>\nEspai amb informaci\u00f3 diversa sobre moltes assignatures o m\u00f2duls de cicles formatius<br \/>\nEspai per a emmagatzemar el teu material&hellip;  <a href=\"https:\/\/agora.xtec.cat\/iesjoaquimmir\/serveis\/serveis-digitals\/\" title=\"Read Serveis digitals\">Llegeix m\u00e9s\u00bb<\/a><\/p>\n","protected":false},"author":1,"featured_media":0,"parent":63,"menu_order":10,"comment_status":"closed","ping_status":"closed","template":"page-templates\/side-menu.php","meta":{"_bbp_topic_count":0,"_bbp_reply_count":0,"_bbp_total_topic_count":0,"_bbp_total_reply_count":0,"_bbp_voice_count":0,"_bbp_anonymous_reply_count":0,"_bbp_topic_count_hidden":0,"_bbp_reply_count_hidden":0,"_bbp_forum_subforum_count":0,"footnotes":""},"class_list":["post-65","page","type-page","status-publish","hentry"],"post_mailing_queue_ids":[],"_links":{"self":[{"href":"https:\/\/agora.xtec.cat\/iesjoaquimmir\/wp-json\/wp\/v2\/pages\/65","targetHints":{"allow":["GET"]}}],"collection":[{"href":"https:\/\/agora.xtec.cat\/iesjoaquimmir\/wp-json\/wp\/v2\/pages"}],"about":[{"href":"https:\/\/agora.xtec.cat\/iesjoaquimmir\/wp-json\/wp\/v2\/types\/page"}],"author":[{"embeddable":true,"href":"https:\/\/agora.xtec.cat\/iesjoaquimmir\/wp-json\/wp\/v2\/users\/1"}],"replies":[{"embeddable":true,"href":"https:\/\/agora.xtec.cat\/iesjoaquimmir\/wp-json\/wp\/v2\/comments?post=65"}],"version-history":[{"count":3,"href":"https:\/\/agora.xtec.cat\/iesjoaquimmir\/wp-json\/wp\/v2\/pages\/65\/revisions"}],"predecessor-version":[{"id":387,"href":"https:\/\/agora.xtec.cat\/iesjoaquimmir\/wp-json\/wp\/v2\/pages\/65\/revisions\/387"}],"up":[{"embeddable":true,"href":"https:\/\/agora.xtec.cat\/iesjoaquimmir\/wp-json\/wp\/v2\/pages\/63"}],"wp:attachment":[{"href":"https:\/\/agora.xtec.cat\/iesjoaquimmir\/wp-json\/wp\/v2\/media?parent=65"}],"curies":[{"name":"wp","href":"https:\/\/api.w.org\/{rel}","templated":true}]}}