{"id":626,"date":"2016-02-25T18:40:17","date_gmt":"2016-02-25T17:40:17","guid":{"rendered":"http:\/\/agora.xtec.cat\/iesjoaquimmir\/?page_id=626"},"modified":"2017-03-22T10:13:49","modified_gmt":"2017-03-22T09:13:49","slug":"concurs-de-relats-de-ciencia-ficcio","status":"publish","type":"page","link":"https:\/\/agora.xtec.cat\/iesjoaquimmir\/activitats\/concurs-de-relats-de-ciencia-ficcio\/","title":{"rendered":"Concurs de relats de ciencia-ficci\u00f3"},"content":{"rendered":"<p>Emmarcat en la diada de Sant Jordi i amb la vocaci\u00f3 de promoure tant la lectura com l&#8217;escriptura entre l&#8217;alumnat de cicles formatius del nostre centre, des del Departament d\u2019Inform\u00e0tica es proposa ampliar les activitats que ja ofereix el centre amb un concurs literari de relats de ci\u00e8ncia-ficci\u00f3 adre\u00e7at a l&#8217;alumnat de cicles formatius del nostre centre.<\/p>\n<p class=\"western\" lang=\"ca-ES\" align=\"justify\"><span style=\"color: #000000;\"><span style=\"font-family: Arial,serif;\"><span style=\"font-size: large;\"><b>Premi Institut Joaquim Mir de relats de Ci\u00e8ncia-ficci\u00f3<\/b><\/span><\/span><\/span><\/p>\n<p class=\"western\" lang=\"ca-ES\" align=\"justify\"><span style=\"color: #000000;\"><span style=\"font-family: Arial,serif;\"><span style=\"font-size: large;\"><b>Bases<\/b><\/span><\/span><\/span><\/p>\n<ol>\n<li>\n<p lang=\"ca-ES\" align=\"justify\"><span style=\"color: #000000;\"><span style=\"font-family: Arial,serif;\">Poden optar al premi les narracions in\u00e8dites que es puguin enquadrar dins dels g\u00e8neres de la ci\u00e8ncia-ficci\u00f3 o la fantasia, escrites per alumnes matriculats durant el curs 2016-2017 a cicles formatius del INS Joaquim Mir.<\/span><\/span><\/p>\n<\/li>\n<li>\n<p lang=\"ca-ES\" align=\"justify\"><span style=\"color: #000000;\"><span style=\"font-family: Arial,serif;\">Les obres, escrites en catal\u00e0 o castell\u00e0, s\u2019han de presentar impreses a doble espai, i han de tenir una extensi\u00f3 m\u00e0xima de 3 fulls de 30 l\u00ednies de 80 car\u00e0cters (fins 2400 car\u00e0cters). No es retornaran els originals rebuts. Tamb\u00e9 cal lliurar l\u2019obra en format electr\u00f2nic PDF.<\/span><\/span><\/p>\n<\/li>\n<li>\n<p lang=\"ca-ES\" align=\"justify\"><span style=\"color: #000000;\"><span style=\"font-family: Arial,serif;\">L\u2019autor o l\u2019autora ha de signar la narraci\u00f3 amb un lema o pseud\u00f2nim i ha d\u2019adjuntar un sobre tancat que contingui les dades seg\u00fcents: Nom complet, n\u00famero d\u2019identificaci\u00f3 personal (DNI o similar), tel\u00e8fon i mail de contacte, i cicle i curs matriculat. A la part exterior d\u2019aquest sobre s\u2019ha de fer constar el t\u00edtol de la narraci\u00f3 i el lema o pseud\u00f2nim de la signatura.<\/span><\/span><\/p>\n<\/li>\n<li>\n<p lang=\"ca-ES\" align=\"justify\"><span style=\"color: #000000;\"><span style=\"font-family: Arial,serif;\">Els originals s\u2019han de lliurar a la consergeria del centre. En el sobre s\u2019ha d\u2019indicar clarament: Premi Institut Joaquim Mir de relats de Ci\u00e8ncia-ficci\u00f3 2017. El fitxer en format electr\u00f2nic s\u2019ha d\u2019enviar a l\u2019adre\u00e7a <\/span><\/span><a href=\"mailto:concurs.relats.cf@iesjoaquimmir.cat\"><span style=\"color: #1155cc;\"><span style=\"font-family: Arial,serif;\">concurs.relats.cf@iesjoaquimmir.cat<\/span><\/span><\/a><span style=\"color: #000000;\"><span style=\"font-family: Arial,serif;\">.<\/span><\/span><\/p>\n<\/li>\n<li>\n<p lang=\"ca-ES\" align=\"justify\"><span style=\"color: #000000;\"><span style=\"font-family: Arial,serif;\">El termini de presentaci\u00f3 dels originals de l\u2019edici\u00f3 de 2017 s\u2019acaba el 18\/04\/2017. La decisi\u00f3 del jurat, que ser\u00e0 inapel\u00b7lable, es far\u00e0 p\u00fablica com a molt tard el dia 27\/04\/2017.<\/span><\/span><\/p>\n<\/li>\n<li>\n<p lang=\"ca-ES\" align=\"justify\"><span style=\"color: #000000;\"><span style=\"font-family: Arial,serif;\">Les obres presentades poden ser publicades al web i a la revista del centre, aix\u00ed com a un mural davant la consergeria del centre.<\/span><\/span><\/p>\n<\/li>\n<li>\n<p lang=\"ca-ES\" align=\"justify\"><span style=\"color: #000000;\"><span style=\"font-family: Arial,serif;\">L\u2019autor o autora de la narraci\u00f3 guanyadora rebr\u00e0 un premi de 60 euros en met\u00e0l\u00b7lic, i tamb\u00e9 hi haur\u00e0 un segon premi de 40 euros en met\u00e0l\u00b7lic. El premi est\u00e0 subvencionat al 50 % per l&#8217;Associaci\u00f3 de Mares i Pares de l&#8217;Institut Joaquim Mir i el departament d&#8217;inform\u00e0tica del centre.<\/span><\/span><\/p>\n<\/li>\n<li>\n<p lang=\"ca-ES\" align=\"justify\"><span style=\"color: #000000;\"><span style=\"font-family: Arial,serif;\">El jurat estar\u00e0 format per professorat del departament d&#8217;inform\u00e0tica del centre, i far\u00e0 l\u2019elecci\u00f3 de l\u2019obra guanyadora per majoria simple. El segon premi correspondr\u00e0 a la segona obra m\u00e9s votada. Els premis es poden declarar deserts.<\/span><\/span><\/p>\n<\/li>\n<li>\n<p lang=\"ca-ES\" align=\"justify\"><span style=\"color: #000000;\"><span style=\"font-family: Arial,serif;\">Les obres guanyadores seran publicades al web i a la revista del centre, aix\u00ed com a un mural davant la consergeria.<\/span><\/span><\/p>\n<\/li>\n<li>\n<p lang=\"ca-ES\" align=\"justify\"><span style=\"color: #000000;\"><span style=\"font-family: Arial,serif;\">La participaci\u00f3 en el Premi Institut Joaquim Mir de relats de Ci\u00e8ncia-Ficci\u00f3 2017 implica l\u2019acceptaci\u00f3 d\u2019aquestes bases.<\/span><\/span><\/p>\n<\/li>\n<\/ol>\n<p lang=\"ca-ES\" align=\"justify\"><span style=\"color: #000000;\"><span style=\"font-family: Arial,serif;\">Per a m\u00e9s informaci\u00f3 http:\/\/iesjoaquimmir.cat\/<\/span><\/span><\/p>\n<p lang=\"ca-ES\" align=\"justify\"><span style=\"color: #000000;\"><span style=\"font-family: Arial,serif;\">Vilanova i la Geltr\u00fa, Mar\u00e7 de 2017<\/span><\/span><\/p>\n<p>&nbsp;<\/p>\n","protected":false},"excerpt":{"rendered":"<p>Emmarcat en la diada de Sant Jordi i amb la vocaci\u00f3 de promoure tant la lectura com l&#8217;escriptura entre l&#8217;alumnat de cicles formatius del nostre centre, des del Departament d\u2019Inform\u00e0tica es proposa ampliar les activitats que ja ofereix el centre amb un concurs literari de&hellip;  <a href=\"https:\/\/agora.xtec.cat\/iesjoaquimmir\/activitats\/concurs-de-relats-de-ciencia-ficcio\/\" title=\"Read Concurs de relats de ciencia-ficci\u00f3\">Llegeix m\u00e9s\u00bb<\/a><\/p>\n","protected":false},"author":4,"featured_media":0,"parent":483,"menu_order":0,"comment_status":"closed","ping_status":"closed","template":"","meta":{"_bbp_topic_count":0,"_bbp_reply_count":0,"_bbp_total_topic_count":0,"_bbp_total_reply_count":0,"_bbp_voice_count":0,"_bbp_anonymous_reply_count":0,"_bbp_topic_count_hidden":0,"_bbp_reply_count_hidden":0,"_bbp_forum_subforum_count":0,"footnotes":""},"class_list":["post-626","page","type-page","status-publish","hentry"],"post_mailing_queue_ids":[],"_links":{"self":[{"href":"https:\/\/agora.xtec.cat\/iesjoaquimmir\/wp-json\/wp\/v2\/pages\/626","targetHints":{"allow":["GET"]}}],"collection":[{"href":"https:\/\/agora.xtec.cat\/iesjoaquimmir\/wp-json\/wp\/v2\/pages"}],"about":[{"href":"https:\/\/agora.xtec.cat\/iesjoaquimmir\/wp-json\/wp\/v2\/types\/page"}],"author":[{"embeddable":true,"href":"https:\/\/agora.xtec.cat\/iesjoaquimmir\/wp-json\/wp\/v2\/users\/4"}],"replies":[{"embeddable":true,"href":"https:\/\/agora.xtec.cat\/iesjoaquimmir\/wp-json\/wp\/v2\/comments?post=626"}],"version-history":[{"count":3,"href":"https:\/\/agora.xtec.cat\/iesjoaquimmir\/wp-json\/wp\/v2\/pages\/626\/revisions"}],"predecessor-version":[{"id":1700,"href":"https:\/\/agora.xtec.cat\/iesjoaquimmir\/wp-json\/wp\/v2\/pages\/626\/revisions\/1700"}],"up":[{"embeddable":true,"href":"https:\/\/agora.xtec.cat\/iesjoaquimmir\/wp-json\/wp\/v2\/pages\/483"}],"wp:attachment":[{"href":"https:\/\/agora.xtec.cat\/iesjoaquimmir\/wp-json\/wp\/v2\/media?parent=626"}],"curies":[{"name":"wp","href":"https:\/\/api.w.org\/{rel}","templated":true}]}}