{"id":502,"date":"2016-01-21T20:42:43","date_gmt":"2016-01-21T19:42:43","guid":{"rendered":"http:\/\/agora.xtec.cat\/iesjoaquimmir\/?page_id=502"},"modified":"2016-01-21T20:42:43","modified_gmt":"2016-01-21T19:42:43","slug":"concurs-de-fotografia-matematica","status":"publish","type":"page","link":"https:\/\/agora.xtec.cat\/iesjoaquimmir\/activitats\/concurs-de-fotografia-matematica\/","title":{"rendered":"Concurs de fotografia matem\u00e0tica"},"content":{"rendered":"<p><a href=\"http:\/\/agora.xtec.cat\/iesjoaquimmir\/wp-content\/uploads\/usu530\/2016\/01\/logo_foto_matematica.jpg\"><img loading=\"lazy\" decoding=\"async\" class=\"alignnone size-full wp-image-504\" src=\"http:\/\/agora.xtec.cat\/iesjoaquimmir\/wp-content\/uploads\/usu530\/2016\/01\/logo_foto_matematica.jpg\" alt=\"logo_foto_matematica\" width=\"260\" height=\"176\" \/><\/a><\/p>\n<p><span style=\"font-size: medium;\">Qui diu que les Mates s\u00f3n avorrides?<\/p>\n<p>Participa en el nostre concurs de fotografia matem\u00e0tica!!!!<\/p>\n<p><strong>Guanyadors curs 2011-12<\/strong><\/p>\n<p>NIVELL A: \u00a0 \u00a0 \u00a0 (1r i 2n ESO)<br \/>\n1r premi:\u00a0\u00a0\u00a0\u00a0\u00a0\u00a0\u00a0\u00a0 <strong>\u201cM\u00e9s o menys el centre de l\u2019infinit\u201d<\/strong> de <strong>Juan Manuel Garcia P\u00e9rez<\/strong> de 1r ESO A<br \/>\n2n premi:\u00a0\u00a0\u00a0\u00a0\u00a0\u00a0\u00a0 <strong>&#8220;Barana del balc\u00f3,angle de 90o&#8221;<\/strong> de <strong>Josep Joan Bertran Molina i Valent\u00edn Valladares Trinidad<\/strong><\/p>\n<p>NIVELL B: (3r i 4t ESO)<\/span> <span style=\"font-size: medium;\"><br \/>\n1r premi: \u00a0 \u00a0 \u00a0\u00a0 <strong>\u201cLa inc\u00f2gnita natural\u201d<\/strong> de <strong>Carla S\u00e1nchez Guaita<\/strong> de 4t ESO C<br \/>\n2n premi: \u00a0 \u00a0 \u00a0\u00a0 \u201c<strong>Segments en ramificacions\u201d<\/strong> de <strong>Eva Fern\u00e1ndez Pareja<\/strong> de 3r ESO<\/p>\n<p>NIVELL C: (Batxillerat i Cicles)<\/span> <span style=\"font-size: medium;\"><br \/>\n1r premi: \u00a0 \u00a0 \u00a0\u00a0 <strong>\u201cLa rosa de Fibonacci\u201d<\/strong>de <strong>Natalia Badilla Daza<\/strong> de 1r Batx M<br \/>\n2n premi: \u00a0 \u00a0 \u00a0 <strong>\u201cB\u00f3tes de vi paral\u2022leles fins a l\u2019infinit\u201d<\/strong> de <strong>D\u00e9bora Gonz\u00e1lez S\u00e1nchez<\/strong> de 1r Batx L<\/span><\/p>\n<p>&nbsp;<\/p>\n<p><a href=\"http:\/\/agora.xtec.cat\/iesjoaquimmir\/wp-content\/uploads\/usu530\/2016\/01\/ConcursFotosMates_2012.pdf\">ConcursFotosMates_2012<\/a><\/p>\n","protected":false},"excerpt":{"rendered":"<p><a href=\"http:\/\/agora.xtec.cat\/iesjoaquimmir\/wp-content\/uploads\/usu530\/2016\/01\/logo_foto_matematica.jpg\"><\/a><br \/>\nQui diu que les Mates s\u00f3n avorrides?<br \/>\nParticipa en el nostre concurs de fotografia matem\u00e0tica!!!!<br \/>\nGuanyadors curs 2011-12<br \/>\nNIVELL A: \u00a0 \u00a0 \u00a0 (1r i 2n ESO)<br \/>\n1r premi:\u00a0\u00a0\u00a0\u00a0\u00a0\u00a0\u00a0\u00a0 \u201cM\u00e9s o menys el centre de l\u2019infinit\u201d de Juan Manuel Garcia P\u00e9rez de 1r ESO A<br \/>\n2n premi:\u00a0\u00a0\u00a0\u00a0\u00a0\u00a0\u00a0 &#8220;Barana del&hellip;  <a href=\"https:\/\/agora.xtec.cat\/iesjoaquimmir\/activitats\/concurs-de-fotografia-matematica\/\" title=\"Read Concurs de fotografia matem\u00e0tica\">Llegeix m\u00e9s\u00bb<\/a><\/p>\n","protected":false},"author":1,"featured_media":0,"parent":483,"menu_order":0,"comment_status":"closed","ping_status":"closed","template":"","meta":{"_bbp_topic_count":0,"_bbp_reply_count":0,"_bbp_total_topic_count":0,"_bbp_total_reply_count":0,"_bbp_voice_count":0,"_bbp_anonymous_reply_count":0,"_bbp_topic_count_hidden":0,"_bbp_reply_count_hidden":0,"_bbp_forum_subforum_count":0,"footnotes":""},"class_list":["post-502","page","type-page","status-publish","hentry"],"post_mailing_queue_ids":[],"_links":{"self":[{"href":"https:\/\/agora.xtec.cat\/iesjoaquimmir\/wp-json\/wp\/v2\/pages\/502","targetHints":{"allow":["GET"]}}],"collection":[{"href":"https:\/\/agora.xtec.cat\/iesjoaquimmir\/wp-json\/wp\/v2\/pages"}],"about":[{"href":"https:\/\/agora.xtec.cat\/iesjoaquimmir\/wp-json\/wp\/v2\/types\/page"}],"author":[{"embeddable":true,"href":"https:\/\/agora.xtec.cat\/iesjoaquimmir\/wp-json\/wp\/v2\/users\/1"}],"replies":[{"embeddable":true,"href":"https:\/\/agora.xtec.cat\/iesjoaquimmir\/wp-json\/wp\/v2\/comments?post=502"}],"version-history":[{"count":1,"href":"https:\/\/agora.xtec.cat\/iesjoaquimmir\/wp-json\/wp\/v2\/pages\/502\/revisions"}],"predecessor-version":[{"id":505,"href":"https:\/\/agora.xtec.cat\/iesjoaquimmir\/wp-json\/wp\/v2\/pages\/502\/revisions\/505"}],"up":[{"embeddable":true,"href":"https:\/\/agora.xtec.cat\/iesjoaquimmir\/wp-json\/wp\/v2\/pages\/483"}],"wp:attachment":[{"href":"https:\/\/agora.xtec.cat\/iesjoaquimmir\/wp-json\/wp\/v2\/media?parent=502"}],"curies":[{"name":"wp","href":"https:\/\/api.w.org\/{rel}","templated":true}]}}