{"id":499,"date":"2016-01-21T20:36:42","date_gmt":"2016-01-21T19:36:42","guid":{"rendered":"http:\/\/agora.xtec.cat\/iesjoaquimmir\/?page_id=499"},"modified":"2017-01-29T11:20:34","modified_gmt":"2017-01-29T10:20:34","slug":"activitats-esportives-extraescolars","status":"publish","type":"page","link":"https:\/\/agora.xtec.cat\/iesjoaquimmir\/activitats\/activitats-esportives-extraescolars\/","title":{"rendered":"Activitats esportives extraescolars"},"content":{"rendered":"<p><a href=\"http:\/\/agora.xtec.cat\/iesjoaquimmir\/wp-content\/uploads\/usu530\/2016\/01\/aee.jpg\"><img loading=\"lazy\" decoding=\"async\" class=\"wp-image-1297 alignnone\" src=\"http:\/\/agora.xtec.cat\/iesjoaquimmir\/wp-content\/uploads\/usu530\/2016\/01\/aee.jpg\" alt=\"aee\" width=\"263\" height=\"160\" \/><\/a><a name=\"__DdeLink__266_1439031474\"><\/a><\/p>\n<p style=\"text-align: left;\">Ja us podeu inscriure a les activitats extraescolars que organitza l&#8217;Associaci\u00f3 Esportiva Escolar Joaquim Mir (A.E.E.) amb la col\u00b7laboraci\u00f3 de L\u2019AMPA. Si no el teniu, podeu demanar el full d&#8217;inscripci\u00f3 a l&#8217;institut.<\/p>\n<p style=\"text-align: left;\">Aquestes son les activitats, els preus i els horaris d\u2019enguany.<\/p>\n<table width=\"643\" cellspacing=\"0\" cellpadding=\"3\">\n<colgroup>\n<col width=\"122\" \/>\n<col width=\"194\" \/>\n<col width=\"115\" \/>\n<col width=\"186\" \/> <\/colgroup>\n<tbody>\n<tr valign=\"top\">\n<td bgcolor=\"#ffffff\" width=\"122\">\n<p class=\"western\"><b>ACTIVITAT<\/b><\/p>\n<\/td>\n<td bgcolor=\"#ffffff\" width=\"194\">\n<p class=\"western\"><b>CURS<\/b><\/p>\n<\/td>\n<td bgcolor=\"#ffffff\" width=\"115\">\n<p class=\"western\"><b>HORARI<\/b><\/p>\n<\/td>\n<td bgcolor=\"#ffffff\" width=\"186\">\n<p class=\"western\"><b>DIES<\/b><\/p>\n<\/td>\n<\/tr>\n<tr>\n<td colspan=\"4\" valign=\"top\" bgcolor=\"#ffffff\" width=\"635\">\n<p class=\"western\"><b>FUTBOL SALA<\/b><\/p>\n<\/td>\n<\/tr>\n<tr valign=\"top\">\n<td bgcolor=\"#ffffff\" width=\"122\">\n<p class=\"western\">INFANTIL \u00abA\u00bb<\/p>\n<\/td>\n<td bgcolor=\"#ffffff\" width=\"194\">\n<p class=\"western\">2<sup>n<\/sup> (ESO)<\/p>\n<\/td>\n<td bgcolor=\"#ffffff\" width=\"115\">\n<p class=\"western\">17h a 18:30h<\/p>\n<\/td>\n<td bgcolor=\"#ffffff\" width=\"186\">\n<p class=\"western\">dimarts i dijous (+divendres)<\/p>\n<\/td>\n<\/tr>\n<tr valign=\"top\">\n<td bgcolor=\"#ffffff\" width=\"122\">\n<p class=\"western\">INFANTIL \u00abB\u00bb<\/p>\n<\/td>\n<td bgcolor=\"#ffffff\" width=\"194\">\n<p class=\"western\">1<sup>r<\/sup> i 2<sup>n<\/sup> (ESO)<\/p>\n<\/td>\n<td bgcolor=\"#ffffff\" width=\"115\">\n<p class=\"western\">19h a 20:30h<\/p>\n<\/td>\n<td bgcolor=\"#ffffff\" width=\"186\">\n<p class=\"western\">dimarts i dijous(+divendres)<\/p>\n<\/td>\n<\/tr>\n<tr valign=\"top\">\n<td bgcolor=\"#ffffff\" width=\"122\">\n<p class=\"western\">INFANTIL \u00abC\u00bb<\/p>\n<\/td>\n<td bgcolor=\"#ffffff\" width=\"194\">\n<p class=\"western\">1<sup>r<\/sup> (ESO)<\/p>\n<\/td>\n<td bgcolor=\"#ffffff\" width=\"115\">\n<p class=\"western\">17h a 18:30h<\/p>\n<\/td>\n<td bgcolor=\"#ffffff\" width=\"186\">\n<p class=\"western\">dimarts i dijous(+dissabte)<\/p>\n<\/td>\n<\/tr>\n<tr valign=\"top\">\n<td bgcolor=\"#ffffff\" width=\"122\">\n<p class=\"western\">CADET<\/p>\n<\/td>\n<td bgcolor=\"#ffffff\" width=\"194\">\n<p class=\"western\">3<sup>r<\/sup> i 4<sup>t<\/sup> (ESO)<\/p>\n<\/td>\n<td bgcolor=\"#ffffff\" width=\"115\">\n<p class=\"western\">18:30h a 20h<\/p>\n<\/td>\n<td bgcolor=\"#ffffff\" width=\"186\">\n<p class=\"western\">dimarts i dijous(+dissabte)<\/p>\n<\/td>\n<\/tr>\n<tr valign=\"top\">\n<td bgcolor=\"#ffffff\" width=\"122\">\n<p class=\"western\">JUVENIL<\/p>\n<\/td>\n<td bgcolor=\"#ffffff\" width=\"194\">\n<p class=\"western\">Batxillerat, cicles formatius<\/p>\n<\/td>\n<td bgcolor=\"#ffffff\" width=\"115\">\n<p class=\"western\">20:30h a 22h<\/p>\n<\/td>\n<td bgcolor=\"#ffffff\" width=\"186\">\n<p class=\"western\">dimarts i dijous(+dissabte)<\/p>\n<\/td>\n<\/tr>\n<tr valign=\"top\">\n<td bgcolor=\"#ffffff\" width=\"122\">\n<p class=\"western\">AMATEUR<\/p>\n<\/td>\n<td bgcolor=\"#ffffff\" width=\"194\">\n<p class=\"western\">+18<\/p>\n<\/td>\n<td bgcolor=\"#ffffff\" width=\"115\">\n<p class=\"western\">21:45h a 23h<\/p>\n<\/td>\n<td bgcolor=\"#ffffff\" width=\"186\">\n<p class=\"western\">dimarts i dijous<\/p>\n<\/td>\n<\/tr>\n<tr>\n<td colspan=\"4\" valign=\"top\" bgcolor=\"#ffffff\" width=\"635\">\n<p class=\"western\"><b>VOLEIBOL<\/b><\/p>\n<\/td>\n<\/tr>\n<tr valign=\"top\">\n<td bgcolor=\"#ffffff\" width=\"122\">\n<p class=\"western\">INF\/CADET<\/p>\n<\/td>\n<td bgcolor=\"#ffffff\" width=\"194\">\n<p class=\"western\">ESO<\/p>\n<\/td>\n<td bgcolor=\"#ffffff\" width=\"115\">\n<p class=\"western\">17h a 18:30h<\/p>\n<\/td>\n<td bgcolor=\"#ffffff\" width=\"186\">\n<p class=\"western\">dimarts i dijous<\/p>\n<\/td>\n<\/tr>\n<tr>\n<td colspan=\"4\" valign=\"top\" bgcolor=\"#ffffff\" width=\"635\">\n<p class=\"western\"><b>KORFBAL<\/b><\/p>\n<\/td>\n<\/tr>\n<tr valign=\"top\">\n<td bgcolor=\"#ffffff\" width=\"122\">\n<p class=\"western\">INF\/CADET<\/p>\n<\/td>\n<td bgcolor=\"#ffffff\" width=\"194\">\n<p class=\"western\">ESO<\/p>\n<\/td>\n<td bgcolor=\"#ffffff\" width=\"115\">\n<p class=\"western\">17h a 18:30h<\/p>\n<\/td>\n<td bgcolor=\"#ffffff\" width=\"186\">\n<p class=\"western\">dimecres i divendres<\/p>\n<\/td>\n<\/tr>\n<tr>\n<td colspan=\"4\" valign=\"top\" bgcolor=\"#ffffff\" width=\"635\">\n<p class=\"western\"><b>BADMINTON<\/b><\/p>\n<\/td>\n<\/tr>\n<tr valign=\"top\">\n<td bgcolor=\"#ffffff\" width=\"122\">\n<p class=\"western\">INF\/CADET<\/p>\n<\/td>\n<td bgcolor=\"#ffffff\" width=\"194\">\n<p class=\"western\">ESO<\/p>\n<\/td>\n<td bgcolor=\"#ffffff\" width=\"115\">\n<p class=\"western\">18:30h a 19:30h<\/p>\n<\/td>\n<td bgcolor=\"#ffffff\" width=\"186\">\n<p class=\"western\">dimecres<\/p>\n<\/td>\n<\/tr>\n<tr>\n<td colspan=\"4\" valign=\"top\" bgcolor=\"#ffffff\" width=\"635\">\n<p class=\"western\"><b>RITMES<\/b><\/p>\n<\/td>\n<\/tr>\n<tr valign=\"top\">\n<td bgcolor=\"#ffffff\" width=\"122\">\n<p class=\"western\">INF\/CADET<\/p>\n<\/td>\n<td bgcolor=\"#ffffff\" width=\"194\">\n<p class=\"western\">ESO<\/p>\n<\/td>\n<td bgcolor=\"#ffffff\" width=\"115\">\n<p class=\"western\">18:30h a 20h<\/p>\n<\/td>\n<td bgcolor=\"#ffffff\" width=\"186\">\n<p class=\"western\">divendres<\/p>\n<\/td>\n<\/tr>\n<\/tbody>\n<\/table>\n<p class=\"western\"><b>PREUS DE LES ACTIVITATS EXTRAESCOLARS:<\/b><\/p>\n<table width=\"643\" cellspacing=\"0\" cellpadding=\"3\">\n<colgroup>\n<col width=\"314\" \/>\n<col width=\"314\" \/> <\/colgroup>\n<tbody>\n<tr valign=\"top\">\n<td bgcolor=\"#ffffff\" width=\"314\">\n<p class=\"western\"><b>FUTBOL SALA<\/b><\/p>\n<\/td>\n<td bgcolor=\"#ffffff\" width=\"314\">\n<p class=\"western\" align=\"left\">150\u20ac \/ Temporada<\/p>\n<\/td>\n<\/tr>\n<tr valign=\"top\">\n<td bgcolor=\"#ffffff\" width=\"314\">\n<p class=\"western\"><b>VOLEIBOL<\/b><\/p>\n<\/td>\n<td bgcolor=\"#ffffff\" width=\"314\">\n<p class=\"western\" align=\"left\">120\u20ac \/ Temporada<\/p>\n<\/td>\n<\/tr>\n<tr valign=\"top\">\n<td bgcolor=\"#ffffff\" width=\"314\">\n<p class=\"western\"><b>KORFBAL<\/b><\/p>\n<\/td>\n<td bgcolor=\"#ffffff\" width=\"314\">\n<p class=\"western\" align=\"left\">100\u20ac \/ Temporada<\/p>\n<\/td>\n<\/tr>\n<tr valign=\"top\">\n<td bgcolor=\"#ffffff\" width=\"314\">\n<p class=\"western\"><b>BADMINTON<\/b><\/p>\n<\/td>\n<td bgcolor=\"#ffffff\" width=\"314\">\n<p class=\"western\" align=\"left\">70\u20ac \/ Temporada<\/p>\n<\/td>\n<\/tr>\n<tr valign=\"top\">\n<td bgcolor=\"#ffffff\" width=\"314\">\n<p class=\"western\"><b>RITMES<\/b><\/p>\n<\/td>\n<td bgcolor=\"#ffffff\" width=\"314\">\n<p class=\"western\" align=\"left\">70\u20ac \/ Temporada<\/p>\n<\/td>\n<\/tr>\n<\/tbody>\n<\/table>\n<p class=\"western\"><b>ALTRES ACTIVITATS ORGANITZADES PER L\u2019A.E.E.<\/b><\/p>\n<table width=\"643\" cellspacing=\"0\" cellpadding=\"3\">\n<colgroup>\n<col width=\"313\" \/>\n<col width=\"132\" \/>\n<col width=\"178\" \/> <\/colgroup>\n<tbody>\n<tr valign=\"top\">\n<td bgcolor=\"#ffffff\" width=\"313\">\n<p class=\"western\"><b>ACTIVITAT<\/b><\/p>\n<\/td>\n<td bgcolor=\"#ffffff\" width=\"132\">\n<p class=\"western\"><b>PREU<\/b><\/p>\n<\/td>\n<td bgcolor=\"#ffffff\" width=\"178\">\n<p class=\"western\"><b>QUE INCLOU<\/b><\/p>\n<\/td>\n<\/tr>\n<tr valign=\"top\">\n<td bgcolor=\"#ffffff\" width=\"313\">\n<p class=\"western\">MASIA D\u2019EN CABANYES<\/p>\n<\/td>\n<td bgcolor=\"#ffffff\" width=\"132\">\n<p class=\"western\">5\u20ac<\/p>\n<\/td>\n<td bgcolor=\"#ffffff\" width=\"178\">\n<p class=\"western\">Excursi\u00f3 i dinar<\/p>\n<\/td>\n<\/tr>\n<tr valign=\"top\">\n<td bgcolor=\"#ffffff\" width=\"313\">\n<p class=\"western\">SORTIDA FCB SALA<\/p>\n<\/td>\n<td bgcolor=\"#ffffff\" width=\"132\">\n<p class=\"western\">25\u20ac<\/p>\n<\/td>\n<td bgcolor=\"#ffffff\" width=\"178\">\n<p class=\"western\">Autocar i partit<\/p>\n<\/td>\n<\/tr>\n<tr valign=\"top\">\n<td bgcolor=\"#ffffff\" width=\"313\">\n<p class=\"western\">FONT DE LES DEUS<\/p>\n<\/td>\n<td bgcolor=\"#ffffff\" width=\"132\">\n<p class=\"western\">25\u20ac<\/p>\n<\/td>\n<td bgcolor=\"#ffffff\" width=\"178\">\n<p class=\"western\">Autocar i experi\u00e8ncia<\/p>\n<\/td>\n<\/tr>\n<tr valign=\"top\">\n<td bgcolor=\"#ffffff\" width=\"313\">\n<p class=\"western\">KARTS + LASER<\/p>\n<\/td>\n<td bgcolor=\"#ffffff\" width=\"132\">\n<p class=\"western\">10\u20ac<\/p>\n<\/td>\n<td bgcolor=\"#ffffff\" width=\"178\">\n<p class=\"western\">Experi\u00e8ncia<\/p>\n<\/td>\n<\/tr>\n<tr valign=\"top\">\n<td bgcolor=\"#ffffff\" width=\"313\">\n<p class=\"western\">CLOENDA<\/p>\n<\/td>\n<td bgcolor=\"#ffffff\" width=\"132\">\n<p class=\"western\">0\u20ac<\/p>\n<\/td>\n<td bgcolor=\"#ffffff\" width=\"178\">\n<p class=\"western\">Fem entitat<\/p>\n<\/td>\n<\/tr>\n<\/tbody>\n<\/table>\n<ul>\n<li>\n<p class=\"western\">Les noies\u00a0i els nois es poden apuntar a m\u00e9s d\u2019una activitat.<\/p>\n<\/li>\n<li>\n<p class=\"western\">Hi ha un descompte del 10 % per als germans. (Al segon se li aplicar\u00e0 el descompte).<\/p>\n<\/li>\n<li>\n<p class=\"western\">Les activitats comen\u00e7aran el 20\/09 i acabaran el 17\/06.<\/p>\n<\/li>\n<li>\n<p class=\"western\">Totes les activitats han de tenir un m\u00ednim d\u2019inscrits per a poder realitzar-se. L\u2019entitat es reserva el dret d\u2019anular-les si no hi ha prou demanda.<\/p>\n<\/li>\n<li>\n<p class=\"western\">Hi haur\u00e0 una reuni\u00f3 dels pares \/ mares o tutors legals el dia 15 de setembre de 2016 a les 18h a la sala d\u2019actes.<\/p>\n<\/li>\n<li>\n<p class=\"western\">Per\u00edode d\u2019inscripci\u00f3: del 15 de setembre al 14 d\u2019octubre.<\/p>\n<\/li>\n<li>\n<p class=\"western\">Recordeu que <b>cal estar assegurat<\/b> per a realitzar les activitats extraescolars, per aix\u00f2 cada nen\/a haur\u00e0 de portar una <b>foto mida carnet, fotoc\u00f2pia del DNI o llibre de fam\u00edlia i una fotoc\u00f2pia de la targeta sanit\u00e0ria.<\/b><\/p>\n<\/li>\n<li>\n<p class=\"western\">Per formalitzar la inscripci\u00f3 cal omplir el full d\u2019inscripci\u00f3\u00a0 i entregar-lo al responsable de l\u2019A.E.E.<\/p>\n<\/li>\n<li>\n<p class=\"western\">S\u2019ha de fer un ingr\u00e8s al numero de compte <b>2013 \u2013 0378 \u2013 12 \u2013 0200697824 amb l\u2019import total de les activitats triades i fent constar al concepte el nom de l\u2019alumne.<\/b><\/p>\n<\/li>\n<\/ul>\n<p class=\"western\"><b>NORMES DE L\u2019ENTITAT<\/b><\/p>\n<ul>\n<li>\n<p class=\"western\">No tolerarem el mal comportament ni el mal us del material i les instal\u00b7lacions.<\/p>\n<\/li>\n<li>\n<p class=\"western\">Sempre hem de tractar amb respecte als companys i companyes de l\u2019equip, entrenadors\/es, delegats\/es, public i altres integrants de l\u2019entitat.<\/p>\n<\/li>\n<li>\n<p class=\"western\">S\u2019ha de venir als entrenaments amb una actitud positiva, amb ganes de voler aprendre i passar-ho b\u00e9 per gaudir de l\u2019esport que es practica.<\/p>\n<\/li>\n<li>\n<p class=\"western\">Si no es fan als pagaments compromesos, l\u2019entitat es reserva el dret d\u2019excloure parcialment o totalment l\u2019alumne de l\u2019activitat.<\/p>\n<\/li>\n<li>\n<p class=\"western\">Les samarretes s\u2019han de retornar a l\u2019entitat al final de la temporada.<\/p>\n<\/li>\n<li>\n<p class=\"western\">Es important assistir a les activitats que organitza l&#8217;Associaci\u00f3 Esportiva Escolar Joaquim Mir sempre que sigui possible. Aix\u00f2 ajuda a una millor integraci\u00f3 de tots plegats.<\/p>\n<\/li>\n<\/ul>\n","protected":false},"excerpt":{"rendered":"<p><a href=\"http:\/\/agora.xtec.cat\/iesjoaquimmir\/wp-content\/uploads\/usu530\/2016\/01\/aee.jpg\"><\/a><a name=\"__DdeLink__266_1439031474\"><\/a><br \/>\nJa us podeu inscriure a les activitats extraescolars que organitza l&#8217;Associaci\u00f3 Esportiva Escolar Joaquim Mir (A.E.E.) amb la col\u00b7laboraci\u00f3 de L\u2019AMPA. Si no el teniu, podeu demanar el full d&#8217;inscripci\u00f3 a l&#8217;institut.<br \/>\nAquestes son les activitats, els preus i els horaris d\u2019enguany.<\/p>\n<p>ACTIVITAT<\/p>\n<p>CURS<\/p>\n<p>HORARI<\/p>\n<p>DIES<\/p>\n<p>FUTBOL SALA<\/p>\n<p>INFANTIL&hellip;  <a href=\"https:\/\/agora.xtec.cat\/iesjoaquimmir\/activitats\/activitats-esportives-extraescolars\/\" title=\"Read Activitats esportives extraescolars\">Llegeix m\u00e9s\u00bb<\/a><\/p>\n","protected":false},"author":1,"featured_media":0,"parent":483,"menu_order":0,"comment_status":"closed","ping_status":"closed","template":"","meta":{"_bbp_topic_count":0,"_bbp_reply_count":0,"_bbp_total_topic_count":0,"_bbp_total_reply_count":0,"_bbp_voice_count":0,"_bbp_anonymous_reply_count":0,"_bbp_topic_count_hidden":0,"_bbp_reply_count_hidden":0,"_bbp_forum_subforum_count":0,"footnotes":""},"class_list":["post-499","page","type-page","status-publish","hentry"],"post_mailing_queue_ids":[],"_links":{"self":[{"href":"https:\/\/agora.xtec.cat\/iesjoaquimmir\/wp-json\/wp\/v2\/pages\/499","targetHints":{"allow":["GET"]}}],"collection":[{"href":"https:\/\/agora.xtec.cat\/iesjoaquimmir\/wp-json\/wp\/v2\/pages"}],"about":[{"href":"https:\/\/agora.xtec.cat\/iesjoaquimmir\/wp-json\/wp\/v2\/types\/page"}],"author":[{"embeddable":true,"href":"https:\/\/agora.xtec.cat\/iesjoaquimmir\/wp-json\/wp\/v2\/users\/1"}],"replies":[{"embeddable":true,"href":"https:\/\/agora.xtec.cat\/iesjoaquimmir\/wp-json\/wp\/v2\/comments?post=499"}],"version-history":[{"count":4,"href":"https:\/\/agora.xtec.cat\/iesjoaquimmir\/wp-json\/wp\/v2\/pages\/499\/revisions"}],"predecessor-version":[{"id":1465,"href":"https:\/\/agora.xtec.cat\/iesjoaquimmir\/wp-json\/wp\/v2\/pages\/499\/revisions\/1465"}],"up":[{"embeddable":true,"href":"https:\/\/agora.xtec.cat\/iesjoaquimmir\/wp-json\/wp\/v2\/pages\/483"}],"wp:attachment":[{"href":"https:\/\/agora.xtec.cat\/iesjoaquimmir\/wp-json\/wp\/v2\/media?parent=499"}],"curies":[{"name":"wp","href":"https:\/\/api.w.org\/{rel}","templated":true}]}}