{"id":493,"date":"2016-01-21T20:30:44","date_gmt":"2016-01-21T19:30:44","guid":{"rendered":"http:\/\/agora.xtec.cat\/iesjoaquimmir\/?page_id=493"},"modified":"2016-01-21T20:32:53","modified_gmt":"2016-01-21T19:32:53","slug":"conferencies-a-linstitut","status":"publish","type":"page","link":"https:\/\/agora.xtec.cat\/iesjoaquimmir\/activitats\/conferencies-a-linstitut\/","title":{"rendered":"Confer\u00e8ncies a l&#8217;institut"},"content":{"rendered":"<p><a href=\"http:\/\/agora.xtec.cat\/iesjoaquimmir\/wp-content\/uploads\/usu530\/2016\/01\/logo_conferencies.jpg\"><img loading=\"lazy\" decoding=\"async\" class=\"alignnone size-full wp-image-494\" src=\"http:\/\/agora.xtec.cat\/iesjoaquimmir\/wp-content\/uploads\/usu530\/2016\/01\/logo_conferencies.jpg\" alt=\"logo_conferencies\" width=\"258\" height=\"196\" \/><\/a><\/p>\n<p>Al nostre Institut tots els anys reprenem un nou Cicle de Confer\u00e8ncies adre\u00e7ades a alumnes de tots els nivells educatius, professorat i fam\u00edlies. Aquestes confer\u00e8ncies poden ser programades pel propi professorat del centre i adre\u00e7ades a alumnes d&#8217;un determinat nivell educatiu, o a tots o programades per l&#8217;AMPA i obertes a totes les fam\u00edlies.<\/p>\n","protected":false},"excerpt":{"rendered":"<p><a href=\"http:\/\/agora.xtec.cat\/iesjoaquimmir\/wp-content\/uploads\/usu530\/2016\/01\/logo_conferencies.jpg\"><\/a><br \/>\nAl nostre Institut tots els anys reprenem un nou Cicle de Confer\u00e8ncies adre\u00e7ades a alumnes de tots els nivells educatius, professorat i fam\u00edlies. Aquestes confer\u00e8ncies poden ser programades pel propi professorat del centre i adre\u00e7ades a alumnes d&#8217;un determinat nivell educatiu, o a tots&hellip;  <a href=\"https:\/\/agora.xtec.cat\/iesjoaquimmir\/activitats\/conferencies-a-linstitut\/\" title=\"Read Confer\u00e8ncies a l&#8217;institut\">Llegeix m\u00e9s\u00bb<\/a><\/p>\n","protected":false},"author":1,"featured_media":0,"parent":483,"menu_order":0,"comment_status":"closed","ping_status":"closed","template":"","meta":{"_bbp_topic_count":0,"_bbp_reply_count":0,"_bbp_total_topic_count":0,"_bbp_total_reply_count":0,"_bbp_voice_count":0,"_bbp_anonymous_reply_count":0,"_bbp_topic_count_hidden":0,"_bbp_reply_count_hidden":0,"_bbp_forum_subforum_count":0,"footnotes":""},"class_list":["post-493","page","type-page","status-publish","hentry"],"post_mailing_queue_ids":[],"_links":{"self":[{"href":"https:\/\/agora.xtec.cat\/iesjoaquimmir\/wp-json\/wp\/v2\/pages\/493","targetHints":{"allow":["GET"]}}],"collection":[{"href":"https:\/\/agora.xtec.cat\/iesjoaquimmir\/wp-json\/wp\/v2\/pages"}],"about":[{"href":"https:\/\/agora.xtec.cat\/iesjoaquimmir\/wp-json\/wp\/v2\/types\/page"}],"author":[{"embeddable":true,"href":"https:\/\/agora.xtec.cat\/iesjoaquimmir\/wp-json\/wp\/v2\/users\/1"}],"replies":[{"embeddable":true,"href":"https:\/\/agora.xtec.cat\/iesjoaquimmir\/wp-json\/wp\/v2\/comments?post=493"}],"version-history":[{"count":1,"href":"https:\/\/agora.xtec.cat\/iesjoaquimmir\/wp-json\/wp\/v2\/pages\/493\/revisions"}],"predecessor-version":[{"id":495,"href":"https:\/\/agora.xtec.cat\/iesjoaquimmir\/wp-json\/wp\/v2\/pages\/493\/revisions\/495"}],"up":[{"embeddable":true,"href":"https:\/\/agora.xtec.cat\/iesjoaquimmir\/wp-json\/wp\/v2\/pages\/483"}],"wp:attachment":[{"href":"https:\/\/agora.xtec.cat\/iesjoaquimmir\/wp-json\/wp\/v2\/media?parent=493"}],"curies":[{"name":"wp","href":"https:\/\/api.w.org\/{rel}","templated":true}]}}