{"id":4482,"date":"2019-10-21T23:17:26","date_gmt":"2019-10-21T21:17:26","guid":{"rendered":"http:\/\/agora.xtec.cat\/iesjoaquimmir\/?page_id=4482"},"modified":"2023-09-24T09:26:16","modified_gmt":"2023-09-24T07:26:16","slug":"inici-erasmuscharter","status":"publish","type":"page","link":"https:\/\/agora.xtec.cat\/iesjoaquimmir\/intprojects\/erasmus\/inici-erasmuscharter\/","title":{"rendered":"Inici: Erasmus CHARTER"},"content":{"rendered":"<p><strong>Coordinaci\u00f3 de Mobilitat<\/strong><\/p>\n<p>L\u2019Institut Joaquim Mir t\u00e9 com a pilar fonamental, dins el projecte educatiu del centre, la Mobilitat Internacional; tant dels seus estudiants com del professorat.<\/p>\n<p>Apostem per a la internacionalitzaci\u00f3 del centre, per la mobilitat de la comunitat educativa, per fer xarxa i intercanviar valors, coneixements i estrat\u00e8gies educatives amb altres pa\u00efsos, treballant sempre dins el marc del projecte Erasmus.<\/p>\n<p>L\u2019institut participa en diferents Xarxes de Mobilitat que existeixen al seu territori, col\u00b7laborant i treballant de manera cooperativa amb altres centres de la regi\u00f3.<\/p>\n<p>Col\u00b7laborem amb la <a href=\"https:\/\/xtec.gencat.cat\/ca\/projectes\/mobinternacional\/\">Xarxa de Mobilitat Internacional<\/a> del Departament d\u2019Educaci\u00f3 de la Generalitat de Catalunya, aix\u00ed com participem directament amb l\u2019Ag\u00e8ncia Espanyola, <a href=\"http:\/\/sepie.es\/\">SEPIE<\/a>, Servicio para la Internacionalizaci\u00f3n de la Educaci\u00f3n, que \u00e9s l\u2019\u00f2rgan competent de coordinar els projectes Erasmus+ a nivell europeu.<\/p>\n<p>Aquestes activitats estan gestionades per la Coordinadora de Mobilitat, Carme Garcia Olivar.<br \/>\nPer contactar, podeu adre\u00e7ar-vos a: mobility@insjoaquimmir.cat<\/p>\n<h3><strong>ERASMUS+ CHARTER 2014 &#8211; 2020<\/strong><\/h3>\n<p><a href=\"https:\/\/agora.xtec.cat\/iesjoaquimmir\/wp-content\/uploads\/usu530\/2019\/10\/Erasmus.png\"><img loading=\"lazy\" decoding=\"async\" class=\"alignnone size-full wp-image-4483\" src=\"https:\/\/agora.xtec.cat\/iesjoaquimmir\/wp-content\/uploads\/usu530\/2019\/10\/Erasmus.png\" alt=\"\" width=\"826\" height=\"582\" srcset=\"https:\/\/agora.xtec.cat\/iesjoaquimmir\/wp-content\/uploads\/usu530\/2019\/10\/Erasmus.png 826w, https:\/\/agora.xtec.cat\/iesjoaquimmir\/wp-content\/uploads\/usu530\/2019\/10\/Erasmus-300x211.png 300w, https:\/\/agora.xtec.cat\/iesjoaquimmir\/wp-content\/uploads\/usu530\/2019\/10\/Erasmus-768x541.png 768w\" sizes=\"auto, (max-width: 826px) 100vw, 826px\" \/><\/a><\/p>\n<h3><a href=\"https:\/\/agora.xtec.cat\/iesjoaquimmir\/wp-content\/uploads\/usu530\/2022\/01\/Erasmus-Charter-for-Higher-Education.pdf\"><strong>NOVA CARTA ERASMUS 2021 &#8211; 2027: Erasmus Charter for Higher Education\u00a0<\/strong><\/a><\/h3>\n<p>&nbsp;<\/p>\n<p>&nbsp;<\/p>\n","protected":false},"excerpt":{"rendered":"<p>Coordinaci\u00f3 de Mobilitat<br \/>\nL\u2019Institut Joaquim Mir t\u00e9 com a pilar fonamental, dins el projecte educatiu del centre, la Mobilitat Internacional; tant dels seus estudiants com del professorat.<br \/>\nApostem per a la internacionalitzaci\u00f3 del centre, per la mobilitat de la comunitat educativa, per fer xarxa i intercanviar valors,&hellip;  <a href=\"https:\/\/agora.xtec.cat\/iesjoaquimmir\/intprojects\/erasmus\/inici-erasmuscharter\/\" title=\"Read Inici: Erasmus CHARTER\">Llegeix m\u00e9s\u00bb<\/a><\/p>\n","protected":false},"author":28,"featured_media":0,"parent":451,"menu_order":0,"comment_status":"closed","ping_status":"closed","template":"","meta":{"_bbp_topic_count":0,"_bbp_reply_count":0,"_bbp_total_topic_count":0,"_bbp_total_reply_count":0,"_bbp_voice_count":0,"_bbp_anonymous_reply_count":0,"_bbp_topic_count_hidden":0,"_bbp_reply_count_hidden":0,"_bbp_forum_subforum_count":0,"footnotes":""},"class_list":["post-4482","page","type-page","status-publish","hentry"],"post_mailing_queue_ids":[],"_links":{"self":[{"href":"https:\/\/agora.xtec.cat\/iesjoaquimmir\/wp-json\/wp\/v2\/pages\/4482","targetHints":{"allow":["GET"]}}],"collection":[{"href":"https:\/\/agora.xtec.cat\/iesjoaquimmir\/wp-json\/wp\/v2\/pages"}],"about":[{"href":"https:\/\/agora.xtec.cat\/iesjoaquimmir\/wp-json\/wp\/v2\/types\/page"}],"author":[{"embeddable":true,"href":"https:\/\/agora.xtec.cat\/iesjoaquimmir\/wp-json\/wp\/v2\/users\/28"}],"replies":[{"embeddable":true,"href":"https:\/\/agora.xtec.cat\/iesjoaquimmir\/wp-json\/wp\/v2\/comments?post=4482"}],"version-history":[{"count":4,"href":"https:\/\/agora.xtec.cat\/iesjoaquimmir\/wp-json\/wp\/v2\/pages\/4482\/revisions"}],"predecessor-version":[{"id":8887,"href":"https:\/\/agora.xtec.cat\/iesjoaquimmir\/wp-json\/wp\/v2\/pages\/4482\/revisions\/8887"}],"up":[{"embeddable":true,"href":"https:\/\/agora.xtec.cat\/iesjoaquimmir\/wp-json\/wp\/v2\/pages\/451"}],"wp:attachment":[{"href":"https:\/\/agora.xtec.cat\/iesjoaquimmir\/wp-json\/wp\/v2\/media?parent=4482"}],"curies":[{"name":"wp","href":"https:\/\/api.w.org\/{rel}","templated":true}]}}