{"id":447,"date":"2015-12-14T11:15:39","date_gmt":"2015-12-14T10:15:39","guid":{"rendered":"http:\/\/agora.xtec.cat\/iesjoaquimmir\/?page_id=447"},"modified":"2024-09-26T09:55:43","modified_gmt":"2024-09-26T07:55:43","slug":"requirements","status":"publish","type":"page","link":"https:\/\/agora.xtec.cat\/iesjoaquimmir\/intprojects\/erasmus\/requirements\/","title":{"rendered":"Requirements"},"content":{"rendered":"<h2>Important:<\/h2>\n<ol>\n<li>Per normativa l&#8217;alumne haur\u00e0 de tenir aprovat el RA2 (Prevenci\u00f3 de riscos laborals) del m\u00f2dul d&#8217;IPO1, abans de marxar d&#8217;ERASMUS+.<\/li>\n<li>Els alumnes seleccionats estaran obligats a fer les <strong>activitats i din\u00e0miques de grup<\/strong> que marqui el centre.<\/li>\n<li>Les <strong>classes d&#8217;angl\u00e8s<\/strong> que proposa el centre <strong>seran obligat\u00f2ries<\/strong>. Els alumnes que tinguin algun t\u00edtol d&#8217;angl\u00e8s o estigui assistint a alguna acad\u00e8mia d&#8217;idiomes podran quedar exempts si ho justifiquen.<\/li>\n<li>Abans de marxar l&#8217;alumne far\u00e0 un <strong>petit curs de l&#8217;idioma del seu pa\u00eds de dest\u00ed OnLine (el OLS)<\/strong> que proporciona el mateix programa Erasmus+.<\/li>\n<\/ol>\n<table>\n<tbody>\n<tr>\n<td>\n<p dir=\"ltr\">Criteri intern<\/p>\n<p dir=\"ltr\">30%<\/p>\n<p dir=\"ltr\">\n<\/td>\n<td>\n<p dir=\"ltr\">L&#8217;equip docent valorar\u00e0 la preparaci\u00f3 i comprom\u00eds del participant, tenint en compte:<\/p>\n<ol>\n<li dir=\"ltr\">\n<p dir=\"ltr\">Assist\u00e8ncia a classe.<\/p>\n<\/li>\n<li dir=\"ltr\">\n<p dir=\"ltr\">Actitud a classe.<\/p>\n<\/li>\n<li dir=\"ltr\">\n<p dir=\"ltr\">Expedient acad\u00e8mic de l&#8217;alumne \/ a.<\/p>\n<\/li>\n<\/ol>\n<\/td>\n<\/tr>\n<tr>\n<td>\n<p dir=\"ltr\">Entrevista<\/p>\n<p dir=\"ltr\">30%<\/p>\n<\/td>\n<td>\n<p dir=\"ltr\">El tribunal que realitzi l&#8217;entrevista valorar\u00e0 les compet\u00e8ncies i aptituds del participant i la seva idone\u00eftat pel proc\u00e9s, tenint en compte:<\/p>\n<ol>\n<li dir=\"ltr\">\n<p dir=\"ltr\">Iniciativa, adaptabilitat.<\/p>\n<\/li>\n<li dir=\"ltr\">\n<p dir=\"ltr\">Mentalitat oberta, socialitzaci\u00f3.<\/p>\n<\/li>\n<li dir=\"ltr\">\n<p dir=\"ltr\">Capacitat de comunicaci\u00f3.<\/p>\n<\/li>\n<li dir=\"ltr\">\n<p dir=\"ltr\">Maduresa i coneixement d&#8217;un mateix.<\/p>\n<\/li>\n<li dir=\"ltr\">\n<p dir=\"ltr\">Idioma estranger.<\/p>\n<\/li>\n<li dir=\"ltr\">\n<p dir=\"ltr\">Resoluci\u00f3 de conflictes.<\/p>\n<\/li>\n<li dir=\"ltr\">\n<p dir=\"ltr\">Motivaci\u00f3 i expectatives.<\/p>\n<\/li>\n<\/ol>\n<\/td>\n<\/tr>\n<tr>\n<td rowspan=\"3\">\n<p dir=\"ltr\">Documentaci\u00f3 lliurada<\/p>\n<p dir=\"ltr\">40%<\/p>\n<\/td>\n<td>\n<p dir=\"ltr\">CV i Carta de motivaci\u00f3: 20%<\/p>\n<p dir=\"ltr\">Es valorar\u00e0 la presentaci\u00f3 i el contingut. A la carta de motivaci\u00f3 es valorar\u00e0 tamb\u00e9 la motivaci\u00f3 i l&#8217;originalitat.<\/p>\n<\/td>\n<\/tr>\n<tr>\n<td>\n<p dir=\"ltr\">Certificats de llengua: 10%<\/p>\n<p dir=\"ltr\">Es valorar\u00e0 positivament que l&#8217;estudiant acrediti un nivell d&#8217;idiomes.<\/p>\n<\/td>\n<\/tr>\n<tr>\n<td>\n<p dir=\"ltr\">Certificats extra-acad\u00e8mics: 10%<\/p>\n<p dir=\"ltr\">Es valorar\u00e0 positivament que l&#8217;estudiant acrediti altres estudis.<\/p>\n<\/td>\n<\/tr>\n<\/tbody>\n<\/table>\n<p>&nbsp;<\/p>\n","protected":false},"excerpt":{"rendered":"<p>Important:<\/p>\n<ol>\n<li>Per normativa l&#8217;alumne haur\u00e0 de tenir aprovat el RA2 (Prevenci\u00f3 de riscos laborals) del m\u00f2dul d&#8217;IPO1, abans de marxar d&#8217;ERASMUS+.<\/li>\n<li>Els alumnes seleccionats estaran obligats a fer les activitats i din\u00e0miques de grup que marqui el centre.<\/li>\n<li>Les classes d&#8217;angl\u00e8s que proposa el centre seran obligat\u00f2ries. Els&hellip;  <a href=\"https:\/\/agora.xtec.cat\/iesjoaquimmir\/intprojects\/erasmus\/requirements\/\" title=\"Read Requirements\">Llegeix m\u00e9s\u00bb<\/a><br \/>\n","protected":false},"author":1,"featured_media":0,"parent":451,"menu_order":0,"comment_status":"closed","ping_status":"closed","template":"","meta":{"_bbp_topic_count":0,"_bbp_reply_count":0,"_bbp_total_topic_count":0,"_bbp_total_reply_count":0,"_bbp_voice_count":0,"_bbp_anonymous_reply_count":0,"_bbp_topic_count_hidden":0,"_bbp_reply_count_hidden":0,"_bbp_forum_subforum_count":0,"footnotes":""},"class_list":["post-447","page","type-page","status-publish","hentry"],"post_mailing_queue_ids":[],"_links":{"self":[{"href":"https:\/\/agora.xtec.cat\/iesjoaquimmir\/wp-json\/wp\/v2\/pages\/447","targetHints":{"allow":["GET"]}}],"collection":[{"href":"https:\/\/agora.xtec.cat\/iesjoaquimmir\/wp-json\/wp\/v2\/pages"}],"about":[{"href":"https:\/\/agora.xtec.cat\/iesjoaquimmir\/wp-json\/wp\/v2\/types\/page"}],"author":[{"embeddable":true,"href":"https:\/\/agora.xtec.cat\/iesjoaquimmir\/wp-json\/wp\/v2\/users\/1"}],"replies":[{"embeddable":true,"href":"https:\/\/agora.xtec.cat\/iesjoaquimmir\/wp-json\/wp\/v2\/comments?post=447"}],"version-history":[{"count":6,"href":"https:\/\/agora.xtec.cat\/iesjoaquimmir\/wp-json\/wp\/v2\/pages\/447\/revisions"}],"predecessor-version":[{"id":9855,"href":"https:\/\/agora.xtec.cat\/iesjoaquimmir\/wp-json\/wp\/v2\/pages\/447\/revisions\/9855"}],"up":[{"embeddable":true,"href":"https:\/\/agora.xtec.cat\/iesjoaquimmir\/wp-json\/wp\/v2\/pages\/451"}],"wp:attachment":[{"href":"https:\/\/agora.xtec.cat\/iesjoaquimmir\/wp-json\/wp\/v2\/media?parent=447"}],"curies":[{"name":"wp","href":"https:\/\/api.w.org\/{rel}","templated":true}]}}