{"id":382,"date":"2015-11-24T20:45:51","date_gmt":"2015-11-24T19:45:51","guid":{"rendered":"http:\/\/agora.xtec.cat\/iesjoaquimmir\/?page_id=382"},"modified":"2019-10-25T15:51:15","modified_gmt":"2019-10-25T13:51:15","slug":"biblioteca","status":"publish","type":"page","link":"https:\/\/agora.xtec.cat\/iesjoaquimmir\/serveis\/biblioteca\/","title":{"rendered":"Biblioteca"},"content":{"rendered":"<p><a href=\"http:\/\/agora.xtec.cat\/iesjoaquimmir\/wp-content\/uploads\/usu530\/2015\/11\/bib_002.jpg\"><img loading=\"lazy\" decoding=\"async\" class=\"alignnone size-full wp-image-383\" src=\"http:\/\/agora.xtec.cat\/iesjoaquimmir\/wp-content\/uploads\/usu530\/2015\/11\/bib_002.jpg\" alt=\"bib_002\" width=\"230\" height=\"172\" srcset=\"https:\/\/agora.xtec.cat\/iesjoaquimmir\/wp-content\/uploads\/usu530\/2015\/11\/bib_002.jpg 230w, https:\/\/agora.xtec.cat\/iesjoaquimmir\/wp-content\/uploads\/usu530\/2015\/11\/bib_002-200x150.jpg 200w\" sizes=\"auto, (max-width: 230px) 100vw, 230px\" \/><\/a><\/p>\n<p><span style=\"color: #000000; font-family: Arial, Helvetica, sans-serif; font-size: large;\"><strong>Horari<\/strong><\/span><\/p>\n<p><span style=\"color: #000000; font-family: Arial, Helvetica, sans-serif; font-size: small;\">De dilluns a divendres de 10 a 13,30 hores i de 16 a 18,30 hores.<\/span><\/p>\n<p><span style=\"color: #000000; font-family: Arial, Helvetica, sans-serif; font-size: small;\">Bibliotecari: Gerard<br \/>\n<\/span><\/p>\n<p><span style=\"color: #000000; font-family: Arial, Helvetica, sans-serif; font-size: large;\"><strong>El fons de la Biblioteca<\/strong><\/span><\/p>\n<p align=\"justify\"><span style=\"color: #000000; font-family: Arial, Helvetica, sans-serif; font-size: small;\">E<\/span><span style=\"color: #000000; font-family: Arial, Helvetica, sans-serif; font-size: small;\">st\u00e0 format per enciclop\u00e8dies (moltes d&#8217;elles tem\u00e0tiques), diccionaris, llibres de lectura com novel\u00b7les, teatre o poesia, entre d&#8217;altres, obres de refer\u00e8ncia de diferents temes (Ci\u00e8ncies Socials, Ci\u00e8ncies de la Naturalesa, Ci\u00e8ncies Experimentals, Hist\u00f2ria, Lleng\u00fces, etc.). Tamb\u00e9 hi podem trobar revistes i diaris que es van renovant mensualment, c\u00f2mics i un extens arxiu de recerca.<\/span><\/p>\n<p><span style=\"color: #000000; font-family: Arial, Helvetica, sans-serif; font-size: large;\"><strong>Servei de pr\u00e9stec<\/strong><\/span><\/p>\n<p align=\"justify\"><span style=\"color: #000000; font-family: Arial, Helvetica, sans-serif; font-size: small;\">Per poder agafar llibres en pr\u00e9stec, els alumnes li han de demanar al bibliotecari. Es poden prestar un m\u00e0xim de 3 llibres (sempre i quan estiguin disponibles i en pr\u00e9stec) fins a un m\u00e0xim de 10 dies, prorrogables fins a 5 dies m\u00e9s.<\/span><\/p>\n<p><span style=\"color: #000000; font-family: Arial, Helvetica, sans-serif; font-size: large;\"><strong>Servei d&#8217;ordinadors<\/strong><\/span><\/p>\n<p align=\"justify\"><span style=\"color: #000000; font-family: Arial, Helvetica, sans-serif; font-size: small;\">Tamb\u00e9 disposem de 3 ordinadors per que els alumnes puguin fer els seus treballs. Aquests ordinadors disposen d&#8217;Internet i d&#8217;una impressora.<\/span><span style=\"color: #000000; font-family: Arial, Helvetica, sans-serif; font-size: small;\"> Hi ha una normativa per a l&#8217;\u00fas dels ordinadors: per a utilitzar-los s&#8217;ha de demanar perm\u00eds al\/la bibliotecari\/a; est\u00e0 prohibit utilitzar els ordinadors per jugar; est\u00e0 prohibit <em>xatejar<\/em> o baixar jocs d&#8217;internet; si s&#8217;\u2019ha d&#8217;imprimir cal portar el paper de casa (la impresora nom\u00e9s imprimeix en blanc i negre); el temps m\u00e0xim per a utilitzar els ordinadors \u00e9s d&#8217;1 hora. Tamb\u00e9 tenim WIFI per si els alumnes volen portar el seu propi port\u00e0til per treballar.<br \/>\n<\/span><\/p>\n<p><span style=\"color: #000000; font-family: Arial, Helvetica, sans-serif; font-size: large;\"><strong>La Biblioteca com a sala d&#8217;exposicions<\/strong><\/span><\/p>\n<p align=\"justify\"><span style=\"color: #000000; font-family: Arial, Helvetica, sans-serif; font-size: small;\">Cal dir que a la Biblioteca es fan exposicions mensuals o quinzenals de temes d&#8217;inter\u00e8s general per tal de motivar la curiositat dels alumnes envers continguts que en un principi els eren llunyans. Algunes de les exposicions m\u00e9s destacades que han passat per la nostra Biblioteca han estat Atapuerca, Viatge a la Prehist\u00f2ria i Peter Pan (en el seu centenari).<\/span><\/p>\n<p><span style=\"color: #000000;\"><strong><span style=\"font-family: Arial, Helvetica, sans-serif; font-size: large;\">Normativa general<\/span><\/strong><\/span><\/p>\n<p><span style=\"color: #000000; font-family: Arial, Helvetica, sans-serif; font-size: small;\">Pel que fa a la normativa general, \u00e9s for\u00e7a similar a la de la resta de biblioteques:<br \/>\n&#8211; A la Biblioteca no es pot menjar ni beure<br \/>\n&#8211; Cal estar en silenci i respectar el treball dels altres<br \/>\n&#8211; Els llibres consultats a les taules cal retornar-los al\/la bibliotecari\/a<br \/>\n&#8211; Les revistes, un cop llegides, cal deixar-les al seu lloc<\/span><\/p>\n<p><span style=\"color: #000000; font-family: Arial, Helvetica, sans-serif; font-size: small;\">La Biblioteca disposa d&#8217;una b\u00fastia de suggeriments per a tots aquells que desitgin fer la seva aportaci\u00f3.<\/span><\/p>\n","protected":false},"excerpt":{"rendered":"<p><a href=\"http:\/\/agora.xtec.cat\/iesjoaquimmir\/wp-content\/uploads\/usu530\/2015\/11\/bib_002.jpg\"><\/a><br \/>\nHorari<br \/>\nDe dilluns a divendres de 10 a 13,30 hores i de 16 a 18,30 hores.<br \/>\nBibliotecari: Gerard<\/p>\n<p>El fons de la Biblioteca<br \/>\nEst\u00e0 format per enciclop\u00e8dies (moltes d&#8217;elles tem\u00e0tiques), diccionaris, llibres de lectura com novel\u00b7les, teatre o poesia, entre d&#8217;altres, obres de refer\u00e8ncia de diferents temes (Ci\u00e8ncies&hellip;  <a href=\"https:\/\/agora.xtec.cat\/iesjoaquimmir\/serveis\/biblioteca\/\" title=\"Read Biblioteca\">Llegeix m\u00e9s\u00bb<\/a><\/p>\n","protected":false},"author":1,"featured_media":0,"parent":63,"menu_order":0,"comment_status":"closed","ping_status":"closed","template":"","meta":{"_bbp_topic_count":0,"_bbp_reply_count":0,"_bbp_total_topic_count":0,"_bbp_total_reply_count":0,"_bbp_voice_count":0,"_bbp_anonymous_reply_count":0,"_bbp_topic_count_hidden":0,"_bbp_reply_count_hidden":0,"_bbp_forum_subforum_count":0,"footnotes":""},"class_list":["post-382","page","type-page","status-publish","hentry"],"post_mailing_queue_ids":[],"_links":{"self":[{"href":"https:\/\/agora.xtec.cat\/iesjoaquimmir\/wp-json\/wp\/v2\/pages\/382","targetHints":{"allow":["GET"]}}],"collection":[{"href":"https:\/\/agora.xtec.cat\/iesjoaquimmir\/wp-json\/wp\/v2\/pages"}],"about":[{"href":"https:\/\/agora.xtec.cat\/iesjoaquimmir\/wp-json\/wp\/v2\/types\/page"}],"author":[{"embeddable":true,"href":"https:\/\/agora.xtec.cat\/iesjoaquimmir\/wp-json\/wp\/v2\/users\/1"}],"replies":[{"embeddable":true,"href":"https:\/\/agora.xtec.cat\/iesjoaquimmir\/wp-json\/wp\/v2\/comments?post=382"}],"version-history":[{"count":4,"href":"https:\/\/agora.xtec.cat\/iesjoaquimmir\/wp-json\/wp\/v2\/pages\/382\/revisions"}],"predecessor-version":[{"id":4624,"href":"https:\/\/agora.xtec.cat\/iesjoaquimmir\/wp-json\/wp\/v2\/pages\/382\/revisions\/4624"}],"up":[{"embeddable":true,"href":"https:\/\/agora.xtec.cat\/iesjoaquimmir\/wp-json\/wp\/v2\/pages\/63"}],"wp:attachment":[{"href":"https:\/\/agora.xtec.cat\/iesjoaquimmir\/wp-json\/wp\/v2\/media?parent=382"}],"curies":[{"name":"wp","href":"https:\/\/api.w.org\/{rel}","templated":true}]}}