{"id":2728,"date":"2018-03-21T20:40:46","date_gmt":"2018-03-21T19:40:46","guid":{"rendered":"http:\/\/agora.xtec.cat\/iesjoaquimmir\/?page_id=2728"},"modified":"2026-04-15T19:31:28","modified_gmt":"2026-04-15T17:31:28","slug":"cfgs","status":"publish","type":"page","link":"https:\/\/agora.xtec.cat\/iesjoaquimmir\/secretaria\/cfgs\/","title":{"rendered":"Matr\u00edcula CFGS"},"content":{"rendered":"<p style=\"text-align: center;\"><strong><span style=\"color: #008080;\">Seguiment del calendari de preinscripci\u00f3 i matr\u00edcula 2026-27<\/span><br \/>\n<\/strong><\/p>\n<p><span style=\"color: #ff0000;\">Els enlla\u00e7os i les dates d&#8217;aquesta p\u00e0gina s&#8217;actualitzaran a mesura que tinguem m\u00e9s informaci\u00f3.<\/span><\/p>\n<h6 class=\"subtitle\" data-crawling=\"principal-title\"><a href=\"https:\/\/preinscripcio.gencat.cat\/ca\/estudis\/fp-grau-superior\/informat\/consulta-notes-tall\/\">Notes de tall de refer\u00e8ncia (curs 2025-2026)<\/a><\/h6>\n<table style=\"border-collapse: collapse; width: 100%;\">\n<tbody>\n<tr>\n<td style=\"width: 20.1509%;\"><strong><span style=\"color: #008080;\">22 de maig de 2026<\/span><\/strong><\/td>\n<td style=\"width: 79.8491%;\"><strong>Publicaci\u00f3 de l&#8217;oferta inicial de places: <span style=\"color: #3366ff;\">PENDENT<\/span> <span style=\"color: #008080;\">\u00a0<\/span><\/strong><\/td>\n<\/tr>\n<tr>\n<td style=\"width: 20.1509%;\"><strong><span style=\"color: #008080;\">26 de maig a l&#8217;1 de juny de 2026<\/span><\/strong><\/td>\n<td style=\"width: 79.8491%;\"><strong><span style=\"color: #008080;\"><span style=\"color: #000000;\">Presentaci\u00f3 de la sol\u00b7licitud.<\/span><\/span><\/strong><\/td>\n<\/tr>\n<tr>\n<td style=\"width: 20.1509%;\"><strong><span style=\"color: #008080;\">2 de juny de 2026<\/span><\/strong><\/td>\n<td style=\"width: 79.8491%;\"><strong><span style=\"color: #008080;\"><span style=\"color: #000000;\">Presentaci\u00f3 de documentaci\u00f3:<\/span><\/span><\/strong> <span style=\"color: #008080;\"><span style=\"color: #000000;\">Aquest dia pots presentar la documentaci\u00f3 acreditativa que justifica les prioritats de cada alumne o alumna.<\/span><\/span><\/td>\n<\/tr>\n<tr>\n<td style=\"width: 20.1509%;\"><strong><span style=\"color: #008080;\">29 de juny de 2026<\/span><\/strong><\/td>\n<td style=\"width: 79.8491%;\"><strong>Publicaci\u00f3 de la llista de sol\u00b7licituds presentades a cada centre amb la puntuaci\u00f3 provisional: <span style=\"color: #3366ff;\">PENDENT<\/span><\/strong><\/td>\n<\/tr>\n<tr>\n<td style=\"width: 20.1509%;\"><strong><span style=\"color: #008080;\">29 de juny al 2 de juliol de 2026<\/span><\/strong><\/td>\n<td style=\"width: 79.8491%;\"><span style=\"color: #000000;\"><strong>Termini per presentar una reclamaci\u00f3 fent servir <strong style=\"font-family: inherit; font-size: 1em;\"> l&#8217;eina electr\u00f2nica per a presentar reclamacions.<\/strong><\/strong><\/span><\/td>\n<\/tr>\n<tr>\n<td style=\"width: 20.1509%;\"><strong><span style=\"color: #008080;\">6 de juliol de 2026<\/span><\/strong><\/td>\n<td style=\"width: 79.8491%;\"><strong>Sorteig per resoldre les sol\u00b7licituds de preinscripci\u00f3 empatades en punts<\/strong><\/td>\n<\/tr>\n<tr>\n<td style=\"width: 20.1509%;\"><strong><span style=\"color: #008080;\">7 de juliol de 2026<\/span><\/strong><\/td>\n<td style=\"width: 79.8491%;\"><strong>Publicaci\u00f3 de la llista de sol\u00b7licituds presentades a cada centre un cop resoltes les reclamacions: PENDENT<\/strong><\/td>\n<\/tr>\n<tr>\n<td style=\"width: 20.1509%;\"><strong><span style=\"color: #008080;\">10 de juliol de 2026<\/span><\/strong><\/td>\n<td style=\"width: 79.8491%;\"><strong>Publicaci\u00f3 de l&#8217;oferta final de places: <span style=\"color: #3366ff;\">PENDENT<\/span><\/strong><\/p>\n<p><strong>Publicaci\u00f3 de la llista de places assignades de la primera tanda, amb indicaci\u00f3 de la petici\u00f3 atesa de l&#8217;alumne\/a: <span style=\"color: #3366ff;\">PENDENT<\/span><\/strong><\/td>\n<\/tr>\n<tr>\n<td style=\"width: 20.1509%;\"><strong><span style=\"color: #008080;\">10 al 14 de juliol de 2026<\/span><\/strong><\/td>\n<td style=\"width: 79.8491%;\"><strong>Confirma la matr\u00edcula, millora l&#8217;assignaci\u00f3 o renuncia a la pla\u00e7a assignada<\/strong><\/p>\n<p>En aquest per\u00edode, pots:<\/p>\n<ul>\n<li><strong>Confirmar la matr\u00edcula<\/strong>\u00a0en l\u00ednia si tens assignada la teva primera opci\u00f3 en la primera assignaci\u00f3; o<\/li>\n<li><strong>Millorar l&#8217;assignaci\u00f3<\/strong>; o<\/li>\n<li><strong>Renunciar<\/strong>\u00a0a la pla\u00e7a assignada.<\/li>\n<\/ul>\n<h4><strong>Has de tenir en compte que si renuncies o no fas la confirmaci\u00f3 de matr\u00edcula en l\u00ednia, perdr\u00e0s la pla\u00e7a assignada i quedar\u00e0s excl\u00f2s\/osa del proc\u00e9s.<\/strong><\/h4>\n<\/td>\n<\/tr>\n<tr>\n<td style=\"width: 20.1509%;\"><strong><span style=\"color: #008080;\">10 al 16 de juliol de 2026, fins a les 14 h<\/span><\/strong><\/td>\n<td style=\"width: 79.8491%;\"><strong><span style=\"color: #008080;\"><span style=\"color: #000000;\">Per\u00edode per completar la matr\u00edcula al centre (primera tanda)<\/span><\/span><\/strong><\/p>\n<h5><span style=\"color: #ff0000;\"><strong>LA MATR\u00cdCULA AL CENTRE NOM\u00c9S SER\u00c0 V\u00c0LIDA SI ABANS HAS CONFIRMAT LA MATR\u00cdCULA EN L\u00cdNIA DE LA PLA\u00c7A ASSIGNADA EN LA PRIMERA TANDA D&#8217;ASSIGNACI\u00d3.<\/strong><\/span><\/h5>\n<\/td>\n<\/tr>\n<tr>\n<td style=\"width: 20.1509%;\"><\/td>\n<td style=\"width: 79.8491%;\"><strong>Per tal de formalitzar la matr\u00edcula a l\u2019Institut Joaquim Mir, les fam\u00edlies dels alumnes admesos rebran, abans de dilluns 13 de juliol a les 20:00h, un missatge al correu electr\u00f2nic amb les credencials per poder accedir a l\u2019aplicaci\u00f3 TPVEscola. Dins d\u2019aquesta aplicaci\u00f3 trobareu un formulari des del qual podreu entrar totes les dades i documents requerits.\u00a0<\/strong><\/p>\n<h6><span style=\"color: #ff0000;\"><b> \u00a0* L&#8217;alumnat que no formalitza la matr\u00edcula en el per\u00edode establert es considera que renuncien a la pla\u00e7a adjudicada\u00a0<\/b><\/span><\/h6>\n<\/td>\n<\/tr>\n<tr>\n<td style=\"width: 20.1509%;\"><strong><span style=\"color: #008080;\">24 de juliol de 2026<\/span><\/strong><\/td>\n<td style=\"width: 79.8491%;\"><strong>Publicaci\u00f3 de la llista de places assignades en la segona tanda d&#8217;assignaci\u00f3 i en la proposta d&#8217;assignaci\u00f3: <span style=\"color: #3366ff;\">PENDENT<\/span><\/strong><\/td>\n<\/tr>\n<tr>\n<td style=\"width: 20.1509%;\"><strong><span style=\"color: #008080;\">24 al 28 de juliol de 2026<\/span><\/strong><\/td>\n<td style=\"width: 79.8491%;\"><strong>Confirma la matr\u00edcula o renuncia a la pla\u00e7a assignada<\/strong><\/p>\n<p>En aquest per\u00edode, pots:<\/p>\n<ul>\n<li><strong>Confirmar la matr\u00edcula<\/strong>\u00a0en l\u00ednia si acceptes la pla\u00e7a assignada en la segona tanda d&#8217;assignaci\u00f3 o en la proposta d&#8217;assignaci\u00f3; o<\/li>\n<li><strong>Renunciar<\/strong>\u00a0a la pla\u00e7a assignada.<\/li>\n<\/ul>\n<h4><strong>Has de tenir en compte que si renuncies o no fas la confirmaci\u00f3 de matr\u00edcula en l\u00ednia, perdr\u00e0s la pla\u00e7a assignada i quedar\u00e0s excl\u00f2s\/osa del proc\u00e9s.<\/strong><\/h4>\n<\/td>\n<\/tr>\n<tr>\n<td style=\"width: 20.1509%;\"><strong><span style=\"color: #008080;\">24 al 29 de juliol de 2026<\/span><\/strong><\/td>\n<td style=\"width: 79.8491%;\"><strong><span style=\"color: #008080;\"><span style=\"color: #000000;\">Per\u00edode per completar la matr\u00edcula al centre (segona tanda i proposta d&#8217;assignaci\u00f3)<\/span><\/span><\/strong><\/p>\n<h5><span style=\"color: #ff0000;\"><strong>LA MATR\u00cdCULA AL CENTRE NOM\u00c9S SER\u00c0 V\u00c0LIDA SI ABANS HAS CONFIRMAT LA MATR\u00cdCULA EN L\u00cdNIA DE LA PLA\u00c7A ASSIGNADA EN LA SEGONA TANDA D&#8217;ASSIGNACI\u00d3.<\/strong><\/span><\/h5>\n<\/td>\n<\/tr>\n<tr>\n<td style=\"width: 20.1509%;\"><\/td>\n<td style=\"width: 79.8491%;\"><strong>Per tal de formalitzar la matr\u00edcula a l\u2019Institut Joaquim Mir, les fam\u00edlies dels alumnes admesos rebran, el divendres 24 de juliol, un missatge al correu electr\u00f2nic amb les credencials per poder accedir a l\u2019aplicaci\u00f3 TPVEscola. Dins d\u2019aquesta aplicaci\u00f3 trobareu un formulari des del qual podreu entrar totes les dades i documents requerits.\u00a0<\/strong><\/p>\n<h6><span style=\"color: #ff0000;\"><b> \u00a0* L&#8217;alumnat que no formalitza la matr\u00edcula en el per\u00edode establert es considera que renuncien a la pla\u00e7a adjudicada\u00a0<\/b><\/span><\/h6>\n<\/td>\n<\/tr>\n<\/tbody>\n<\/table>\n<div class=\"addtoany_share_save_container addtoany_content addtoany_content_bottom\">\n<div style=\"text-align: center;\" data-a2a-url=\"https:\/\/agora.xtec.cat\/iesjoaquimmir\/?page_id=709\" data-a2a-title=\"Grau Mitj\u00e0\"><\/div>\n<\/div>\n<div class=\"addtoany_share_save_container addtoany_content addtoany_content_bottom\">\n<div class=\"a2a_kit a2a_kit_size_25 addtoany_list\" data-a2a-url=\"https:\/\/agora.xtec.cat\/iesjoaquimmir\/?page_id=709\" data-a2a-title=\"Grau Mitj\u00e0\"><strong>\ud83d\udce2 M\u00e9s informaci\u00f3 a la web <a href=\"https:\/\/preinscripcio.gencat.cat\/ca\/estudis\/fp-grau-superior\/inici\/\">preinscripcio.gencat.cat &#8211; Grau Superior<\/a><\/strong><\/div>\n<\/div>\n","protected":false},"excerpt":{"rendered":"<p>Seguiment del calendari de preinscripci\u00f3 i matr\u00edcula 2026-27<\/p>\n<p>Els enlla\u00e7os i les dates d&#8217;aquesta p\u00e0gina s&#8217;actualitzaran a mesura que tinguem m\u00e9s informaci\u00f3.<br \/>\n<a href=\"https:\/\/preinscripcio.gencat.cat\/ca\/estudis\/fp-grau-superior\/informat\/consulta-notes-tall\/\">Notes de tall de refer\u00e8ncia (curs 2025-2026)<\/a><\/p>\n<p>22 de maig de 2026<br \/>\nPublicaci\u00f3 de l&#8217;oferta inicial de places: PENDENT \u00a0<\/p>\n<p>26 de maig a l&#8217;1 de juny&hellip;  <a href=\"https:\/\/agora.xtec.cat\/iesjoaquimmir\/secretaria\/cfgs\/\" title=\"Read Matr\u00edcula CFGS\">Llegeix m\u00e9s\u00bb<\/a><\/p>\n","protected":false},"author":4,"featured_media":0,"parent":1039,"menu_order":0,"comment_status":"closed","ping_status":"closed","template":"page-templates\/side-menu.php","meta":{"_bbp_topic_count":0,"_bbp_reply_count":0,"_bbp_total_topic_count":0,"_bbp_total_reply_count":0,"_bbp_voice_count":0,"_bbp_anonymous_reply_count":0,"_bbp_topic_count_hidden":0,"_bbp_reply_count_hidden":0,"_bbp_forum_subforum_count":0,"footnotes":""},"class_list":["post-2728","page","type-page","status-publish","hentry"],"post_mailing_queue_ids":[],"_links":{"self":[{"href":"https:\/\/agora.xtec.cat\/iesjoaquimmir\/wp-json\/wp\/v2\/pages\/2728","targetHints":{"allow":["GET"]}}],"collection":[{"href":"https:\/\/agora.xtec.cat\/iesjoaquimmir\/wp-json\/wp\/v2\/pages"}],"about":[{"href":"https:\/\/agora.xtec.cat\/iesjoaquimmir\/wp-json\/wp\/v2\/types\/page"}],"author":[{"embeddable":true,"href":"https:\/\/agora.xtec.cat\/iesjoaquimmir\/wp-json\/wp\/v2\/users\/4"}],"replies":[{"embeddable":true,"href":"https:\/\/agora.xtec.cat\/iesjoaquimmir\/wp-json\/wp\/v2\/comments?post=2728"}],"version-history":[{"count":7,"href":"https:\/\/agora.xtec.cat\/iesjoaquimmir\/wp-json\/wp\/v2\/pages\/2728\/revisions"}],"predecessor-version":[{"id":11424,"href":"https:\/\/agora.xtec.cat\/iesjoaquimmir\/wp-json\/wp\/v2\/pages\/2728\/revisions\/11424"}],"up":[{"embeddable":true,"href":"https:\/\/agora.xtec.cat\/iesjoaquimmir\/wp-json\/wp\/v2\/pages\/1039"}],"wp:attachment":[{"href":"https:\/\/agora.xtec.cat\/iesjoaquimmir\/wp-json\/wp\/v2\/media?parent=2728"}],"curies":[{"name":"wp","href":"https:\/\/api.w.org\/{rel}","templated":true}]}}