{"id":2724,"date":"2018-03-21T20:40:07","date_gmt":"2018-03-21T19:40:07","guid":{"rendered":"http:\/\/agora.xtec.cat\/iesjoaquimmir\/?page_id=2724"},"modified":"2026-04-09T10:53:28","modified_gmt":"2026-04-09T08:53:28","slug":"batxillerat","status":"publish","type":"page","link":"https:\/\/agora.xtec.cat\/iesjoaquimmir\/secretaria\/batxillerat\/","title":{"rendered":"Matr\u00edcula Batxillerat"},"content":{"rendered":"<p style=\"text-align: center;\"><strong><span style=\"color: #008080;\">Seguiment del calendari de preinscripci\u00f3 i matr\u00edcula 2026-27<\/span><\/strong><\/p>\n<p><span style=\"color: #ff0000;\">Els enlla\u00e7os i les dates d&#8217;aquesta p\u00e0gina s&#8217;actualitzaran a mesura que tinguem m\u00e9s informaci\u00f3.<\/span><\/p>\n<table style=\"border-collapse: collapse; width: 100%;\">\n<tbody>\n<tr>\n<td style=\"width: 20.1509%;\"><strong><span style=\"color: #008080;\">8 d&#8217;abril de 2026<\/span><\/strong><\/td>\n<td style=\"width: 79.8491%;\"><strong>Publicaci\u00f3 de l&#8217;oferta inicial de places: <a href=\"https:\/\/agora.xtec.cat\/iesjoaquimmir\/wp-content\/uploads\/usu530\/2026\/04\/INFORME_OFERTA_OME_INFORME_OFERTA-1.pdf\"><span style=\"color: #3366ff;\">LLISTAT<\/span><\/a>\u00a0<span style=\"color: #008080;\">\u00a0<\/span><\/strong><\/td>\n<\/tr>\n<tr>\n<td style=\"width: 20.1509%;\"><strong><span style=\"color: #008080;\">9 al 16 d&#8217;abril de 2026<\/span><\/strong><\/td>\n<td style=\"width: 79.8491%;\"><strong><span style=\"color: #008080;\"><span style=\"color: #000000;\">Presentaci\u00f3 de la sol\u00b7licitud.<\/span><\/span><\/strong><\/td>\n<\/tr>\n<tr>\n<td style=\"width: 20.1509%;\"><strong><span style=\"color: #008080;\">Fins al 17 d&#8217;abril de 2026<\/span><\/strong><\/td>\n<td style=\"width: 79.8491%;\"><strong>Presentaci\u00f3 de documentaci\u00f3: <\/strong>Fins aquest dia es pot presentar la documentaci\u00f3 acreditativa que no s&#8217;hagi pogut adjuntar durant el per\u00edode de presentaci\u00f3 de sol\u00b7licituds.<\/td>\n<\/tr>\n<tr>\n<td style=\"width: 20.1509%;\"><strong><span style=\"color: #008080;\">14 de maig de 2026<\/span><\/strong><\/td>\n<td style=\"width: 79.8491%;\"><strong>Publicaci\u00f3 de la llista de sol\u00b7licituds presentades a cada centre amb la puntuaci\u00f3 provisional: <span style=\"color: #3366ff;\">PENDENT<\/span><\/strong><\/td>\n<\/tr>\n<tr>\n<td style=\"width: 20.1509%;\"><strong><span style=\"color: #008080;\">14 al 20 de maig de 2026<\/span><\/strong><\/td>\n<td style=\"width: 79.8491%;\"><span style=\"color: #000000;\"><strong>Termini per presentar una reclamaci\u00f3 fent servir <strong style=\"font-family: inherit; font-size: 1em;\"> l&#8217;eina electr\u00f2nica per a presentar reclamacions.<\/strong><\/strong><\/span><\/td>\n<\/tr>\n<tr>\n<td style=\"width: 20.1509%;\"><strong><span style=\"color: #008080;\">26 de maig de 2026<\/span><\/strong><\/td>\n<td style=\"width: 79.8491%;\"><strong>Publicaci\u00f3 de la llista de sol\u00b7licituds presentades a cada centre un cop resoltes les reclamacions: <span style=\"color: #3366ff;\">PENDENT<\/span><\/strong><\/td>\n<\/tr>\n<tr>\n<td style=\"width: 20.1509%;\"><strong><span style=\"color: #008080;\">26 de maig de 2026, a les 11 hores, als serveis centrals del Departament d&#8217;educaci\u00f3.<\/span><\/strong><\/td>\n<td style=\"width: 79.8491%;\"><strong>Sorteig per resoldre les sol\u00b7licituds de preinscripci\u00f3 empatades en punts.<\/strong><\/td>\n<\/tr>\n<tr>\n<td style=\"width: 20.1509%;\"><strong><span style=\"color: #008080;\">29 de maig de 2026<\/span><\/strong><\/td>\n<td style=\"width: 79.8491%;\"><strong>Publicaci\u00f3 de la llista ordenada: <span style=\"color: #3366ff;\">PENDENT<\/span><\/strong><\/td>\n<\/tr>\n<tr>\n<td style=\"width: 20.1509%;\"><strong><span style=\"color: #008080;\">17 de juny de 2026<\/span><\/strong><\/td>\n<td style=\"width: 79.8491%;\"><strong>Publicaci\u00f3 de l&#8217;oferta final de places: <span style=\"color: #3366ff;\">PENDENT<\/span><\/strong><\/p>\n<p><strong>Publicaci\u00f3 de la llista d&#8217;alumnes admesos: <span style=\"color: #3366ff;\">PENDENT<\/span><\/strong><\/p>\n<p><strong>Publicaci\u00f3 de la llista d&#8217;espera: <span style=\"color: #3366ff;\">PENDENT<\/span><\/strong><\/td>\n<\/tr>\n<tr>\n<td style=\"width: 20.1509%;\"><strong><span style=\"color: #008080;\">18 al 30 de juny de 2026<\/span><\/strong><\/td>\n<td style=\"width: 79.8491%;\"><strong><span style=\"color: #008080;\"><span style=\"color: #000000;\">Per\u00edode de matr\u00edcula ordin\u00e0ria per als alumnes preinscrits amb pla\u00e7a assignada.<\/span><\/span><\/strong><\/td>\n<\/tr>\n<tr>\n<td style=\"width: 20.1509%;\"><\/td>\n<td style=\"width: 79.8491%;\"><strong>Per tal de formalitzar la matr\u00edcula a l\u2019Institut Joaquim Mir, les fam\u00edlies dels alumnes admesos rebran,\u00a0el dijous 18 de juny,\u00a0un missatge al\u00a0correu electr\u00f2nic\u00a0amb les\u00a0credencials per poder accedir a l\u2019aplicaci\u00f3 TPVEscola. Dins d\u2019aquesta aplicaci\u00f3 trobareu un\u00a0formulari\u00a0des del qual podreu\u00a0entrar totes les dades i documents requerits.\u00a0<\/strong><\/p>\n<p><span style=\"color: #ff0000;\"><b> \u00a0* L&#8217;alumnat que no formalitza la matr\u00edcula en el per\u00edode establert es considera que renuncien a la pla\u00e7a adjudicada\u00a0<\/b><\/span><\/td>\n<\/tr>\n<tr>\n<td style=\"width: 20.1509%;\"><strong><span style=\"color: #008080;\">Juliol (pendent d&#8217;assignar dia)<\/span><\/strong><\/td>\n<td style=\"width: 79.8491%;\"><strong>Reuni\u00f3 amb fam\u00edlies i alumnes de nova incorporaci\u00f3 al centre per cursar 1r BATX<\/strong><\/td>\n<\/tr>\n<\/tbody>\n<\/table>\n<p><strong>\ud83d\udce2 M\u00e9s informaci\u00f3 a la web <a href=\"https:\/\/preinscripcio.gencat.cat\/ca\/estudis\/batxillerat\/inici\/\">preinscripcio.gencat.cat &#8211; BATXILLERAT<\/a><\/strong><\/p>\n","protected":false},"excerpt":{"rendered":"<p>Seguiment del calendari de preinscripci\u00f3 i matr\u00edcula 2026-27<br \/>\nEls enlla\u00e7os i les dates d&#8217;aquesta p\u00e0gina s&#8217;actualitzaran a mesura que tinguem m\u00e9s informaci\u00f3.<\/p>\n<p>8 d&#8217;abril de 2026<br \/>\nPublicaci\u00f3 de l&#8217;oferta inicial de places: <a href=\"https:\/\/agora.xtec.cat\/iesjoaquimmir\/wp-content\/uploads\/usu530\/2026\/04\/INFORME_OFERTA_OME_INFORME_OFERTA-1.pdf\">LLISTAT<\/a>\u00a0\u00a0<\/p>\n<p>9 al 16 d&#8217;abril de 2026<br \/>\nPresentaci\u00f3 de la sol\u00b7licitud.<\/p>\n<p>Fins al 17 d&#8217;abril de 2026<br \/>\nPresentaci\u00f3 de&hellip;  <a href=\"https:\/\/agora.xtec.cat\/iesjoaquimmir\/secretaria\/batxillerat\/\" title=\"Read Matr\u00edcula Batxillerat\">Llegeix m\u00e9s\u00bb<\/a><\/p>\n","protected":false},"author":4,"featured_media":0,"parent":1039,"menu_order":0,"comment_status":"closed","ping_status":"closed","template":"page-templates\/side-menu.php","meta":{"_bbp_topic_count":0,"_bbp_reply_count":0,"_bbp_total_topic_count":0,"_bbp_total_reply_count":0,"_bbp_voice_count":0,"_bbp_anonymous_reply_count":0,"_bbp_topic_count_hidden":0,"_bbp_reply_count_hidden":0,"_bbp_forum_subforum_count":0,"footnotes":""},"class_list":["post-2724","page","type-page","status-publish","hentry"],"post_mailing_queue_ids":[],"_links":{"self":[{"href":"https:\/\/agora.xtec.cat\/iesjoaquimmir\/wp-json\/wp\/v2\/pages\/2724","targetHints":{"allow":["GET"]}}],"collection":[{"href":"https:\/\/agora.xtec.cat\/iesjoaquimmir\/wp-json\/wp\/v2\/pages"}],"about":[{"href":"https:\/\/agora.xtec.cat\/iesjoaquimmir\/wp-json\/wp\/v2\/types\/page"}],"author":[{"embeddable":true,"href":"https:\/\/agora.xtec.cat\/iesjoaquimmir\/wp-json\/wp\/v2\/users\/4"}],"replies":[{"embeddable":true,"href":"https:\/\/agora.xtec.cat\/iesjoaquimmir\/wp-json\/wp\/v2\/comments?post=2724"}],"version-history":[{"count":6,"href":"https:\/\/agora.xtec.cat\/iesjoaquimmir\/wp-json\/wp\/v2\/pages\/2724\/revisions"}],"predecessor-version":[{"id":11416,"href":"https:\/\/agora.xtec.cat\/iesjoaquimmir\/wp-json\/wp\/v2\/pages\/2724\/revisions\/11416"}],"up":[{"embeddable":true,"href":"https:\/\/agora.xtec.cat\/iesjoaquimmir\/wp-json\/wp\/v2\/pages\/1039"}],"wp:attachment":[{"href":"https:\/\/agora.xtec.cat\/iesjoaquimmir\/wp-json\/wp\/v2\/media?parent=2724"}],"curies":[{"name":"wp","href":"https:\/\/api.w.org\/{rel}","templated":true}]}}