{"id":2718,"date":"2018-03-21T20:38:17","date_gmt":"2018-03-21T19:38:17","guid":{"rendered":"http:\/\/agora.xtec.cat\/iesjoaquimmir\/?page_id=2718"},"modified":"2024-06-05T16:23:42","modified_gmt":"2024-06-05T14:23:42","slug":"preinscripcio-i-matricula","status":"publish","type":"page","link":"https:\/\/agora.xtec.cat\/iesjoaquimmir\/secretaria\/preinscripcio-i-matricula\/","title":{"rendered":"Suport Preinscripci\u00f3 Telem\u00e0tica"},"content":{"rendered":"<p>El web <a href=\"https:\/\/preinscripcio.gencat.cat\/ca\/inici\/\" target=\"_blank\" rel=\"noopener\">preinscripcio.gencat.cat<\/a> trobareu tota la informaci\u00f3 sobre la preinscripci\u00f3.<\/p>\n<p><strong><span style=\"color: #008080;\">COM EMPLENAR LA SOL\u00b7LICITUD<\/span><\/strong><\/p>\n<p><iframe loading=\"lazy\" title=\"Com emplenar la sol\u00b7licitud de preinscripci\u00f3 escolar 2022\" src=\"https:\/\/www.youtube.com\/embed\/0kztL1IQD4c\" width=\"500\" height=\"281\" frameborder=\"0\" allowfullscreen=\"allowfullscreen\"><\/iframe><\/p>\n<p>Cal tramitar la sol\u00b7licitud amb suport inform\u00e0tic <a href=\"https:\/\/preinscripcio.gencat.cat\/ca\/estudis\/eso\/preinscriute\/sollicitud\/\" target=\"_blank\" rel=\"noopener\">Clica aqu\u00ed<\/a><br \/>\nS\u2019hi pot accedir mitjan\u00e7ant un ordinador, una tauleta t\u00e0ctil o un tel\u00e8fon m\u00f2bil.<\/p>\n<p>\ud83d\ude00 Si escoltes els podcast entendr\u00e0s tot all\u00f2 que et cal saber per preparar-te per a la preinscripci\u00f3, formalitzar-la, presentar-la, fer-ne el seguiment i, finalment, matricular el teu fill o filla al centre assignat. <a href=\"https:\/\/preinscripcio.gencat.cat\/ca\/estudis\/eso\/ajuda\/pindoles-multimedia\/\" target=\"_blank\" rel=\"noopener\">Podcats<\/a><\/p>\n<p><b>En cas de dubtes o documentaci\u00f3 addicional\u00a0podeu enviar correu electr\u00f2nic a: <\/b><span style=\"color: #3366ff;\"><code>secretaria<span class=\"atwho-query\">@insjoaquimmir.cat<\/span> <\/code><\/span><!--more--><\/p>\n","protected":false},"excerpt":{"rendered":"<p>El web <a href=\"https:\/\/preinscripcio.gencat.cat\/ca\/inici\/\" target=\"_blank\" rel=\"noopener\">preinscripcio.gencat.cat<\/a> trobareu tota la informaci\u00f3 sobre la preinscripci\u00f3.<br \/>\nCOM EMPLENAR LA SOL\u00b7LICITUD<\/p>\n<p>Cal tramitar la sol\u00b7licitud amb suport inform\u00e0tic <a href=\"https:\/\/preinscripcio.gencat.cat\/ca\/estudis\/eso\/preinscriute\/sollicitud\/\" target=\"_blank\" rel=\"noopener\">Clica aqu\u00ed<\/a><br \/>\nS\u2019hi pot accedir mitjan\u00e7ant un ordinador, una tauleta t\u00e0ctil o un tel\u00e8fon m\u00f2bil.<br \/>\n\ud83d\ude00 Si escoltes els podcast entendr\u00e0s tot&hellip;  <a href=\"https:\/\/agora.xtec.cat\/iesjoaquimmir\/secretaria\/preinscripcio-i-matricula\/\" title=\"Read Suport Preinscripci\u00f3 Telem\u00e0tica\">Llegeix m\u00e9s\u00bb<\/a><\/p>\n","protected":false},"author":4,"featured_media":0,"parent":1039,"menu_order":0,"comment_status":"closed","ping_status":"closed","template":"page-templates\/side-menu.php","meta":{"_bbp_topic_count":0,"_bbp_reply_count":0,"_bbp_total_topic_count":0,"_bbp_total_reply_count":0,"_bbp_voice_count":0,"_bbp_anonymous_reply_count":0,"_bbp_topic_count_hidden":0,"_bbp_reply_count_hidden":0,"_bbp_forum_subforum_count":0,"footnotes":""},"class_list":["post-2718","page","type-page","status-publish","hentry"],"post_mailing_queue_ids":[],"_links":{"self":[{"href":"https:\/\/agora.xtec.cat\/iesjoaquimmir\/wp-json\/wp\/v2\/pages\/2718","targetHints":{"allow":["GET"]}}],"collection":[{"href":"https:\/\/agora.xtec.cat\/iesjoaquimmir\/wp-json\/wp\/v2\/pages"}],"about":[{"href":"https:\/\/agora.xtec.cat\/iesjoaquimmir\/wp-json\/wp\/v2\/types\/page"}],"author":[{"embeddable":true,"href":"https:\/\/agora.xtec.cat\/iesjoaquimmir\/wp-json\/wp\/v2\/users\/4"}],"replies":[{"embeddable":true,"href":"https:\/\/agora.xtec.cat\/iesjoaquimmir\/wp-json\/wp\/v2\/comments?post=2718"}],"version-history":[{"count":4,"href":"https:\/\/agora.xtec.cat\/iesjoaquimmir\/wp-json\/wp\/v2\/pages\/2718\/revisions"}],"predecessor-version":[{"id":8084,"href":"https:\/\/agora.xtec.cat\/iesjoaquimmir\/wp-json\/wp\/v2\/pages\/2718\/revisions\/8084"}],"up":[{"embeddable":true,"href":"https:\/\/agora.xtec.cat\/iesjoaquimmir\/wp-json\/wp\/v2\/pages\/1039"}],"wp:attachment":[{"href":"https:\/\/agora.xtec.cat\/iesjoaquimmir\/wp-json\/wp\/v2\/media?parent=2718"}],"curies":[{"name":"wp","href":"https:\/\/api.w.org\/{rel}","templated":true}]}}