{"id":1549,"date":"2017-02-25T11:08:24","date_gmt":"2017-02-25T10:08:24","guid":{"rendered":"http:\/\/agora.xtec.cat\/iesjoaquimmir\/?page_id=1549"},"modified":"2026-03-23T20:18:31","modified_gmt":"2026-03-23T19:18:31","slug":"borsa-de-treball","status":"publish","type":"page","link":"https:\/\/agora.xtec.cat\/iesjoaquimmir\/borsa-de-treball\/","title":{"rendered":"Borsa de Treball"},"content":{"rendered":"<h3><b>Vols rebre ofertes de feina de la teva titulaci\u00f3?<\/b><\/h3>\n<ul>\n<li><span style=\"font-weight: 400;\">Des de l&#8217;Institut Joaquim Mir, hem posat en funcionament un servei per a que rebis ofertes de feina de la teva cada titulaci\u00f3.\u00a0<\/span><\/li>\n<li><span style=\"font-weight: 400;\">Nosaltres reenviarem la informaci\u00f3 que ens facin arribar les empreses. L&#8217;institut nom\u00e9s fa d&#8217;alta veu de les ofertes. Les condicions i el proc\u00e9s de selecci\u00f3 est\u00e0 gestionat per l&#8217;empresa.\u00a0<\/span><\/li>\n<li><span style=\"font-weight: 400;\">La teva adre\u00e7a de correu estar\u00e0 oculta per la resta d&#8217;usuaris i per a les empreses.<\/span><\/li>\n<li><span style=\"font-weight: 400;\">Tu mateix\/a podr\u00e0s donar-te d&#8217;alta i de baixa d&#8217;aquests correus quan vulguis.<\/span><\/li>\n<\/ul>\n<p>&nbsp;<\/p>\n<h3><b>Puc donar-me d&#8217;alta per rebre ofertes de feina?<\/b><\/h3>\n<p><span style=\"font-weight: 400;\">Afegir-se \u00e9s molt f\u00e0cil seguint els seg\u00fcents <strong>3 passos<\/strong>:<\/span><\/p>\n<p><span style=\"font-weight: 400;\"><strong>1.<\/strong> Envia un correu a la titulaci\u00f3 o titulacions que t&#8217;interessin:<\/span><\/p>\n<p style=\"padding-left: 40px;\"><b>Comer\u00e7 i m\u00e0rqueting<\/b><\/p>\n<ul>\n<li style=\"list-style-type: none;\">\n<ul>\n<li style=\"font-weight: 400;\" aria-level=\"3\"><span style=\"font-weight: 400;\">Activitats comercials (GM ACL): <\/span><a href=\"mailto:ofertes.acl+subscribe@insjoaquimmir.cat\"><span style=\"font-weight: 400;\">ofertes.acl+subscribe@insjoaquimmir.cat<\/span><\/a><\/li>\n<li style=\"font-weight: 400;\" aria-level=\"3\"><span style=\"font-weight: 400;\">Comer\u00e7 internacional (GS CI): <\/span><a href=\"mailto:ofertes.ci+subscribe@insjoaquimmir.cat\"><span style=\"font-weight: 400;\">ofertes.ci+subscribe@insjoaquimmir.cat<\/span><\/a><span style=\"font-weight: 400;\">\u00a0<\/span><\/li>\n<li style=\"font-weight: 400;\" aria-level=\"3\"><span style=\"font-weight: 400;\">Transport i log\u00edstica (GM TIL): <\/span><a href=\"mailto:ofertes.til+subscribe@insjoaquimmir.cat\"><span style=\"font-weight: 400;\">ofertes.til+subscribe@insjoaquimmir.cat<\/span><\/a><span style=\"font-weight: 400;\">\u00a0<\/span><\/li>\n<\/ul>\n<\/li>\n<\/ul>\n<p style=\"padding-left: 40px;\"><b>Administraci\u00f3<\/b><\/p>\n<ul>\n<li style=\"list-style-type: none;\">\n<ul>\n<li style=\"font-weight: 400;\" aria-level=\"3\"><span style=\"font-weight: 400;\">Gesti\u00f3 administrativa (GM GAD): <\/span><a href=\"mailto:ofertes.gad+subscribe@insjoaquimmir.cat\"><span style=\"font-weight: 400;\">ofertes.gad+subscribe@insjoaquimmir.cat<\/span><\/a><span style=\"font-weight: 400;\">\u00a0<\/span><\/li>\n<li style=\"font-weight: 400;\" aria-level=\"3\"><span style=\"font-weight: 400;\">Gesti\u00f3 administrativa en l&#8217;\u00e0mbit jur\u00eddic (GM GAJ): <\/span><a href=\"mailto:ofertes.gaj+subscribe@insjoaquimmir.cat\"><span style=\"font-weight: 400;\">ofertes.gaj+subscribe@insjoaquimmir.cat<\/span><\/a><span style=\"font-weight: 400;\">\u00a0<\/span><\/li>\n<li style=\"font-weight: 400;\" aria-level=\"3\"><span style=\"font-weight: 400;\">Administraci\u00f3 i finances (GS ADF): <\/span><a href=\"mailto:ofertes.adf+subscribe@insjoaquimmir.cat\"><span style=\"font-weight: 400;\">ofertes.adf+subscribe@insjoaquimmir.cat<\/span><\/a><span style=\"font-weight: 400;\">\u00a0<\/span><\/li>\n<\/ul>\n<\/li>\n<\/ul>\n<p style=\"padding-left: 40px;\"><b>Inform\u00e0tica i comunicacions<\/b><\/p>\n<ul>\n<li style=\"list-style-type: none;\">\n<ul>\n<li style=\"font-weight: 400;\" aria-level=\"3\"><span style=\"font-weight: 400;\">Sistemes microinform\u00e0tics i xarxes (GM SMX): <\/span><a href=\"mailto:ofertes.smx+subscribe@insjoaquimmir.cat\"><span style=\"font-weight: 400;\">ofertes.smx+subscribe@insjoaquimmir.cat<\/span><\/a><span style=\"font-weight: 400;\">\u00a0<\/span><\/li>\n<li style=\"font-weight: 400;\" aria-level=\"3\"><span style=\"font-weight: 400;\">Administraci\u00f3 de sistemes i xarxes (GS ASIX): <\/span><a href=\"mailto:ofertes.asix+subscribe@insjoaquimmir.cat\"><span style=\"font-weight: 400;\">ofertes.asix+subscribe@insjoaquimmir.cat<\/span><\/a><span style=\"font-weight: 400;\">\u00a0<\/span><\/li>\n<li style=\"font-weight: 400;\" aria-level=\"3\"><span style=\"font-weight: 400;\">Disseny d&#8217;aplicacions web (GS DAW): <\/span><a href=\"mailto:ofertes.daw+subscribe@insjoaquimmir.cat\"><span style=\"font-weight: 400;\">ofertes.daw+subscribe@insjoaquimmir.cat<\/span><\/a><span style=\"font-weight: 400;\">\u00a0<\/span><\/li>\n<\/ul>\n<\/li>\n<\/ul>\n<p><span style=\"font-weight: 400;\"><strong>2<\/strong>. Despr\u00e9s d&#8217;enviar el mail, rebr\u00e0s un correu amb una invitaci\u00f3 en pocs minuts. <\/span><strong>ALERTA<\/strong><span style=\"font-weight: 400;\">: a vegades arriba al <strong>Correu brossa<\/strong> (&#8220;spam&#8221;).<\/span><\/p>\n<p><span style=\"font-weight: 400;\"><strong>3.<\/strong> Respon al correu d&#8217;invitaci\u00f3 i autom\u00e0ticament estar\u00e0s afegit. Si des d&#8217;on envies el correu \u00e9s un compte de gmail\/google, tamb\u00e9 tens l&#8217;opci\u00f3 de clicar a Unir-te al grup.<\/span><\/p>\n<p>&nbsp;<\/p>\n<h3><b>Puc donar-me de baixa d&#8217;aquest servei?<\/b><\/h3>\n<p><span style=\"font-weight: 400;\">Tens dues opcions per cancel\u00b7lar la subscripci\u00f3:<\/span><\/p>\n<p><span style=\"font-weight: 400;\">1. Hi ha un enlla\u00e7 per donar-te de baixa al peu dels correus amb ofertes de feina que revis.<\/span><\/p>\n<p><span style=\"font-weight: 400;\">2. Enviant un mail a l&#8217;adre\u00e7a per donar-te de baixa:<\/span><\/p>\n<p><b>Comer\u00e7 i m\u00e0rqueting<\/b><\/p>\n<ul>\n<li style=\"font-weight: 400;\" aria-level=\"3\"><span style=\"font-weight: 400;\">Activitats comercials (GM ACL): <\/span><a href=\"mailto:ofertes.acl+unsubscribe@insjoaquimmir.cat\"><span style=\"font-weight: 400;\">ofertes.acl+unsubscribe@insjoaquimmir.cat<\/span><\/a><span style=\"font-weight: 400;\">\u00a0<\/span><\/li>\n<li style=\"font-weight: 400;\" aria-level=\"3\"><span style=\"font-weight: 400;\">Comer\u00e7 internacional (GS CI): <\/span><a href=\"mailto:ofertes.ci+unsubscribe@insjoaquimmir.cat\"><span style=\"font-weight: 400;\">ofertes.ci+unsubscribe@insjoaquimmir.cat<\/span><\/a><span style=\"font-weight: 400;\">\u00a0<\/span><\/li>\n<li style=\"font-weight: 400;\" aria-level=\"3\"><span style=\"font-weight: 400;\">Transport i log\u00edstica (GM TIL): <\/span><a href=\"mailto:ofertes.til+unsubscribe@insjoaquimmir.cat\"><span style=\"font-weight: 400;\">ofertes.til+unsubscribe@insjoaquimmir.cat<\/span><\/a><span style=\"font-weight: 400;\">\u00a0\u00a0<\/span><\/li>\n<\/ul>\n<p><b>Administraci\u00f3<\/b><\/p>\n<ul>\n<li style=\"font-weight: 400;\" aria-level=\"3\"><span style=\"font-weight: 400;\">Gesti\u00f3 administrativa (GM GAD): <\/span><a href=\"mailto:ofertes.gad+unsubscribe@insjoaquimmir.cat\"><span style=\"font-weight: 400;\">ofertes.gad+unsubscribe@insjoaquimmir.cat<\/span><\/a><span style=\"font-weight: 400;\">\u00a0\u00a0<\/span><\/li>\n<li style=\"font-weight: 400;\" aria-level=\"3\"><span style=\"font-weight: 400;\">Gesti\u00f3 administrativa en l&#8217;\u00e0mbit jur\u00eddic (GM GAJ): <\/span><a href=\"mailto:ofertes.gaj+unsubscribe@insjoaquimmir.cat\"><span style=\"font-weight: 400;\">ofertes.gaj+unsubscribe@insjoaquimmir.cat<\/span><\/a><span style=\"font-weight: 400;\">\u00a0\u00a0<\/span><\/li>\n<li style=\"font-weight: 400;\" aria-level=\"3\"><span style=\"font-weight: 400;\">Administraci\u00f3 i finances (GS ADF): <\/span><a href=\"mailto:ofertes.adf+unsubscribe@insjoaquimmir.cat\"><span style=\"font-weight: 400;\">ofertes.adf+unsubscribe@insjoaquimmir.cat<\/span><\/a><span style=\"font-weight: 400;\">\u00a0\u00a0<\/span><\/li>\n<\/ul>\n<p><b>Inform\u00e0tica i comunicacions<\/b><\/p>\n<ul>\n<li style=\"font-weight: 400;\" aria-level=\"3\"><span style=\"font-weight: 400;\">Sistemes microinform\u00e0tics i xarxes (GM SMX): <\/span><a href=\"mailto:ofertes.smx+unsubscribe@insjoaquimmir.cat\"><span style=\"font-weight: 400;\">ofertes.smx+unsubscribe@insjoaquimmir.cat<\/span><\/a><span style=\"font-weight: 400;\">\u00a0\u00a0<\/span><\/li>\n<li style=\"font-weight: 400;\" aria-level=\"3\"><span style=\"font-weight: 400;\">Administraci\u00f3 de sistemes i xarxes (GS ASIX): <\/span><a href=\"mailto:ofertes.asix+unsubscribe@insjoaquimmir.cat\"><span style=\"font-weight: 400;\">ofertes.asix+unsubscribe@insjoaquimmir.cat<\/span><\/a><span style=\"font-weight: 400;\">\u00a0\u00a0<\/span><\/li>\n<li style=\"font-weight: 400;\" aria-level=\"3\"><span style=\"font-weight: 400;\">Disseny d&#8217;aplicacions web (GS DAW): <\/span><a href=\"mailto:ofertes.daw+unsubscribe@insjoaquimmir.cat\"><span style=\"font-weight: 400;\">ofertes.daw+unsubscribe@insjoaquimmir.cat<\/span><\/a><span style=\"font-weight: 400;\">\u00a0\u00a0<\/span><\/li>\n<\/ul>\n<h3><\/h3>\n<h3><b>Puc consultar les ofertes anteriors?<\/b><\/h3>\n<p>S&#8217;han de complir dues condicions perqu\u00e8 ho puguis fer:<\/p>\n<ul>\n<li aria-level=\"1\">Has est\u00e0s subscrit\/a al grup.<\/li>\n<li aria-level=\"1\">L&#8217;adre\u00e7a de correu ha de ser de google o estar relacionada.<\/li>\n<\/ul>\n<p>&nbsp;<\/p>\n<p>Si es compleixen les dues, hi pots accedir a trav\u00e9s de l&#8217;enlla\u00e7 de cada grup:<\/p>\n<p><b>Comer\u00e7 i m\u00e0rqueting<\/b><\/p>\n<ul>\n<li aria-level=\"3\">Activitats comercials (GM ACL): <a href=\"https:\/\/groups.google.com\/a\/insjoaquimmir.cat\/d\/msgid\/ofertes.acl\">https:\/\/groups.google.com\/a\/insjoaquimmir.cat\/d\/msgid\/ofertes.acl<\/a><\/li>\n<li aria-level=\"3\">Comer\u00e7 internacional (GS CI): <a href=\"https:\/\/groups.google.com\/a\/insjoaquimmir.cat\/d\/msgid\/ofertes.ci\">https:\/\/groups.google.com\/a\/insjoaquimmir.cat\/d\/msgid\/ofertes.ci<\/a><\/li>\n<li aria-level=\"3\">Transport i log\u00edstica (GM TIL): <a href=\"https:\/\/groups.google.com\/a\/insjoaquimmir.cat\/d\/msgid\/ofertes.til\">https:\/\/groups.google.com\/a\/insjoaquimmir.cat\/d\/msgid\/ofertes.til<\/a><\/li>\n<\/ul>\n<p><b>Administraci\u00f3<\/b><\/p>\n<ul>\n<li aria-level=\"3\">Gesti\u00f3 administrativa (GM GAD): <a href=\"https:\/\/groups.google.com\/a\/insjoaquimmir.cat\/d\/msgid\/ofertes.gad\">https:\/\/groups.google.com\/a\/insjoaquimmir.cat\/d\/msgid\/ofertes.gad<\/a><\/li>\n<li aria-level=\"3\">Gesti\u00f3 administrativa en l&#8217;\u00e0mbit jur\u00eddic (GM GAJ): <a href=\"https:\/\/groups.google.com\/a\/insjoaquimmir.cat\/d\/msgid\/ofertes.gaj\">https:\/\/groups.google.com\/a\/insjoaquimmir.cat\/d\/msgid\/ofertes.gaj<\/a><\/li>\n<li aria-level=\"3\">Administraci\u00f3 i finances (GS ADF): <a href=\"https:\/\/groups.google.com\/a\/insjoaquimmir.cat\/d\/msgid\/ofertes.adf\">https:\/\/groups.google.com\/a\/insjoaquimmir.cat\/d\/msgid\/ofertes.adf<\/a><\/li>\n<\/ul>\n<p><b>Inform\u00e0tica i comunicacions<\/b><\/p>\n<ul>\n<li aria-level=\"3\">Sistemes microinform\u00e0tics i xarxes (GM SMX): <a href=\"https:\/\/groups.google.com\/a\/insjoaquimmir.cat\/d\/msgid\/ofertes.smx\">https:\/\/groups.google.com\/a\/insjoaquimmir.cat\/d\/msgid\/ofertes.smx<\/a><\/li>\n<li aria-level=\"3\">Administraci\u00f3 de sistemes i xarxes (GS ASIX): <a href=\"https:\/\/groups.google.com\/a\/insjoaquimmir.cat\/d\/msgid\/ofertes.asix\">https:\/\/groups.google.com\/a\/insjoaquimmir.cat\/d\/msgid\/ofertes.asix <\/a><\/li>\n<li aria-level=\"3\">Disseny d&#8217;aplicacions web (GS DAW): <a href=\"https:\/\/groups.google.com\/a\/insjoaquimmir.cat\/d\/msgid\/ofertes.daw\">https:\/\/groups.google.com\/a\/insjoaquimmir.cat\/d\/msgid\/ofertes.daw<\/a><\/li>\n<\/ul>\n<h3><\/h3>\n<h3><b>Ets una empresa i vols que reenviem la teva oferta de feina?<\/b><\/h3>\n<p><span style=\"font-weight: 400;\">Envia un correu a l&#8217;adre\u00e7a <\/span><a href=\"mailto:coord_cicles@insjoaquimmir.cat\"><span style=\"font-weight: 400;\">coord_cicles@insjoaquimmir.cat<\/span><\/a><span style=\"font-weight: 400;\"> amb les dades de l&#8217;oferta de feina o un enlla\u00e7 a la web on estigui publicada. Indica quina titulaci\u00f3 o titulacions es requereix i nosaltres la reenviarem a les persones subscrites.<\/span><\/p>\n","protected":false},"excerpt":{"rendered":"<p>Vols rebre ofertes de feina de la teva titulaci\u00f3?<\/p>\n<ul>\n<li>Des de l&#8217;Institut Joaquim Mir, hem posat en funcionament un servei per a que rebis ofertes de feina de la teva cada titulaci\u00f3.\u00a0<\/li>\n<li>Nosaltres reenviarem la informaci\u00f3 que ens facin arribar les empreses. L&#8217;institut nom\u00e9s fa d&#8217;alta veu&hellip;  <a href=\"https:\/\/agora.xtec.cat\/iesjoaquimmir\/borsa-de-treball\/\" title=\"Read Borsa de Treball\">Llegeix m\u00e9s\u00bb<\/a><br \/>\n","protected":false},"author":4,"featured_media":0,"parent":0,"menu_order":0,"comment_status":"closed","ping_status":"closed","template":"","meta":{"_bbp_topic_count":0,"_bbp_reply_count":0,"_bbp_total_topic_count":0,"_bbp_total_reply_count":0,"_bbp_voice_count":0,"_bbp_anonymous_reply_count":0,"_bbp_topic_count_hidden":0,"_bbp_reply_count_hidden":0,"_bbp_forum_subforum_count":0,"footnotes":""},"class_list":["post-1549","page","type-page","status-publish","hentry"],"post_mailing_queue_ids":[],"_links":{"self":[{"href":"https:\/\/agora.xtec.cat\/iesjoaquimmir\/wp-json\/wp\/v2\/pages\/1549","targetHints":{"allow":["GET"]}}],"collection":[{"href":"https:\/\/agora.xtec.cat\/iesjoaquimmir\/wp-json\/wp\/v2\/pages"}],"about":[{"href":"https:\/\/agora.xtec.cat\/iesjoaquimmir\/wp-json\/wp\/v2\/types\/page"}],"author":[{"embeddable":true,"href":"https:\/\/agora.xtec.cat\/iesjoaquimmir\/wp-json\/wp\/v2\/users\/4"}],"replies":[{"embeddable":true,"href":"https:\/\/agora.xtec.cat\/iesjoaquimmir\/wp-json\/wp\/v2\/comments?post=1549"}],"version-history":[{"count":6,"href":"https:\/\/agora.xtec.cat\/iesjoaquimmir\/wp-json\/wp\/v2\/pages\/1549\/revisions"}],"predecessor-version":[{"id":11348,"href":"https:\/\/agora.xtec.cat\/iesjoaquimmir\/wp-json\/wp\/v2\/pages\/1549\/revisions\/11348"}],"wp:attachment":[{"href":"https:\/\/agora.xtec.cat\/iesjoaquimmir\/wp-json\/wp\/v2\/media?parent=1549"}],"curies":[{"name":"wp","href":"https:\/\/api.w.org\/{rel}","templated":true}]}}