{"id":10881,"date":"2025-09-22T12:49:17","date_gmt":"2025-09-22T10:49:17","guid":{"rendered":"https:\/\/agora.xtec.cat\/iesjoaquimmir\/?page_id=10881"},"modified":"2025-09-23T10:44:44","modified_gmt":"2025-09-23T08:44:44","slug":"estrategia-dinclusio","status":"publish","type":"page","link":"https:\/\/agora.xtec.cat\/iesjoaquimmir\/intprojects\/erasmus\/estrategia-dinclusio\/","title":{"rendered":"Estrat\u00e8gia d&#8217;INCLUSI\u00d3"},"content":{"rendered":"<p>Erasmus+ vol promoure la igualtat d\u2019oportunitats, la diversitat i l\u2019equitat en totes les seves accions, a trav\u00e9s de mecanismes i recursos que posa a l\u2019abast de les persones i de les organitzacions.<\/p>\n<p>Els projectes del programa han de ser\u00a0<strong>inclusius<\/strong>.<\/p>\n<p>L&#8217;INS JOAQUIM MIR \u00e9s concient de les diferents realitats que hi ha al centre i \u00e9s per aix\u00f2 treballem per una estrat\u00e8gia d\u2019inclusi\u00f3 i diversitat per facilitar l\u2019acc\u00e9s al programa, ajudant a superar obstacles:<\/p>\n<ul>\n<li>Discapacitats<\/li>\n<li>Problemes de salut<\/li>\n<li>Dificultats derivades dels sistemes educatius<\/li>\n<li>Difer\u00e8ncies culturals<\/li>\n<li>Dificultats socials<\/li>\n<li>Limitacions econ\u00f2miques<\/li>\n<li>Discriminacions (per ra\u00f3 de g\u00e8nere, d\u2019edat, orientaci\u00f3 sexual, origen \u00e9tnic&#8230;)<\/li>\n<li>Dificultats geogr\u00e0fiqes (viure en llocs allunyats, en zones poc desenvolupades&#8230;)<\/li>\n<\/ul>\n<p><a href=\"https:\/\/jovecat.gencat.cat\/ca\/temes\/participacio_i_solidaritat\/erasmusplus\/prioritats\/index.html\">PRIORITATS DEL PROJECTE ERASMUS+:<\/a><\/p>\n<ol>\n<li>Inclusi\u00f3 i diversitat de participants<\/li>\n<li>Transformaci\u00f3 digital<\/li>\n<li>Medi ambient i lluita contra el canvi clim\u00e0tic<\/li>\n<li>Participaci\u00f3 en la vida democr\u00e0tica<\/li>\n<\/ol>\n<p><a href=\"https:\/\/agora.xtec.cat\/iesjoaquimmir\/wp-content\/uploads\/usu530\/2025\/09\/DEMOCRACIA.jpg\"><img loading=\"lazy\" decoding=\"async\" class=\" wp-image-10891\" src=\"https:\/\/agora.xtec.cat\/iesjoaquimmir\/wp-content\/uploads\/usu530\/2025\/09\/DEMOCRACIA.jpg\" alt=\"\" width=\"428\" height=\"252\" srcset=\"https:\/\/agora.xtec.cat\/iesjoaquimmir\/wp-content\/uploads\/usu530\/2025\/09\/DEMOCRACIA.jpg 340w, https:\/\/agora.xtec.cat\/iesjoaquimmir\/wp-content\/uploads\/usu530\/2025\/09\/DEMOCRACIA-300x176.jpg 300w\" sizes=\"auto, (max-width: 428px) 100vw, 428px\" \/><\/a><\/p>\n<p>&nbsp;<\/p>\n","protected":false},"excerpt":{"rendered":"<p>Erasmus+ vol promoure la igualtat d\u2019oportunitats, la diversitat i l\u2019equitat en totes les seves accions, a trav\u00e9s de mecanismes i recursos que posa a l\u2019abast de les persones i de les organitzacions.<br \/>\nEls projectes del programa han de ser\u00a0inclusius.<br \/>\nL&#8217;INS JOAQUIM MIR \u00e9s concient de les diferents&hellip;  <a href=\"https:\/\/agora.xtec.cat\/iesjoaquimmir\/intprojects\/erasmus\/estrategia-dinclusio\/\" title=\"Read Estrat\u00e8gia d&#8217;INCLUSI\u00d3\">Llegeix m\u00e9s\u00bb<\/a><\/p>\n","protected":false},"author":13,"featured_media":0,"parent":451,"menu_order":0,"comment_status":"closed","ping_status":"closed","template":"","meta":{"_bbp_topic_count":0,"_bbp_reply_count":0,"_bbp_total_topic_count":0,"_bbp_total_reply_count":0,"_bbp_voice_count":0,"_bbp_anonymous_reply_count":0,"_bbp_topic_count_hidden":0,"_bbp_reply_count_hidden":0,"_bbp_forum_subforum_count":0,"footnotes":""},"class_list":["post-10881","page","type-page","status-publish","hentry"],"post_mailing_queue_ids":[],"_links":{"self":[{"href":"https:\/\/agora.xtec.cat\/iesjoaquimmir\/wp-json\/wp\/v2\/pages\/10881","targetHints":{"allow":["GET"]}}],"collection":[{"href":"https:\/\/agora.xtec.cat\/iesjoaquimmir\/wp-json\/wp\/v2\/pages"}],"about":[{"href":"https:\/\/agora.xtec.cat\/iesjoaquimmir\/wp-json\/wp\/v2\/types\/page"}],"author":[{"embeddable":true,"href":"https:\/\/agora.xtec.cat\/iesjoaquimmir\/wp-json\/wp\/v2\/users\/13"}],"replies":[{"embeddable":true,"href":"https:\/\/agora.xtec.cat\/iesjoaquimmir\/wp-json\/wp\/v2\/comments?post=10881"}],"version-history":[{"count":4,"href":"https:\/\/agora.xtec.cat\/iesjoaquimmir\/wp-json\/wp\/v2\/pages\/10881\/revisions"}],"predecessor-version":[{"id":10887,"href":"https:\/\/agora.xtec.cat\/iesjoaquimmir\/wp-json\/wp\/v2\/pages\/10881\/revisions\/10887"}],"up":[{"embeddable":true,"href":"https:\/\/agora.xtec.cat\/iesjoaquimmir\/wp-json\/wp\/v2\/pages\/451"}],"wp:attachment":[{"href":"https:\/\/agora.xtec.cat\/iesjoaquimmir\/wp-json\/wp\/v2\/media?parent=10881"}],"curies":[{"name":"wp","href":"https:\/\/api.w.org\/{rel}","templated":true}]}}