{"id":1039,"date":"2018-03-21T20:33:48","date_gmt":"2018-03-21T19:33:48","guid":{"rendered":"http:\/\/agora.xtec.cat\/iesjoaquimmir\/?page_id=1039"},"modified":"2024-10-08T15:50:34","modified_gmt":"2024-10-08T13:50:34","slug":"secretaria","status":"publish","type":"page","link":"https:\/\/agora.xtec.cat\/iesjoaquimmir\/secretaria\/","title":{"rendered":"Secretaria"},"content":{"rendered":"<div>\n<ul>\n<li><span style=\"color: #008080;\"><b>Horari d&#8217;atenci\u00f3 al p\u00fablic (d&#8217;octubre a maig)<\/b><\/span><\/li>\n<\/ul>\n<p><span style=\"color: #000000;\"><strong>Matins de dilluns a divendres de 09:00h a 13:00h<\/strong><\/span><\/p>\n<p><span style=\"color: #000000;\"><strong>Tardes de dilluns a dimecres de 16:00h a 18:00h<\/strong><\/span><\/p>\n<ul>\n<li><span style=\"color: #008080;\"><b>Horari d&#8217;atenci\u00f3 al p\u00fablic jornada continuada <\/b><b>( juny, juliol, setembre i les dues \u00faltimes setmanes de desembre i les dues primeres de gener)<\/b><\/span><\/li>\n<\/ul>\n<p><span style=\"color: #000000;\"><strong>Matins de dilluns a divendres de 09:00h a 13:00h<\/strong><\/span><\/p>\n<p><span style=\"color: #000000;\"><b>Tancat:\u00a0Agost<\/b><\/span><\/p>\n<p><span style=\"color: #ff6600;\"><strong>Correu de Secretaria:\u00a0<a style=\"color: #ff6600;\" href=\"mailto:secretaria@insjoaquimmir.cat\" target=\"_blank\" rel=\"noopener\">secretaria@<wbr \/>insjoaquimmir.cat<\/a><\/strong><\/span><\/p>\n<ul>\n<li><span style=\"color: #008080;\"><strong>Codi de Centre:\u00a0<\/strong>08043693<\/span><\/li>\n<li><span style=\"color: #008080;\"><strong>Contacte:\u00a0<\/strong>Tel. 938933648<\/span><\/li>\n<\/ul>\n<\/div>\n","protected":false},"excerpt":{"rendered":"<ul>\n<li>Horari d&#8217;atenci\u00f3 al p\u00fablic (d&#8217;octubre a maig)<\/li>\n<\/ul>\n<p>Matins de dilluns a divendres de 09:00h a 13:00h<br \/>\nTardes de dilluns a dimecres de 16:00h a 18:00h<\/p>\n<ul>\n<li>Horari d&#8217;atenci\u00f3 al p\u00fablic jornada continuada ( juny, juliol, setembre i les dues \u00faltimes setmanes de desembre i les dues primeres de gener)<\/li>\n<\/ul>\n<p>Matins&hellip;  <a href=\"https:\/\/agora.xtec.cat\/iesjoaquimmir\/secretaria\/\" title=\"Read Secretaria\">Llegeix m\u00e9s\u00bb<\/a><\/p>\n","protected":false},"author":4,"featured_media":0,"parent":0,"menu_order":0,"comment_status":"closed","ping_status":"closed","template":"page-templates\/side-menu.php","meta":{"_bbp_topic_count":0,"_bbp_reply_count":0,"_bbp_total_topic_count":0,"_bbp_total_reply_count":0,"_bbp_voice_count":0,"_bbp_anonymous_reply_count":0,"_bbp_topic_count_hidden":0,"_bbp_reply_count_hidden":0,"_bbp_forum_subforum_count":0,"footnotes":""},"class_list":["post-1039","page","type-page","status-publish","hentry"],"post_mailing_queue_ids":[],"_links":{"self":[{"href":"https:\/\/agora.xtec.cat\/iesjoaquimmir\/wp-json\/wp\/v2\/pages\/1039","targetHints":{"allow":["GET"]}}],"collection":[{"href":"https:\/\/agora.xtec.cat\/iesjoaquimmir\/wp-json\/wp\/v2\/pages"}],"about":[{"href":"https:\/\/agora.xtec.cat\/iesjoaquimmir\/wp-json\/wp\/v2\/types\/page"}],"author":[{"embeddable":true,"href":"https:\/\/agora.xtec.cat\/iesjoaquimmir\/wp-json\/wp\/v2\/users\/4"}],"replies":[{"embeddable":true,"href":"https:\/\/agora.xtec.cat\/iesjoaquimmir\/wp-json\/wp\/v2\/comments?post=1039"}],"version-history":[{"count":6,"href":"https:\/\/agora.xtec.cat\/iesjoaquimmir\/wp-json\/wp\/v2\/pages\/1039\/revisions"}],"predecessor-version":[{"id":9873,"href":"https:\/\/agora.xtec.cat\/iesjoaquimmir\/wp-json\/wp\/v2\/pages\/1039\/revisions\/9873"}],"wp:attachment":[{"href":"https:\/\/agora.xtec.cat\/iesjoaquimmir\/wp-json\/wp\/v2\/media?parent=1039"}],"curies":[{"name":"wp","href":"https:\/\/api.w.org\/{rel}","templated":true}]}}