{"id":10366,"date":"2025-03-30T19:44:24","date_gmt":"2025-03-30T17:44:24","guid":{"rendered":"https:\/\/agora.xtec.cat\/iesjoaquimmir\/?page_id=10366"},"modified":"2026-04-15T23:16:39","modified_gmt":"2026-04-15T21:16:39","slug":"documentacio-alumnat-pfi-cicles-formatius","status":"publish","type":"page","link":"https:\/\/agora.xtec.cat\/iesjoaquimmir\/qualitat-i-millora-continua\/documentacio-alumnat-pfi-cicles-formatius\/","title":{"rendered":"Documentaci\u00f3 alumnat PFI\/CICLES FORMATIUS"},"content":{"rendered":"<p style=\"text-align: center;\"><strong>MANUALS ALUMNAT CICLES FORMATIUS<\/strong><\/p>\n<table style=\"border-collapse: collapse; width: 96.2213%; height: 36px;\">\n<tbody>\n<tr>\n<td style=\"width: 100%;\">\n<ul>\n<li><a href=\"https:\/\/drive.google.com\/file\/d\/1hSOtrTAWm8j0NCpHsOKp1N33EVTk9mvX\/view?usp=drive_link\">M12 \u2013 Guia alumnat matr\u00edcula CF<\/a><\/li>\n<\/ul>\n<\/td>\n<\/tr>\n<\/tbody>\n<\/table>\n<p style=\"text-align: center;\"><strong>DOCUMENTACI\u00d3 GENERAL CICLES FORMATIUS<\/strong><\/p>\n<table style=\"border-collapse: collapse; width: 100%; height: 687px;\">\n<tbody>\n<tr style=\"height: 56px;\">\n<td style=\"width: 100%; height: 56px;\">\n<ul>\n<li dir=\"ltr\" aria-level=\"1\">\n<p dir=\"ltr\" role=\"presentation\"><a href=\"https:\/\/drive.google.com\/a\/iesjoaquimmir.cat\/file\/d\/1KlFD2xsZjO5AFMYqvyUi6be53WHFuwUh\/view?usp=sharing\">D11 \u2013 Sol\u00b7licitud gen\u00e8rica<\/a><\/p>\n<\/li>\n<\/ul>\n<\/td>\n<\/tr>\n<tr style=\"height: 56px;\">\n<td style=\"width: 100%; height: 56px;\">\n<ul>\n<li><a href=\"https:\/\/drive.google.com\/a\/iesjoaquimmir.cat\/file\/d\/19eUW2VJcNGWfr6MAbt6ZDyv5DQqQXZpz\/view?usp=sharing\">D14 \u2013 Carta de Comprom\u00eds Inform\u00e0tic<\/a><\/li>\n<\/ul>\n<\/td>\n<\/tr>\n<tr style=\"height: 56px;\">\n<td style=\"width: 100%; height: 56px;\">\n<ul>\n<li><a href=\"https:\/\/drive.google.com\/a\/iesjoaquimmir.cat\/file\/d\/1rexLruHMycyZ6GbaL2cI5Arro-d3Fl47\/view?usp=sharing\">D29 \u2013 Justificaci\u00f3 Faltes Assist\u00e8ncia Alumnat<\/a><\/li>\n<\/ul>\n<\/td>\n<\/tr>\n<tr style=\"height: 32px;\">\n<td style=\"width: 100%; height: 32px;\">\n<ul>\n<li><a href=\"https:\/\/docs.google.com\/document\/d\/1TmLYh6Xco-jRMUF8OwZ19QF4iGR27jR_XbyfG1UzgtY\/edit?usp=sharing\">D42 \u2013 Sol\u00b7licitud Armariet<\/a><\/li>\n<\/ul>\n<\/td>\n<\/tr>\n<tr style=\"height: 56px;\">\n<td style=\"width: 100%; height: 56px;\">\n<ul>\n<li><a href=\"https:\/\/drive.google.com\/file\/d\/1s8mhpaNGJSqCAwywtm-uIwnfS2wBg7wF\/view?usp=sharing\">D81 \u2013 AFA-Cessi\u00f3 de dades<\/a><\/li>\n<\/ul>\n<\/td>\n<\/tr>\n<tr style=\"height: 32px;\">\n<td style=\"width: 100%; height: 32px;\">\n<ul>\n<li><a href=\"https:\/\/drive.google.com\/file\/d\/1_MMAWV99II2z-StEWwQc3o-lyMVsAwfK\/view?usp=drive_link\">D84 \u2013 Sol\u00b7licitud de duplicat de carnet escolar<\/a><\/li>\n<\/ul>\n<\/td>\n<\/tr>\n<tr style=\"height: 32px;\">\n<td style=\"width: 100%; height: 32px;\">\n<ul>\n<li><a href=\"https:\/\/drive.google.com\/a\/iesjoaquimmir.cat\/file\/d\/1Fp3peH9U30MYBzWQvlBuuQ04Ea8n2jYa\/view?usp=sharing\">D85 \u2013 Justificaci\u00f3 Faltes Assist. Alumnat CF majors edat<\/a><\/li>\n<\/ul>\n<\/td>\n<\/tr>\n<tr style=\"height: 32px;\">\n<td style=\"width: 100%; height: 32px;\">\n<ul>\n<li><a href=\"https:\/\/drive.google.com\/a\/iesjoaquimmir.cat\/file\/d\/107wkusl_Vq2xEbgFRUIjZ1psCh-Ogdhl\/view?usp=sharing\">D86 \u2013 Justificaci\u00f3 Faltes Assist. Alumnat CF menors edat<\/a><\/li>\n<\/ul>\n<\/td>\n<\/tr>\n<tr style=\"height: 56px;\">\n<td style=\"width: 100%; height: 56px;\">\n<ul>\n<li><a href=\"https:\/\/docs.google.com\/document\/d\/1wEhPdvUXBXc-cBdmp53zAFNxwtYomCKZOJrRXI_6_cQ\/edit?usp=sharing\">D24 \u2013 Sol\u00b7licitud Convalidaci\u00f3 M\u00f2duls CF<\/a><\/li>\n<\/ul>\n<\/td>\n<\/tr>\n<tr style=\"height: 56px;\">\n<td style=\"width: 100%; height: 56px;\">\n<ul>\n<li dir=\"ltr\" aria-level=\"1\">\n<p dir=\"ltr\" role=\"presentation\"><a href=\"https:\/\/docs.google.com\/document\/d\/14RKJmsVia61xnSJOeEB9_TixKsh9SdR8k_m22HYXYiQ\/edit?usp=sharing\">D96 \u2013 Sol\u00b7licitud Convalidaci\u00f3 Singular M\u00f2duls CF<\/a><\/p>\n<\/li>\n<\/ul>\n<\/td>\n<\/tr>\n<tr>\n<td style=\"width: 100%;\">\n<ul>\n<li><a href=\"https:\/\/drive.google.com\/file\/d\/1S21kx409OHt0GUjuyqLnCu4oHICvMDof\/view?usp=drive_link\">D15 \u2013 Reclamaci\u00f3 qualificacions RA\/m\u00f2dul CCFF<\/a><\/li>\n<\/ul>\n<\/td>\n<\/tr>\n<tr style=\"height: 32px;\">\n<td style=\"width: 100%; height: 32px;\">\n<ul>\n<li><a href=\"https:\/\/drive.google.com\/file\/d\/1L5iT0JRUSH59r_vdz3mbGm3kDwV-MAb9\/view?usp=drive_link\">D98 \u2013 Reclamaci\u00f3 qualificacions UF CCFF<\/a><\/li>\n<\/ul>\n<\/td>\n<\/tr>\n<tr style=\"height: 32px;\">\n<td style=\"width: 100%; height: 32px;\">\n<ul>\n<li><a href=\"https:\/\/drive.google.com\/file\/d\/1tSNSFsS8UCjLgtFAGIKyKLdXwnXqHf-k\/view?usp=sharing\">D134 \u2013 Reclamaci\u00f3 qualificacions SSTT<\/a><\/li>\n<\/ul>\n<\/td>\n<\/tr>\n<tr style=\"height: 56px;\">\n<td style=\"width: 100%; height: 56px;\">\n<ul>\n<li><a href=\"https:\/\/docs.google.com\/document\/d\/1ej7tTj-lm0pGCgDv7GOFB9pcdTXvxD_ZgAPXK-iXUBs\/edit?usp=sharing\">D168 \u2013 Autoritzaci\u00f3 majors d&#8217;edat comunicaci\u00f3 amb la fam\u00edlia CF<\/a><\/li>\n<\/ul>\n<\/td>\n<\/tr>\n<tr style=\"height: 47px;\">\n<td style=\"width: 100%; height: 47px;\">\n<ul>\n<li><a href=\"https:\/\/drive.google.com\/file\/d\/1XWivZZ5Ks1rDoeqIx2Hz9yTB-vLST01o\/view?usp=drive_link\">D182 \u2013 Baixa del centre<\/a><\/li>\n<\/ul>\n<\/td>\n<\/tr>\n<tr style=\"height: 56px;\">\n<td style=\"width: 100%; height: 56px;\">\n<ul>\n<li dir=\"ltr\" aria-level=\"1\">\n<p dir=\"ltr\" role=\"presentation\"><a href=\"https:\/\/drive.google.com\/file\/d\/1KqOcLqKMVhgKid3nfPjo1k9BeCtGgLa7\/view?usp=drive_link\">D13 \u2013 Sol\u00b7licitud cinquena convocat\u00f2ria m\u00f2duls CCFF<\/a><\/p>\n<\/li>\n<\/ul>\n<\/td>\n<\/tr>\n<\/tbody>\n<\/table>\n<p style=\"text-align: center;\"><strong>ALTES I BAIXES DE MATR\u00cdCULA CICLES FORMATIUS<\/strong><\/p>\n<table style=\"border-collapse: collapse; width: 100%; height: 888px;\">\n<tbody>\n<tr style=\"height: 56px;\">\n<td style=\"width: 100%; height: 56px;\">\n<ul>\n<li><a href=\"https:\/\/drive.google.com\/file\/d\/1LUS-p4I_HiG7hUYFRIL61ymCP32MB2lG\/view?usp=sharing\">D44 \u2013 Baixa matriculaci\u00f3 M\u00f2duls ACL Pla nou<\/a><\/li>\n<\/ul>\n<\/td>\n<\/tr>\n<tr style=\"height: 56px;\">\n<td style=\"width: 100%; height: 56px;\">\n<ul>\n<li><a href=\"https:\/\/drive.google.com\/file\/d\/1m5SVXtbSyrbwz_bzqH7eXpKizFeAsywj\/view?usp=drive_link\">D45 \u2013 Baixa matriculaci\u00f3 M\u00f2duls ADF Pla nou<\/a><\/li>\n<\/ul>\n<\/td>\n<\/tr>\n<tr style=\"height: 56px;\">\n<td style=\"width: 100%; height: 56px;\">\n<ul>\n<li><a href=\"https:\/\/drive.google.com\/file\/d\/1dsrgmieRvlytRSxCJpkMpMPDqQWNfqqp\/view?usp=sharing\">D46 \u2013 Baixa matriculaci\u00f3 M\u00f2duls ASIX Pla nou<\/a><\/li>\n<\/ul>\n<\/td>\n<\/tr>\n<tr style=\"height: 56px;\">\n<td style=\"width: 100%; height: 56px;\">\n<ul>\n<li><a href=\"https:\/\/drive.google.com\/file\/d\/1EcSw8uLeO_mA1dDhlgsD-MYMn9yTFSiZ\/view?usp=sharing\">D47 \u2013 Baixa matriculaci\u00f3 M\u00f2duls DAW Pla nou<\/a><\/li>\n<\/ul>\n<\/td>\n<\/tr>\n<tr style=\"height: 56px;\">\n<td style=\"width: 100%; height: 56px;\">\n<ul>\n<li><a href=\"https:\/\/drive.google.com\/file\/d\/1rFW0C7m6xcsJjZT1m9U-6PvshOscrAcW\/view?usp=sharing\">D48 \u2013 Baixa matriculaci\u00f3 M\u00f2duls CI Pla nou<\/a><\/li>\n<\/ul>\n<\/td>\n<\/tr>\n<tr style=\"height: 56px;\">\n<td style=\"width: 100%; height: 56px;\">\n<ul>\n<li><a href=\"https:\/\/drive.google.com\/file\/d\/1CZ0D5aa_bYNUphnZtoOUsbzsdQRyXLET\/view?usp=sharing\">D49 \u2013 Baixa matriculaci\u00f3 M\u00f2duls GAD Pla nou<\/a><\/li>\n<\/ul>\n<\/td>\n<\/tr>\n<tr style=\"height: 56px;\">\n<td style=\"width: 100%; height: 56px;\">\n<ul>\n<li><a href=\"https:\/\/drive.google.com\/file\/d\/19xLe_afFYxq_-S8ZPAcMPvL6_OrDpPaQ\/view?usp=sharing\">D50 \u2013 Baixa matriculaci\u00f3 M\u00f2duls GAJ Pla nou<\/a><\/li>\n<\/ul>\n<\/td>\n<\/tr>\n<tr style=\"height: 56px;\">\n<td style=\"width: 100%; height: 56px;\">\n<ul>\n<li><a href=\"https:\/\/drive.google.com\/file\/d\/1ekW0_wZ7xFiTCefM7dUgnneW0lws5z9A\/view?usp=sharing\">D51 \u2013 Baixa matriculaci\u00f3 M\u00f2duls SMX Pla nou<\/a><\/li>\n<\/ul>\n<\/td>\n<\/tr>\n<tr style=\"height: 56px;\">\n<td style=\"width: 100%; height: 56px;\">\n<ul>\n<li><a href=\"https:\/\/drive.google.com\/file\/d\/1wa-j_eKAFHII075nLLBTQjvmbIHiAqd4\/view?usp=sharing\">D52 \u2013 Baixa matriculaci\u00f3 M\u00f2duls TIL Pla nou<\/a><\/li>\n<\/ul>\n<\/td>\n<\/tr>\n<tr style=\"height: 56px;\">\n<td style=\"width: 100%; height: 56px;\">\n<ul>\n<li><a href=\"https:\/\/drive.google.com\/file\/d\/1pbmrIRRQ-GVz-2zlxrCZiOW9ND9N4yDz\/view?usp=drive_link\">D154 \u2013 Alta matriculaci\u00f3 M\u00f2duls ACL Pla nou<\/a><\/li>\n<\/ul>\n<\/td>\n<\/tr>\n<tr style=\"height: 56px;\">\n<td style=\"width: 100%; height: 56px;\">\n<ul>\n<li><a href=\"https:\/\/drive.google.com\/file\/d\/1KCiZtaFvLRVOk-UDCfki2VRAJxt9R82C\/view?usp=drive_link\">D155 \u2013 Alta matriculaci\u00f3 M\u00f2duls ADF Pla nou<\/a><\/li>\n<\/ul>\n<\/td>\n<\/tr>\n<tr style=\"height: 56px;\">\n<td style=\"width: 100%; height: 56px;\">\n<ul>\n<li><a href=\"https:\/\/drive.google.com\/file\/d\/1xp_aYpfmJnt20GAfMALWWp4tJw5i8X-z\/view?usp=drive_link\">D156 \u2013 Alta matriculaci\u00f3 M\u00f2duls ASIX Pla nou<\/a><\/li>\n<\/ul>\n<\/td>\n<\/tr>\n<tr style=\"height: 56px;\">\n<td style=\"width: 100%; height: 56px;\">\n<ul>\n<li><a href=\"https:\/\/drive.google.com\/file\/d\/1XI1rcHY3-UVkRnlssIrXnT6Pd-Vyfun1\/view?usp=drive_link\">D157 -Alta matriculaci\u00f3 M\u00f2duls DAW Pla nou<\/a><\/li>\n<\/ul>\n<\/td>\n<\/tr>\n<tr style=\"height: 32px;\">\n<td style=\"width: 100%; height: 32px;\">\n<ul>\n<li><a href=\"https:\/\/drive.google.com\/file\/d\/1logoDOTZm04ilfzlsyPJWExPPsSTg7FN\/view?usp=drive_link\">D158 \u2013 Alta matriculaci\u00f3 M\u00f2duls CI Pla nou<\/a><\/li>\n<\/ul>\n<\/td>\n<\/tr>\n<tr style=\"height: 32px;\">\n<td style=\"width: 100%; height: 32px;\">\n<ul>\n<li><a href=\"https:\/\/drive.google.com\/file\/d\/1-1L-8nKUtOiub3vCa-XgLqkd45yU6vC6\/view?usp=drive_link\">D159 \u2013 Alta matriculaci\u00f3 M\u00f2duls GAD Pla nou<\/a><\/li>\n<\/ul>\n<\/td>\n<\/tr>\n<tr style=\"height: 32px;\">\n<td style=\"width: 100%; height: 32px;\">\n<ul>\n<li><a href=\"https:\/\/drive.google.com\/file\/d\/1v6bWHHB4wPoE94XovG_WPRWlCDlfanEB\/view?usp=drive_link\">D160 \u2013 Alta matriculaci\u00f3 M\u00f2duls GAJ Pla nou<\/a><\/li>\n<\/ul>\n<\/td>\n<\/tr>\n<tr style=\"height: 32px;\">\n<td style=\"width: 100%; height: 32px;\">\n<ul>\n<li><a href=\"https:\/\/drive.google.com\/file\/d\/1_owBO435cfH1-nc2zNTZFXW2ruiFHfMq\/view?usp=drive_link\">D161 \u2013 Alta matriculaci\u00f3 M\u00f2duls SMX Pla nou<\/a><\/li>\n<\/ul>\n<\/td>\n<\/tr>\n<tr style=\"height: 32px;\">\n<td style=\"width: 100%; height: 32px;\">\n<ul>\n<li><a href=\"https:\/\/drive.google.com\/file\/d\/1FiwRiI4n8G_8AgAZNjKRNbW1rrWORJVC\/view?usp=drive_link\">D162 \u2013 Alta matriculaci\u00f3 M\u00f2duls TIL Pla nou<\/a><\/li>\n<\/ul>\n<\/td>\n<\/tr>\n<\/tbody>\n<\/table>\n<p style=\"text-align: center;\"><strong>ESTADES A L&#8217;EMPRESA<\/strong><\/p>\n<table style=\"border-collapse: collapse; width: 100%; height: 229px;\">\n<tbody>\n<tr style=\"height: 56px;\">\n<td style=\"width: 100%; height: 56px;\">\n<ul>\n<li><a href=\"https:\/\/drive.google.com\/file\/d\/1In3FUosyfCibZQBY5ayZ-mGIXtAvqFGC\/view?usp=drive_link\">D68 \u2013 Ren\u00fancia Estades Empresa<\/a><\/li>\n<\/ul>\n<\/td>\n<\/tr>\n<tr style=\"height: 59px;\">\n<td style=\"width: 100%; height: 59px;\">\n<ul>\n<li><a href=\"https:\/\/drive.google.com\/a\/iesjoaquimmir.cat\/file\/d\/1JDip9fu5HEX3kACBg0fBQ31rSgAhl0wB\/view?usp=sharing\">D71 \u2013 Sol\u00b7licitud Exempci\u00f3 EE<\/a><\/li>\n<\/ul>\n<\/td>\n<\/tr>\n<tr style=\"height: 56px;\">\n<td style=\"width: 100%; height: 56px;\">\n<ul>\n<li><a href=\"https:\/\/drive.google.com\/file\/d\/1_Lg7Q_hNIW4XdaXbQSvcJ85VgYFkwA4G\/view?usp=sharing\">D152 \u2013 Sol\u00b7licitud d&#8217;inscripci\u00f3 candidat\/a a l&#8217;estada FP DUAL INTENSIVA<\/a><\/li>\n<\/ul>\n<\/td>\n<\/tr>\n<tr style=\"height: 58px;\">\n<td style=\"width: 100%; height: 58px;\">\n<ul>\n<li><a href=\"https:\/\/drive.google.com\/file\/d\/1lg9DGTQrRbMRcampU_X4xgW0DwqqJDn4\/view?usp=sharing\">D174 \u2013 Tractament de confidencialitat de dades EE<\/a><\/li>\n<\/ul>\n<\/td>\n<\/tr>\n<\/tbody>\n<\/table>\n","protected":false},"excerpt":{"rendered":"<p>MANUALS ALUMNAT CICLES FORMATIUS<\/p>\n<ul>\n<li><a href=\"https:\/\/drive.google.com\/file\/d\/1hSOtrTAWm8j0NCpHsOKp1N33EVTk9mvX\/view?usp=drive_link\">M12 \u2013 Guia alumnat matr\u00edcula CF<\/a><\/li>\n<\/ul>\n<p>DOCUMENTACI\u00d3 GENERAL CICLES FORMATIUS<\/p>\n<ul>\n<li dir=\"ltr\" aria-level=\"1\">\n<a href=\"https:\/\/drive.google.com\/a\/iesjoaquimmir.cat\/file\/d\/1KlFD2xsZjO5AFMYqvyUi6be53WHFuwUh\/view?usp=sharing\">D11 \u2013 Sol\u00b7licitud gen\u00e8rica<\/a>\n<\/li>\n<\/ul>\n<ul>\n<li><a href=\"https:\/\/drive.google.com\/a\/iesjoaquimmir.cat\/file\/d\/19eUW2VJcNGWfr6MAbt6ZDyv5DQqQXZpz\/view?usp=sharing\">D14 \u2013 Carta de Comprom\u00eds Inform\u00e0tic<\/a><\/li>\n<\/ul>\n<ul>\n<li><a href=\"https:\/\/drive.google.com\/a\/iesjoaquimmir.cat\/file\/d\/1rexLruHMycyZ6GbaL2cI5Arro-d3Fl47\/view?usp=sharing\">D29 \u2013 Justificaci\u00f3 Faltes Assist\u00e8ncia Alumnat<\/a><\/li>\n<\/ul>\n<ul>\n<li><a href=\"https:\/\/docs.google.com\/document\/d\/1TmLYh6Xco-jRMUF8OwZ19QF4iGR27jR_XbyfG1UzgtY\/edit?usp=sharing\">D42 \u2013 Sol\u00b7licitud Armariet<\/a><\/li>\n<\/ul>\n<ul>\n<li><a href=\"https:\/\/drive.google.com\/file\/d\/1s8mhpaNGJSqCAwywtm-uIwnfS2wBg7wF\/view?usp=sharing\">D81 \u2013 AFA-Cessi\u00f3 de dades<\/a><\/li>\n<\/ul>\n<ul>\n<li><a href=\"https:\/\/drive.google.com\/file\/d\/1_MMAWV99II2z-StEWwQc3o-lyMVsAwfK\/view?usp=drive_link\">D84 \u2013 Sol\u00b7licitud de duplicat&hellip;  <a href=\"https:\/\/agora.xtec.cat\/iesjoaquimmir\/qualitat-i-millora-continua\/documentacio-alumnat-pfi-cicles-formatius\/\" title=\"Read Documentaci\u00f3 alumnat PFI\/CICLES FORMATIUS\">Llegeix m\u00e9s\u00bb<\/a><br \/>\n","protected":false},"author":32,"featured_media":0,"parent":10128,"menu_order":2,"comment_status":"closed","ping_status":"closed","template":"","meta":{"_bbp_topic_count":0,"_bbp_reply_count":0,"_bbp_total_topic_count":0,"_bbp_total_reply_count":0,"_bbp_voice_count":0,"_bbp_anonymous_reply_count":0,"_bbp_topic_count_hidden":0,"_bbp_reply_count_hidden":0,"_bbp_forum_subforum_count":0,"footnotes":""},"class_list":["post-10366","page","type-page","status-publish","hentry"],"post_mailing_queue_ids":[],"_links":{"self":[{"href":"https:\/\/agora.xtec.cat\/iesjoaquimmir\/wp-json\/wp\/v2\/pages\/10366","targetHints":{"allow":["GET"]}}],"collection":[{"href":"https:\/\/agora.xtec.cat\/iesjoaquimmir\/wp-json\/wp\/v2\/pages"}],"about":[{"href":"https:\/\/agora.xtec.cat\/iesjoaquimmir\/wp-json\/wp\/v2\/types\/page"}],"author":[{"embeddable":true,"href":"https:\/\/agora.xtec.cat\/iesjoaquimmir\/wp-json\/wp\/v2\/users\/32"}],"replies":[{"embeddable":true,"href":"https:\/\/agora.xtec.cat\/iesjoaquimmir\/wp-json\/wp\/v2\/comments?post=10366"}],"version-history":[{"count":6,"href":"https:\/\/agora.xtec.cat\/iesjoaquimmir\/wp-json\/wp\/v2\/pages\/10366\/revisions"}],"predecessor-version":[{"id":11425,"href":"https:\/\/agora.xtec.cat\/iesjoaquimmir\/wp-json\/wp\/v2\/pages\/10366\/revisions\/11425"}],"up":[{"embeddable":true,"href":"https:\/\/agora.xtec.cat\/iesjoaquimmir\/wp-json\/wp\/v2\/pages\/10128"}],"wp:attachment":[{"href":"https:\/\/agora.xtec.cat\/iesjoaquimmir\/wp-json\/wp\/v2\/media?parent=10366"}],"curies":[{"name":"wp","href":"https:\/\/api.w.org\/{rel}","templated":true}]}}