{"id":10128,"date":"2025-01-22T18:50:51","date_gmt":"2025-01-22T17:50:51","guid":{"rendered":"https:\/\/agora.xtec.cat\/iesjoaquimmir\/?page_id=10128"},"modified":"2025-09-25T01:04:09","modified_gmt":"2025-09-24T23:04:09","slug":"qualitat-i-millora-continua","status":"publish","type":"page","link":"https:\/\/agora.xtec.cat\/iesjoaquimmir\/qualitat-i-millora-continua\/","title":{"rendered":"Qualitat i Millora cont\u00ednua (Documentaci\u00f3)"},"content":{"rendered":"<p><strong>Pol\u00edtica de Qualitat:<\/strong><\/p>\n<p>L\u2019Institut Joaquim Mir comen\u00e7a a definir, implantar i avaluar un Sistema de Gesti\u00f3 de Qualitat basat en la Norma ISO 9001 i amb aquesta acci\u00f3 adquireix un comprom\u00eds per:<\/p>\n<ul>\n<li>La millora cont\u00ednua en tots els aspectes del centre.<\/li>\n<li>Satisfer les expectatives i necessitats de l\u2019alumnat oferint els ensenyaments i serveis de qualitat.<\/li>\n<li>Contribuir a assolir els objectius que la societat li assigna com a instituci\u00f3 educativa.<\/li>\n<li>Implicar al conjunt de l\u2019equip hum\u00e0 de l\u2019institut per obtenir un alt nivell de satisfacci\u00f3 de la comunitat educativa.<\/li>\n<li>Acomplir els requisits legals i reglamentaris ( requisits aplicables a banda dels de l\u2019alumnat que hi s\u00f3n inclosos)<\/li>\n<\/ul>\n","protected":false},"excerpt":{"rendered":"<p>Pol\u00edtica de Qualitat:<br \/>\nL\u2019Institut Joaquim Mir comen\u00e7a a definir, implantar i avaluar un Sistema de Gesti\u00f3 de Qualitat basat en la Norma ISO 9001 i amb aquesta acci\u00f3 adquireix un comprom\u00eds per:<\/p>\n<ul>\n<li>La millora cont\u00ednua en tots els aspectes del centre.<\/li>\n<li>Satisfer les expectatives i necessitats de l\u2019alumnat&hellip;  <a href=\"https:\/\/agora.xtec.cat\/iesjoaquimmir\/qualitat-i-millora-continua\/\" title=\"Read Qualitat i Millora cont\u00ednua (Documentaci\u00f3)\">Llegeix m\u00e9s\u00bb<\/a><br \/>\n","protected":false},"author":4,"featured_media":0,"parent":0,"menu_order":0,"comment_status":"closed","ping_status":"closed","template":"page-templates\/side-menu.php","meta":{"_bbp_topic_count":0,"_bbp_reply_count":0,"_bbp_total_topic_count":0,"_bbp_total_reply_count":0,"_bbp_voice_count":0,"_bbp_anonymous_reply_count":0,"_bbp_topic_count_hidden":0,"_bbp_reply_count_hidden":0,"_bbp_forum_subforum_count":0,"footnotes":""},"class_list":["post-10128","page","type-page","status-publish","hentry"],"post_mailing_queue_ids":[],"_links":{"self":[{"href":"https:\/\/agora.xtec.cat\/iesjoaquimmir\/wp-json\/wp\/v2\/pages\/10128","targetHints":{"allow":["GET"]}}],"collection":[{"href":"https:\/\/agora.xtec.cat\/iesjoaquimmir\/wp-json\/wp\/v2\/pages"}],"about":[{"href":"https:\/\/agora.xtec.cat\/iesjoaquimmir\/wp-json\/wp\/v2\/types\/page"}],"author":[{"embeddable":true,"href":"https:\/\/agora.xtec.cat\/iesjoaquimmir\/wp-json\/wp\/v2\/users\/4"}],"replies":[{"embeddable":true,"href":"https:\/\/agora.xtec.cat\/iesjoaquimmir\/wp-json\/wp\/v2\/comments?post=10128"}],"version-history":[{"count":4,"href":"https:\/\/agora.xtec.cat\/iesjoaquimmir\/wp-json\/wp\/v2\/pages\/10128\/revisions"}],"predecessor-version":[{"id":10896,"href":"https:\/\/agora.xtec.cat\/iesjoaquimmir\/wp-json\/wp\/v2\/pages\/10128\/revisions\/10896"}],"wp:attachment":[{"href":"https:\/\/agora.xtec.cat\/iesjoaquimmir\/wp-json\/wp\/v2\/media?parent=10128"}],"curies":[{"name":"wp","href":"https:\/\/api.w.org\/{rel}","templated":true}]}}