{"id":75,"date":"2014-09-18T10:21:02","date_gmt":"2014-09-18T10:21:02","guid":{"rendered":"http:\/\/agora.xtec.cat\/iesjoanot\/?page_id=75"},"modified":"2025-07-14T08:54:10","modified_gmt":"2025-07-14T06:54:10","slug":"activitats-extraescolars","status":"publish","type":"page","link":"https:\/\/agora.xtec.cat\/iesjoanot\/activitats-extraescolars\/","title":{"rendered":"Activitats extraescolars"},"content":{"rendered":"\n<p>Actualment s&#8217;estan duent a terme les seg\u00fcents activitats extraescolars a l&#8217;institut:<\/p>\n\n\n\n<ul class=\"wp-block-list\">\n<li><strong>Teatre en castell\u00e0. <\/strong>20 nois i noies de 1r i 2n. Activitat gratu\u00efta. Dilluns, de 15:30h a 17:15h.<\/li>\n\n\n\n<li><strong>Teatre en angl\u00e8s. <\/strong>20 nois i noies de 3r i 4t. Activitat gratu\u00efta. Dilluns, de 15:30h a 17:15h.<\/li>\n\n\n\n<li><strong style=\"font-family: inherit; font-size: 1em;\">Preparaci\u00f3 FIRST CERTIFICATE. <\/strong><span style=\"font-family: inherit; font-size: 1em;\">15 alumnes de Batxillerat. Activitat gratu\u00efta. Dimecres de 15:30h a 17:30h. <\/span><\/li>\n\n\n\n<li><strong style=\"font-family: inherit; font-size: 1em;\">Franc\u00e8s<\/strong><span style=\"font-family: inherit; font-size: 1em;\">: <\/span><strong style=\"font-family: inherit; font-size: 1em;\">DELF Scolaire <\/strong><strong style=\"font-family: inherit; font-size: 1em;\">.<\/strong><span style=\"font-family: inherit; font-size: 1em;\"> 12 alumnes de Batxillerat. Activitat gratu\u00efta. Dilluns, de 15:30h a 17:30h.<\/span><\/li>\n\n\n\n<li><strong style=\"font-family: inherit; font-size: 1em;\">Angl\u00e8s. <\/strong><span style=\"font-family: inherit; font-size: 1em;\">20 nois i noies de 3r i 4t. Dilluns, de 15:30h a 17:00h. Organitzada en col\u00b7laboraci\u00f3 amb l&#8217;<\/span><strong style=\"font-family: inherit; font-size: 1em;\">AFA<\/strong><\/li>\n\n\n\n<li><strong style=\"font-family: inherit; font-size: 1em;\">Refor\u00e7 PAE.<\/strong><span style=\"font-family: inherit; font-size: 1em;\"> 30 alumnes d&#8217;ESO (de 1r a 4t). Activitat gratu\u00efta. Dilluns i dimecres de 15:30h a 17:30h.<\/span><\/li>\n\n\n\n<li><strong style=\"font-family: inherit; font-size: 1em;\">Taller de c\u00f2mic. <\/strong><span style=\"font-family: inherit; font-size: 1em;\">20 nois i noies d&#8217;ESO. Dimecres de 15:30h a 17:00h.<\/span><\/li>\n\n\n\n<li><strong style=\"font-family: inherit; font-size: 1em;\">Taller de rob\u00f2tica. <\/strong><span style=\"font-family: inherit; font-size: 1em;\">30 alumnes de 1r i 2n d&#8217;ESO. Dilluns de 15:30h a 17:15h.<\/span><\/li>\n\n\n\n<li><strong>Bar\u00e7a Activa&#8217;t.<\/strong> 20 alumnes d&#8217;ESO. <span style=\"font-family: inherit; font-size: 1em;\">Dilluns i dimecres de 15:30h a 17:30h.<\/span><\/li>\n<\/ul>\n\n\n\n<p>Aqu\u00ed trobareu tots els articles amb l\u2019etiqueta&nbsp;<a href=\"https:\/\/agora.xtec.cat\/iesjoanot\/tag\/extraescolars\/\" target=\"_blank\" rel=\"noopener\">Extraescolars<\/a>.<\/p>\n\n\n\n<div style=\"height:84px\" aria-hidden=\"true\" class=\"wp-block-spacer\"><\/div>\n\n\n\n<h3 class=\"wp-block-heading\">Articles sobre Extraescolars<\/h3>\n\n\n        <div class=\"wp-block-getwid-custom-post-type custom-post-type-post has-layout-list has-spacing-normal\">\n            <div class=\"wp-block-getwid-custom-post-type__wrapper\">\n                \t\t\t\t\t\t\t\t<div class='wp-block-getwid-custom-post-type__post'>\n\t\t\t\t\t\t\t\t\t\n<div class=\"wp-block-getwid-custom-post-type__post-wrapper\">\n        <div class=\"wp-block-getwid-custom-post-type__content-wrapper\">\n        <div class=\"wp-block-getwid-custom-post-type__post-header\">\n            <h3 class=\"wp-block-getwid-custom-post-type__post-title\"><a href=\"https:\/\/agora.xtec.cat\/iesjoanot\/general\/finalitza-lextraescolar-de-robotica-i-programacio\/\">Finalitza l&#8217;extraescolar de Rob\u00f2tica i programaci\u00f3<\/a><\/h3>        <\/div>\n        <div class=\"wp-block-getwid-custom-post-type__post-excerpt \"><p>L\u2019extraescolar de rob\u00f2tica i programaci\u00f3 del nostre institut acaba el pr\u00f2xim dilluns 2 de juny. Durant aquest curs els alumnes de 1r d\u2019ESO que hi han participat han constru\u00eft i programat infinitat de robots incre\u00efbles. En aquest v\u00eddeo podeu veure alguns dels projectes que han dut a terme aquest any. Tornarem el pr\u00f2xim curs amb [&hellip;]<\/p>\n<\/div>\n    <\/div>\n<\/div>\n\t\t\t\t\t\t\t\t<\/div>\n\t\t\t\t\t\t\t\t\t\t\t\t\t\t\t<div class='wp-block-getwid-custom-post-type__post'>\n\t\t\t\t\t\t\t\t\t\n<div class=\"wp-block-getwid-custom-post-type__post-wrapper\">\n            <div class=\"wp-block-getwid-custom-post-type__post-thumbnail\">\n            <a href=\"https:\/\/agora.xtec.cat\/iesjoanot\/general\/copa-colegial-2025-setzens-de-final\/\"><img loading=\"lazy\" decoding=\"async\" width=\"750\" height=\"494\" src=\"https:\/\/agora.xtec.cat\/iesjoanot\/wp-content\/uploads\/usu589\/2025\/02\/IMG_7896.jpg\" class=\"attachment-post-thumbnail size-post-thumbnail wp-post-image\" alt=\"\" srcset=\"https:\/\/agora.xtec.cat\/iesjoanot\/wp-content\/uploads\/usu589\/2025\/02\/IMG_7896.jpg 750w, https:\/\/agora.xtec.cat\/iesjoanot\/wp-content\/uploads\/usu589\/2025\/02\/IMG_7896-300x198.jpg 300w\" sizes=\"auto, (max-width: 750px) 100vw, 750px\" \/><\/a>\n        <\/div>\n        <div class=\"wp-block-getwid-custom-post-type__content-wrapper\">\n        <div class=\"wp-block-getwid-custom-post-type__post-header\">\n            <h3 class=\"wp-block-getwid-custom-post-type__post-title\"><a href=\"https:\/\/agora.xtec.cat\/iesjoanot\/general\/copa-colegial-2025-setzens-de-final\/\">Copa Colegial 2025 &#8211; Setzens de final<\/a><\/h3>        <\/div>\n        <div class=\"wp-block-getwid-custom-post-type__post-excerpt \"><p>EL GRAN PARTIT EST\u00c0 A PUNT D&#8217;ARRIBAR! Data:\u00a0Dijous, 13 Febrer 2025 &#8211; 15.30 hores Lloc: CSE Can Vidalet (c\/Cedres, 82) Entrades:\u00a0Entrada Gratu\u00efta El nostre JOANOT MARTORELL\u00a0s&#8217;enfronta al Centre d&#8217;Estudis\u00a0ROCA de Barcelona en un duel que promet emoci\u00f3 fins a l&#8217;\u00faltim segon! Vine a animar el teu equip, vibra amb cada triple i defensa la nostra [&hellip;]<\/p>\n<\/div>\n    <\/div>\n<\/div>\n\t\t\t\t\t\t\t\t<\/div>\n\t\t\t\t\t\t\t\t\t\t\t\t\t\t\t<div class='wp-block-getwid-custom-post-type__post'>\n\t\t\t\t\t\t\t\t\t\n<div class=\"wp-block-getwid-custom-post-type__post-wrapper\">\n            <div class=\"wp-block-getwid-custom-post-type__post-thumbnail\">\n            <a href=\"https:\/\/agora.xtec.cat\/iesjoanot\/general\/lequip-de-basquet-del-joanot-guanya-el-primer-partit-de-la-copa-colegial-2025\/\"><img loading=\"lazy\" decoding=\"async\" width=\"800\" height=\"600\" src=\"https:\/\/agora.xtec.cat\/iesjoanot\/wp-content\/uploads\/usu589\/2025\/01\/WhatsApp-Image-2025-01-23-at-19.44.43.jpg\" class=\"attachment-post-thumbnail size-post-thumbnail wp-post-image\" alt=\"\" srcset=\"https:\/\/agora.xtec.cat\/iesjoanot\/wp-content\/uploads\/usu589\/2025\/01\/WhatsApp-Image-2025-01-23-at-19.44.43.jpg 800w, https:\/\/agora.xtec.cat\/iesjoanot\/wp-content\/uploads\/usu589\/2025\/01\/WhatsApp-Image-2025-01-23-at-19.44.43-300x225.jpg 300w, https:\/\/agora.xtec.cat\/iesjoanot\/wp-content\/uploads\/usu589\/2025\/01\/WhatsApp-Image-2025-01-23-at-19.44.43-768x576.jpg 768w, https:\/\/agora.xtec.cat\/iesjoanot\/wp-content\/uploads\/usu589\/2025\/01\/WhatsApp-Image-2025-01-23-at-19.44.43-200x150.jpg 200w\" sizes=\"auto, (max-width: 800px) 100vw, 800px\" \/><\/a>\n        <\/div>\n        <div class=\"wp-block-getwid-custom-post-type__content-wrapper\">\n        <div class=\"wp-block-getwid-custom-post-type__post-header\">\n            <h3 class=\"wp-block-getwid-custom-post-type__post-title\"><a href=\"https:\/\/agora.xtec.cat\/iesjoanot\/general\/lequip-de-basquet-del-joanot-guanya-el-primer-partit-de-la-copa-colegial-2025\/\">L&#8217;equip de b\u00e0squet del Joanot guanya el primer partit de la Copa Colegial 2025<\/a><\/h3>        <\/div>\n        <div class=\"wp-block-getwid-custom-post-type__post-excerpt \"><p>Molt\u00edssimes felicitats a l&#8217;equip del Joanot pel seu esfor\u00e7, la seva perseveran\u00e7a i el seu comprom\u00eds! El resultat de tot aix\u00f2 va ser una vict\u00f2ria m\u00e9s que merescuda. Ben aviat sabrem els nostres oponents en el seg\u00fcent partit que tindr\u00e0 lloc al poliesportiu de Can Vidalet. No us perdeu l&#8217;oportunitat de veure&#8217;ls jugar i de [&hellip;]<\/p>\n<\/div>\n    <\/div>\n<\/div>\n\t\t\t\t\t\t\t\t<\/div>\n\t\t\t\t\t\t\t\t\t\t\t\t\t\t\t<div class='wp-block-getwid-custom-post-type__post'>\n\t\t\t\t\t\t\t\t\t\n<div class=\"wp-block-getwid-custom-post-type__post-wrapper\">\n        <div class=\"wp-block-getwid-custom-post-type__content-wrapper\">\n        <div class=\"wp-block-getwid-custom-post-type__post-header\">\n            <h3 class=\"wp-block-getwid-custom-post-type__post-title\"><a href=\"https:\/\/agora.xtec.cat\/iesjoanot\/general\/lextraescolar-de-robotica\/\">L&#8217;extraescolar de rob\u00f2tica<\/a><\/h3>        <\/div>\n        <div class=\"wp-block-getwid-custom-post-type__post-excerpt \"><p>El passat 16 d&#8217;octubre vam iniciar el Taller de rob\u00f2tica i programaci\u00f3 del nostre institut. En aquesta activitat extraescolar, els nois i noies que hi participen munten i programen robots amb els kits de Lego Wedo i Lego Wedo 2. En aquest video podeu veure alguns dels projectes que han dut a terme: un jugador [&hellip;]<\/p>\n<\/div>\n    <\/div>\n<\/div>\n\t\t\t\t\t\t\t\t<\/div>\n\t\t\t\t\t\t\t\t\t\t\t\t\t\t\t<div class='wp-block-getwid-custom-post-type__post'>\n\t\t\t\t\t\t\t\t\t\n<div class=\"wp-block-getwid-custom-post-type__post-wrapper\">\n        <div class=\"wp-block-getwid-custom-post-type__content-wrapper\">\n        <div class=\"wp-block-getwid-custom-post-type__post-header\">\n            <h3 class=\"wp-block-getwid-custom-post-type__post-title\"><a href=\"https:\/\/agora.xtec.cat\/iesjoanot\/general\/continuem-amb-el-taller-de-robotica-i-programacio\/\">Continuem amb el Taller de Rob\u00f2tica i Programaci\u00f3<\/a><\/h3>        <\/div>\n        <div class=\"wp-block-getwid-custom-post-type__post-excerpt \"><p>Els nois i noies que participen al Taller de rob\u00f2tica i programaci\u00f3 del nostre institut continuen muntant robots impressionants. En aquest v\u00eddeo podeu veure alguns dels projectes desenvolupats: un insecte-robot que aleteja al voltant d\u2019una flor, un cotxe dirigit des d\u2019una tauleta, un dinosaure-robot que t\u00e9 molta gana. I tamb\u00e9 podeu veure una emocionant cursa [&hellip;]<\/p>\n<\/div>\n    <\/div>\n<\/div>\n\t\t\t\t\t\t\t\t<\/div>\n\t\t\t\t\t\t\t\t\t\t\t\t\t\t\t<div class='wp-block-getwid-custom-post-type__post'>\n\t\t\t\t\t\t\t\t\t\n<div class=\"wp-block-getwid-custom-post-type__post-wrapper\">\n        <div class=\"wp-block-getwid-custom-post-type__content-wrapper\">\n        <div class=\"wp-block-getwid-custom-post-type__post-header\">\n            <h3 class=\"wp-block-getwid-custom-post-type__post-title\"><a href=\"https:\/\/agora.xtec.cat\/iesjoanot\/general\/oberta-la-inscripcio-al-taller-de-robotica-i-programacio\/\">Oberta la inscripci\u00f3 al taller de Rob\u00f2tica i Programaci\u00f3<\/a><\/h3>        <\/div>\n        <div class=\"wp-block-getwid-custom-post-type__post-excerpt \"><p>Els i les alumnes de 1r i 2n d\u2019ESO de l\u2019institut Joanot Martorell encara us podeu inscriure al Taller de rob\u00f2tica i programaci\u00f3 que duem a terme els dilluns a la tarda de 15:30 a 17:30 hores. En aquest v\u00eddeo podeu veure alguns dels robots que han constru\u00eft i programat els vostres companys. Si voleu [&hellip;]<\/p>\n<\/div>\n    <\/div>\n<\/div>\n\t\t\t\t\t\t\t\t<\/div>\n\t\t\t\t\t\t\t\t\t\t\t\t\t\t\t<div class='wp-block-getwid-custom-post-type__post'>\n\t\t\t\t\t\t\t\t\t\n<div class=\"wp-block-getwid-custom-post-type__post-wrapper\">\n            <div class=\"wp-block-getwid-custom-post-type__post-thumbnail\">\n            <a href=\"https:\/\/agora.xtec.cat\/iesjoanot\/general\/finalitza-el-taller-de-robotica-i-programacio\/\"><img loading=\"lazy\" decoding=\"async\" width=\"792\" height=\"450\" src=\"https:\/\/agora.xtec.cat\/iesjoanot\/wp-content\/uploads\/usu589\/2020\/06\/rob.png\" class=\"attachment-post-thumbnail size-post-thumbnail wp-post-image\" alt=\"\" srcset=\"https:\/\/agora.xtec.cat\/iesjoanot\/wp-content\/uploads\/usu589\/2020\/06\/rob.png 792w, https:\/\/agora.xtec.cat\/iesjoanot\/wp-content\/uploads\/usu589\/2020\/06\/rob-300x170.png 300w, https:\/\/agora.xtec.cat\/iesjoanot\/wp-content\/uploads\/usu589\/2020\/06\/rob-768x436.png 768w\" sizes=\"auto, (max-width: 792px) 100vw, 792px\" \/><\/a>\n        <\/div>\n        <div class=\"wp-block-getwid-custom-post-type__content-wrapper\">\n        <div class=\"wp-block-getwid-custom-post-type__post-header\">\n            <h3 class=\"wp-block-getwid-custom-post-type__post-title\"><a href=\"https:\/\/agora.xtec.cat\/iesjoanot\/general\/finalitza-el-taller-de-robotica-i-programacio\/\">Finalitza el Taller de Rob\u00f2tica i Programaci\u00f3<\/a><\/h3>        <\/div>\n        <div class=\"wp-block-getwid-custom-post-type__post-excerpt \"><p>El confinament no ens ha perm\u00e8s realitzar tots els projectes del Taller de rob\u00f2tica i programaci\u00f3. Tot i aix\u00ed, fins al mar\u00e7, els alumnes que han participat en aquesta activitat extraescolar, han dissenyat i constru\u00eft uns robots impressionants. En aquest v\u00eddeo podeu veure alguns dels projectes desenvolupats: un ventilador electr\u00f2nic molt potent, un elevador que [&hellip;]<\/p>\n<\/div>\n    <\/div>\n<\/div>\n\t\t\t\t\t\t\t\t<\/div>\n\t\t\t\t\t\t\t\t\t\t\t\t\t\t\t<div class='wp-block-getwid-custom-post-type__post'>\n\t\t\t\t\t\t\t\t\t\n<div class=\"wp-block-getwid-custom-post-type__post-wrapper\">\n        <div class=\"wp-block-getwid-custom-post-type__content-wrapper\">\n        <div class=\"wp-block-getwid-custom-post-type__post-header\">\n            <h3 class=\"wp-block-getwid-custom-post-type__post-title\"><a href=\"https:\/\/agora.xtec.cat\/iesjoanot\/general\/portes-obertes-2020\/\">Portes Obertes 2020 amb Prim\u00e0ria!<\/a><\/h3>        <\/div>\n        <div class=\"wp-block-getwid-custom-post-type__post-excerpt \"><p>El passat dijous 27 de febrer, l&#8217;alumnat de 6\u00e8 de prim\u00e0ria de les escoles Joan Maragall, Can Vidalet i Matilde Ordu\u00f1a va venir a visitar-nos. Des de l&#8217;institut, com ja ve sent tradici\u00f3, els vam preparar una Jornada de Portes Obertes a la qual van poder gaudir d&#8217;una presentaci\u00f3 de pr\u00e0ctiques de F\u00edsica i Qu\u00edmica [&hellip;]<\/p>\n<\/div>\n    <\/div>\n<\/div>\n\t\t\t\t\t\t\t\t<\/div>\n\t\t\t\t\t\t\t            <\/div>\n\n                    <\/div>\n        ","protected":false},"excerpt":{"rendered":"<p>Actualment s&#8217;estan duent a terme les seg\u00fcents activitats extraescolars a l&#8217;institut: Aqu\u00ed trobareu tots els articles amb l\u2019etiqueta&nbsp;Extraescolars. Articles sobre Extraescolars<\/p>\n","protected":false},"author":2,"featured_media":0,"parent":0,"menu_order":40,"comment_status":"closed","ping_status":"closed","template":"","meta":{"_bbp_topic_count":0,"_bbp_reply_count":0,"_bbp_total_topic_count":0,"_bbp_total_reply_count":0,"_bbp_voice_count":0,"_bbp_anonymous_reply_count":0,"_bbp_topic_count_hidden":0,"_bbp_reply_count_hidden":0,"_bbp_forum_subforum_count":0,"site-sidebar-layout":"default","site-content-layout":"","ast-site-content-layout":"default","site-content-style":"default","site-sidebar-style":"default","ast-global-header-display":"","ast-banner-title-visibility":"","ast-main-header-display":"","ast-hfb-above-header-display":"","ast-hfb-below-header-display":"","ast-hfb-mobile-header-display":"","site-post-title":"","ast-breadcrumbs-content":"","ast-featured-img":"","footer-sml-layout":"","theme-transparent-header-meta":"","adv-header-id-meta":"","stick-header-meta":"","header-above-stick-meta":"","header-main-stick-meta":"","header-below-stick-meta":"","astra-migrate-meta-layouts":"set","ast-page-background-enabled":"default","ast-page-background-meta":{"desktop":{"background-color":"var(--ast-global-color-4)","background-image":"","background-repeat":"repeat","background-position":"center center","background-size":"auto","background-attachment":"scroll","background-type":"","background-media":"","overlay-type":"","overlay-color":"","overlay-opacity":"","overlay-gradient":""},"tablet":{"background-color":"","background-image":"","background-repeat":"repeat","background-position":"center center","background-size":"auto","background-attachment":"scroll","background-type":"","background-media":"","overlay-type":"","overlay-color":"","overlay-opacity":"","overlay-gradient":""},"mobile":{"background-color":"","background-image":"","background-repeat":"repeat","background-position":"center center","background-size":"auto","background-attachment":"scroll","background-type":"","background-media":"","overlay-type":"","overlay-color":"","overlay-opacity":"","overlay-gradient":""}},"ast-content-background-meta":{"desktop":{"background-color":"var(--ast-global-color-5)","background-image":"","background-repeat":"repeat","background-position":"center center","background-size":"auto","background-attachment":"scroll","background-type":"","background-media":"","overlay-type":"","overlay-color":"","overlay-opacity":"","overlay-gradient":""},"tablet":{"background-color":"var(--ast-global-color-5)","background-image":"","background-repeat":"repeat","background-position":"center center","background-size":"auto","background-attachment":"scroll","background-type":"","background-media":"","overlay-type":"","overlay-color":"","overlay-opacity":"","overlay-gradient":""},"mobile":{"background-color":"var(--ast-global-color-5)","background-image":"","background-repeat":"repeat","background-position":"center center","background-size":"auto","background-attachment":"scroll","background-type":"","background-media":"","overlay-type":"","overlay-color":"","overlay-opacity":"","overlay-gradient":""}},"footnotes":""},"class_list":["post-75","page","type-page","status-publish","hentry"],"post_mailing_queue_ids":[],"_links":{"self":[{"href":"https:\/\/agora.xtec.cat\/iesjoanot\/wp-json\/wp\/v2\/pages\/75","targetHints":{"allow":["GET"]}}],"collection":[{"href":"https:\/\/agora.xtec.cat\/iesjoanot\/wp-json\/wp\/v2\/pages"}],"about":[{"href":"https:\/\/agora.xtec.cat\/iesjoanot\/wp-json\/wp\/v2\/types\/page"}],"author":[{"embeddable":true,"href":"https:\/\/agora.xtec.cat\/iesjoanot\/wp-json\/wp\/v2\/users\/2"}],"replies":[{"embeddable":true,"href":"https:\/\/agora.xtec.cat\/iesjoanot\/wp-json\/wp\/v2\/comments?post=75"}],"version-history":[{"count":6,"href":"https:\/\/agora.xtec.cat\/iesjoanot\/wp-json\/wp\/v2\/pages\/75\/revisions"}],"predecessor-version":[{"id":7149,"href":"https:\/\/agora.xtec.cat\/iesjoanot\/wp-json\/wp\/v2\/pages\/75\/revisions\/7149"}],"wp:attachment":[{"href":"https:\/\/agora.xtec.cat\/iesjoanot\/wp-json\/wp\/v2\/media?parent=75"}],"curies":[{"name":"wp","href":"https:\/\/api.w.org\/{rel}","templated":true}]}}