{"id":7025,"date":"2025-07-13T11:39:27","date_gmt":"2025-07-13T09:39:27","guid":{"rendered":"https:\/\/agora.xtec.cat\/iesjoanot\/?page_id=7025"},"modified":"2025-09-26T11:03:09","modified_gmt":"2025-09-26T09:03:09","slug":"secretaria-2","status":"publish","type":"page","link":"https:\/\/agora.xtec.cat\/iesjoanot\/secretaria-2\/","title":{"rendered":"Secretaria"},"content":{"rendered":"\n<h4 class=\"wp-block-heading has-text-align-center\"><\/h4>\n\n\n\n<div class=\"wp-block-media-text has-media-on-the-right is-stacked-on-mobile\" style=\"grid-template-columns:auto 47%\"><div class=\"wp-block-media-text__content\">\n<h4 class=\"wp-block-heading has-text-align-center\"><strong>Horari d&#8217;Atenci\u00f3 al P\u00fablic<\/strong><\/h4>\n\n\n\n<h5 class=\"wp-block-heading has-text-align-center\">Octubre &#8211; Maig<\/h5>\n\n\n\n<p class=\"has-text-align-center\">De dilluns a divendres, de 10h a 13:30h<br>Dilluns i dimecres de 16h a 17h<\/p>\n\n\n\n<h5 class=\"wp-block-heading has-text-align-center\">Juny &#8211; Setembre<\/h5>\n\n\n\n<p class=\"has-text-align-center\">De dilluns a divendres, de 10h a 13:30h<\/p>\n\n\n\n<div style=\"height:20px\" aria-hidden=\"true\" class=\"wp-block-spacer\"><\/div>\n\n\n\n<p class=\"has-text-align-center\"><strong>Correu-e de secretaria:<\/strong> secretaria@iesjoanot.cat<\/p>\n<\/div><figure class=\"wp-block-media-text__media\"><img loading=\"lazy\" decoding=\"async\" width=\"1024\" height=\"683\" src=\"https:\/\/agora.xtec.cat\/iesjoanot\/wp-content\/uploads\/usu589\/2025\/07\/Espais-de-l_Institut-38-1024x683.jpg\" alt=\"\" class=\"wp-image-6987 size-full\" srcset=\"https:\/\/agora.xtec.cat\/iesjoanot\/wp-content\/uploads\/usu589\/2025\/07\/Espais-de-l_Institut-38-1024x683.jpg 1024w, https:\/\/agora.xtec.cat\/iesjoanot\/wp-content\/uploads\/usu589\/2025\/07\/Espais-de-l_Institut-38-300x200.jpg 300w, https:\/\/agora.xtec.cat\/iesjoanot\/wp-content\/uploads\/usu589\/2025\/07\/Espais-de-l_Institut-38-768x512.jpg 768w, https:\/\/agora.xtec.cat\/iesjoanot\/wp-content\/uploads\/usu589\/2025\/07\/Espais-de-l_Institut-38-1536x1024.jpg 1536w, https:\/\/agora.xtec.cat\/iesjoanot\/wp-content\/uploads\/usu589\/2025\/07\/Espais-de-l_Institut-38-2048x1365.jpg 2048w\" sizes=\"auto, (max-width: 1024px) 100vw, 1024px\" \/><\/figure><\/div>\n\n\n\n<div style=\"height:15px\" aria-hidden=\"true\" class=\"wp-block-spacer\"><\/div>\n\n\n\n<p class=\"has-text-align-center\"><br>El per\u00edode d&#8217;entrega dels certificats i qualsevol altre document ser\u00e0 d&#8217;una setmana a 15 dies.<br><strong>La informaci\u00f3 i documentaci\u00f3 de Secretaria s&#8217;anir\u00e0 actualitzant a la portada de la web peri\u00f2dicament<\/strong>.<\/p>\n","protected":false},"excerpt":{"rendered":"<p>El per\u00edode d&#8217;entrega dels certificats i qualsevol altre document ser\u00e0 d&#8217;una setmana a 15 dies.La informaci\u00f3 i documentaci\u00f3 de Secretaria s&#8217;anir\u00e0 actualitzant a la portada de la web peri\u00f2dicament.<\/p>\n","protected":false},"author":1,"featured_media":0,"parent":0,"menu_order":0,"comment_status":"closed","ping_status":"closed","template":"","meta":{"_bbp_topic_count":0,"_bbp_reply_count":0,"_bbp_total_topic_count":0,"_bbp_total_reply_count":0,"_bbp_voice_count":0,"_bbp_anonymous_reply_count":0,"_bbp_topic_count_hidden":0,"_bbp_reply_count_hidden":0,"_bbp_forum_subforum_count":0,"site-sidebar-layout":"default","site-content-layout":"","ast-site-content-layout":"default","site-content-style":"default","site-sidebar-style":"default","ast-global-header-display":"","ast-banner-title-visibility":"","ast-main-header-display":"","ast-hfb-above-header-display":"","ast-hfb-below-header-display":"","ast-hfb-mobile-header-display":"","site-post-title":"","ast-breadcrumbs-content":"","ast-featured-img":"","footer-sml-layout":"","theme-transparent-header-meta":"","adv-header-id-meta":"","stick-header-meta":"","header-above-stick-meta":"","header-main-stick-meta":"","header-below-stick-meta":"","astra-migrate-meta-layouts":"set","ast-page-background-enabled":"default","ast-page-background-meta":{"desktop":{"background-color":"var(--ast-global-color-4)","background-image":"","background-repeat":"repeat","background-position":"center center","background-size":"auto","background-attachment":"scroll","background-type":"","background-media":"","overlay-type":"","overlay-color":"","overlay-opacity":"","overlay-gradient":""},"tablet":{"background-color":"","background-image":"","background-repeat":"repeat","background-position":"center center","background-size":"auto","background-attachment":"scroll","background-type":"","background-media":"","overlay-type":"","overlay-color":"","overlay-opacity":"","overlay-gradient":""},"mobile":{"background-color":"","background-image":"","background-repeat":"repeat","background-position":"center center","background-size":"auto","background-attachment":"scroll","background-type":"","background-media":"","overlay-type":"","overlay-color":"","overlay-opacity":"","overlay-gradient":""}},"ast-content-background-meta":{"desktop":{"background-color":"var(--ast-global-color-5)","background-image":"","background-repeat":"repeat","background-position":"center center","background-size":"auto","background-attachment":"scroll","background-type":"","background-media":"","overlay-type":"","overlay-color":"","overlay-opacity":"","overlay-gradient":""},"tablet":{"background-color":"var(--ast-global-color-5)","background-image":"","background-repeat":"repeat","background-position":"center center","background-size":"auto","background-attachment":"scroll","background-type":"","background-media":"","overlay-type":"","overlay-color":"","overlay-opacity":"","overlay-gradient":""},"mobile":{"background-color":"var(--ast-global-color-5)","background-image":"","background-repeat":"repeat","background-position":"center center","background-size":"auto","background-attachment":"scroll","background-type":"","background-media":"","overlay-type":"","overlay-color":"","overlay-opacity":"","overlay-gradient":""}},"footnotes":""},"class_list":["post-7025","page","type-page","status-publish","hentry"],"post_mailing_queue_ids":[],"_links":{"self":[{"href":"https:\/\/agora.xtec.cat\/iesjoanot\/wp-json\/wp\/v2\/pages\/7025","targetHints":{"allow":["GET"]}}],"collection":[{"href":"https:\/\/agora.xtec.cat\/iesjoanot\/wp-json\/wp\/v2\/pages"}],"about":[{"href":"https:\/\/agora.xtec.cat\/iesjoanot\/wp-json\/wp\/v2\/types\/page"}],"author":[{"embeddable":true,"href":"https:\/\/agora.xtec.cat\/iesjoanot\/wp-json\/wp\/v2\/users\/1"}],"replies":[{"embeddable":true,"href":"https:\/\/agora.xtec.cat\/iesjoanot\/wp-json\/wp\/v2\/comments?post=7025"}],"version-history":[{"count":6,"href":"https:\/\/agora.xtec.cat\/iesjoanot\/wp-json\/wp\/v2\/pages\/7025\/revisions"}],"predecessor-version":[{"id":7212,"href":"https:\/\/agora.xtec.cat\/iesjoanot\/wp-json\/wp\/v2\/pages\/7025\/revisions\/7212"}],"wp:attachment":[{"href":"https:\/\/agora.xtec.cat\/iesjoanot\/wp-json\/wp\/v2\/media?parent=7025"}],"curies":[{"name":"wp","href":"https:\/\/api.w.org\/{rel}","templated":true}]}}