{"id":6969,"date":"2025-07-11T17:47:49","date_gmt":"2025-07-11T15:47:49","guid":{"rendered":"https:\/\/agora.xtec.cat\/iesjoanot\/?page_id=6969"},"modified":"2025-07-14T07:54:51","modified_gmt":"2025-07-14T05:54:51","slug":"dinamitzacio-de-patis","status":"publish","type":"page","link":"https:\/\/agora.xtec.cat\/iesjoanot\/projectes-de-centre-2015-16\/dinamitzacio-de-patis\/","title":{"rendered":"Dinamitzaci\u00f3 de patis"},"content":{"rendered":"<p data-start=\"146\" data-end=\"451\">A l\u2019hora del pati, l\u2019alumnat del Joanot pot escollir entre diferents espais dinamitzats pensats per oferir alternatives diverses de lleure i conviv\u00e8ncia. Des dels esports col\u00b7lectius fins a activitats m\u00e9s creatives o de concentraci\u00f3, el pati es converteix en un espai viu on tothom pot trobar el seu lloc.<\/p>\n<p data-start=\"453\" data-end=\"864\">Per als amants del dibuix, el <strong data-start=\"483\" data-end=\"501\">Club de Dibuix<\/strong> obre les portes cada dilluns i dimecres a l\u2019Aula d\u2019Acollida. Aquest espai permet compartir l\u2019afici\u00f3 per la il\u00b7lustraci\u00f3 i con\u00e8ixer altres alumnes amb interessos similars. A m\u00e9s, enguany han iniciat la creaci\u00f3 d\u2019una <a href=\"https:\/\/sites.google.com\/iesjoanot.cat\/clubdedibuixjoanot\/inici\">p\u00e0gina web<\/a> per mostrar les seves creacions. L\u2019activitat est\u00e0 oberta tant a alumnes d\u2019ESO com de Batxillerat.<\/p>\n<p data-start=\"866\" data-end=\"1270\">Els qui prefereixen moure\u2019s poden participar a la zona d\u2019<strong data-start=\"923\" data-end=\"934\">esports<\/strong>, amb una rotaci\u00f3 di\u00e0ria de jocs com futbol, b\u00e0squet o v\u00f2lei, seguint una graella organitzada per cursos. Tamb\u00e9 hi ha una zona de <strong data-start=\"1064\" data-end=\"1081\">jocs de taula <\/strong>al vest\u00edbul del centre, on podem jugar a escacs, oca o parx\u00eds, fomentant aix\u00ed el joc tranquil i la concentraci\u00f3. La dinamitzaci\u00f3 de patis busca oferir un entorn actiu, divers i inclusiu per gaudir de l\u2019estona d\u2019esbarjo.<\/p>\n","protected":false},"excerpt":{"rendered":"<p>A l\u2019hora del pati, l\u2019alumnat del Joanot pot escollir entre diferents espais dinamitzats pensats per oferir alternatives diverses de lleure i conviv\u00e8ncia. Des dels esports col\u00b7lectius fins a activitats m\u00e9s creatives o de concentraci\u00f3, el pati es converteix en un espai viu on tothom pot trobar el seu lloc. Per als amants del dibuix, el [&hellip;]<\/p>\n","protected":false},"author":1,"featured_media":0,"parent":427,"menu_order":56,"comment_status":"closed","ping_status":"closed","template":"","meta":{"_bbp_topic_count":0,"_bbp_reply_count":0,"_bbp_total_topic_count":0,"_bbp_total_reply_count":0,"_bbp_voice_count":0,"_bbp_anonymous_reply_count":0,"_bbp_topic_count_hidden":0,"_bbp_reply_count_hidden":0,"_bbp_forum_subforum_count":0,"site-sidebar-layout":"default","site-content-layout":"","ast-site-content-layout":"","site-content-style":"default","site-sidebar-style":"default","ast-global-header-display":"","ast-banner-title-visibility":"","ast-main-header-display":"","ast-hfb-above-header-display":"","ast-hfb-below-header-display":"","ast-hfb-mobile-header-display":"","site-post-title":"","ast-breadcrumbs-content":"","ast-featured-img":"","footer-sml-layout":"","theme-transparent-header-meta":"","adv-header-id-meta":"","stick-header-meta":"","header-above-stick-meta":"","header-main-stick-meta":"","header-below-stick-meta":"","astra-migrate-meta-layouts":"default","ast-page-background-enabled":"default","ast-page-background-meta":{"desktop":{"background-color":"var(--ast-global-color-4)","background-image":"","background-repeat":"repeat","background-position":"center center","background-size":"auto","background-attachment":"scroll","background-type":"","background-media":"","overlay-type":"","overlay-color":"","overlay-opacity":"","overlay-gradient":""},"tablet":{"background-color":"","background-image":"","background-repeat":"repeat","background-position":"center center","background-size":"auto","background-attachment":"scroll","background-type":"","background-media":"","overlay-type":"","overlay-color":"","overlay-opacity":"","overlay-gradient":""},"mobile":{"background-color":"","background-image":"","background-repeat":"repeat","background-position":"center center","background-size":"auto","background-attachment":"scroll","background-type":"","background-media":"","overlay-type":"","overlay-color":"","overlay-opacity":"","overlay-gradient":""}},"ast-content-background-meta":{"desktop":{"background-color":"var(--ast-global-color-5)","background-image":"","background-repeat":"repeat","background-position":"center center","background-size":"auto","background-attachment":"scroll","background-type":"","background-media":"","overlay-type":"","overlay-color":"","overlay-opacity":"","overlay-gradient":""},"tablet":{"background-color":"var(--ast-global-color-5)","background-image":"","background-repeat":"repeat","background-position":"center center","background-size":"auto","background-attachment":"scroll","background-type":"","background-media":"","overlay-type":"","overlay-color":"","overlay-opacity":"","overlay-gradient":""},"mobile":{"background-color":"var(--ast-global-color-5)","background-image":"","background-repeat":"repeat","background-position":"center center","background-size":"auto","background-attachment":"scroll","background-type":"","background-media":"","overlay-type":"","overlay-color":"","overlay-opacity":"","overlay-gradient":""}},"footnotes":""},"class_list":["post-6969","page","type-page","status-publish","hentry"],"post_mailing_queue_ids":[],"_links":{"self":[{"href":"https:\/\/agora.xtec.cat\/iesjoanot\/wp-json\/wp\/v2\/pages\/6969","targetHints":{"allow":["GET"]}}],"collection":[{"href":"https:\/\/agora.xtec.cat\/iesjoanot\/wp-json\/wp\/v2\/pages"}],"about":[{"href":"https:\/\/agora.xtec.cat\/iesjoanot\/wp-json\/wp\/v2\/types\/page"}],"author":[{"embeddable":true,"href":"https:\/\/agora.xtec.cat\/iesjoanot\/wp-json\/wp\/v2\/users\/1"}],"replies":[{"embeddable":true,"href":"https:\/\/agora.xtec.cat\/iesjoanot\/wp-json\/wp\/v2\/comments?post=6969"}],"version-history":[{"count":2,"href":"https:\/\/agora.xtec.cat\/iesjoanot\/wp-json\/wp\/v2\/pages\/6969\/revisions"}],"predecessor-version":[{"id":6974,"href":"https:\/\/agora.xtec.cat\/iesjoanot\/wp-json\/wp\/v2\/pages\/6969\/revisions\/6974"}],"up":[{"embeddable":true,"href":"https:\/\/agora.xtec.cat\/iesjoanot\/wp-json\/wp\/v2\/pages\/427"}],"wp:attachment":[{"href":"https:\/\/agora.xtec.cat\/iesjoanot\/wp-json\/wp\/v2\/media?parent=6969"}],"curies":[{"name":"wp","href":"https:\/\/api.w.org\/{rel}","templated":true}]}}