{"id":6736,"date":"2025-05-09T12:36:42","date_gmt":"2025-05-09T10:36:42","guid":{"rendered":"https:\/\/agora.xtec.cat\/iesjoanot\/?page_id=6736"},"modified":"2026-04-08T13:42:35","modified_gmt":"2026-04-08T11:42:35","slug":"preinscripcio-i-matricula-batxillerat","status":"publish","type":"page","link":"https:\/\/agora.xtec.cat\/iesjoanot\/preinscripcio-i-matricula-batxillerat\/","title":{"rendered":"Preinscripci\u00f3 i matr\u00edcula Batxillerat \/ curs 2026-27"},"content":{"rendered":"<ul>\n<li><a href=\"https:\/\/agora.xtec.cat\/iesjoanot\/wp-content\/uploads\/usu589\/2026\/04\/INFORME_OFERTA_OME_INFORME_OFERTA-2-1.pdf\">Oferta inicial de places Batxillerat<\/a> (1rBatx: 35 places ordin\u00e0ries i 30 reservades per a Batxillerat + cicle)<\/li>\n<li>Presentaci\u00f3 de sol\u00b7licituds telem\u00e0ticament (del 9 al 16 d&#8217;abril)<\/li>\n<li>Llistat amb la puntuaci\u00f3 provisional (14 de maig)<\/li>\n<li>Presentaci\u00f3 de reclamacions al barem provisional (del 14 al 20 de maig)<\/li>\n<li>Llistat amb la puntuaci\u00f3 un cop resoltes les reclamacions (26 de maig)<\/li>\n<li>N\u00famero de desempat (26 de maig)<\/li>\n<li>Llistat ordenat amb barem definitiu (29 de maig)<\/li>\n<li>Oferta de places definitiva (17 de juny)<\/li>\n<li>Llistat d\u2019alumnat adm\u00e8s al centre (17 de juny)<\/li>\n<li>Llistat d&#8217;alumnat en llista d&#8217;espera (17 de juny)<\/li>\n<li>Per\u00edode de matriculaci\u00f3 (del 18 al 30 de juny)<\/li>\n<\/ul>\n<p><strong>Enlla\u00e7os al web del Departament:<\/strong><\/p>\n<ul style=\"list-style-type: circle;\">\n<li><a href=\"https:\/\/preinscripcio.gencat.cat\/ca\/estudis\/batxillerat\/inici\/\" target=\"_blank\" rel=\"noopener\">Proc\u00e9s de preinscripci\u00f3 escolar a l&#8217;educaci\u00f3 secund\u00e0ria obligat\u00f2ria (Batxillerat).<\/a><\/li>\n<li><a href=\"https:\/\/preinscripcio.gencat.cat\/ca\/estudis\/batxillerat\/informat\/calendari\/\" target=\"_blank\" rel=\"noopener\">Coneix el calendari i els terminis.<\/a><\/li>\n<\/ul>\n<p><img decoding=\"async\" src=\"https:\/\/preinscripcio.gencat.cat\/web\/.content\/estudis\/batxillerat\/inici\/carrusel\/batxillerat-bola2.png_223078711.png\" alt=\"Accions i dates\" \/><\/p>\n","protected":false},"excerpt":{"rendered":"<p>Oferta inicial de places Batxillerat (1rBatx: 35 places ordin\u00e0ries i 30 reservades per a Batxillerat + cicle) Presentaci\u00f3 de sol\u00b7licituds telem\u00e0ticament (del 9 al 16 d&#8217;abril) Llistat amb la puntuaci\u00f3 provisional (14 de maig) Presentaci\u00f3 de reclamacions al barem provisional (del 14 al 20 de maig) Llistat amb la puntuaci\u00f3 un cop resoltes les reclamacions [&hellip;]<\/p>\n","protected":false},"author":1,"featured_media":0,"parent":0,"menu_order":0,"comment_status":"closed","ping_status":"closed","template":"","meta":{"_bbp_topic_count":0,"_bbp_reply_count":0,"_bbp_total_topic_count":0,"_bbp_total_reply_count":0,"_bbp_voice_count":0,"_bbp_anonymous_reply_count":0,"_bbp_topic_count_hidden":0,"_bbp_reply_count_hidden":0,"_bbp_forum_subforum_count":0,"site-sidebar-layout":"default","site-content-layout":"","ast-site-content-layout":"default","site-content-style":"default","site-sidebar-style":"default","ast-global-header-display":"","ast-banner-title-visibility":"","ast-main-header-display":"","ast-hfb-above-header-display":"","ast-hfb-below-header-display":"","ast-hfb-mobile-header-display":"","site-post-title":"","ast-breadcrumbs-content":"","ast-featured-img":"","footer-sml-layout":"","theme-transparent-header-meta":"","adv-header-id-meta":"","stick-header-meta":"","header-above-stick-meta":"","header-main-stick-meta":"","header-below-stick-meta":"","astra-migrate-meta-layouts":"set","ast-page-background-enabled":"default","ast-page-background-meta":{"desktop":{"background-color":"var(--ast-global-color-4)","background-image":"","background-repeat":"repeat","background-position":"center center","background-size":"auto","background-attachment":"scroll","background-type":"","background-media":"","overlay-type":"","overlay-color":"","overlay-opacity":"","overlay-gradient":""},"tablet":{"background-color":"","background-image":"","background-repeat":"repeat","background-position":"center center","background-size":"auto","background-attachment":"scroll","background-type":"","background-media":"","overlay-type":"","overlay-color":"","overlay-opacity":"","overlay-gradient":""},"mobile":{"background-color":"","background-image":"","background-repeat":"repeat","background-position":"center center","background-size":"auto","background-attachment":"scroll","background-type":"","background-media":"","overlay-type":"","overlay-color":"","overlay-opacity":"","overlay-gradient":""}},"ast-content-background-meta":{"desktop":{"background-color":"var(--ast-global-color-5)","background-image":"","background-repeat":"repeat","background-position":"center center","background-size":"auto","background-attachment":"scroll","background-type":"","background-media":"","overlay-type":"","overlay-color":"","overlay-opacity":"","overlay-gradient":""},"tablet":{"background-color":"var(--ast-global-color-5)","background-image":"","background-repeat":"repeat","background-position":"center center","background-size":"auto","background-attachment":"scroll","background-type":"","background-media":"","overlay-type":"","overlay-color":"","overlay-opacity":"","overlay-gradient":""},"mobile":{"background-color":"var(--ast-global-color-5)","background-image":"","background-repeat":"repeat","background-position":"center center","background-size":"auto","background-attachment":"scroll","background-type":"","background-media":"","overlay-type":"","overlay-color":"","overlay-opacity":"","overlay-gradient":""}},"footnotes":""},"class_list":["post-6736","page","type-page","status-publish","hentry"],"post_mailing_queue_ids":[],"_links":{"self":[{"href":"https:\/\/agora.xtec.cat\/iesjoanot\/wp-json\/wp\/v2\/pages\/6736","targetHints":{"allow":["GET"]}}],"collection":[{"href":"https:\/\/agora.xtec.cat\/iesjoanot\/wp-json\/wp\/v2\/pages"}],"about":[{"href":"https:\/\/agora.xtec.cat\/iesjoanot\/wp-json\/wp\/v2\/types\/page"}],"author":[{"embeddable":true,"href":"https:\/\/agora.xtec.cat\/iesjoanot\/wp-json\/wp\/v2\/users\/1"}],"replies":[{"embeddable":true,"href":"https:\/\/agora.xtec.cat\/iesjoanot\/wp-json\/wp\/v2\/comments?post=6736"}],"version-history":[{"count":6,"href":"https:\/\/agora.xtec.cat\/iesjoanot\/wp-json\/wp\/v2\/pages\/6736\/revisions"}],"predecessor-version":[{"id":7512,"href":"https:\/\/agora.xtec.cat\/iesjoanot\/wp-json\/wp\/v2\/pages\/6736\/revisions\/7512"}],"wp:attachment":[{"href":"https:\/\/agora.xtec.cat\/iesjoanot\/wp-json\/wp\/v2\/media?parent=6736"}],"curies":[{"name":"wp","href":"https:\/\/api.w.org\/{rel}","templated":true}]}}