{"id":6725,"date":"2025-05-09T11:38:15","date_gmt":"2025-05-09T09:38:15","guid":{"rendered":"https:\/\/agora.xtec.cat\/iesjoanot\/?page_id=6725"},"modified":"2026-04-23T20:19:55","modified_gmt":"2026-04-23T18:19:55","slug":"preinscripcio-i-matricula-eso","status":"publish","type":"page","link":"https:\/\/agora.xtec.cat\/iesjoanot\/preinscripcio-i-matricula-eso\/","title":{"rendered":"Preinscripci\u00f3 i matr\u00edcula ESO \/ curs 2026-27"},"content":{"rendered":"<ul style=\"list-style-type: disc;\">\n<li><a href=\"https:\/\/agora.xtec.cat\/iesjoanot\/wp-content\/uploads\/usu589\/2026\/03\/INFORME_OFERTA_OME_INFORME_OFERTA-26-27.pdf\">Oferta inicial de places ESO.<\/a><\/li>\n<li><a href=\"https:\/\/tramits.gencat.cat\/ca\/tramits\/tramits-temes\/perinscripcio-obligatoris?moda=3\">Preinscripci\u00f3 telem\u00e0tica<\/a>: del 6 al 18 de mar\u00e7 de 2026<\/li>\n<li><a href=\"https:\/\/agora.xtec.cat\/iesjoanot\/wp-content\/uploads\/usu589\/2026\/04\/INFORME_BAREM_PROVISIONAL_BAREM.pdf\">Llista de sol\u00b7licituds amb puntuaci\u00f3 provisional:<\/a> 15 d&#8217;abril de 2026<\/li>\n<li>Termini per presentar reclamacions: del 15 al 20 d&#8217;abril de 2026<\/li>\n<li><a href=\"https:\/\/agora.xtec.cat\/iesjoanot\/wp-content\/uploads\/usu589\/2026\/04\/INFORME_BAREM_RESOLTES_BAREM-1.pdf\">Llistat amb la puntuaci\u00f3 un cop resoltes les reclamacions<\/a>: 23 d&#8217;abril de 2026<\/li>\n<li>N\u00famero de desempat per a la preinscripci\u00f3: 28 d&#8217;abril de 2026<\/li>\n<li>Llistat ordenat amb barem definitiu: 29 d&#8217;abril de 2026<\/li>\n<li>Oferta de places definitiva: 10 de juny de 2026<\/li>\n<li>Llistat d&#8217;alumnat adm\u00e8s al centre:10 de juny de 2026<\/li>\n<li>Per\u00edode de reclamacions: enlla\u00e7 de reclamacions via telem\u00e0tica<\/li>\n<li>Llistat d&#8217;alumnat en llista d&#8217;espera: 10 de juny<\/li>\n<li>Per\u00edode de matriculaci\u00f3 ESO: del 22 al 30 de juny (ambd\u00f3s inclosos)<\/li>\n<\/ul>\n<p style=\"font-family: 'Helvetica Neue', Helvetica, Helvetica, Arial, sans-serif; font-size: 16px;\"><strong>Enlla\u00e7os al web del Departament:<\/strong><\/p>\n<ul style=\"margin-bottom: 0px; margin-left: 1.25em; font-size: 16px; font-family: 'Helvetica Neue', Helvetica, Helvetica, Arial, sans-serif; list-style-type: circle;\">\n<li><a style=\"color: #2795b6;\" href=\"https:\/\/preinscripcio.gencat.cat\/ca\/estudis\/eso\/inici\/\" target=\"_blank\" rel=\"noopener\">Proc\u00e9s de preinscripci\u00f3 escolar a l&#8217;educaci\u00f3 secund\u00e0ria obligat\u00f2ria (ESO).<\/a><\/li>\n<li><a href=\"https:\/\/preinscripcio.gencat.cat\/ca\/estudis\/eso\/informat\/calendari\/\" target=\"_blank\" rel=\"noopener\">Coneix el calendari i els terminis.<\/a><\/li>\n<li>Suport per fam\u00edlies amb dificultats digitals o d&#8217;idioma: cal demanar cita al 667861264 (10, 11 i 12 de mar\u00e7 de 8:30 a 18h)<\/li>\n<\/ul>\n<p><img loading=\"lazy\" decoding=\"async\" class=\"aligncenter size-full wp-image-7521\" src=\"https:\/\/agora.xtec.cat\/iesjoanot\/wp-content\/uploads\/usu589\/2026\/04\/eso-bola5.png_223078711.png\" alt=\"\" width=\"832\" height=\"468\" srcset=\"https:\/\/agora.xtec.cat\/iesjoanot\/wp-content\/uploads\/usu589\/2026\/04\/eso-bola5.png_223078711.png 832w, https:\/\/agora.xtec.cat\/iesjoanot\/wp-content\/uploads\/usu589\/2026\/04\/eso-bola5.png_223078711-300x169.png 300w, https:\/\/agora.xtec.cat\/iesjoanot\/wp-content\/uploads\/usu589\/2026\/04\/eso-bola5.png_223078711-768x432.png 768w\" sizes=\"auto, (max-width: 832px) 100vw, 832px\" \/><\/p>\n","protected":false},"excerpt":{"rendered":"<p>Oferta inicial de places ESO. Preinscripci\u00f3 telem\u00e0tica: del 6 al 18 de mar\u00e7 de 2026 Llista de sol\u00b7licituds amb puntuaci\u00f3 provisional: 15 d&#8217;abril de 2026 Termini per presentar reclamacions: del 15 al 20 d&#8217;abril de 2026 Llistat amb la puntuaci\u00f3 un cop resoltes les reclamacions: 23 d&#8217;abril de 2026 N\u00famero de desempat per a la [&hellip;]<\/p>\n","protected":false},"author":1,"featured_media":0,"parent":0,"menu_order":0,"comment_status":"closed","ping_status":"closed","template":"","meta":{"_bbp_topic_count":0,"_bbp_reply_count":0,"_bbp_total_topic_count":0,"_bbp_total_reply_count":0,"_bbp_voice_count":0,"_bbp_anonymous_reply_count":0,"_bbp_topic_count_hidden":0,"_bbp_reply_count_hidden":0,"_bbp_forum_subforum_count":0,"site-sidebar-layout":"default","site-content-layout":"","ast-site-content-layout":"default","site-content-style":"default","site-sidebar-style":"default","ast-global-header-display":"","ast-banner-title-visibility":"","ast-main-header-display":"","ast-hfb-above-header-display":"","ast-hfb-below-header-display":"","ast-hfb-mobile-header-display":"","site-post-title":"","ast-breadcrumbs-content":"","ast-featured-img":"","footer-sml-layout":"","theme-transparent-header-meta":"","adv-header-id-meta":"","stick-header-meta":"","header-above-stick-meta":"","header-main-stick-meta":"","header-below-stick-meta":"","astra-migrate-meta-layouts":"set","ast-page-background-enabled":"default","ast-page-background-meta":{"desktop":{"background-color":"var(--ast-global-color-4)","background-image":"","background-repeat":"repeat","background-position":"center center","background-size":"auto","background-attachment":"scroll","background-type":"","background-media":"","overlay-type":"","overlay-color":"","overlay-opacity":"","overlay-gradient":""},"tablet":{"background-color":"","background-image":"","background-repeat":"repeat","background-position":"center center","background-size":"auto","background-attachment":"scroll","background-type":"","background-media":"","overlay-type":"","overlay-color":"","overlay-opacity":"","overlay-gradient":""},"mobile":{"background-color":"","background-image":"","background-repeat":"repeat","background-position":"center center","background-size":"auto","background-attachment":"scroll","background-type":"","background-media":"","overlay-type":"","overlay-color":"","overlay-opacity":"","overlay-gradient":""}},"ast-content-background-meta":{"desktop":{"background-color":"var(--ast-global-color-5)","background-image":"","background-repeat":"repeat","background-position":"center center","background-size":"auto","background-attachment":"scroll","background-type":"","background-media":"","overlay-type":"","overlay-color":"","overlay-opacity":"","overlay-gradient":""},"tablet":{"background-color":"var(--ast-global-color-5)","background-image":"","background-repeat":"repeat","background-position":"center center","background-size":"auto","background-attachment":"scroll","background-type":"","background-media":"","overlay-type":"","overlay-color":"","overlay-opacity":"","overlay-gradient":""},"mobile":{"background-color":"var(--ast-global-color-5)","background-image":"","background-repeat":"repeat","background-position":"center center","background-size":"auto","background-attachment":"scroll","background-type":"","background-media":"","overlay-type":"","overlay-color":"","overlay-opacity":"","overlay-gradient":""}},"footnotes":""},"class_list":["post-6725","page","type-page","status-publish","hentry"],"post_mailing_queue_ids":[],"_links":{"self":[{"href":"https:\/\/agora.xtec.cat\/iesjoanot\/wp-json\/wp\/v2\/pages\/6725","targetHints":{"allow":["GET"]}}],"collection":[{"href":"https:\/\/agora.xtec.cat\/iesjoanot\/wp-json\/wp\/v2\/pages"}],"about":[{"href":"https:\/\/agora.xtec.cat\/iesjoanot\/wp-json\/wp\/v2\/types\/page"}],"author":[{"embeddable":true,"href":"https:\/\/agora.xtec.cat\/iesjoanot\/wp-json\/wp\/v2\/users\/1"}],"replies":[{"embeddable":true,"href":"https:\/\/agora.xtec.cat\/iesjoanot\/wp-json\/wp\/v2\/comments?post=6725"}],"version-history":[{"count":6,"href":"https:\/\/agora.xtec.cat\/iesjoanot\/wp-json\/wp\/v2\/pages\/6725\/revisions"}],"predecessor-version":[{"id":7530,"href":"https:\/\/agora.xtec.cat\/iesjoanot\/wp-json\/wp\/v2\/pages\/6725\/revisions\/7530"}],"wp:attachment":[{"href":"https:\/\/agora.xtec.cat\/iesjoanot\/wp-json\/wp\/v2\/media?parent=6725"}],"curies":[{"name":"wp","href":"https:\/\/api.w.org\/{rel}","templated":true}]}}