{"id":5294,"date":"2023-01-27T12:16:32","date_gmt":"2023-01-27T11:16:32","guid":{"rendered":"https:\/\/agora.xtec.cat\/iesjoanot\/?page_id=5294"},"modified":"2025-07-14T07:51:09","modified_gmt":"2025-07-14T05:51:09","slug":"projecte-exit","status":"publish","type":"page","link":"https:\/\/agora.xtec.cat\/iesjoanot\/projectes-de-centre-2015-16\/projecte-exit\/","title":{"rendered":"Projecte \u00c8XIT"},"content":{"rendered":"<p>Aqu\u00ed trobareu tots els articles amb l&#8217;etiqueta <a href=\"https:\/\/agora.xtec.cat\/iesjoanot\/tag\/projecte-exit\/\" target=\"_blank\" rel=\"noopener\">Projecte \u00c8XIT<\/a>.<\/p>\n<p><img loading=\"lazy\" decoding=\"async\" class=\"aligncenter wp-image-5411 size-large\" src=\"https:\/\/agora.xtec.cat\/iesjoanot\/wp-content\/uploads\/usu589\/2023\/02\/WhatsApp-Image-2023-01-17-at-15.11.30-1024x768.jpeg\" alt=\"\" width=\"1024\" height=\"768\" srcset=\"https:\/\/agora.xtec.cat\/iesjoanot\/wp-content\/uploads\/usu589\/2023\/02\/WhatsApp-Image-2023-01-17-at-15.11.30-1024x768.jpeg 1024w, https:\/\/agora.xtec.cat\/iesjoanot\/wp-content\/uploads\/usu589\/2023\/02\/WhatsApp-Image-2023-01-17-at-15.11.30-300x225.jpeg 300w, https:\/\/agora.xtec.cat\/iesjoanot\/wp-content\/uploads\/usu589\/2023\/02\/WhatsApp-Image-2023-01-17-at-15.11.30-768x576.jpeg 768w, https:\/\/agora.xtec.cat\/iesjoanot\/wp-content\/uploads\/usu589\/2023\/02\/WhatsApp-Image-2023-01-17-at-15.11.30-1536x1152.jpeg 1536w, https:\/\/agora.xtec.cat\/iesjoanot\/wp-content\/uploads\/usu589\/2023\/02\/WhatsApp-Image-2023-01-17-at-15.11.30-200x150.jpeg 200w, https:\/\/agora.xtec.cat\/iesjoanot\/wp-content\/uploads\/usu589\/2023\/02\/WhatsApp-Image-2023-01-17-at-15.11.30.jpeg 1600w\" sizes=\"auto, (max-width: 1024px) 100vw, 1024px\" \/><\/p>\n<p>El Projecte \u00c8xit \u00e9s un <strong>projecte de diversificaci\u00f3 curricular<\/strong> impulsat per l&#8217;Ajuntament d&#8217;Esplugues de Llobregat amb el prop\u00f2sit de facilitar la continu\u00eftat acad\u00e8mica i professional de l&#8217;alumnat del nostre municipi.<\/p>\n<p>Al llarg del curs a aquests alumnat se\u2019ls facilita un espai d\u2019aprenentatge personal a partir de m\u00f2duls d&#8217;Habilitats de treball, Orientaci\u00f3 acad\u00e8mica i professional i Educaci\u00f3 emocional, entre d&#8217;altres tallers.<\/p>\n<p>Aquest curs 2024-25 han pres part del projecte 12 alumnes del Joanot Martorell.<\/p>\n","protected":false},"excerpt":{"rendered":"<p>Aqu\u00ed trobareu tots els articles amb l&#8217;etiqueta Projecte \u00c8XIT. El Projecte \u00c8xit \u00e9s un projecte de diversificaci\u00f3 curricular impulsat per l&#8217;Ajuntament d&#8217;Esplugues de Llobregat amb el prop\u00f2sit de facilitar la continu\u00eftat acad\u00e8mica i professional de l&#8217;alumnat del nostre municipi. Al llarg del curs a aquests alumnat se\u2019ls facilita un espai d\u2019aprenentatge personal a partir de [&hellip;]<\/p>\n","protected":false},"author":1,"featured_media":0,"parent":427,"menu_order":20,"comment_status":"closed","ping_status":"closed","template":"","meta":{"_bbp_topic_count":0,"_bbp_reply_count":0,"_bbp_total_topic_count":0,"_bbp_total_reply_count":0,"_bbp_voice_count":0,"_bbp_anonymous_reply_count":0,"_bbp_topic_count_hidden":0,"_bbp_reply_count_hidden":0,"_bbp_forum_subforum_count":0,"site-sidebar-layout":"default","site-content-layout":"","ast-site-content-layout":"","site-content-style":"default","site-sidebar-style":"default","ast-global-header-display":"","ast-banner-title-visibility":"","ast-main-header-display":"","ast-hfb-above-header-display":"","ast-hfb-below-header-display":"","ast-hfb-mobile-header-display":"","site-post-title":"","ast-breadcrumbs-content":"","ast-featured-img":"","footer-sml-layout":"","theme-transparent-header-meta":"","adv-header-id-meta":"","stick-header-meta":"","header-above-stick-meta":"","header-main-stick-meta":"","header-below-stick-meta":"","astra-migrate-meta-layouts":"default","ast-page-background-enabled":"default","ast-page-background-meta":{"desktop":{"background-color":"var(--ast-global-color-4)","background-image":"","background-repeat":"repeat","background-position":"center center","background-size":"auto","background-attachment":"scroll","background-type":"","background-media":"","overlay-type":"","overlay-color":"","overlay-opacity":"","overlay-gradient":""},"tablet":{"background-color":"","background-image":"","background-repeat":"repeat","background-position":"center center","background-size":"auto","background-attachment":"scroll","background-type":"","background-media":"","overlay-type":"","overlay-color":"","overlay-opacity":"","overlay-gradient":""},"mobile":{"background-color":"","background-image":"","background-repeat":"repeat","background-position":"center center","background-size":"auto","background-attachment":"scroll","background-type":"","background-media":"","overlay-type":"","overlay-color":"","overlay-opacity":"","overlay-gradient":""}},"ast-content-background-meta":{"desktop":{"background-color":"var(--ast-global-color-5)","background-image":"","background-repeat":"repeat","background-position":"center center","background-size":"auto","background-attachment":"scroll","background-type":"","background-media":"","overlay-type":"","overlay-color":"","overlay-opacity":"","overlay-gradient":""},"tablet":{"background-color":"var(--ast-global-color-5)","background-image":"","background-repeat":"repeat","background-position":"center center","background-size":"auto","background-attachment":"scroll","background-type":"","background-media":"","overlay-type":"","overlay-color":"","overlay-opacity":"","overlay-gradient":""},"mobile":{"background-color":"var(--ast-global-color-5)","background-image":"","background-repeat":"repeat","background-position":"center center","background-size":"auto","background-attachment":"scroll","background-type":"","background-media":"","overlay-type":"","overlay-color":"","overlay-opacity":"","overlay-gradient":""}},"footnotes":""},"class_list":["post-5294","page","type-page","status-publish","hentry"],"post_mailing_queue_ids":[],"_links":{"self":[{"href":"https:\/\/agora.xtec.cat\/iesjoanot\/wp-json\/wp\/v2\/pages\/5294","targetHints":{"allow":["GET"]}}],"collection":[{"href":"https:\/\/agora.xtec.cat\/iesjoanot\/wp-json\/wp\/v2\/pages"}],"about":[{"href":"https:\/\/agora.xtec.cat\/iesjoanot\/wp-json\/wp\/v2\/types\/page"}],"author":[{"embeddable":true,"href":"https:\/\/agora.xtec.cat\/iesjoanot\/wp-json\/wp\/v2\/users\/1"}],"replies":[{"embeddable":true,"href":"https:\/\/agora.xtec.cat\/iesjoanot\/wp-json\/wp\/v2\/comments?post=5294"}],"version-history":[{"count":4,"href":"https:\/\/agora.xtec.cat\/iesjoanot\/wp-json\/wp\/v2\/pages\/5294\/revisions"}],"predecessor-version":[{"id":6403,"href":"https:\/\/agora.xtec.cat\/iesjoanot\/wp-json\/wp\/v2\/pages\/5294\/revisions\/6403"}],"up":[{"embeddable":true,"href":"https:\/\/agora.xtec.cat\/iesjoanot\/wp-json\/wp\/v2\/pages\/427"}],"wp:attachment":[{"href":"https:\/\/agora.xtec.cat\/iesjoanot\/wp-json\/wp\/v2\/media?parent=5294"}],"curies":[{"name":"wp","href":"https:\/\/api.w.org\/{rel}","templated":true}]}}