{"id":5290,"date":"2023-01-27T12:14:04","date_gmt":"2023-01-27T11:14:04","guid":{"rendered":"https:\/\/agora.xtec.cat\/iesjoanot\/?page_id=5290"},"modified":"2025-07-14T07:50:12","modified_gmt":"2025-07-14T05:50:12","slug":"projecte-apadrinem","status":"publish","type":"page","link":"https:\/\/agora.xtec.cat\/iesjoanot\/projectes-de-centre-2015-16\/projecte-apadrinem\/","title":{"rendered":"Projecte Apadrinem"},"content":{"rendered":"<p><img loading=\"lazy\" decoding=\"async\" class=\"aligncenter size-full wp-image-5345\" src=\"https:\/\/agora.xtec.cat\/iesjoanot\/wp-content\/uploads\/usu589\/2023\/01\/20200303_100306.jpg\" alt=\"\" width=\"1024\" height=\"768\" srcset=\"https:\/\/agora.xtec.cat\/iesjoanot\/wp-content\/uploads\/usu589\/2023\/01\/20200303_100306.jpg 1024w, https:\/\/agora.xtec.cat\/iesjoanot\/wp-content\/uploads\/usu589\/2023\/01\/20200303_100306-300x225.jpg 300w, https:\/\/agora.xtec.cat\/iesjoanot\/wp-content\/uploads\/usu589\/2023\/01\/20200303_100306-768x576.jpg 768w, https:\/\/agora.xtec.cat\/iesjoanot\/wp-content\/uploads\/usu589\/2023\/01\/20200303_100306-200x150.jpg 200w\" sizes=\"auto, (max-width: 1024px) 100vw, 1024px\" \/><\/p>\n<p>El Programa Apadrinem el nostre patrimoni es basa en la idea de l\u2019apadrinament d\u2019un element patrimonial per part del centre educatiu, la qual cosa comporta donar-li valor i aprofundir en el seu coneixement des del punt de vista cultural i, alhora, fer que aquest coneixement sigui socialment rellevant, \u00e9s a dir, que arribi a la pr\u00f2pia comunitat i a l\u2019entorn de l\u2019escola.<\/p>\n<p>El <a href=\"https:\/\/joanotlabaronda.blogspot.com\/\" target=\"_blank\" rel=\"noopener\"><em>Programa Apadrinem el nostre patrimoni: Espai La Baronda<\/em><\/a> s\u2019inicia a 4t d\u2019ESO el curs 2018, amb actuacions puntuals a 1r, 2n i 3r i s\u2019ha anat ampliant a tots els nivells de la ESO, paulatinament. Tamb\u00e9 ens vam fixar com a objectiu que arrib\u00e9s a l\u2019alumnat de batxillerat, un tipus d\u2019alumnat que est\u00e0 menys avesat a treballar competencialment. Els seus \u00e0mbits d\u2019innovaci\u00f3, b\u00e0sicament se centren en:<\/p>\n<p style=\"padding-left: 40px;\"><strong>\u2713 \u00c0mbit 1<\/strong>: metodologies i recursos pera la millora de l\u2019ensenyament i l\u2019aprenentatge.<br \/>\n<strong>\u2713 \u00c0mbit 2<\/strong>: organitzaci\u00f3 i gesti\u00f3.<br \/>\n<strong>\u2713 \u00c0mbit 3<\/strong>: relaci\u00f3 i cooperaci\u00f3 amb la comunitat educativa i l\u2019entorn.<\/p>\n<p><strong>\u2713 \u00c0mbit 1:metodologies i recursos per a la millora de l\u2019ensenyament i aprenentatge<\/strong>. En aquest \u00e0mbit es considera l\u2019alumnat actors i el professorat guia del repte, i s\u2019impulsa el treball cooperatiu, la creativitat i l\u2019atenci\u00f3 emocional. Hem volgut potenciar el treball interdisciplinari, aix\u00ed com la cohesi\u00f3 i el treball internivells i el fet de sortir de l\u2019\u00e0mbit de l\u2019aula.<\/p>\n<p>Visita Espai La Baronda amb l\u2019alumnat de 4t ESO<br \/>\nVisita al Museu de la Rajoleta amb l\u2019alumnat de 1r ESO<\/p>\n<p><strong>\u2713 \u00c0mbit 2: organitzaci\u00f3 i gesti\u00f3 amb uns objectius clars<\/strong>, aix\u00ed com descobrir tots els recursos que hi ha tant dins del nostre centre com en el nostre entorn m\u00e9s immediat. Planificaci\u00f3 de les activitats sobre el terreny i relaci\u00f3 amb altres Projectes de centre, com Xarxa de Compet\u00e8ncies B\u00e0siques, Programa SI, M\u00f2bils.edu.<\/p>\n<p>Trobades, sortides i reunions conjuntes amb Equip Impulsor Apadrinem i Xarxa de Compet\u00e8ncies B\u00e0siques.<\/p>\n<p><strong>\u2713 \u00c0mbit 3: relaci\u00f3 i cooperaci\u00f3 amb la comunitat educativa i l\u2019entorn<\/strong>. Hem volgut pivotar el coneixement de l\u2019alumnat vers tres nivells b\u00e0sics: el <strong>centre<\/strong> (el Joanot Martorell), el <strong>barri<\/strong> (Can Vidalet) i la<strong> ciutat<\/strong> (Esplugues de Llobregat).<\/p>\n<p><strong>Objectius del nostre Projecte<\/strong>:<\/p>\n<p style=\"padding-left: 40px;\">\u25cf <strong>Objectiu A<\/strong>: Afavorir la implicaci\u00f3 de l\u2019alumnat i incentivar el treball multidisciplinari.<br \/>\n\u25cf <strong>Objectiu B<\/strong>: Promoure el coneixement del patrimoni m\u00e9s proper al centre educatiu partint del centre: institut Joanot Martorell, barri (Can Vidalet) i ciutat (Esplugues de Llobregat)<br \/>\n\u25cf <strong>Objectiu C<\/strong>: Treball de les fonts orals i prim\u00e0ries, i la cer\u00e0mica, com a instruments d\u2019aprenentatge propis de centre. Afavorir l\u2019\u00e0mbit art\u00edstic entre el nostre alumnat.<br \/>\n\u25cf <strong>Objectiu D<\/strong>: Projectar el coneixement adquirit per l\u2019alumnat sobre l\u2019element patrimonial a la pr\u00f2pia comunitat i a l\u2019entorn (divulgaci\u00f3 del projecte).<\/p>\n<p><img loading=\"lazy\" decoding=\"async\" class=\"aligncenter size-full wp-image-5347\" src=\"https:\/\/agora.xtec.cat\/iesjoanot\/wp-content\/uploads\/usu589\/2023\/01\/20210528_103535.jpg\" alt=\"\" width=\"1024\" height=\"576\" srcset=\"https:\/\/agora.xtec.cat\/iesjoanot\/wp-content\/uploads\/usu589\/2023\/01\/20210528_103535.jpg 1024w, https:\/\/agora.xtec.cat\/iesjoanot\/wp-content\/uploads\/usu589\/2023\/01\/20210528_103535-300x169.jpg 300w, https:\/\/agora.xtec.cat\/iesjoanot\/wp-content\/uploads\/usu589\/2023\/01\/20210528_103535-768x432.jpg 768w\" sizes=\"auto, (max-width: 1024px) 100vw, 1024px\" \/><\/p>\n<p>Aqu\u00ed trobareu tots els articles amb l&#8217;etiqueta <a href=\"https:\/\/agora.xtec.cat\/iesjoanot\/tag\/apadrinem\/\" target=\"_blank\" rel=\"noopener\">Apadrinem<\/a>, i aqu\u00ed el nostre <a href=\"https:\/\/joanotlabaronda.blogspot.com\/\">blog<\/a> ple d&#8217;informaci\u00f3 i not\u00edcies.<\/p>\n","protected":false},"excerpt":{"rendered":"<p>El Programa Apadrinem el nostre patrimoni es basa en la idea de l\u2019apadrinament d\u2019un element patrimonial per part del centre educatiu, la qual cosa comporta donar-li valor i aprofundir en el seu coneixement des del punt de vista cultural i, alhora, fer que aquest coneixement sigui socialment rellevant, \u00e9s a dir, que arribi a la [&hellip;]<\/p>\n","protected":false},"author":1,"featured_media":0,"parent":427,"menu_order":8,"comment_status":"closed","ping_status":"closed","template":"","meta":{"_bbp_topic_count":0,"_bbp_reply_count":0,"_bbp_total_topic_count":0,"_bbp_total_reply_count":0,"_bbp_voice_count":0,"_bbp_anonymous_reply_count":0,"_bbp_topic_count_hidden":0,"_bbp_reply_count_hidden":0,"_bbp_forum_subforum_count":0,"site-sidebar-layout":"default","site-content-layout":"","ast-site-content-layout":"default","site-content-style":"default","site-sidebar-style":"default","ast-global-header-display":"","ast-banner-title-visibility":"","ast-main-header-display":"","ast-hfb-above-header-display":"","ast-hfb-below-header-display":"","ast-hfb-mobile-header-display":"","site-post-title":"","ast-breadcrumbs-content":"","ast-featured-img":"","footer-sml-layout":"","theme-transparent-header-meta":"","adv-header-id-meta":"","stick-header-meta":"","header-above-stick-meta":"","header-main-stick-meta":"","header-below-stick-meta":"","astra-migrate-meta-layouts":"set","ast-page-background-enabled":"default","ast-page-background-meta":{"desktop":{"background-color":"var(--ast-global-color-4)","background-image":"","background-repeat":"repeat","background-position":"center center","background-size":"auto","background-attachment":"scroll","background-type":"","background-media":"","overlay-type":"","overlay-color":"","overlay-opacity":"","overlay-gradient":""},"tablet":{"background-color":"","background-image":"","background-repeat":"repeat","background-position":"center center","background-size":"auto","background-attachment":"scroll","background-type":"","background-media":"","overlay-type":"","overlay-color":"","overlay-opacity":"","overlay-gradient":""},"mobile":{"background-color":"","background-image":"","background-repeat":"repeat","background-position":"center center","background-size":"auto","background-attachment":"scroll","background-type":"","background-media":"","overlay-type":"","overlay-color":"","overlay-opacity":"","overlay-gradient":""}},"ast-content-background-meta":{"desktop":{"background-color":"var(--ast-global-color-5)","background-image":"","background-repeat":"repeat","background-position":"center center","background-size":"auto","background-attachment":"scroll","background-type":"","background-media":"","overlay-type":"","overlay-color":"","overlay-opacity":"","overlay-gradient":""},"tablet":{"background-color":"var(--ast-global-color-5)","background-image":"","background-repeat":"repeat","background-position":"center center","background-size":"auto","background-attachment":"scroll","background-type":"","background-media":"","overlay-type":"","overlay-color":"","overlay-opacity":"","overlay-gradient":""},"mobile":{"background-color":"var(--ast-global-color-5)","background-image":"","background-repeat":"repeat","background-position":"center center","background-size":"auto","background-attachment":"scroll","background-type":"","background-media":"","overlay-type":"","overlay-color":"","overlay-opacity":"","overlay-gradient":""}},"footnotes":""},"class_list":["post-5290","page","type-page","status-publish","hentry"],"post_mailing_queue_ids":[],"_links":{"self":[{"href":"https:\/\/agora.xtec.cat\/iesjoanot\/wp-json\/wp\/v2\/pages\/5290","targetHints":{"allow":["GET"]}}],"collection":[{"href":"https:\/\/agora.xtec.cat\/iesjoanot\/wp-json\/wp\/v2\/pages"}],"about":[{"href":"https:\/\/agora.xtec.cat\/iesjoanot\/wp-json\/wp\/v2\/types\/page"}],"author":[{"embeddable":true,"href":"https:\/\/agora.xtec.cat\/iesjoanot\/wp-json\/wp\/v2\/users\/1"}],"replies":[{"embeddable":true,"href":"https:\/\/agora.xtec.cat\/iesjoanot\/wp-json\/wp\/v2\/comments?post=5290"}],"version-history":[{"count":5,"href":"https:\/\/agora.xtec.cat\/iesjoanot\/wp-json\/wp\/v2\/pages\/5290\/revisions"}],"predecessor-version":[{"id":7140,"href":"https:\/\/agora.xtec.cat\/iesjoanot\/wp-json\/wp\/v2\/pages\/5290\/revisions\/7140"}],"up":[{"embeddable":true,"href":"https:\/\/agora.xtec.cat\/iesjoanot\/wp-json\/wp\/v2\/pages\/427"}],"wp:attachment":[{"href":"https:\/\/agora.xtec.cat\/iesjoanot\/wp-json\/wp\/v2\/media?parent=5290"}],"curies":[{"name":"wp","href":"https:\/\/api.w.org\/{rel}","templated":true}]}}