{"id":5266,"date":"2023-01-27T11:58:17","date_gmt":"2023-01-27T10:58:17","guid":{"rendered":"https:\/\/agora.xtec.cat\/iesjoanot\/?page_id=5266"},"modified":"2023-02-07T14:00:39","modified_gmt":"2023-02-07T13:00:39","slug":"vote-4-me","status":"publish","type":"page","link":"https:\/\/agora.xtec.cat\/iesjoanot\/projectes-de-centre-2015-16\/gep\/vote-4-me\/","title":{"rendered":"Vote 4 me"},"content":{"rendered":"<p>Aqu\u00ed trobareu tots els articles amb l&#8217;etiqueta <a href=\"https:\/\/agora.xtec.cat\/iesjoanot\/tag\/vote-4-me\/\" target=\"_blank\" rel=\"noopener\">Vote 4 me<\/a>.<\/p>\n<p><img loading=\"lazy\" decoding=\"async\" class=\"wp-image-5406 size-medium alignleft\" src=\"https:\/\/agora.xtec.cat\/iesjoanot\/wp-content\/uploads\/usu589\/2023\/02\/vote42-223x300.png\" alt=\"\" width=\"223\" height=\"300\" srcset=\"https:\/\/agora.xtec.cat\/iesjoanot\/wp-content\/uploads\/usu589\/2023\/02\/vote42-223x300.png 223w, https:\/\/agora.xtec.cat\/iesjoanot\/wp-content\/uploads\/usu589\/2023\/02\/vote42.png 382w\" sizes=\"auto, (max-width: 223px) 100vw, 223px\" \/> <img loading=\"lazy\" decoding=\"async\" class=\"wp-image-5407 size-medium alignright\" src=\"https:\/\/agora.xtec.cat\/iesjoanot\/wp-content\/uploads\/usu589\/2023\/02\/vote43-213x300.png\" alt=\"\" width=\"213\" height=\"300\" srcset=\"https:\/\/agora.xtec.cat\/iesjoanot\/wp-content\/uploads\/usu589\/2023\/02\/vote43-213x300.png 213w, https:\/\/agora.xtec.cat\/iesjoanot\/wp-content\/uploads\/usu589\/2023\/02\/vote43-728x1024.png 728w, https:\/\/agora.xtec.cat\/iesjoanot\/wp-content\/uploads\/usu589\/2023\/02\/vote43-768x1080.png 768w, https:\/\/agora.xtec.cat\/iesjoanot\/wp-content\/uploads\/usu589\/2023\/02\/vote43-1092x1536.png 1092w, https:\/\/agora.xtec.cat\/iesjoanot\/wp-content\/uploads\/usu589\/2023\/02\/vote43-1457x2048.png 1457w, https:\/\/agora.xtec.cat\/iesjoanot\/wp-content\/uploads\/usu589\/2023\/02\/vote43.png 1778w\" sizes=\"auto, (max-width: 213px) 100vw, 213px\" \/><\/p>\n<p>Aquest projecte proposa exercitar els alumnes en les eines democr\u00e0tiques de la participaci\u00f3, el di\u00e0leg, el respecte, el pacte i la votaci\u00f3, les quals fan possible el bon funcionament de la nostra societat, relacionant experi\u00e8ncies competencials dins l\u2019aula amb processos electorals reals exteriors, per exemple, al Parlament de Catalunya i al Parlament Europeu.<\/p>\n<p>&nbsp;<\/p>\n<p>&nbsp;<\/p>\n<p>&nbsp;<\/p>\n<p>&nbsp;<\/p>\n<p>OBJECTIUS:<\/p>\n<ul>\n<li>Crear per\ufb01ls ciutadans actius i cr\u00edtics.<\/li>\n<li>Capacitat organitzativa.<\/li>\n<li>Donar a con\u00e8ixer als alumnes com s\u2019elegeix el President de la Generalitat i l\u2019exist\u00e8ncia dels grups parlamentaris.<\/li>\n<li>Fer pactar els alumnes de secund\u00e0ria perqu\u00e8 arribin als acords necessaris per a l\u2019elecci\u00f3 del president de la Generalitat.<\/li>\n<\/ul>\n<p>TEMPORALITZACI\u00d3:<\/p>\n<ul>\n<li>1 Sessi\u00f3 introduct\u00f2ria per explicar el projecte<\/li>\n<li>5 setmanes de treball per \u00e0mbits<\/li>\n<li>Un dia fora del centre per visitar el Parlament i fer el joc de rol <em>in situ<\/em><\/li>\n<\/ul>\n<p><img loading=\"lazy\" decoding=\"async\" class=\"aligncenter wp-image-5408 size-large\" src=\"https:\/\/agora.xtec.cat\/iesjoanot\/wp-content\/uploads\/usu589\/2023\/02\/vote4-1024x597.png\" alt=\"\" width=\"1024\" height=\"597\" srcset=\"https:\/\/agora.xtec.cat\/iesjoanot\/wp-content\/uploads\/usu589\/2023\/02\/vote4-1024x597.png 1024w, https:\/\/agora.xtec.cat\/iesjoanot\/wp-content\/uploads\/usu589\/2023\/02\/vote4-300x175.png 300w, https:\/\/agora.xtec.cat\/iesjoanot\/wp-content\/uploads\/usu589\/2023\/02\/vote4-768x447.png 768w, https:\/\/agora.xtec.cat\/iesjoanot\/wp-content\/uploads\/usu589\/2023\/02\/vote4.png 1368w\" sizes=\"auto, (max-width: 1024px) 100vw, 1024px\" \/><\/p>\n<p>METODOLOGIA<\/p>\n<ul>\n<li>Treball cooperatiu<\/li>\n<li>Aprenentatge integral AICLE\/CLIL<\/li>\n<li>Treball competencial<\/li>\n<li>Avaluaci\u00f3 per mitj\u00e0 de r\u00fabriques individuals i per grups<\/li>\n<\/ul>\n<p>PRODUCTE FINAL<\/p>\n<ul>\n<li>L\u2019alumnat crea un partit pol\u00edtic<\/li>\n<li>Dissenya una campanya electoral incloent cinc punts electorals que defensen i argumenten seguint els trets identitaris de la seva ideologia<\/li>\n<li>Creen un esl\u00f2gan pel seu partit<\/li>\n<li>Despr\u00e9s de plani\ufb01car i redactar el seu discurs electoral graven el v\u00eddeo\/spot de la seva campanya electoral en angl\u00e8s<\/li>\n<\/ul>\n","protected":false},"excerpt":{"rendered":"<p>Aqu\u00ed trobareu tots els articles amb l&#8217;etiqueta Vote 4 me. Aquest projecte proposa exercitar els alumnes en les eines democr\u00e0tiques de la participaci\u00f3, el di\u00e0leg, el respecte, el pacte i la votaci\u00f3, les quals fan possible el bon funcionament de la nostra societat, relacionant experi\u00e8ncies competencials dins l\u2019aula amb processos electorals reals exteriors, per exemple, [&hellip;]<\/p>\n","protected":false},"author":1,"featured_media":0,"parent":5088,"menu_order":20,"comment_status":"closed","ping_status":"closed","template":"page-templates\/side-menu.php","meta":{"_bbp_topic_count":0,"_bbp_reply_count":0,"_bbp_total_topic_count":0,"_bbp_total_reply_count":0,"_bbp_voice_count":0,"_bbp_anonymous_reply_count":0,"_bbp_topic_count_hidden":0,"_bbp_reply_count_hidden":0,"_bbp_forum_subforum_count":0,"site-sidebar-layout":"default","site-content-layout":"","ast-site-content-layout":"","site-content-style":"default","site-sidebar-style":"default","ast-global-header-display":"","ast-banner-title-visibility":"","ast-main-header-display":"","ast-hfb-above-header-display":"","ast-hfb-below-header-display":"","ast-hfb-mobile-header-display":"","site-post-title":"","ast-breadcrumbs-content":"","ast-featured-img":"","footer-sml-layout":"","theme-transparent-header-meta":"","adv-header-id-meta":"","stick-header-meta":"","header-above-stick-meta":"","header-main-stick-meta":"","header-below-stick-meta":"","astra-migrate-meta-layouts":"default","ast-page-background-enabled":"default","ast-page-background-meta":{"desktop":{"background-color":"var(--ast-global-color-4)","background-image":"","background-repeat":"repeat","background-position":"center center","background-size":"auto","background-attachment":"scroll","background-type":"","background-media":"","overlay-type":"","overlay-color":"","overlay-opacity":"","overlay-gradient":""},"tablet":{"background-color":"","background-image":"","background-repeat":"repeat","background-position":"center center","background-size":"auto","background-attachment":"scroll","background-type":"","background-media":"","overlay-type":"","overlay-color":"","overlay-opacity":"","overlay-gradient":""},"mobile":{"background-color":"","background-image":"","background-repeat":"repeat","background-position":"center center","background-size":"auto","background-attachment":"scroll","background-type":"","background-media":"","overlay-type":"","overlay-color":"","overlay-opacity":"","overlay-gradient":""}},"ast-content-background-meta":{"desktop":{"background-color":"var(--ast-global-color-5)","background-image":"","background-repeat":"repeat","background-position":"center center","background-size":"auto","background-attachment":"scroll","background-type":"","background-media":"","overlay-type":"","overlay-color":"","overlay-opacity":"","overlay-gradient":""},"tablet":{"background-color":"var(--ast-global-color-5)","background-image":"","background-repeat":"repeat","background-position":"center center","background-size":"auto","background-attachment":"scroll","background-type":"","background-media":"","overlay-type":"","overlay-color":"","overlay-opacity":"","overlay-gradient":""},"mobile":{"background-color":"var(--ast-global-color-5)","background-image":"","background-repeat":"repeat","background-position":"center center","background-size":"auto","background-attachment":"scroll","background-type":"","background-media":"","overlay-type":"","overlay-color":"","overlay-opacity":"","overlay-gradient":""}},"footnotes":""},"class_list":["post-5266","page","type-page","status-publish","hentry"],"post_mailing_queue_ids":[],"_links":{"self":[{"href":"https:\/\/agora.xtec.cat\/iesjoanot\/wp-json\/wp\/v2\/pages\/5266","targetHints":{"allow":["GET"]}}],"collection":[{"href":"https:\/\/agora.xtec.cat\/iesjoanot\/wp-json\/wp\/v2\/pages"}],"about":[{"href":"https:\/\/agora.xtec.cat\/iesjoanot\/wp-json\/wp\/v2\/types\/page"}],"author":[{"embeddable":true,"href":"https:\/\/agora.xtec.cat\/iesjoanot\/wp-json\/wp\/v2\/users\/1"}],"replies":[{"embeddable":true,"href":"https:\/\/agora.xtec.cat\/iesjoanot\/wp-json\/wp\/v2\/comments?post=5266"}],"version-history":[{"count":3,"href":"https:\/\/agora.xtec.cat\/iesjoanot\/wp-json\/wp\/v2\/pages\/5266\/revisions"}],"predecessor-version":[{"id":5410,"href":"https:\/\/agora.xtec.cat\/iesjoanot\/wp-json\/wp\/v2\/pages\/5266\/revisions\/5410"}],"up":[{"embeddable":true,"href":"https:\/\/agora.xtec.cat\/iesjoanot\/wp-json\/wp\/v2\/pages\/5088"}],"wp:attachment":[{"href":"https:\/\/agora.xtec.cat\/iesjoanot\/wp-json\/wp\/v2\/media?parent=5266"}],"curies":[{"name":"wp","href":"https:\/\/api.w.org\/{rel}","templated":true}]}}